{"id":918,"date":"2021-01-13T11:30:03","date_gmt":"2021-01-13T10:30:03","guid":{"rendered":"http:\/\/mrfonden.se\/?page_id=918"},"modified":"2025-09-30T14:44:41","modified_gmt":"2025-09-30T12:44:41","slug":"var-ekonomi","status":"publish","type":"page","link":"https:\/\/mrfonden.se\/en\/om-mr-fonden\/var-ekonomi\/","title":{"rendered":"Finance, Oversight and Governance"},"content":{"rendered":"<h4>The Swedish Human Rights Foundation\u2019s Annual Report, Financial Statements and Impact Report<\/h4>\n<p>The Swedish Foundation for Human Rights receives its primary funding from Swedish government authorities. In the Annual Report, Financial Statements and Impact Report, you can, among other things, read about how the Foundation has used its funds over the past year and gain an overview of our work and results, both in Sweden and internationally.<\/p>\n<p><a href=\"http:\/\/mrfonden.se\/wp-content\/uploads\/2025\/08\/arsredovisning-mr-fonden-2024.pdf\">\u00c5rsredovisning (inkl. \u00e5rsber\u00e4ttelse) 2024<\/a><\/p>\n<p><a href=\"http:\/\/mrfonden.se\/wp-content\/uploads\/2025\/09\/effektrapport-2024-1.pdf\">Effektrapport 2024<\/a><\/p>\n<p>&nbsp;<\/p>\n<p><a href=\"https:\/\/mrfonden.se\/en\/om-mr-fonden\/var-ekonomi\/arsredovisning-2023\/\" rel=\"attachment wp-att-2718\">\u00c5rsredovisning 2023<\/a><\/p>\n<p><a href=\"https:\/\/mrfonden.se\/en\/om-mr-fonden\/var-ekonomi\/arsberattelse-2023\/\" rel=\"attachment wp-att-2719\">\u00c5rsber\u00e4ttelse 2023<\/a><\/p>\n<p><a href=\"http:\/\/mrfonden.se\/wp-content\/uploads\/2024\/09\/effektrapport-2023-fonden-for-manskliga-rattigheter.pdf\">Effektrapport 2023<\/a><\/p>\n<p>&nbsp;<\/p>\n<p><a href=\"https:\/\/mrfonden.se\/en\/om-mr-fonden\/var-ekonomi\/arsredovisning-2022-2\/\" rel=\"attachment wp-att-2717\">\u00c5rsredovisning 2022<\/a><\/p>\n<p><a href=\"https:\/\/mrfonden.se\/en\/om-mr-fonden\/var-ekonomi\/arsredovisning-och-arsberattelse-2022-fonden-for-manskliga-rattigheter\/\" rel=\"attachment wp-att-2720\">\u00c5rsber\u00e4ttelse 2022\u00a0<\/a><\/p>\n<p><a href=\"http:\/\/mrfonden.se\/wp-content\/uploads\/2024\/09\/effektrapport-2022-fonden-for-manskliga-rattigheter.pdf\">Effektrapport 2022<\/a><\/p>\n<p>&nbsp;<\/p>\n<p><a href=\"https:\/\/mrfonden.se\/en\/om-mr-fonden\/var-ekonomi\/arsredovisning-2021-fonden-for-manskliga-rattigheter-2\/\" rel=\"attachment wp-att-2716\">\u00c5rsredovisning 2021\u00a0<\/a><\/p>\n<p>\u00c5rsber\u00e4ttelse 2021<\/p>\n<p><a href=\"http:\/\/mrfonden.se\/wp-content\/uploads\/2024\/09\/effektrapport-2021-fonden-for-manskliga-rattigheter.pdf\">Effektrapport 2021<\/a><\/p>\n<h4>Salaries<\/h4>\n<p>The Board of the Swedish Foundation for Human Rights appoints the Secretary General and decides on the salary. The salary is reviewed annually and increases in line with the organization as a whole. The current Secretary General, Ulrika Strand, has a monthly salary of SEK 47,000. The occupational pension is provided in accordance with collective agreements, and no other pension arrangements or additional benefits have been agreed with the Secretary General.<\/p>\n<h4>Internal and external control<\/h4>\n<p>Planning and evaluation meetings are held regularly together with the Swedish Foundation for Human Rights\u2019 partner organisations. In all our activities, risk analyses and risk management plans are carried out to minimise the risk of corruption and fraud, as well as the risk of failing to achieve set objectives.<\/p>\n<p>The Swedish Foundation for Human Rights is audited by an authorised independent auditor, and the audit report is included in the annual financial statements. The Foundation is also registered with the L\u00e4nstyrelsen and is subject to its oversight.<\/p>\n<p>The Swedish Foundation for Human Rights\u2019 annual financial statements clearly show how much funding was raised during the year, whether any funds were earmarked\u2014and if so, for which purposes\u2014and whether any earmarked funds remained at the end of the year.<\/p>\n<h4>Fundraising and financing<\/h4>\n<p>The Swedish Foundation for Human Rights currently does not conduct any active fundraising activities. As a member of Giva Sverige, any future fundraising by the Foundation will be based on principles of ethical and professional fundraising in accordance with the guidelines set out in Giva Sverige\u2019s Code of Quality.<\/p>\n<p>The Swedish Foundation for Human Rights\u2019 fundraising and financing policy is based on the values upheld by the organization. For this reason, the Foundation cooperates only with actors that share these values.<\/p>\n<p>Read our fundraising and financing policy <a href=\"http:\/\/mrfonden.se\/wp-content\/uploads\/2024\/05\/insamlings-och-finansieringspolicy-gallande-24-05-02.pdf\">here.<\/a><\/p>\n<h4>Audit<\/h4>\n<p>The Swedish Foundation for Human Rights is a foundation and therefore does not hold annual general meetings. The Foundation\u2019s annual financial statements are audited by an external authorised auditor from PwC. The auditor conducts an annual management audit, reviews all project reports, and verifies that the Foundation\u2019s annual financial statements comply with the Annual Accounts Act. The auditor also reviews the Foundation\u2019s compliance with all agreements related to development cooperation and information activities.<\/p>\n<p>If you have any questions, please contact PwC.<\/p>\n<h4>Documents for review<\/h4>\n<p>Here you can read more about the purpose and values of the Swedish Foundation for Human Rights.<\/p>\n<p><span style=\"color: #000000;\"><a style=\"color: #000000;\" href=\"http:\/\/mrfonden.se\/wp-content\/uploads\/2021\/01\/stadgar-20080630.pdf\">Statutes<\/a><\/span><\/p>\n<p><span style=\"color: #000000;\"><a style=\"color: #000000;\" href=\"http:\/\/mrfonden.se\/wp-content\/uploads\/2021\/01\/gallande-antikorruptionspolicy-fonden-for-manskliga-rattigheter-feb-19.pdf\">Anticorruption policy<\/a><\/span><\/p>\n<p><span style=\"color: #000000;\"><a style=\"color: #000000;\" href=\"http:\/\/mrfonden.se\/wp-content\/uploads\/2021\/01\/uppforandekod-fonden-for-manskliga-rattigheter-201208.pdf\">The Swedish Foundation for Human Rights\u2019 Code of Conduct<\/a><\/span><\/p>\n<p>&nbsp;<\/p>","protected":false},"excerpt":{"rendered":"<p>MR-Fondens \u00e5rsber\u00e4ttelse, \u00e5rsredovisning och effektrapport MR-Fonden f\u00e5r sina huvudsakliga medel fr\u00e5n svenska statliga myndigheter. I \u00e5rsber\u00e4ttelsen, \u00e5rsredovisningen och &hellip;<\/p>","protected":false},"author":2,"featured_media":0,"parent":12,"menu_order":0,"comment_status":"closed","ping_status":"closed","template":"","meta":{"_acf_changed":false,"footnotes":""},"class_list":["post-918","page","type-page","status-publish","hentry"],"acf":[],"yoast_head":"<title>Ekonomi, kontroll och styrning - Fonden f\u00f6r m\u00e4nskliga r\u00e4ttigheter (MR-Fonden)<\/title>\n<meta name=\"robots\" content=\"index, follow, max-snippet:-1, max-image-preview:large, max-video-preview:-1\" \/>\n<link rel=\"canonical\" href=\"https:\/\/mrfonden.se\/en\/om-mr-fonden\/var-ekonomi\/\" \/>\n<meta property=\"og:locale\" content=\"en_US\" \/>\n<meta property=\"og:type\" content=\"article\" \/>\n<meta property=\"og:title\" content=\"Ekonomi, kontroll och styrning - Fonden f\u00f6r m\u00e4nskliga r\u00e4ttigheter (MR-Fonden)\" \/>\n<meta property=\"og:description\" content=\"MR-Fondens \u00e5rsber\u00e4ttelse, \u00e5rsredovisning och effektrapport MR-Fonden f\u00e5r sina huvudsakliga medel fr\u00e5n svenska statliga myndigheter. I \u00e5rsber\u00e4ttelsen, \u00e5rsredovisningen och &hellip;\" \/>\n<meta property=\"og:url\" content=\"https:\/\/mrfonden.se\/en\/om-mr-fonden\/var-ekonomi\/\" \/>\n<meta property=\"og:site_name\" content=\"Fonden f\u00f6r m\u00e4nskliga r\u00e4ttigheter (MR-Fonden)\" \/>\n<meta property=\"article:modified_time\" content=\"2025-09-30T12:44:41+00:00\" \/>\n<meta name=\"twitter:card\" content=\"summary_large_image\" \/>\n<meta name=\"twitter:label1\" content=\"Est. reading time\" \/>\n\t<meta name=\"twitter:data1\" content=\"2 minutes\" \/>\n<script type=\"application\/ld+json\" class=\"yoast-schema-graph\">{\"@context\":\"https:\/\/schema.org\",\"@graph\":[{\"@type\":\"WebPage\",\"@id\":\"https:\/\/mrfonden.se\/om-mr-fonden\/var-ekonomi\/\",\"url\":\"https:\/\/mrfonden.se\/om-mr-fonden\/var-ekonomi\/\",\"name\":\"Ekonomi, kontroll och styrning - Fonden f\u00f6r m\u00e4nskliga r\u00e4ttigheter (MR-Fonden)\",\"isPartOf\":{\"@id\":\"https:\/\/mrfonden.se\/#website\"},\"datePublished\":\"2021-01-13T10:30:03+00:00\",\"dateModified\":\"2025-09-30T12:44:41+00:00\",\"breadcrumb\":{\"@id\":\"https:\/\/mrfonden.se\/om-mr-fonden\/var-ekonomi\/#breadcrumb\"},\"inLanguage\":\"en-US\",\"potentialAction\":[{\"@type\":\"ReadAction\",\"target\":[\"https:\/\/mrfonden.se\/om-mr-fonden\/var-ekonomi\/\"]}]},{\"@type\":\"BreadcrumbList\",\"@id\":\"https:\/\/mrfonden.se\/om-mr-fonden\/var-ekonomi\/#breadcrumb\",\"itemListElement\":[{\"@type\":\"ListItem\",\"position\":1,\"name\":\"Hem\",\"item\":\"https:\/\/mrfonden.se\/\"},{\"@type\":\"ListItem\",\"position\":2,\"name\":\"Om MR-Fonden\",\"item\":\"https:\/\/mrfonden.se\/om-mr-fonden\/\"},{\"@type\":\"ListItem\",\"position\":3,\"name\":\"Ekonomi, kontroll och styrning\"}]},{\"@type\":\"WebSite\",\"@id\":\"https:\/\/mrfonden.se\/#website\",\"url\":\"https:\/\/mrfonden.se\/\",\"name\":\"Fonden f\u00f6r m\u00e4nskliga r\u00e4ttigheter (MR-Fonden)\",\"description\":\"\",\"potentialAction\":[{\"@type\":\"SearchAction\",\"target\":{\"@type\":\"EntryPoint\",\"urlTemplate\":\"https:\/\/mrfonden.se\/?s={search_term_string}\"},\"query-input\":{\"@type\":\"PropertyValueSpecification\",\"valueRequired\":true,\"valueName\":\"search_term_string\"}}],\"inLanguage\":\"en-US\"}]}<\/script>","yoast_head_json":{"title":"Ekonomi, kontroll och styrning - Fonden f\u00f6r m\u00e4nskliga r\u00e4ttigheter (MR-Fonden)","robots":{"index":"index","follow":"follow","max-snippet":"max-snippet:-1","max-image-preview":"max-image-preview:large","max-video-preview":"max-video-preview:-1"},"canonical":"https:\/\/mrfonden.se\/en\/om-mr-fonden\/var-ekonomi\/","og_locale":"en_US","og_type":"article","og_title":"Ekonomi, kontroll och styrning - Fonden f\u00f6r m\u00e4nskliga r\u00e4ttigheter (MR-Fonden)","og_description":"MR-Fondens \u00e5rsber\u00e4ttelse, \u00e5rsredovisning och effektrapport MR-Fonden f\u00e5r sina huvudsakliga medel fr\u00e5n svenska statliga myndigheter. I \u00e5rsber\u00e4ttelsen, \u00e5rsredovisningen och &hellip;","og_url":"https:\/\/mrfonden.se\/en\/om-mr-fonden\/var-ekonomi\/","og_site_name":"Fonden f\u00f6r m\u00e4nskliga r\u00e4ttigheter (MR-Fonden)","article_modified_time":"2025-09-30T12:44:41+00:00","twitter_card":"summary_large_image","twitter_misc":{"Est. reading time":"2 minutes"},"schema":{"@context":"https:\/\/schema.org","@graph":[{"@type":"WebPage","@id":"https:\/\/mrfonden.se\/om-mr-fonden\/var-ekonomi\/","url":"https:\/\/mrfonden.se\/om-mr-fonden\/var-ekonomi\/","name":"Ekonomi, kontroll och styrning - Fonden f\u00f6r m\u00e4nskliga r\u00e4ttigheter (MR-Fonden)","isPartOf":{"@id":"https:\/\/mrfonden.se\/#website"},"datePublished":"2021-01-13T10:30:03+00:00","dateModified":"2025-09-30T12:44:41+00:00","breadcrumb":{"@id":"https:\/\/mrfonden.se\/om-mr-fonden\/var-ekonomi\/#breadcrumb"},"inLanguage":"en-US","potentialAction":[{"@type":"ReadAction","target":["https:\/\/mrfonden.se\/om-mr-fonden\/var-ekonomi\/"]}]},{"@type":"BreadcrumbList","@id":"https:\/\/mrfonden.se\/om-mr-fonden\/var-ekonomi\/#breadcrumb","itemListElement":[{"@type":"ListItem","position":1,"name":"Hem","item":"https:\/\/mrfonden.se\/"},{"@type":"ListItem","position":2,"name":"Om MR-Fonden","item":"https:\/\/mrfonden.se\/om-mr-fonden\/"},{"@type":"ListItem","position":3,"name":"Ekonomi, kontroll och styrning"}]},{"@type":"WebSite","@id":"https:\/\/mrfonden.se\/#website","url":"https:\/\/mrfonden.se\/","name":"Fonden f\u00f6r m\u00e4nskliga r\u00e4ttigheter (MR-Fonden)","description":"","potentialAction":[{"@type":"SearchAction","target":{"@type":"EntryPoint","urlTemplate":"https:\/\/mrfonden.se\/?s={search_term_string}"},"query-input":{"@type":"PropertyValueSpecification","valueRequired":true,"valueName":"search_term_string"}}],"inLanguage":"en-US"}]}},"_links":{"self":[{"href":"https:\/\/mrfonden.se\/en\/wp-json\/wp\/v2\/pages\/918","targetHints":{"allow":["GET"]}}],"collection":[{"href":"https:\/\/mrfonden.se\/en\/wp-json\/wp\/v2\/pages"}],"about":[{"href":"https:\/\/mrfonden.se\/en\/wp-json\/wp\/v2\/types\/page"}],"author":[{"embeddable":true,"href":"https:\/\/mrfonden.se\/en\/wp-json\/wp\/v2\/users\/2"}],"replies":[{"embeddable":true,"href":"https:\/\/mrfonden.se\/en\/wp-json\/wp\/v2\/comments?post=918"}],"version-history":[{"count":47,"href":"https:\/\/mrfonden.se\/en\/wp-json\/wp\/v2\/pages\/918\/revisions"}],"predecessor-version":[{"id":3088,"href":"https:\/\/mrfonden.se\/en\/wp-json\/wp\/v2\/pages\/918\/revisions\/3088"}],"up":[{"embeddable":true,"href":"https:\/\/mrfonden.se\/en\/wp-json\/wp\/v2\/pages\/12"}],"wp:attachment":[{"href":"https:\/\/mrfonden.se\/en\/wp-json\/wp\/v2\/media?parent=918"}],"curies":[{"name":"wp","href":"https:\/\/api.w.org\/{rel}","templated":true}]}}