{"id":797,"date":"2020-09-09T12:59:09","date_gmt":"2020-09-09T10:59:09","guid":{"rendered":"http:\/\/mrfonden.se\/?page_id=797"},"modified":"2024-11-26T15:15:12","modified_gmt":"2024-11-26T14:15:12","slug":"es-relevante-proporcionar-asilo-a-solicitantes-colombianos","status":"publish","type":"page","link":"https:\/\/mrfonden.se\/en\/vart-arbete\/overgangsrattvisa\/colombia\/es-relevante-proporcionar-asilo-a-solicitantes-colombianos\/","title":{"rendered":"Es relevante proporcionar asilo a solicitantes  colombianos!"},"content":{"rendered":"<div id=\"attachment_790\" style=\"width: 378px\" class=\"wp-caption aligncenter\"><img loading=\"lazy\" decoding=\"async\" aria-describedby=\"caption-attachment-790\" class=\"wp-image-790\" src=\"http:\/\/mrfonden.se\/wp-content\/uploads\/2020\/09\/mr-dagarna-760x507.jpg\" alt=\"Foto: MR-Dagarna 2018, Colombiagruppen\" width=\"368\" height=\"245\" srcset=\"https:\/\/mrfonden.se\/wp-content\/uploads\/2020\/09\/mr-dagarna-760x507.jpg 760w, https:\/\/mrfonden.se\/wp-content\/uploads\/2020\/09\/mr-dagarna-1520x1013.jpg 1520w, https:\/\/mrfonden.se\/wp-content\/uploads\/2020\/09\/mr-dagarna-768x512.jpg 768w, https:\/\/mrfonden.se\/wp-content\/uploads\/2020\/09\/mr-dagarna-1536x1024.jpg 1536w, https:\/\/mrfonden.se\/wp-content\/uploads\/2020\/09\/mr-dagarna-2048x1365.jpg 2048w, https:\/\/mrfonden.se\/wp-content\/uploads\/2020\/09\/mr-dagarna-87x58.jpg 87w\" sizes=\"auto, (max-width: 368px) 100vw, 368px\" \/><p id=\"caption-attachment-790\" class=\"wp-caption-text\">Foto: Homenaje a defensores y defensoras de DDHH asesinados en Colombia. Colombiagruppen. 2018<\/p><\/div>\n<h6><span class=\"TextRun SCXW201292996 BCX0\" lang=\"ES-CO\" xml:lang=\"ES-CO\" data-contrast=\"auto\"><span class=\"NormalTextRun SCXW201292996 BCX0\">Carta de incidencia del Nodo de Apoyo a la Comisi\u00f3n de la Verdad en relaci\u00f3n con la importancia del asilo o refugio\u00a0<\/span><\/span><span class=\"TextRun SCXW201292996 BCX0\" lang=\"ES-CO\" xml:lang=\"ES-CO\" data-contrast=\"auto\"><span class=\"NormalTextRun SCXW201292996 BCX0\">en Suecia,\u00a0<\/span><\/span><span class=\"TextRun SCXW201292996 BCX0\" lang=\"ES-CO\" xml:lang=\"ES-CO\" data-contrast=\"auto\"><span class=\"NormalTextRun SCXW201292996 BCX0\">para l\u00edderes y lideresas colombianas\u00a0<\/span><\/span><\/h6>\n<p>El Nodo de Apoyo a la Comisi\u00f3n en Suecia, quiere expresar su profunda preocupaci\u00f3n por la cantidad de negativas que est\u00e1n recibiendo los colombianos y colombianas solicitantes de asilo en Suecia.<\/p>\n<p>A pesar de la firma de los acuerdos de paz con la guerrilla de las Farc, desafortunadamente debemos constatar que no ha llegado la paz al pa\u00eds, por el contrario, la guerra se ha incrementado, y Colombia sigue siendo el pa\u00eds con el mayor n\u00famero de personas defensoras de derechos humanos, l\u00edderes y lideresas sociales asesinadas en Am\u00e9rica Latina. Hasta mediados de agosto 2020, la Oficina de la Alta Comisionada para los Derechos Humanos de las Naciones Unidas ha documentado 33 masacres y viene dando seguimiento a 97 asesinatos de personas defensoras de derechos humanos, 45 de estos casos ya han sido documentados.<\/p>\n<p>Dentro de los grupos m\u00e1s afectados por esta ola de violencia se encuentran las personas vinculadas a procesos sociales relacionados con\u00a0 la defensa del territorio, las restituci\u00f3n de tierras, los derechos de los pueblos \u00e9tnicos y el medio ambiente.<\/p>\n<p>El Nodo de Apoyo a la Comisi\u00f3n de la Verdad, inici\u00f3 su trabajo de recolecci\u00f3n de testimonios en Suecia en el 2018 y es en este contexto que ha venido conociendo la situaci\u00f3n en la que se encuentran l\u00edderes y lideresas colombianas, solicitantes de\u00a0 asilo en Suecia. A la mayor\u00eda de estas personas se les ha negado el asilo a base de valoraciones generales, desconociendo los riesgos individuales que para su vida tendr\u00eda volver al pa\u00eds. Esta es la situaci\u00f3n de algunos miembros del Nodo.<\/p>\n<p>Queremos por este motivo, llamar la atenci\u00f3n sobre la necesidad de incluir en los an\u00e1lisis de la Direcci\u00f3n General de Migraciones: los informes proporcionados por la ONU, la Defensor\u00eda del Pueblo Colombiana, las organizaciones y redes de derechos humanos colombianas e internacionales; as\u00ed como consultar a funcionarios de la Embajada Sueca en Colombia sobre\u00a0 la situaci\u00f3n de personas defensoras. La informaci\u00f3n proporcionada por el Ministerio de Relaciones Exteriores Colombiano, no es suficiente como fuente de informaci\u00f3n a la hora de definir la necesidad de asilo o refugio de las personas solicitantes.<\/p>\n<p>Michel Forst ex-relator especial sobre la Situaci\u00f3n de Personas Defensoras de DDHH. Se\u00f1al\u00f3 en el informe presentado a la Naciones Unidas en marzo de este a\u00f1o, c\u00f3mo a pesar de que el Estado colombiano se ha comprometido a abordar la situaci\u00f3n de estigmatizaci\u00f3n, persecuci\u00f3n y asesinato de las personas defensoras, son estas medidas insuficientes y no responden a las necesidades de protecci\u00f3n, ni al contexto en el que viven l\u00edderes y lideresas. La impunidad en torno a estos casos es del 95% favoreciendo la repetici\u00f3n de los hechos.<\/p>\n<p>Las personas defensoras siguen siendo asesinadas y violentadas por implementar la paz, oponerse a los intereses del crimen organizado, las econom\u00edas ilegales, la corrupci\u00f3n, la tenencia il\u00edcita de la tierra y por hacer parte de procesos que buscan proteger a sus comunidades. Las personas defensoras son adem\u00e1s objeto de violaciones espec\u00edficas de g\u00e9nero, y sus familias son tambi\u00e9n el blanco de ataques.<\/p>\n<p>A pesar de que las solicitudes de asilo para personas colombianas ha incrementado especialmente a partir del 2017, solamente\u00a0 entre el 1% y el 4% de los casos han obtenido asilo, esto sumado a que Suecia no recibe exiliados de cuota desde el 2015.<\/p>\n<p>Por todos estos motivos queremos con esta carta\u00a0 llamar la atenci\u00f3n sobre\u00a0 el estado de vulnerabilidad y riesgo al que quedan expuestas las defensoras tras la respuesta negativa a su solicitud de asilo.<\/p>\n<p>Adem\u00e1s queremos recordarles acerca del derecho de cada solicitante de asilo de tener una evaluaci\u00f3n individual de su caso que no se basa en supuestos generales y denegaciones estandarizados sino un proceso que toma en cuenta el individuo y sus posibilidades de protecci\u00f3n en el contexto local donde vive y labora junto con su familia.<\/p>\n<p><strong>Devolverlos a Colombia es poner en riesgo su vida!<\/strong><\/p>\n<p>Cordialmente,<\/p>\n<p><em>Las personas y organizaciones miembros del Nodo de Apoyo a la Comis\u00ed\u00f3n en Suecia:<\/em><\/p>\n<pre><em>Asociaci\u00f3n Jaime Pardo Leal<\/em>\r\n\r\n<em>Colombianos Luchando por la Paz de Colombia en Suecia (COLPPAZ)<\/em>\r\n\r\n<em>Fundaci\u00f3n Sueca para los Derechos Humanos<\/em><\/pre>\n<p><strong>Fuentes:<\/strong><\/p>\n<p><a href=\"https:\/\/nacionesunidas.org.co\/noticias\/comunicados-de-prensa\/comunicado-conjunto-del-equipo-de-pais-de-naciones-unidas-en-colombia-y-la-mision-de-verificacion-de-la-onu-en-colombia\/\">https:\/\/nacionesunidas.org.co\/noticias\/comunicados-de-prensa\/comunicado-conjunto-del-equipo-de-pais-de-naciones-unidas-en-colombia-y-la-mision-de-verificacion-de-la-onu-en-colombia\/<\/a><\/p>\n<p><a href=\"https:\/\/undocs.org\/en\/A\/HRC\/43\/51\/Add.1\">https:\/\/undocs.org\/en\/A\/HRC\/43\/51\/Add.1<\/a><\/p>\n<p><a href=\"https:\/\/www.migrationsverket.se\/English\/About-the-Migration-Agency\/Statistics\/Asylum.html\">https:\/\/www.migrationsverket.se\/English\/About-the-Migration-Agency\/Statistics\/Asylum.html<\/a><\/p>","protected":false},"excerpt":{"rendered":"<p>Carta de incidencia del Nodo de Apoyo a la Comisi\u00f3n de la Verdad en relaci\u00f3n con la importancia &hellip;<\/p>","protected":false},"author":5,"featured_media":0,"parent":403,"menu_order":100,"comment_status":"closed","ping_status":"closed","template":"","meta":{"_acf_changed":false,"footnotes":""},"class_list":["post-797","page","type-page","status-publish","hentry"],"acf":[],"yoast_head":"<title>Es relevante proporcionar asilo a solicitantes colombianos! - Fonden f\u00f6r m\u00e4nskliga r\u00e4ttigheter (MR-Fonden)<\/title>\n<meta name=\"robots\" content=\"index, follow, max-snippet:-1, max-image-preview:large, max-video-preview:-1\" \/>\n<link rel=\"canonical\" href=\"https:\/\/mrfonden.se\/en\/vart-arbete\/overgangsrattvisa\/colombia\/es-relevante-proporcionar-asilo-a-solicitantes-colombianos\/\" \/>\n<meta property=\"og:locale\" content=\"en_US\" \/>\n<meta property=\"og:type\" content=\"article\" \/>\n<meta property=\"og:title\" content=\"Es relevante proporcionar asilo a solicitantes colombianos! - Fonden f\u00f6r m\u00e4nskliga r\u00e4ttigheter (MR-Fonden)\" \/>\n<meta property=\"og:description\" content=\"Carta de incidencia del Nodo de Apoyo a la Comisi\u00f3n de la Verdad en relaci\u00f3n con la importancia &hellip;\" \/>\n<meta property=\"og:url\" content=\"https:\/\/mrfonden.se\/en\/vart-arbete\/overgangsrattvisa\/colombia\/es-relevante-proporcionar-asilo-a-solicitantes-colombianos\/\" \/>\n<meta property=\"og:site_name\" content=\"Fonden f\u00f6r m\u00e4nskliga r\u00e4ttigheter (MR-Fonden)\" \/>\n<meta property=\"article:modified_time\" content=\"2024-11-26T14:15:12+00:00\" \/>\n<meta property=\"og:image\" content=\"http:\/\/mrfonden.se\/wp-content\/uploads\/2020\/09\/mr-dagarna-760x507.jpg\" \/>\n<meta name=\"twitter:card\" content=\"summary_large_image\" \/>\n<meta name=\"twitter:label1\" content=\"Est. reading time\" \/>\n\t<meta name=\"twitter:data1\" content=\"4 minutes\" \/>\n<script type=\"application\/ld+json\" class=\"yoast-schema-graph\">{\"@context\":\"https:\/\/schema.org\",\"@graph\":[{\"@type\":\"WebPage\",\"@id\":\"https:\/\/mrfonden.se\/vart-arbete\/overgangsrattvisa\/colombia\/es-relevante-proporcionar-asilo-a-solicitantes-colombianos\/\",\"url\":\"https:\/\/mrfonden.se\/vart-arbete\/overgangsrattvisa\/colombia\/es-relevante-proporcionar-asilo-a-solicitantes-colombianos\/\",\"name\":\"Es relevante proporcionar asilo a solicitantes colombianos! - Fonden f\u00f6r m\u00e4nskliga r\u00e4ttigheter (MR-Fonden)\",\"isPartOf\":{\"@id\":\"https:\/\/mrfonden.se\/#website\"},\"primaryImageOfPage\":{\"@id\":\"https:\/\/mrfonden.se\/vart-arbete\/overgangsrattvisa\/colombia\/es-relevante-proporcionar-asilo-a-solicitantes-colombianos\/#primaryimage\"},\"image\":{\"@id\":\"https:\/\/mrfonden.se\/vart-arbete\/overgangsrattvisa\/colombia\/es-relevante-proporcionar-asilo-a-solicitantes-colombianos\/#primaryimage\"},\"thumbnailUrl\":\"http:\/\/mrfonden.se\/wp-content\/uploads\/2020\/09\/mr-dagarna-760x507.jpg\",\"datePublished\":\"2020-09-09T10:59:09+00:00\",\"dateModified\":\"2024-11-26T14:15:12+00:00\",\"breadcrumb\":{\"@id\":\"https:\/\/mrfonden.se\/vart-arbete\/overgangsrattvisa\/colombia\/es-relevante-proporcionar-asilo-a-solicitantes-colombianos\/#breadcrumb\"},\"inLanguage\":\"en-US\",\"potentialAction\":[{\"@type\":\"ReadAction\",\"target\":[\"https:\/\/mrfonden.se\/vart-arbete\/overgangsrattvisa\/colombia\/es-relevante-proporcionar-asilo-a-solicitantes-colombianos\/\"]}]},{\"@type\":\"ImageObject\",\"inLanguage\":\"en-US\",\"@id\":\"https:\/\/mrfonden.se\/vart-arbete\/overgangsrattvisa\/colombia\/es-relevante-proporcionar-asilo-a-solicitantes-colombianos\/#primaryimage\",\"url\":\"http:\/\/mrfonden.se\/wp-content\/uploads\/2020\/09\/mr-dagarna-760x507.jpg\",\"contentUrl\":\"http:\/\/mrfonden.se\/wp-content\/uploads\/2020\/09\/mr-dagarna-760x507.jpg\"},{\"@type\":\"BreadcrumbList\",\"@id\":\"https:\/\/mrfonden.se\/vart-arbete\/overgangsrattvisa\/colombia\/es-relevante-proporcionar-asilo-a-solicitantes-colombianos\/#breadcrumb\",\"itemListElement\":[{\"@type\":\"ListItem\",\"position\":1,\"name\":\"Hem\",\"item\":\"https:\/\/mrfonden.se\/\"},{\"@type\":\"ListItem\",\"position\":2,\"name\":\"V\u00e5rt arbete\",\"item\":\"https:\/\/mrfonden.se\/vart-arbete\/\"},{\"@type\":\"ListItem\",\"position\":3,\"name\":\"\u00d6verg\u00e5ngsr\u00e4ttvisa\",\"item\":\"https:\/\/mrfonden.se\/vart-arbete\/overgangsrattvisa\/\"},{\"@type\":\"ListItem\",\"position\":4,\"name\":\"Colombia\",\"item\":\"https:\/\/mrfonden.se\/vart-arbete\/overgangsrattvisa\/colombia\/\"},{\"@type\":\"ListItem\",\"position\":5,\"name\":\"Es relevante proporcionar asilo a solicitantes colombianos!\"}]},{\"@type\":\"WebSite\",\"@id\":\"https:\/\/mrfonden.se\/#website\",\"url\":\"https:\/\/mrfonden.se\/\",\"name\":\"Fonden f\u00f6r m\u00e4nskliga r\u00e4ttigheter (MR-Fonden)\",\"description\":\"\",\"potentialAction\":[{\"@type\":\"SearchAction\",\"target\":{\"@type\":\"EntryPoint\",\"urlTemplate\":\"https:\/\/mrfonden.se\/?s={search_term_string}\"},\"query-input\":{\"@type\":\"PropertyValueSpecification\",\"valueRequired\":true,\"valueName\":\"search_term_string\"}}],\"inLanguage\":\"en-US\"}]}<\/script>","yoast_head_json":{"title":"Es relevante proporcionar asilo a solicitantes colombianos! - Fonden f\u00f6r m\u00e4nskliga r\u00e4ttigheter (MR-Fonden)","robots":{"index":"index","follow":"follow","max-snippet":"max-snippet:-1","max-image-preview":"max-image-preview:large","max-video-preview":"max-video-preview:-1"},"canonical":"https:\/\/mrfonden.se\/en\/vart-arbete\/overgangsrattvisa\/colombia\/es-relevante-proporcionar-asilo-a-solicitantes-colombianos\/","og_locale":"en_US","og_type":"article","og_title":"Es relevante proporcionar asilo a solicitantes colombianos! - Fonden f\u00f6r m\u00e4nskliga r\u00e4ttigheter (MR-Fonden)","og_description":"Carta de incidencia del Nodo de Apoyo a la Comisi\u00f3n de la Verdad en relaci\u00f3n con la importancia &hellip;","og_url":"https:\/\/mrfonden.se\/en\/vart-arbete\/overgangsrattvisa\/colombia\/es-relevante-proporcionar-asilo-a-solicitantes-colombianos\/","og_site_name":"Fonden f\u00f6r m\u00e4nskliga r\u00e4ttigheter (MR-Fonden)","article_modified_time":"2024-11-26T14:15:12+00:00","og_image":[{"url":"http:\/\/mrfonden.se\/wp-content\/uploads\/2020\/09\/mr-dagarna-760x507.jpg","type":"","width":"","height":""}],"twitter_card":"summary_large_image","twitter_misc":{"Est. reading time":"4 minutes"},"schema":{"@context":"https:\/\/schema.org","@graph":[{"@type":"WebPage","@id":"https:\/\/mrfonden.se\/vart-arbete\/overgangsrattvisa\/colombia\/es-relevante-proporcionar-asilo-a-solicitantes-colombianos\/","url":"https:\/\/mrfonden.se\/vart-arbete\/overgangsrattvisa\/colombia\/es-relevante-proporcionar-asilo-a-solicitantes-colombianos\/","name":"Es relevante proporcionar asilo a solicitantes colombianos! - Fonden f\u00f6r m\u00e4nskliga r\u00e4ttigheter (MR-Fonden)","isPartOf":{"@id":"https:\/\/mrfonden.se\/#website"},"primaryImageOfPage":{"@id":"https:\/\/mrfonden.se\/vart-arbete\/overgangsrattvisa\/colombia\/es-relevante-proporcionar-asilo-a-solicitantes-colombianos\/#primaryimage"},"image":{"@id":"https:\/\/mrfonden.se\/vart-arbete\/overgangsrattvisa\/colombia\/es-relevante-proporcionar-asilo-a-solicitantes-colombianos\/#primaryimage"},"thumbnailUrl":"http:\/\/mrfonden.se\/wp-content\/uploads\/2020\/09\/mr-dagarna-760x507.jpg","datePublished":"2020-09-09T10:59:09+00:00","dateModified":"2024-11-26T14:15:12+00:00","breadcrumb":{"@id":"https:\/\/mrfonden.se\/vart-arbete\/overgangsrattvisa\/colombia\/es-relevante-proporcionar-asilo-a-solicitantes-colombianos\/#breadcrumb"},"inLanguage":"en-US","potentialAction":[{"@type":"ReadAction","target":["https:\/\/mrfonden.se\/vart-arbete\/overgangsrattvisa\/colombia\/es-relevante-proporcionar-asilo-a-solicitantes-colombianos\/"]}]},{"@type":"ImageObject","inLanguage":"en-US","@id":"https:\/\/mrfonden.se\/vart-arbete\/overgangsrattvisa\/colombia\/es-relevante-proporcionar-asilo-a-solicitantes-colombianos\/#primaryimage","url":"http:\/\/mrfonden.se\/wp-content\/uploads\/2020\/09\/mr-dagarna-760x507.jpg","contentUrl":"http:\/\/mrfonden.se\/wp-content\/uploads\/2020\/09\/mr-dagarna-760x507.jpg"},{"@type":"BreadcrumbList","@id":"https:\/\/mrfonden.se\/vart-arbete\/overgangsrattvisa\/colombia\/es-relevante-proporcionar-asilo-a-solicitantes-colombianos\/#breadcrumb","itemListElement":[{"@type":"ListItem","position":1,"name":"Hem","item":"https:\/\/mrfonden.se\/"},{"@type":"ListItem","position":2,"name":"V\u00e5rt arbete","item":"https:\/\/mrfonden.se\/vart-arbete\/"},{"@type":"ListItem","position":3,"name":"\u00d6verg\u00e5ngsr\u00e4ttvisa","item":"https:\/\/mrfonden.se\/vart-arbete\/overgangsrattvisa\/"},{"@type":"ListItem","position":4,"name":"Colombia","item":"https:\/\/mrfonden.se\/vart-arbete\/overgangsrattvisa\/colombia\/"},{"@type":"ListItem","position":5,"name":"Es relevante proporcionar asilo a solicitantes colombianos!"}]},{"@type":"WebSite","@id":"https:\/\/mrfonden.se\/#website","url":"https:\/\/mrfonden.se\/","name":"Fonden f\u00f6r m\u00e4nskliga r\u00e4ttigheter (MR-Fonden)","description":"","potentialAction":[{"@type":"SearchAction","target":{"@type":"EntryPoint","urlTemplate":"https:\/\/mrfonden.se\/?s={search_term_string}"},"query-input":{"@type":"PropertyValueSpecification","valueRequired":true,"valueName":"search_term_string"}}],"inLanguage":"en-US"}]}},"_links":{"self":[{"href":"https:\/\/mrfonden.se\/en\/wp-json\/wp\/v2\/pages\/797","targetHints":{"allow":["GET"]}}],"collection":[{"href":"https:\/\/mrfonden.se\/en\/wp-json\/wp\/v2\/pages"}],"about":[{"href":"https:\/\/mrfonden.se\/en\/wp-json\/wp\/v2\/types\/page"}],"author":[{"embeddable":true,"href":"https:\/\/mrfonden.se\/en\/wp-json\/wp\/v2\/users\/5"}],"replies":[{"embeddable":true,"href":"https:\/\/mrfonden.se\/en\/wp-json\/wp\/v2\/comments?post=797"}],"version-history":[{"count":5,"href":"https:\/\/mrfonden.se\/en\/wp-json\/wp\/v2\/pages\/797\/revisions"}],"predecessor-version":[{"id":806,"href":"https:\/\/mrfonden.se\/en\/wp-json\/wp\/v2\/pages\/797\/revisions\/806"}],"up":[{"embeddable":true,"href":"https:\/\/mrfonden.se\/en\/wp-json\/wp\/v2\/pages\/403"}],"wp:attachment":[{"href":"https:\/\/mrfonden.se\/en\/wp-json\/wp\/v2\/media?parent=797"}],"curies":[{"name":"wp","href":"https:\/\/api.w.org\/{rel}","templated":true}]}}