{"id":587,"date":"2022-03-24T15:54:59","date_gmt":"2022-03-24T14:54:59","guid":{"rendered":"http:\/\/mrfonden.se\/?page_id=587"},"modified":"2023-03-23T13:49:43","modified_gmt":"2023-03-23T12:49:43","slug":"interamerikanska-manniskorattssystemet","status":"publish","type":"page","link":"https:\/\/mrfonden.se\/en\/vart-arbete\/regionala-manniskorattssystem\/interamerikanska-manniskorattssystemet\/","title":{"rendered":"The Inter-American human rights system"},"content":{"rendered":"<p class=\"p1\"><span class=\"s1\">The four central instruments and bodies that constitute the Inter-American human rights system are the American Declaration of the Rights and Duties of Man (the American Declaration), the Inter-American Convention on Human Rights (the Inter-American Convention), the Inter-American Commission on Human Rights (the Commission), and the Inter-American Court of Human Rights (the Court). The system forms part of the Organization of American States (OAS), a regional intergovernmental organisation founded in 1948.<\/span><span class=\"s1\"> The purpose of the OAS is to promote solidarity and strengthen cooperation among the states of the Americas, as well as to safeguard member states\u2019 sovereignty, territorial integrity and independence.<\/span><\/p>\n<div id=\"attachment_588\" style=\"width: 770px\" class=\"wp-caption alignnone\"><img loading=\"lazy\" decoding=\"async\" aria-describedby=\"caption-attachment-588\" class=\"wp-image-588 size-medium\" src=\"http:\/\/mrfonden.se\/wp-content\/uploads\/2020\/04\/iachpr-760x570.jpg\" alt=\"Bild p\u00e5 den Interamerikanska domstolen f\u00f6r de m\u00e4nskliga r\u00e4ttigheterna.\" width=\"760\" height=\"570\" srcset=\"https:\/\/mrfonden.se\/wp-content\/uploads\/2020\/04\/iachpr-760x570.jpg 760w, https:\/\/mrfonden.se\/wp-content\/uploads\/2020\/04\/iachpr-1520x1140.jpg 1520w, https:\/\/mrfonden.se\/wp-content\/uploads\/2020\/04\/iachpr-768x576.jpg 768w, https:\/\/mrfonden.se\/wp-content\/uploads\/2020\/04\/iachpr-1536x1152.jpg 1536w, https:\/\/mrfonden.se\/wp-content\/uploads\/2020\/04\/iachpr-77x58.jpg 77w, https:\/\/mrfonden.se\/wp-content\/uploads\/2020\/04\/iachpr.jpg 1600w\" sizes=\"auto, (max-width: 760px) 100vw, 760px\" \/><p id=\"caption-attachment-588\" class=\"wp-caption-text\">Picture of the Inter-American Court of Human Rights.<\/p><\/div>\n<h4 class=\"p2\"><span class=\"s2\"><a href=\"http:\/\/www.oas.org\/en\/iachr\/mandate\/Basics\/declaration.asp\"><b>The American Declaration of the Rights and Duties of Man<\/b><\/a><\/span><span class=\"s3\"><b> and <\/b><\/span><span class=\"s2\"><a href=\"http:\/\/www.oas.org\/dil\/treaties_B-32_American_Convention_on_Human_Rights.htm\"><b>Inter-American Convention on Human Rights<\/b><\/a><\/span><\/h4>\n<p class=\"p1\"><span class=\"s1\">In 1948, the Bogot\u00e1 Charter was adopted, regulating the functions of the OAS. As a complement to the Charter, the American Declaration was drafted the same year, listing human rights and duties in article form. To further strengthen the status of human rights and the protection of individuals within the regional system, the Inter-American Convention was adopted in 1969. The Convention is legally binding for those states that have signed and ratified it.<\/span><\/p>\n<p class=\"p1\"><span class=\"s1\">Through evolving practice, the American Declaration has developed from \u201csoft law\u201d into an instrument with customary international law status and may today therefore be regarded as legally binding.<\/span><\/p>\n<h4 class=\"p2\"><span class=\"s2\"><a href=\"http:\/\/www.oas.org\/en\/iachr\/mandate\/what.asp\"><b>The Inter-American Commission on Human Rights<\/b><\/a><\/span><\/h4>\n<p class=\"p3\"><span class=\"s1\">The Commission was established in 1959. It consists of seven members and is based in Washington, D.C., United States. Its purpose is to promote and protect human rights. The Commission primarily monitors and reports on member states\u2019 compliance with human rights obligations and issues recommendations on measures states should take to strengthen protection. It also analyses individual petitions and refers cases to the Inter-American Court where appropriate.<\/span><\/p>\n<h4 class=\"p2\"><span class=\"s2\"><a href=\"http:\/\/www.corteidh.or.cr\/index.php\/en\/about-us\/historia-de-la-corteidh\"><b>The Inter-American Court of Human Rights<\/b><\/a><\/span><\/h4>\n<p class=\"p1\"><span class=\"s1\">The Inter-American Court was established in 1979 in San Jos\u00e9, Costa Rica. It consists of seven judges whose task is to adjudicate cases on the basis of regional human rights instruments such as the American Declaration and the Inter-American Convention.<\/span><\/p>\n<p class=\"p1\"><span class=\"s1\">The Court\u2019s judgments are binding on the state party concerned. The Inter-American Court has the authority to order both legal redress, such as legislative reform, and psychological or moral redress in the form of symbolic reparations.<\/span><\/p>\n<h5 class=\"p1\"><span class=\"s1\">Did you know?<\/span><\/h5>\n<ul>\n<li class=\"p1\">The Inter-American Court is unique among regional human rights systems in its ability to order symbolic reparations as a form of redress.<\/li>\n<li>The OAS is the oldest regional organisation in the world, with roots dating back to the late nineteenth century.<\/li>\n<\/ul>\n<p>Read our publication \u201cThe Contributions of Human Rights Protection to Peacebuilding and Conflict Prevention\u201d (2022) on the Inter-American human rights system, available in <a href=\"https:\/\/mrfonden.se\/wp-content\/uploads\/2022\/03\/the-contributions-of-human-rights-protection-to-peacebuilding-and-conflict-prevention-in-the-americas.pdf\">english<\/a> and <a href=\"https:\/\/mrfonden.se\/wp-content\/uploads\/2023\/03\/informe-nexus-derechos-humanos-paz-y-seguridad-americas.pdf\">spanish<\/a>A summarising policy brief of the report is also available in <a href=\"https:\/\/mrfonden.se\/wp-content\/uploads\/2023\/03\/policy-brief-americas-eng-final.pdf\">english<\/a> and <a href=\"https:\/\/mrfonden.se\/wp-content\/uploads\/2023\/03\/policy-brief-americas-esp-final.pdf\">spanish<\/a>.<\/p>","protected":false},"excerpt":{"rendered":"<p>De fyra centrala organen som utg\u00f6r det interamerikanska MR-systemet \u00e4r den Amerikanska deklarationen om m\u00e4nniskans r\u00e4ttigheter och skyldigheter &hellip;<\/p>","protected":false},"author":2,"featured_media":0,"parent":319,"menu_order":0,"comment_status":"closed","ping_status":"closed","template":"","meta":{"_acf_changed":false,"footnotes":""},"class_list":["post-587","page","type-page","status-publish","hentry"],"acf":[],"yoast_head":"<title>Interamerikanska m\u00e4nniskor\u00e4ttssystemet - Fonden f\u00f6r m\u00e4nskliga r\u00e4ttigheter (MR-Fonden)<\/title>\n<meta name=\"robots\" content=\"index, follow, max-snippet:-1, max-image-preview:large, max-video-preview:-1\" \/>\n<link rel=\"canonical\" href=\"https:\/\/mrfonden.se\/en\/vart-arbete\/regionala-manniskorattssystem\/interamerikanska-manniskorattssystemet\/\" \/>\n<meta property=\"og:locale\" content=\"en_US\" \/>\n<meta property=\"og:type\" content=\"article\" \/>\n<meta property=\"og:title\" content=\"Interamerikanska m\u00e4nniskor\u00e4ttssystemet - Fonden f\u00f6r m\u00e4nskliga r\u00e4ttigheter (MR-Fonden)\" \/>\n<meta property=\"og:description\" content=\"De fyra centrala organen som utg\u00f6r det interamerikanska MR-systemet \u00e4r den Amerikanska deklarationen om m\u00e4nniskans r\u00e4ttigheter och skyldigheter &hellip;\" \/>\n<meta property=\"og:url\" content=\"https:\/\/mrfonden.se\/en\/vart-arbete\/regionala-manniskorattssystem\/interamerikanska-manniskorattssystemet\/\" \/>\n<meta property=\"og:site_name\" content=\"Fonden f\u00f6r m\u00e4nskliga r\u00e4ttigheter (MR-Fonden)\" \/>\n<meta property=\"article:modified_time\" content=\"2023-03-23T12:49:43+00:00\" \/>\n<meta property=\"og:image\" content=\"http:\/\/mrfonden.se\/wp-content\/uploads\/2020\/04\/iachpr-760x570.jpg\" \/>\n<meta name=\"twitter:card\" content=\"summary_large_image\" \/>\n<meta name=\"twitter:label1\" content=\"Est. reading time\" \/>\n\t<meta name=\"twitter:data1\" content=\"2 minutes\" \/>\n<script type=\"application\/ld+json\" class=\"yoast-schema-graph\">{\"@context\":\"https:\/\/schema.org\",\"@graph\":[{\"@type\":\"WebPage\",\"@id\":\"https:\/\/mrfonden.se\/vart-arbete\/regionala-manniskorattssystem\/interamerikanska-manniskorattssystemet\/\",\"url\":\"https:\/\/mrfonden.se\/vart-arbete\/regionala-manniskorattssystem\/interamerikanska-manniskorattssystemet\/\",\"name\":\"Interamerikanska m\u00e4nniskor\u00e4ttssystemet - Fonden f\u00f6r m\u00e4nskliga r\u00e4ttigheter (MR-Fonden)\",\"isPartOf\":{\"@id\":\"https:\/\/mrfonden.se\/#website\"},\"primaryImageOfPage\":{\"@id\":\"https:\/\/mrfonden.se\/vart-arbete\/regionala-manniskorattssystem\/interamerikanska-manniskorattssystemet\/#primaryimage\"},\"image\":{\"@id\":\"https:\/\/mrfonden.se\/vart-arbete\/regionala-manniskorattssystem\/interamerikanska-manniskorattssystemet\/#primaryimage\"},\"thumbnailUrl\":\"http:\/\/mrfonden.se\/wp-content\/uploads\/2020\/04\/iachpr-760x570.jpg\",\"datePublished\":\"2022-03-24T14:54:59+00:00\",\"dateModified\":\"2023-03-23T12:49:43+00:00\",\"breadcrumb\":{\"@id\":\"https:\/\/mrfonden.se\/vart-arbete\/regionala-manniskorattssystem\/interamerikanska-manniskorattssystemet\/#breadcrumb\"},\"inLanguage\":\"en-US\",\"potentialAction\":[{\"@type\":\"ReadAction\",\"target\":[\"https:\/\/mrfonden.se\/vart-arbete\/regionala-manniskorattssystem\/interamerikanska-manniskorattssystemet\/\"]}]},{\"@type\":\"ImageObject\",\"inLanguage\":\"en-US\",\"@id\":\"https:\/\/mrfonden.se\/vart-arbete\/regionala-manniskorattssystem\/interamerikanska-manniskorattssystemet\/#primaryimage\",\"url\":\"http:\/\/mrfonden.se\/wp-content\/uploads\/2020\/04\/iachpr-760x570.jpg\",\"contentUrl\":\"http:\/\/mrfonden.se\/wp-content\/uploads\/2020\/04\/iachpr-760x570.jpg\"},{\"@type\":\"BreadcrumbList\",\"@id\":\"https:\/\/mrfonden.se\/vart-arbete\/regionala-manniskorattssystem\/interamerikanska-manniskorattssystemet\/#breadcrumb\",\"itemListElement\":[{\"@type\":\"ListItem\",\"position\":1,\"name\":\"Hem\",\"item\":\"https:\/\/mrfonden.se\/\"},{\"@type\":\"ListItem\",\"position\":2,\"name\":\"V\u00e5rt arbete\",\"item\":\"https:\/\/mrfonden.se\/vart-arbete\/\"},{\"@type\":\"ListItem\",\"position\":3,\"name\":\"Regionala m\u00e4nniskor\u00e4ttssystem\",\"item\":\"https:\/\/mrfonden.se\/vart-arbete\/regionala-manniskorattssystem\/\"},{\"@type\":\"ListItem\",\"position\":4,\"name\":\"Interamerikanska m\u00e4nniskor\u00e4ttssystemet\"}]},{\"@type\":\"WebSite\",\"@id\":\"https:\/\/mrfonden.se\/#website\",\"url\":\"https:\/\/mrfonden.se\/\",\"name\":\"Fonden f\u00f6r m\u00e4nskliga r\u00e4ttigheter (MR-Fonden)\",\"description\":\"\",\"potentialAction\":[{\"@type\":\"SearchAction\",\"target\":{\"@type\":\"EntryPoint\",\"urlTemplate\":\"https:\/\/mrfonden.se\/?s={search_term_string}\"},\"query-input\":{\"@type\":\"PropertyValueSpecification\",\"valueRequired\":true,\"valueName\":\"search_term_string\"}}],\"inLanguage\":\"en-US\"}]}<\/script>","yoast_head_json":{"title":"Interamerikanska m\u00e4nniskor\u00e4ttssystemet - Fonden f\u00f6r m\u00e4nskliga r\u00e4ttigheter (MR-Fonden)","robots":{"index":"index","follow":"follow","max-snippet":"max-snippet:-1","max-image-preview":"max-image-preview:large","max-video-preview":"max-video-preview:-1"},"canonical":"https:\/\/mrfonden.se\/en\/vart-arbete\/regionala-manniskorattssystem\/interamerikanska-manniskorattssystemet\/","og_locale":"en_US","og_type":"article","og_title":"Interamerikanska m\u00e4nniskor\u00e4ttssystemet - Fonden f\u00f6r m\u00e4nskliga r\u00e4ttigheter (MR-Fonden)","og_description":"De fyra centrala organen som utg\u00f6r det interamerikanska MR-systemet \u00e4r den Amerikanska deklarationen om m\u00e4nniskans r\u00e4ttigheter och skyldigheter &hellip;","og_url":"https:\/\/mrfonden.se\/en\/vart-arbete\/regionala-manniskorattssystem\/interamerikanska-manniskorattssystemet\/","og_site_name":"Fonden f\u00f6r m\u00e4nskliga r\u00e4ttigheter (MR-Fonden)","article_modified_time":"2023-03-23T12:49:43+00:00","og_image":[{"url":"http:\/\/mrfonden.se\/wp-content\/uploads\/2020\/04\/iachpr-760x570.jpg","type":"","width":"","height":""}],"twitter_card":"summary_large_image","twitter_misc":{"Est. reading time":"2 minutes"},"schema":{"@context":"https:\/\/schema.org","@graph":[{"@type":"WebPage","@id":"https:\/\/mrfonden.se\/vart-arbete\/regionala-manniskorattssystem\/interamerikanska-manniskorattssystemet\/","url":"https:\/\/mrfonden.se\/vart-arbete\/regionala-manniskorattssystem\/interamerikanska-manniskorattssystemet\/","name":"Interamerikanska m\u00e4nniskor\u00e4ttssystemet - Fonden f\u00f6r m\u00e4nskliga r\u00e4ttigheter (MR-Fonden)","isPartOf":{"@id":"https:\/\/mrfonden.se\/#website"},"primaryImageOfPage":{"@id":"https:\/\/mrfonden.se\/vart-arbete\/regionala-manniskorattssystem\/interamerikanska-manniskorattssystemet\/#primaryimage"},"image":{"@id":"https:\/\/mrfonden.se\/vart-arbete\/regionala-manniskorattssystem\/interamerikanska-manniskorattssystemet\/#primaryimage"},"thumbnailUrl":"http:\/\/mrfonden.se\/wp-content\/uploads\/2020\/04\/iachpr-760x570.jpg","datePublished":"2022-03-24T14:54:59+00:00","dateModified":"2023-03-23T12:49:43+00:00","breadcrumb":{"@id":"https:\/\/mrfonden.se\/vart-arbete\/regionala-manniskorattssystem\/interamerikanska-manniskorattssystemet\/#breadcrumb"},"inLanguage":"en-US","potentialAction":[{"@type":"ReadAction","target":["https:\/\/mrfonden.se\/vart-arbete\/regionala-manniskorattssystem\/interamerikanska-manniskorattssystemet\/"]}]},{"@type":"ImageObject","inLanguage":"en-US","@id":"https:\/\/mrfonden.se\/vart-arbete\/regionala-manniskorattssystem\/interamerikanska-manniskorattssystemet\/#primaryimage","url":"http:\/\/mrfonden.se\/wp-content\/uploads\/2020\/04\/iachpr-760x570.jpg","contentUrl":"http:\/\/mrfonden.se\/wp-content\/uploads\/2020\/04\/iachpr-760x570.jpg"},{"@type":"BreadcrumbList","@id":"https:\/\/mrfonden.se\/vart-arbete\/regionala-manniskorattssystem\/interamerikanska-manniskorattssystemet\/#breadcrumb","itemListElement":[{"@type":"ListItem","position":1,"name":"Hem","item":"https:\/\/mrfonden.se\/"},{"@type":"ListItem","position":2,"name":"V\u00e5rt arbete","item":"https:\/\/mrfonden.se\/vart-arbete\/"},{"@type":"ListItem","position":3,"name":"Regionala m\u00e4nniskor\u00e4ttssystem","item":"https:\/\/mrfonden.se\/vart-arbete\/regionala-manniskorattssystem\/"},{"@type":"ListItem","position":4,"name":"Interamerikanska m\u00e4nniskor\u00e4ttssystemet"}]},{"@type":"WebSite","@id":"https:\/\/mrfonden.se\/#website","url":"https:\/\/mrfonden.se\/","name":"Fonden f\u00f6r m\u00e4nskliga r\u00e4ttigheter (MR-Fonden)","description":"","potentialAction":[{"@type":"SearchAction","target":{"@type":"EntryPoint","urlTemplate":"https:\/\/mrfonden.se\/?s={search_term_string}"},"query-input":{"@type":"PropertyValueSpecification","valueRequired":true,"valueName":"search_term_string"}}],"inLanguage":"en-US"}]}},"_links":{"self":[{"href":"https:\/\/mrfonden.se\/en\/wp-json\/wp\/v2\/pages\/587","targetHints":{"allow":["GET"]}}],"collection":[{"href":"https:\/\/mrfonden.se\/en\/wp-json\/wp\/v2\/pages"}],"about":[{"href":"https:\/\/mrfonden.se\/en\/wp-json\/wp\/v2\/types\/page"}],"author":[{"embeddable":true,"href":"https:\/\/mrfonden.se\/en\/wp-json\/wp\/v2\/users\/2"}],"replies":[{"embeddable":true,"href":"https:\/\/mrfonden.se\/en\/wp-json\/wp\/v2\/comments?post=587"}],"version-history":[{"count":7,"href":"https:\/\/mrfonden.se\/en\/wp-json\/wp\/v2\/pages\/587\/revisions"}],"predecessor-version":[{"id":1937,"href":"https:\/\/mrfonden.se\/en\/wp-json\/wp\/v2\/pages\/587\/revisions\/1937"}],"up":[{"embeddable":true,"href":"https:\/\/mrfonden.se\/en\/wp-json\/wp\/v2\/pages\/319"}],"wp:attachment":[{"href":"https:\/\/mrfonden.se\/en\/wp-json\/wp\/v2\/media?parent=587"}],"curies":[{"name":"wp","href":"https:\/\/api.w.org\/{rel}","templated":true}]}}