{"id":581,"date":"2022-03-24T16:00:08","date_gmt":"2022-03-24T15:00:08","guid":{"rendered":"http:\/\/mrfonden.se\/?page_id=581"},"modified":"2023-03-23T13:53:06","modified_gmt":"2023-03-23T12:53:06","slug":"det-afrikanska-manniskorattssystemet","status":"publish","type":"page","link":"https:\/\/mrfonden.se\/en\/vart-arbete\/regionala-manniskorattssystem\/det-afrikanska-manniskorattssystemet\/","title":{"rendered":"The African human rights system"},"content":{"rendered":"<p><span class=\"s1\">he African human rights system consists primarily of three pillars \u2013 the African Commission on Human and Peoples\u2019 Rights (the Commission), the African Charter on Human and Peoples\u2019 Rights (the African Charter), and the African Court on Human and Peoples\u2019 Rights (the Court). All of these bodies operate under the intergovernmental organisation the African Union (AU), which replaced the Organisation of African Unity in 2001.<\/span><\/p>\n<div id=\"attachment_583\" style=\"width: 770px\" class=\"wp-caption alignnone\"><img loading=\"lazy\" decoding=\"async\" aria-describedby=\"caption-attachment-583\" class=\"wp-image-583 size-medium\" src=\"http:\/\/mrfonden.se\/wp-content\/uploads\/2020\/04\/achpr-760x428.jpg\" alt=\"Bild p\u00e5 en intervju vid det 65:e NGO-forumet f\u00f6r den afrikanska m\u00e4nniskor\u00e4ttskommissionens h\u00f6stsession 2019.\" width=\"760\" height=\"428\" srcset=\"https:\/\/mrfonden.se\/wp-content\/uploads\/2020\/04\/achpr-760x428.jpg 760w, https:\/\/mrfonden.se\/wp-content\/uploads\/2020\/04\/achpr-1520x855.jpg 1520w, https:\/\/mrfonden.se\/wp-content\/uploads\/2020\/04\/achpr-768x432.jpg 768w, https:\/\/mrfonden.se\/wp-content\/uploads\/2020\/04\/achpr-1536x864.jpg 1536w, https:\/\/mrfonden.se\/wp-content\/uploads\/2020\/04\/achpr-103x58.jpg 103w, https:\/\/mrfonden.se\/wp-content\/uploads\/2020\/04\/achpr.jpg 1756w\" sizes=\"auto, (max-width: 760px) 100vw, 760px\" \/><p id=\"caption-attachment-583\" class=\"wp-caption-text\">Picture from an interview at the 65th NGO Forum of the African Commission\u2019s autumn session, 2019.<\/p><\/div>\n<h4 class=\"p2\"><span class=\"s2\"><a href=\"http:\/\/www.achpr.org\/about\/\"><b>The African Commission on Human and Peoples\u2019 Rights<\/b><\/a><\/span><\/h4>\n<p class=\"p1\"><span class=\"s1\">The Commission was established in 1987 in Addis Ababa, Ethiopia. Its primary mandate is to protect and promote human and peoples\u2019 rights, interpret the provisions of the African Charter, and determine the admissibility of cases brought before the African Court on Human and Peoples\u2019 Rights.\u00a0<\/span><\/p>\n<h4 class=\"p2\"><span class=\"s2\"><a href=\"http:\/\/www.achpr.org\/instruments\/achpr\/\"><b>The African Charter on Human and Peoples\u2019 Rights<\/b><\/a><\/span><\/h4>\n<p class=\"p3\"><span class=\"s1\">The African Charter was adopted in 1981 with the aim of counteracting hatred, conflict and war between different peoples and cultures within Africa. It entered into force in 1986. Fifty-three of the African Union\u2019s fifty-four member states have signed and ratified the African Charter. This means that all AU member states, except South Sudan, have approved and incorporated the Charter into their national legal frameworks and thereby committed themselves to its provisions.<\/span><\/p>\n<h4 class=\"p2\"><span class=\"s2\"><a href=\"http:\/\/www.african-court.org\/en\/\"><b>The African Court on Human and Peoples\u2019 Rights<\/b><\/a><\/span><\/h4>\n<p class=\"p1\"><span class=\"s1\">The African Court is seated in Arusha, Tanzania. It was established in 1998 and entered into force in 2004. The Court consists of eleven judges whose task is to provide advisory opinions to states parties and to adjudicate cases relating to the African Charter or other regional human rights conventions. The Court\u2019s judgments are legally binding.<\/span><\/p>\n<p class=\"p1\"><span class=\"s1\">The Court has the mandate to consider complaints from both individuals and non-governmental organisations. As mentioned above, the Commission is responsible for referring cases to the Court. However, it is also possible to submit a complaint directly to the Court if the state concerned has made a declaration accepting such direct access.<\/span><\/p>\n<h5 class=\"p1\"><span class=\"s1\">Did you know?<\/span><\/h5>\n<ul>\n<li class=\"p1\"><span class=\"s1\">The African Charter is the only regional human rights convention in the world that includes civil and political rights as well as economic, social and cultural rights within a single legally binding instrument.<\/span><\/li>\n<li>The African Charter is unique in explicitly recognising both individual and collective rights.<\/li>\n<\/ul>\n<p>Read our publication on the African human rights system, \u201cSilencing the Guns in Africa\u201d (2020), here, and a summarising policy brief <a href=\"https:\/\/mrfonden.se\/wp-content\/uploads\/2020\/12\/silencing-the-guns-in-africa-print-2.pdf\">here<\/a>\u00a0och en sammanfattande policy brief <a href=\"https:\/\/mrfonden.se\/wp-content\/uploads\/2023\/03\/policy-brief-africa-final.pdf\">here<\/a>.<\/p>","protected":false},"excerpt":{"rendered":"<p>Det afrikanska MR-systemet best\u00e5r i huvudsak av tre pelare \u2013 Afrikanska kommissionen f\u00f6r m\u00e4nskliga och folkens r\u00e4ttigheter (kommissionen), &hellip;<\/p>","protected":false},"author":2,"featured_media":0,"parent":319,"menu_order":0,"comment_status":"closed","ping_status":"closed","template":"","meta":{"_acf_changed":false,"footnotes":""},"class_list":["post-581","page","type-page","status-publish","hentry"],"acf":[],"yoast_head":"<title>Afrikanska m\u00e4nniskor\u00e4ttssystemet - Fonden f\u00f6r m\u00e4nskliga r\u00e4ttigheter (MR-Fonden)<\/title>\n<meta name=\"robots\" content=\"index, follow, max-snippet:-1, max-image-preview:large, max-video-preview:-1\" \/>\n<link rel=\"canonical\" href=\"https:\/\/mrfonden.se\/en\/vart-arbete\/regionala-manniskorattssystem\/det-afrikanska-manniskorattssystemet\/\" \/>\n<meta property=\"og:locale\" content=\"en_US\" \/>\n<meta property=\"og:type\" content=\"article\" \/>\n<meta property=\"og:title\" content=\"Afrikanska m\u00e4nniskor\u00e4ttssystemet - Fonden f\u00f6r m\u00e4nskliga r\u00e4ttigheter (MR-Fonden)\" \/>\n<meta property=\"og:description\" content=\"Det afrikanska MR-systemet best\u00e5r i huvudsak av tre pelare \u2013 Afrikanska kommissionen f\u00f6r m\u00e4nskliga och folkens r\u00e4ttigheter (kommissionen), &hellip;\" \/>\n<meta property=\"og:url\" content=\"https:\/\/mrfonden.se\/en\/vart-arbete\/regionala-manniskorattssystem\/det-afrikanska-manniskorattssystemet\/\" \/>\n<meta property=\"og:site_name\" content=\"Fonden f\u00f6r m\u00e4nskliga r\u00e4ttigheter (MR-Fonden)\" \/>\n<meta property=\"article:modified_time\" content=\"2023-03-23T12:53:06+00:00\" \/>\n<meta property=\"og:image\" content=\"http:\/\/mrfonden.se\/wp-content\/uploads\/2020\/04\/achpr-760x428.jpg\" \/>\n<meta name=\"twitter:card\" content=\"summary_large_image\" \/>\n<meta name=\"twitter:label1\" content=\"Est. reading time\" \/>\n\t<meta name=\"twitter:data1\" content=\"2 minutes\" \/>\n<script type=\"application\/ld+json\" class=\"yoast-schema-graph\">{\"@context\":\"https:\/\/schema.org\",\"@graph\":[{\"@type\":\"WebPage\",\"@id\":\"https:\/\/mrfonden.se\/vart-arbete\/regionala-manniskorattssystem\/det-afrikanska-manniskorattssystemet\/\",\"url\":\"https:\/\/mrfonden.se\/vart-arbete\/regionala-manniskorattssystem\/det-afrikanska-manniskorattssystemet\/\",\"name\":\"Afrikanska m\u00e4nniskor\u00e4ttssystemet - Fonden f\u00f6r m\u00e4nskliga r\u00e4ttigheter (MR-Fonden)\",\"isPartOf\":{\"@id\":\"https:\/\/mrfonden.se\/#website\"},\"primaryImageOfPage\":{\"@id\":\"https:\/\/mrfonden.se\/vart-arbete\/regionala-manniskorattssystem\/det-afrikanska-manniskorattssystemet\/#primaryimage\"},\"image\":{\"@id\":\"https:\/\/mrfonden.se\/vart-arbete\/regionala-manniskorattssystem\/det-afrikanska-manniskorattssystemet\/#primaryimage\"},\"thumbnailUrl\":\"http:\/\/mrfonden.se\/wp-content\/uploads\/2020\/04\/achpr-760x428.jpg\",\"datePublished\":\"2022-03-24T15:00:08+00:00\",\"dateModified\":\"2023-03-23T12:53:06+00:00\",\"breadcrumb\":{\"@id\":\"https:\/\/mrfonden.se\/vart-arbete\/regionala-manniskorattssystem\/det-afrikanska-manniskorattssystemet\/#breadcrumb\"},\"inLanguage\":\"en-US\",\"potentialAction\":[{\"@type\":\"ReadAction\",\"target\":[\"https:\/\/mrfonden.se\/vart-arbete\/regionala-manniskorattssystem\/det-afrikanska-manniskorattssystemet\/\"]}]},{\"@type\":\"ImageObject\",\"inLanguage\":\"en-US\",\"@id\":\"https:\/\/mrfonden.se\/vart-arbete\/regionala-manniskorattssystem\/det-afrikanska-manniskorattssystemet\/#primaryimage\",\"url\":\"http:\/\/mrfonden.se\/wp-content\/uploads\/2020\/04\/achpr-760x428.jpg\",\"contentUrl\":\"http:\/\/mrfonden.se\/wp-content\/uploads\/2020\/04\/achpr-760x428.jpg\"},{\"@type\":\"BreadcrumbList\",\"@id\":\"https:\/\/mrfonden.se\/vart-arbete\/regionala-manniskorattssystem\/det-afrikanska-manniskorattssystemet\/#breadcrumb\",\"itemListElement\":[{\"@type\":\"ListItem\",\"position\":1,\"name\":\"Hem\",\"item\":\"https:\/\/mrfonden.se\/\"},{\"@type\":\"ListItem\",\"position\":2,\"name\":\"V\u00e5rt arbete\",\"item\":\"https:\/\/mrfonden.se\/vart-arbete\/\"},{\"@type\":\"ListItem\",\"position\":3,\"name\":\"Regionala m\u00e4nniskor\u00e4ttssystem\",\"item\":\"https:\/\/mrfonden.se\/vart-arbete\/regionala-manniskorattssystem\/\"},{\"@type\":\"ListItem\",\"position\":4,\"name\":\"Afrikanska m\u00e4nniskor\u00e4ttssystemet\"}]},{\"@type\":\"WebSite\",\"@id\":\"https:\/\/mrfonden.se\/#website\",\"url\":\"https:\/\/mrfonden.se\/\",\"name\":\"Fonden f\u00f6r m\u00e4nskliga r\u00e4ttigheter (MR-Fonden)\",\"description\":\"\",\"potentialAction\":[{\"@type\":\"SearchAction\",\"target\":{\"@type\":\"EntryPoint\",\"urlTemplate\":\"https:\/\/mrfonden.se\/?s={search_term_string}\"},\"query-input\":{\"@type\":\"PropertyValueSpecification\",\"valueRequired\":true,\"valueName\":\"search_term_string\"}}],\"inLanguage\":\"en-US\"}]}<\/script>","yoast_head_json":{"title":"Afrikanska m\u00e4nniskor\u00e4ttssystemet - Fonden f\u00f6r m\u00e4nskliga r\u00e4ttigheter (MR-Fonden)","robots":{"index":"index","follow":"follow","max-snippet":"max-snippet:-1","max-image-preview":"max-image-preview:large","max-video-preview":"max-video-preview:-1"},"canonical":"https:\/\/mrfonden.se\/en\/vart-arbete\/regionala-manniskorattssystem\/det-afrikanska-manniskorattssystemet\/","og_locale":"en_US","og_type":"article","og_title":"Afrikanska m\u00e4nniskor\u00e4ttssystemet - Fonden f\u00f6r m\u00e4nskliga r\u00e4ttigheter (MR-Fonden)","og_description":"Det afrikanska MR-systemet best\u00e5r i huvudsak av tre pelare \u2013 Afrikanska kommissionen f\u00f6r m\u00e4nskliga och folkens r\u00e4ttigheter (kommissionen), &hellip;","og_url":"https:\/\/mrfonden.se\/en\/vart-arbete\/regionala-manniskorattssystem\/det-afrikanska-manniskorattssystemet\/","og_site_name":"Fonden f\u00f6r m\u00e4nskliga r\u00e4ttigheter (MR-Fonden)","article_modified_time":"2023-03-23T12:53:06+00:00","og_image":[{"url":"http:\/\/mrfonden.se\/wp-content\/uploads\/2020\/04\/achpr-760x428.jpg","type":"","width":"","height":""}],"twitter_card":"summary_large_image","twitter_misc":{"Est. reading time":"2 minutes"},"schema":{"@context":"https:\/\/schema.org","@graph":[{"@type":"WebPage","@id":"https:\/\/mrfonden.se\/vart-arbete\/regionala-manniskorattssystem\/det-afrikanska-manniskorattssystemet\/","url":"https:\/\/mrfonden.se\/vart-arbete\/regionala-manniskorattssystem\/det-afrikanska-manniskorattssystemet\/","name":"Afrikanska m\u00e4nniskor\u00e4ttssystemet - Fonden f\u00f6r m\u00e4nskliga r\u00e4ttigheter (MR-Fonden)","isPartOf":{"@id":"https:\/\/mrfonden.se\/#website"},"primaryImageOfPage":{"@id":"https:\/\/mrfonden.se\/vart-arbete\/regionala-manniskorattssystem\/det-afrikanska-manniskorattssystemet\/#primaryimage"},"image":{"@id":"https:\/\/mrfonden.se\/vart-arbete\/regionala-manniskorattssystem\/det-afrikanska-manniskorattssystemet\/#primaryimage"},"thumbnailUrl":"http:\/\/mrfonden.se\/wp-content\/uploads\/2020\/04\/achpr-760x428.jpg","datePublished":"2022-03-24T15:00:08+00:00","dateModified":"2023-03-23T12:53:06+00:00","breadcrumb":{"@id":"https:\/\/mrfonden.se\/vart-arbete\/regionala-manniskorattssystem\/det-afrikanska-manniskorattssystemet\/#breadcrumb"},"inLanguage":"en-US","potentialAction":[{"@type":"ReadAction","target":["https:\/\/mrfonden.se\/vart-arbete\/regionala-manniskorattssystem\/det-afrikanska-manniskorattssystemet\/"]}]},{"@type":"ImageObject","inLanguage":"en-US","@id":"https:\/\/mrfonden.se\/vart-arbete\/regionala-manniskorattssystem\/det-afrikanska-manniskorattssystemet\/#primaryimage","url":"http:\/\/mrfonden.se\/wp-content\/uploads\/2020\/04\/achpr-760x428.jpg","contentUrl":"http:\/\/mrfonden.se\/wp-content\/uploads\/2020\/04\/achpr-760x428.jpg"},{"@type":"BreadcrumbList","@id":"https:\/\/mrfonden.se\/vart-arbete\/regionala-manniskorattssystem\/det-afrikanska-manniskorattssystemet\/#breadcrumb","itemListElement":[{"@type":"ListItem","position":1,"name":"Hem","item":"https:\/\/mrfonden.se\/"},{"@type":"ListItem","position":2,"name":"V\u00e5rt arbete","item":"https:\/\/mrfonden.se\/vart-arbete\/"},{"@type":"ListItem","position":3,"name":"Regionala m\u00e4nniskor\u00e4ttssystem","item":"https:\/\/mrfonden.se\/vart-arbete\/regionala-manniskorattssystem\/"},{"@type":"ListItem","position":4,"name":"Afrikanska m\u00e4nniskor\u00e4ttssystemet"}]},{"@type":"WebSite","@id":"https:\/\/mrfonden.se\/#website","url":"https:\/\/mrfonden.se\/","name":"Fonden f\u00f6r m\u00e4nskliga r\u00e4ttigheter (MR-Fonden)","description":"","potentialAction":[{"@type":"SearchAction","target":{"@type":"EntryPoint","urlTemplate":"https:\/\/mrfonden.se\/?s={search_term_string}"},"query-input":{"@type":"PropertyValueSpecification","valueRequired":true,"valueName":"search_term_string"}}],"inLanguage":"en-US"}]}},"_links":{"self":[{"href":"https:\/\/mrfonden.se\/en\/wp-json\/wp\/v2\/pages\/581","targetHints":{"allow":["GET"]}}],"collection":[{"href":"https:\/\/mrfonden.se\/en\/wp-json\/wp\/v2\/pages"}],"about":[{"href":"https:\/\/mrfonden.se\/en\/wp-json\/wp\/v2\/types\/page"}],"author":[{"embeddable":true,"href":"https:\/\/mrfonden.se\/en\/wp-json\/wp\/v2\/users\/2"}],"replies":[{"embeddable":true,"href":"https:\/\/mrfonden.se\/en\/wp-json\/wp\/v2\/comments?post=581"}],"version-history":[{"count":11,"href":"https:\/\/mrfonden.se\/en\/wp-json\/wp\/v2\/pages\/581\/revisions"}],"predecessor-version":[{"id":1939,"href":"https:\/\/mrfonden.se\/en\/wp-json\/wp\/v2\/pages\/581\/revisions\/1939"}],"up":[{"embeddable":true,"href":"https:\/\/mrfonden.se\/en\/wp-json\/wp\/v2\/pages\/319"}],"wp:attachment":[{"href":"https:\/\/mrfonden.se\/en\/wp-json\/wp\/v2\/media?parent=581"}],"curies":[{"name":"wp","href":"https:\/\/api.w.org\/{rel}","templated":true}]}}