{"id":401,"date":"2019-12-09T11:37:26","date_gmt":"2019-12-09T10:37:26","guid":{"rendered":"http:\/\/mrfonden.se\/?page_id=401"},"modified":"2024-05-27T13:43:39","modified_gmt":"2024-05-27T11:43:39","slug":"burma","status":"publish","type":"page","link":"https:\/\/mrfonden.se\/en\/vart-arbete\/overgangsrattvisa\/burma\/","title":{"rendered":"Burma"},"content":{"rendered":"<p>The Swedish Foundation for Human Rights has for a long time supported civil society actors within the democracy movement in Burma. The overall objective is to strengthen the capacity of Burmese civil society to work for the respect and protection of human rights, as well as to promote accountability and justice for human rights violations. Our focus areas are the rights of women and LGBTIQ+ persons, as well as transitional justice.<\/p>\n<p><img loading=\"lazy\" decoding=\"async\" class=\"alignnone wp-image-623\" src=\"http:\/\/mrfonden.se\/wp-content\/uploads\/2020\/05\/img-0322-760x1013.jpg\" alt=\": Han Gyi fr\u00e5n partnerorganisationen ND Burma med en rapport om dokumentation av m\u00e4nniskor\u00e4ttskr\u00e4nkningar.\" width=\"436\" height=\"581\" srcset=\"https:\/\/mrfonden.se\/wp-content\/uploads\/2020\/05\/img-0322-760x1013.jpg 760w, https:\/\/mrfonden.se\/wp-content\/uploads\/2020\/05\/img-0322-1520x2027.jpg 1520w, https:\/\/mrfonden.se\/wp-content\/uploads\/2020\/05\/img-0322-768x1024.jpg 768w, https:\/\/mrfonden.se\/wp-content\/uploads\/2020\/05\/img-0322-1152x1536.jpg 1152w, https:\/\/mrfonden.se\/wp-content\/uploads\/2020\/05\/img-0322-1536x2048.jpg 1536w, https:\/\/mrfonden.se\/wp-content\/uploads\/2020\/05\/img-0322-44x58.jpg 44w, https:\/\/mrfonden.se\/wp-content\/uploads\/2020\/05\/img-0322-scaled.jpg 1920w\" sizes=\"auto, (max-width: 436px) 100vw, 436px\" \/><\/p>\n<p><strong>The work aims to <\/strong>to increase the capacity of Burmese civil society to promote greater respect for human rights in the country and thereby help reduce the risk of discrimination and violence. The work also aims to create conditions for democratic development.<\/p>\n<p><strong>Why is the project relevant? <\/strong>For decades, Burma has been a divided country with multiple ongoing armed conflicts. The vulnerability of the Rohingya people has, in particular, hindered positive developments in the field of human rights. In recent years, the situation has deteriorated, especially following the military junta\u2019s coup attempt on 1 February 2021. Since the military coup, the junta has carried out systematic abuses against the civilian population in an effort to suppress resistance to the military takeover. It is therefore crucial to continue supporting civil society\u2019s ability to operate and to strengthen its capacity in relation to human rights.<\/p>\n<p><strong>Three important contributions:<\/strong><\/p>\n<ol>\n<li>To contribute to reducing violence and discrimination against LGBTIQ+ persons through information campaigns, documentation and training initiatives. A particular focus is placed on LGBTIQ+ persons\u2019 right to and opportunities for livelihoods.<\/li>\n<li>To contribute to enabling local civil society actors working to document human rights violations to carry out their work and, in doing so, to make legitimate demands for accountability and redress for conflict victims.<\/li>\n<li>To contribute to highlighting the specific rights and vulnerabilities of women and ethnic groups, as well as demonstrating that civil society\u2014including human rights organisations\u2014has a legitimate and protected right to scrutinise and draw attention to human rights violations without the risk of threats or violence.<\/li>\n<\/ol>","protected":false},"excerpt":{"rendered":"<p>MR-Fonden st\u00f6djer sedan en l\u00e4ngre tid civilsamh\u00e4llesakt\u00f6rer inom demokratir\u00f6relsen i Burma. Det \u00f6vergripande m\u00e5let \u00e4r att bidra till &hellip;<\/p>","protected":false},"author":1,"featured_media":0,"parent":16,"menu_order":30,"comment_status":"closed","ping_status":"closed","template":"","meta":{"_acf_changed":false,"footnotes":""},"class_list":["post-401","page","type-page","status-publish","hentry"],"acf":[],"yoast_head":"<title>Burma - Fonden f\u00f6r m\u00e4nskliga r\u00e4ttigheter (MR-Fonden)<\/title>\n<meta name=\"robots\" content=\"index, follow, max-snippet:-1, max-image-preview:large, max-video-preview:-1\" \/>\n<link rel=\"canonical\" href=\"https:\/\/mrfonden.se\/en\/vart-arbete\/overgangsrattvisa\/burma\/\" \/>\n<meta property=\"og:locale\" content=\"en_US\" \/>\n<meta property=\"og:type\" content=\"article\" \/>\n<meta property=\"og:title\" content=\"Burma - Fonden f\u00f6r m\u00e4nskliga r\u00e4ttigheter (MR-Fonden)\" \/>\n<meta property=\"og:description\" content=\"MR-Fonden st\u00f6djer sedan en l\u00e4ngre tid civilsamh\u00e4llesakt\u00f6rer inom demokratir\u00f6relsen i Burma. Det \u00f6vergripande m\u00e5let \u00e4r att bidra till &hellip;\" \/>\n<meta property=\"og:url\" content=\"https:\/\/mrfonden.se\/en\/vart-arbete\/overgangsrattvisa\/burma\/\" \/>\n<meta property=\"og:site_name\" content=\"Fonden f\u00f6r m\u00e4nskliga r\u00e4ttigheter (MR-Fonden)\" \/>\n<meta property=\"article:modified_time\" content=\"2024-05-27T11:43:39+00:00\" \/>\n<meta property=\"og:image\" content=\"http:\/\/mrfonden.se\/wp-content\/uploads\/2020\/05\/img-0322-760x1013.jpg\" \/>\n<meta name=\"twitter:card\" content=\"summary_large_image\" \/>\n<meta name=\"twitter:label1\" content=\"Est. reading time\" \/>\n\t<meta name=\"twitter:data1\" content=\"2 minutes\" \/>\n<script type=\"application\/ld+json\" class=\"yoast-schema-graph\">{\"@context\":\"https:\/\/schema.org\",\"@graph\":[{\"@type\":\"WebPage\",\"@id\":\"https:\/\/mrfonden.se\/vart-arbete\/overgangsrattvisa\/burma\/\",\"url\":\"https:\/\/mrfonden.se\/vart-arbete\/overgangsrattvisa\/burma\/\",\"name\":\"Burma - Fonden f\u00f6r m\u00e4nskliga r\u00e4ttigheter (MR-Fonden)\",\"isPartOf\":{\"@id\":\"https:\/\/mrfonden.se\/#website\"},\"primaryImageOfPage\":{\"@id\":\"https:\/\/mrfonden.se\/vart-arbete\/overgangsrattvisa\/burma\/#primaryimage\"},\"image\":{\"@id\":\"https:\/\/mrfonden.se\/vart-arbete\/overgangsrattvisa\/burma\/#primaryimage\"},\"thumbnailUrl\":\"http:\/\/mrfonden.se\/wp-content\/uploads\/2020\/05\/img-0322-760x1013.jpg\",\"datePublished\":\"2019-12-09T10:37:26+00:00\",\"dateModified\":\"2024-05-27T11:43:39+00:00\",\"breadcrumb\":{\"@id\":\"https:\/\/mrfonden.se\/vart-arbete\/overgangsrattvisa\/burma\/#breadcrumb\"},\"inLanguage\":\"en-US\",\"potentialAction\":[{\"@type\":\"ReadAction\",\"target\":[\"https:\/\/mrfonden.se\/vart-arbete\/overgangsrattvisa\/burma\/\"]}]},{\"@type\":\"ImageObject\",\"inLanguage\":\"en-US\",\"@id\":\"https:\/\/mrfonden.se\/vart-arbete\/overgangsrattvisa\/burma\/#primaryimage\",\"url\":\"http:\/\/mrfonden.se\/wp-content\/uploads\/2020\/05\/img-0322-760x1013.jpg\",\"contentUrl\":\"http:\/\/mrfonden.se\/wp-content\/uploads\/2020\/05\/img-0322-760x1013.jpg\"},{\"@type\":\"BreadcrumbList\",\"@id\":\"https:\/\/mrfonden.se\/vart-arbete\/overgangsrattvisa\/burma\/#breadcrumb\",\"itemListElement\":[{\"@type\":\"ListItem\",\"position\":1,\"name\":\"Hem\",\"item\":\"https:\/\/mrfonden.se\/\"},{\"@type\":\"ListItem\",\"position\":2,\"name\":\"V\u00e5rt arbete\",\"item\":\"https:\/\/mrfonden.se\/vart-arbete\/\"},{\"@type\":\"ListItem\",\"position\":3,\"name\":\"\u00d6verg\u00e5ngsr\u00e4ttvisa\",\"item\":\"https:\/\/mrfonden.se\/vart-arbete\/overgangsrattvisa\/\"},{\"@type\":\"ListItem\",\"position\":4,\"name\":\"Burma\"}]},{\"@type\":\"WebSite\",\"@id\":\"https:\/\/mrfonden.se\/#website\",\"url\":\"https:\/\/mrfonden.se\/\",\"name\":\"Fonden f\u00f6r m\u00e4nskliga r\u00e4ttigheter (MR-Fonden)\",\"description\":\"\",\"potentialAction\":[{\"@type\":\"SearchAction\",\"target\":{\"@type\":\"EntryPoint\",\"urlTemplate\":\"https:\/\/mrfonden.se\/?s={search_term_string}\"},\"query-input\":{\"@type\":\"PropertyValueSpecification\",\"valueRequired\":true,\"valueName\":\"search_term_string\"}}],\"inLanguage\":\"en-US\"}]}<\/script>","yoast_head_json":{"title":"Burma - Fonden f\u00f6r m\u00e4nskliga r\u00e4ttigheter (MR-Fonden)","robots":{"index":"index","follow":"follow","max-snippet":"max-snippet:-1","max-image-preview":"max-image-preview:large","max-video-preview":"max-video-preview:-1"},"canonical":"https:\/\/mrfonden.se\/en\/vart-arbete\/overgangsrattvisa\/burma\/","og_locale":"en_US","og_type":"article","og_title":"Burma - Fonden f\u00f6r m\u00e4nskliga r\u00e4ttigheter (MR-Fonden)","og_description":"MR-Fonden st\u00f6djer sedan en l\u00e4ngre tid civilsamh\u00e4llesakt\u00f6rer inom demokratir\u00f6relsen i Burma. Det \u00f6vergripande m\u00e5let \u00e4r att bidra till &hellip;","og_url":"https:\/\/mrfonden.se\/en\/vart-arbete\/overgangsrattvisa\/burma\/","og_site_name":"Fonden f\u00f6r m\u00e4nskliga r\u00e4ttigheter (MR-Fonden)","article_modified_time":"2024-05-27T11:43:39+00:00","og_image":[{"url":"http:\/\/mrfonden.se\/wp-content\/uploads\/2020\/05\/img-0322-760x1013.jpg","type":"","width":"","height":""}],"twitter_card":"summary_large_image","twitter_misc":{"Est. reading time":"2 minutes"},"schema":{"@context":"https:\/\/schema.org","@graph":[{"@type":"WebPage","@id":"https:\/\/mrfonden.se\/vart-arbete\/overgangsrattvisa\/burma\/","url":"https:\/\/mrfonden.se\/vart-arbete\/overgangsrattvisa\/burma\/","name":"Burma - Fonden f\u00f6r m\u00e4nskliga r\u00e4ttigheter (MR-Fonden)","isPartOf":{"@id":"https:\/\/mrfonden.se\/#website"},"primaryImageOfPage":{"@id":"https:\/\/mrfonden.se\/vart-arbete\/overgangsrattvisa\/burma\/#primaryimage"},"image":{"@id":"https:\/\/mrfonden.se\/vart-arbete\/overgangsrattvisa\/burma\/#primaryimage"},"thumbnailUrl":"http:\/\/mrfonden.se\/wp-content\/uploads\/2020\/05\/img-0322-760x1013.jpg","datePublished":"2019-12-09T10:37:26+00:00","dateModified":"2024-05-27T11:43:39+00:00","breadcrumb":{"@id":"https:\/\/mrfonden.se\/vart-arbete\/overgangsrattvisa\/burma\/#breadcrumb"},"inLanguage":"en-US","potentialAction":[{"@type":"ReadAction","target":["https:\/\/mrfonden.se\/vart-arbete\/overgangsrattvisa\/burma\/"]}]},{"@type":"ImageObject","inLanguage":"en-US","@id":"https:\/\/mrfonden.se\/vart-arbete\/overgangsrattvisa\/burma\/#primaryimage","url":"http:\/\/mrfonden.se\/wp-content\/uploads\/2020\/05\/img-0322-760x1013.jpg","contentUrl":"http:\/\/mrfonden.se\/wp-content\/uploads\/2020\/05\/img-0322-760x1013.jpg"},{"@type":"BreadcrumbList","@id":"https:\/\/mrfonden.se\/vart-arbete\/overgangsrattvisa\/burma\/#breadcrumb","itemListElement":[{"@type":"ListItem","position":1,"name":"Hem","item":"https:\/\/mrfonden.se\/"},{"@type":"ListItem","position":2,"name":"V\u00e5rt arbete","item":"https:\/\/mrfonden.se\/vart-arbete\/"},{"@type":"ListItem","position":3,"name":"\u00d6verg\u00e5ngsr\u00e4ttvisa","item":"https:\/\/mrfonden.se\/vart-arbete\/overgangsrattvisa\/"},{"@type":"ListItem","position":4,"name":"Burma"}]},{"@type":"WebSite","@id":"https:\/\/mrfonden.se\/#website","url":"https:\/\/mrfonden.se\/","name":"Fonden f\u00f6r m\u00e4nskliga r\u00e4ttigheter (MR-Fonden)","description":"","potentialAction":[{"@type":"SearchAction","target":{"@type":"EntryPoint","urlTemplate":"https:\/\/mrfonden.se\/?s={search_term_string}"},"query-input":{"@type":"PropertyValueSpecification","valueRequired":true,"valueName":"search_term_string"}}],"inLanguage":"en-US"}]}},"_links":{"self":[{"href":"https:\/\/mrfonden.se\/en\/wp-json\/wp\/v2\/pages\/401","targetHints":{"allow":["GET"]}}],"collection":[{"href":"https:\/\/mrfonden.se\/en\/wp-json\/wp\/v2\/pages"}],"about":[{"href":"https:\/\/mrfonden.se\/en\/wp-json\/wp\/v2\/types\/page"}],"author":[{"embeddable":true,"href":"https:\/\/mrfonden.se\/en\/wp-json\/wp\/v2\/users\/1"}],"replies":[{"embeddable":true,"href":"https:\/\/mrfonden.se\/en\/wp-json\/wp\/v2\/comments?post=401"}],"version-history":[{"count":11,"href":"https:\/\/mrfonden.se\/en\/wp-json\/wp\/v2\/pages\/401\/revisions"}],"predecessor-version":[{"id":2650,"href":"https:\/\/mrfonden.se\/en\/wp-json\/wp\/v2\/pages\/401\/revisions\/2650"}],"up":[{"embeddable":true,"href":"https:\/\/mrfonden.se\/en\/wp-json\/wp\/v2\/pages\/16"}],"wp:attachment":[{"href":"https:\/\/mrfonden.se\/en\/wp-json\/wp\/v2\/media?parent=401"}],"curies":[{"name":"wp","href":"https:\/\/api.w.org\/{rel}","templated":true}]}}