{"id":395,"date":"2019-12-06T14:03:02","date_gmt":"2019-12-06T13:03:02","guid":{"rendered":"http:\/\/mrfonden.se\/?page_id=395"},"modified":"2026-02-10T10:12:40","modified_gmt":"2026-02-10T09:12:40","slug":"uganda","status":"publish","type":"page","link":"https:\/\/mrfonden.se\/en\/vart-arbete\/ekonomiska-sociala-och-kulturella-rattigheter\/uganda\/","title":{"rendered":"Uganda"},"content":{"rendered":"<p><span class=\"TextRun SCXW117197519 BCX8\" lang=\"SV-SE\" xml:lang=\"SV-SE\" data-contrast=\"none\"><span class=\"NormalTextRun SCXW117197519 BCX8\">The Swedish Foundation for Human Rights<\/span><span class=\"NormalTextRun SCXW117197519 BCX8\"> collaborates with the women\u2019s rights organisation Action for <\/span><span class=\"NormalTextRun SpellingErrorV2Themed SCXW117197519 BCX8\">Development<\/span><span class=\"NormalTextRun SCXW117197519 BCX8\"> (AFCODE), they are a non-profit organisation founded in 1985 with extensive experience in promoting gender equality, strengthening women\u2019s rights, and increasing women\u2019s participation in decision-making processes in Uganda. In 2023, we jointly launched a new project funded by the Swedish Institute, focusing on increasing understanding of gender equality and enhancing the political participation of women and young women in southwestern Uganda. In the region, large parts of the population live in rural areas with limited infrastructure and socio-economic challenges such as unemployment, lack of access to education, and gender-based discrimination. Women and girls often have limited access to information and public forums.<\/span><\/span><\/p>\n<div id=\"attachment_2279\" style=\"width: 770px\" class=\"wp-caption alignnone\"><img loading=\"lazy\" decoding=\"async\" aria-describedby=\"caption-attachment-2279\" class=\"wp-image-2279 size-medium\" src=\"http:\/\/mrfonden.se\/wp-content\/uploads\/2023\/11\/img-1443-1-760x428.jpeg\" alt=\"\" width=\"760\" height=\"428\" srcset=\"https:\/\/mrfonden.se\/wp-content\/uploads\/2023\/11\/img-1443-1-760x428.jpeg 760w, https:\/\/mrfonden.se\/wp-content\/uploads\/2023\/11\/img-1443-1-1520x855.jpeg 1520w, https:\/\/mrfonden.se\/wp-content\/uploads\/2023\/11\/img-1443-1-768x432.jpeg 768w, https:\/\/mrfonden.se\/wp-content\/uploads\/2023\/11\/img-1443-1-1536x864.jpeg 1536w, https:\/\/mrfonden.se\/wp-content\/uploads\/2023\/11\/img-1443-1-2048x1152.jpeg 2048w, https:\/\/mrfonden.se\/wp-content\/uploads\/2023\/11\/img-1443-1-103x58.jpeg 103w\" sizes=\"auto, (max-width: 760px) 100vw, 760px\" \/><p id=\"caption-attachment-2279\" class=\"wp-caption-text\">Picture from Masaka, Southern Uganda.<\/p><\/div>\n<h4><strong>Why is the project relevant?<\/strong><\/h4>\n<p><span data-contrast=\"none\">The underrepresentation of women in political leadership is a major problem in Uganda and stems from institutional, structural and cultural barriers, as well as societal attitudes that hinder women\u2019s participation in public life. The problem is exacerbated by a lack of political education, as many Ugandans remain uninformed about how they can engage in decision-making processes.\u00a0<\/span><span data-ccp-props=\"{&quot;134233117&quot;:false,&quot;134233118&quot;:false,&quot;335557856&quot;:16777215,&quot;335559738&quot;:0,&quot;335559739&quot;:405}\">\u00a0<\/span><\/p>\n<p><span data-contrast=\"none\">The project aims to increase women\u2019s and young women\u2019s knowledge of their political rights and to strengthen their empowerment in democratic processes. Through dialogue meetings, workshops and local networks, space is created for women\u2019s voices in public debate, which is a core objective of ACFODE.<\/span><span data-ccp-props=\"{&quot;134233117&quot;:false,&quot;134233118&quot;:false,&quot;335557856&quot;:16777215,&quot;335559738&quot;:0,&quot;335559739&quot;:405}\">\u00a0<\/span><\/p>\n<p><span data-contrast=\"none\">Over the years, civil society organisations, including ACFODE, have taken initiatives to raise public awareness of democracy, women\u2019s rights and human rights, as well as civic and political participation. Despite the progress made to date, awareness remains limited for most women and young women in rural areas due to deeply rooted social norms, perceptions and barriers that restrict access to civic information. Moreover, platforms that enable Ugandans to meaningfully engage in discussions on governance, democracy and their rights to participate in the country\u2019s development processes are few and often inaccessible, particularly at lower local government levels.<\/span><span data-ccp-props=\"{&quot;134233117&quot;:false,&quot;134233118&quot;:false,&quot;335557856&quot;:16777215,&quot;335559738&quot;:0,&quot;335559739&quot;:405}\">\u00a0<\/span><\/p>\n<p><span data-contrast=\"none\">Participants in the project testify to an increased understanding of democracy, political processes and participation. They observe greater gender equality both in their communities and in their private lives. The project has led to increased participation by women in the household economy and in decisions that affect them. Several men stated that they have changed their understanding of women\u2019s participation in society and of the importance of girls attending school. <\/span><span data-ccp-props=\"{&quot;134233117&quot;:false,&quot;134233118&quot;:false,&quot;335557856&quot;:16777215,&quot;335559738&quot;:0,&quot;335559739&quot;:405}\">\u00a0<\/span><\/p>\n<h4><b>Previous projects<\/b><\/h4>\n<p><span data-contrast=\"none\">The Swedish Foundation for Human Rights has previously carried out a project together with ACFODE focusing on economic, social and cultural rights. At the time, the project addressed the situation of local communities in the area surrounding Mount Elgon National Park. When the area was designated a national park and thus a protected area in 1993, management was taken over by the Ugandan state, more specifically the Uganda Wildlife Authority (UWA). Local communities were forcibly displaced from land they had long inhabited and cared for. Since then, repeated threats, harassment, sexual violence and extrajudicial killings carried out by various actors have been common.<\/span><span data-ccp-props=\"{&quot;134233117&quot;:false,&quot;134233118&quot;:false,&quot;335557856&quot;:16777215,&quot;335559738&quot;:0,&quot;335559739&quot;:405}\">\u00a0<\/span><\/p>\n<p><span data-contrast=\"none\">The project contributed to strengthening rights-holders, informing duty-bearers, drawing attention to the situation through various methods, and promoting the protection and respect of human rights in the area. The project resulted in significant positive changes. Local communities reported fewer instances of human rights violations, while at the same time increasingly demanding that their human rights be fulfilled. This led to greater awareness of human rights and of the roles and responsibilities of rights-holders and duty-bearers.<\/span><span data-ccp-props=\"{&quot;134233117&quot;:false,&quot;134233118&quot;:false,&quot;335557856&quot;:16777215,&quot;335559738&quot;:0,&quot;335559739&quot;:405}\">\u00a0<\/span><\/p>\n<p><span data-contrast=\"auto\">ACFODE works from a rights-based approach, focusing on strengthening women\u2019s ability and power to claim their rights by providing them with the knowledge and tools necessary to actively participate in societal development. Through education and mobilisation, women are equipped with the knowledge and tools needed to challenge unjust power structures, participate in the public sphere, and demand influence over their future. <\/span><span data-ccp-props=\"{}\">\u00a0<\/span><\/p>\n<p>Watch the video and get more information about the project:<\/p>\n<div class=\"embed-responsive embed-responsive-16by9\"><div class=\"iframe-container\"><iframe loading=\"lazy\" class=\"embed-responsive-item\"  title=\"Promoting Human rights in Mt.Elgon Conservation Area\" width=\"660\" height=\"371\" src=\"https:\/\/www.youtube.com\/embed\/-xNUbgoOHcs?feature=oembed&#038;rel=0&#038;controls=1&#038;showinfo=0&#038;modestbranding=1&#038;\" frameborder=\"0\" allow=\"accelerometer; autoplay; clipboard-write; encrypted-media; gyroscope; picture-in-picture; web-share\" referrerpolicy=\"strict-origin-when-cross-origin\" allowfullscreen><\/iframe><\/div><\/div>","protected":false},"excerpt":{"rendered":"<p>MR-Fonden samarbetar med kvinnor\u00e4ttsorganisationen Action for Development (ACFODE), de \u00e4r en ideell organisation som grundades 1985 och har &hellip;<\/p>","protected":false},"author":1,"featured_media":0,"parent":14,"menu_order":40,"comment_status":"closed","ping_status":"closed","template":"","meta":{"_acf_changed":false,"footnotes":""},"class_list":["post-395","page","type-page","status-publish","hentry"],"acf":[],"yoast_head":"<title>Uganda - Fonden f\u00f6r m\u00e4nskliga r\u00e4ttigheter (MR-Fonden)<\/title>\n<meta name=\"robots\" content=\"index, follow, max-snippet:-1, max-image-preview:large, max-video-preview:-1\" \/>\n<link rel=\"canonical\" href=\"https:\/\/mrfonden.se\/en\/vart-arbete\/ekonomiska-sociala-och-kulturella-rattigheter\/uganda\/\" \/>\n<meta property=\"og:locale\" content=\"en_US\" \/>\n<meta property=\"og:type\" content=\"article\" \/>\n<meta property=\"og:title\" content=\"Uganda - Fonden f\u00f6r m\u00e4nskliga r\u00e4ttigheter (MR-Fonden)\" \/>\n<meta property=\"og:description\" content=\"MR-Fonden samarbetar med kvinnor\u00e4ttsorganisationen Action for Development (ACFODE), de \u00e4r en ideell organisation som grundades 1985 och har &hellip;\" \/>\n<meta property=\"og:url\" content=\"https:\/\/mrfonden.se\/en\/vart-arbete\/ekonomiska-sociala-och-kulturella-rattigheter\/uganda\/\" \/>\n<meta property=\"og:site_name\" content=\"Fonden f\u00f6r m\u00e4nskliga r\u00e4ttigheter (MR-Fonden)\" \/>\n<meta property=\"article:modified_time\" content=\"2026-02-10T09:12:40+00:00\" \/>\n<meta property=\"og:image\" content=\"https:\/\/mrfonden.se\/wp-content\/uploads\/2023\/11\/img-1443-1-rotated.jpeg\" \/>\n\t<meta property=\"og:image:width\" content=\"2208\" \/>\n\t<meta property=\"og:image:height\" content=\"1242\" \/>\n\t<meta property=\"og:image:type\" content=\"image\/jpeg\" \/>\n<meta name=\"twitter:card\" content=\"summary_large_image\" \/>\n<meta name=\"twitter:label1\" content=\"Est. reading time\" \/>\n\t<meta name=\"twitter:data1\" content=\"4 minutes\" \/>\n<script type=\"application\/ld+json\" class=\"yoast-schema-graph\">{\"@context\":\"https:\/\/schema.org\",\"@graph\":[{\"@type\":\"WebPage\",\"@id\":\"https:\/\/mrfonden.se\/vart-arbete\/ekonomiska-sociala-och-kulturella-rattigheter\/uganda\/\",\"url\":\"https:\/\/mrfonden.se\/vart-arbete\/ekonomiska-sociala-och-kulturella-rattigheter\/uganda\/\",\"name\":\"Uganda - Fonden f\u00f6r m\u00e4nskliga r\u00e4ttigheter (MR-Fonden)\",\"isPartOf\":{\"@id\":\"https:\/\/mrfonden.se\/#website\"},\"primaryImageOfPage\":{\"@id\":\"https:\/\/mrfonden.se\/vart-arbete\/ekonomiska-sociala-och-kulturella-rattigheter\/uganda\/#primaryimage\"},\"image\":{\"@id\":\"https:\/\/mrfonden.se\/vart-arbete\/ekonomiska-sociala-och-kulturella-rattigheter\/uganda\/#primaryimage\"},\"thumbnailUrl\":\"http:\/\/mrfonden.se\/wp-content\/uploads\/2023\/11\/img-1443-1-760x428.jpeg\",\"datePublished\":\"2019-12-06T13:03:02+00:00\",\"dateModified\":\"2026-02-10T09:12:40+00:00\",\"breadcrumb\":{\"@id\":\"https:\/\/mrfonden.se\/vart-arbete\/ekonomiska-sociala-och-kulturella-rattigheter\/uganda\/#breadcrumb\"},\"inLanguage\":\"en-US\",\"potentialAction\":[{\"@type\":\"ReadAction\",\"target\":[\"https:\/\/mrfonden.se\/vart-arbete\/ekonomiska-sociala-och-kulturella-rattigheter\/uganda\/\"]}]},{\"@type\":\"ImageObject\",\"inLanguage\":\"en-US\",\"@id\":\"https:\/\/mrfonden.se\/vart-arbete\/ekonomiska-sociala-och-kulturella-rattigheter\/uganda\/#primaryimage\",\"url\":\"http:\/\/mrfonden.se\/wp-content\/uploads\/2023\/11\/img-1443-1-760x428.jpeg\",\"contentUrl\":\"http:\/\/mrfonden.se\/wp-content\/uploads\/2023\/11\/img-1443-1-760x428.jpeg\"},{\"@type\":\"BreadcrumbList\",\"@id\":\"https:\/\/mrfonden.se\/vart-arbete\/ekonomiska-sociala-och-kulturella-rattigheter\/uganda\/#breadcrumb\",\"itemListElement\":[{\"@type\":\"ListItem\",\"position\":1,\"name\":\"Hem\",\"item\":\"https:\/\/mrfonden.se\/\"},{\"@type\":\"ListItem\",\"position\":2,\"name\":\"V\u00e5rt arbete\",\"item\":\"https:\/\/mrfonden.se\/vart-arbete\/\"},{\"@type\":\"ListItem\",\"position\":3,\"name\":\"Ekonomiska, sociala och kulturella r\u00e4ttigheter\",\"item\":\"https:\/\/mrfonden.se\/vart-arbete\/ekonomiska-sociala-och-kulturella-rattigheter\/\"},{\"@type\":\"ListItem\",\"position\":4,\"name\":\"Uganda\"}]},{\"@type\":\"WebSite\",\"@id\":\"https:\/\/mrfonden.se\/#website\",\"url\":\"https:\/\/mrfonden.se\/\",\"name\":\"Fonden f\u00f6r m\u00e4nskliga r\u00e4ttigheter (MR-Fonden)\",\"description\":\"\",\"potentialAction\":[{\"@type\":\"SearchAction\",\"target\":{\"@type\":\"EntryPoint\",\"urlTemplate\":\"https:\/\/mrfonden.se\/?s={search_term_string}\"},\"query-input\":{\"@type\":\"PropertyValueSpecification\",\"valueRequired\":true,\"valueName\":\"search_term_string\"}}],\"inLanguage\":\"en-US\"}]}<\/script>","yoast_head_json":{"title":"Uganda - Fonden f\u00f6r m\u00e4nskliga r\u00e4ttigheter (MR-Fonden)","robots":{"index":"index","follow":"follow","max-snippet":"max-snippet:-1","max-image-preview":"max-image-preview:large","max-video-preview":"max-video-preview:-1"},"canonical":"https:\/\/mrfonden.se\/en\/vart-arbete\/ekonomiska-sociala-och-kulturella-rattigheter\/uganda\/","og_locale":"en_US","og_type":"article","og_title":"Uganda - Fonden f\u00f6r m\u00e4nskliga r\u00e4ttigheter (MR-Fonden)","og_description":"MR-Fonden samarbetar med kvinnor\u00e4ttsorganisationen Action for Development (ACFODE), de \u00e4r en ideell organisation som grundades 1985 och har &hellip;","og_url":"https:\/\/mrfonden.se\/en\/vart-arbete\/ekonomiska-sociala-och-kulturella-rattigheter\/uganda\/","og_site_name":"Fonden f\u00f6r m\u00e4nskliga r\u00e4ttigheter (MR-Fonden)","article_modified_time":"2026-02-10T09:12:40+00:00","og_image":[{"width":2208,"height":1242,"url":"https:\/\/mrfonden.se\/wp-content\/uploads\/2023\/11\/img-1443-1-rotated.jpeg","type":"image\/jpeg"}],"twitter_card":"summary_large_image","twitter_misc":{"Est. reading time":"4 minutes"},"schema":{"@context":"https:\/\/schema.org","@graph":[{"@type":"WebPage","@id":"https:\/\/mrfonden.se\/vart-arbete\/ekonomiska-sociala-och-kulturella-rattigheter\/uganda\/","url":"https:\/\/mrfonden.se\/vart-arbete\/ekonomiska-sociala-och-kulturella-rattigheter\/uganda\/","name":"Uganda - Fonden f\u00f6r m\u00e4nskliga r\u00e4ttigheter (MR-Fonden)","isPartOf":{"@id":"https:\/\/mrfonden.se\/#website"},"primaryImageOfPage":{"@id":"https:\/\/mrfonden.se\/vart-arbete\/ekonomiska-sociala-och-kulturella-rattigheter\/uganda\/#primaryimage"},"image":{"@id":"https:\/\/mrfonden.se\/vart-arbete\/ekonomiska-sociala-och-kulturella-rattigheter\/uganda\/#primaryimage"},"thumbnailUrl":"http:\/\/mrfonden.se\/wp-content\/uploads\/2023\/11\/img-1443-1-760x428.jpeg","datePublished":"2019-12-06T13:03:02+00:00","dateModified":"2026-02-10T09:12:40+00:00","breadcrumb":{"@id":"https:\/\/mrfonden.se\/vart-arbete\/ekonomiska-sociala-och-kulturella-rattigheter\/uganda\/#breadcrumb"},"inLanguage":"en-US","potentialAction":[{"@type":"ReadAction","target":["https:\/\/mrfonden.se\/vart-arbete\/ekonomiska-sociala-och-kulturella-rattigheter\/uganda\/"]}]},{"@type":"ImageObject","inLanguage":"en-US","@id":"https:\/\/mrfonden.se\/vart-arbete\/ekonomiska-sociala-och-kulturella-rattigheter\/uganda\/#primaryimage","url":"http:\/\/mrfonden.se\/wp-content\/uploads\/2023\/11\/img-1443-1-760x428.jpeg","contentUrl":"http:\/\/mrfonden.se\/wp-content\/uploads\/2023\/11\/img-1443-1-760x428.jpeg"},{"@type":"BreadcrumbList","@id":"https:\/\/mrfonden.se\/vart-arbete\/ekonomiska-sociala-och-kulturella-rattigheter\/uganda\/#breadcrumb","itemListElement":[{"@type":"ListItem","position":1,"name":"Hem","item":"https:\/\/mrfonden.se\/"},{"@type":"ListItem","position":2,"name":"V\u00e5rt arbete","item":"https:\/\/mrfonden.se\/vart-arbete\/"},{"@type":"ListItem","position":3,"name":"Ekonomiska, sociala och kulturella r\u00e4ttigheter","item":"https:\/\/mrfonden.se\/vart-arbete\/ekonomiska-sociala-och-kulturella-rattigheter\/"},{"@type":"ListItem","position":4,"name":"Uganda"}]},{"@type":"WebSite","@id":"https:\/\/mrfonden.se\/#website","url":"https:\/\/mrfonden.se\/","name":"Fonden f\u00f6r m\u00e4nskliga r\u00e4ttigheter (MR-Fonden)","description":"","potentialAction":[{"@type":"SearchAction","target":{"@type":"EntryPoint","urlTemplate":"https:\/\/mrfonden.se\/?s={search_term_string}"},"query-input":{"@type":"PropertyValueSpecification","valueRequired":true,"valueName":"search_term_string"}}],"inLanguage":"en-US"}]}},"_links":{"self":[{"href":"https:\/\/mrfonden.se\/en\/wp-json\/wp\/v2\/pages\/395","targetHints":{"allow":["GET"]}}],"collection":[{"href":"https:\/\/mrfonden.se\/en\/wp-json\/wp\/v2\/pages"}],"about":[{"href":"https:\/\/mrfonden.se\/en\/wp-json\/wp\/v2\/types\/page"}],"author":[{"embeddable":true,"href":"https:\/\/mrfonden.se\/en\/wp-json\/wp\/v2\/users\/1"}],"replies":[{"embeddable":true,"href":"https:\/\/mrfonden.se\/en\/wp-json\/wp\/v2\/comments?post=395"}],"version-history":[{"count":17,"href":"https:\/\/mrfonden.se\/en\/wp-json\/wp\/v2\/pages\/395\/revisions"}],"predecessor-version":[{"id":3187,"href":"https:\/\/mrfonden.se\/en\/wp-json\/wp\/v2\/pages\/395\/revisions\/3187"}],"up":[{"embeddable":true,"href":"https:\/\/mrfonden.se\/en\/wp-json\/wp\/v2\/pages\/14"}],"wp:attachment":[{"href":"https:\/\/mrfonden.se\/en\/wp-json\/wp\/v2\/media?parent=395"}],"curies":[{"name":"wp","href":"https:\/\/api.w.org\/{rel}","templated":true}]}}