{"id":393,"date":"2019-12-06T14:02:47","date_gmt":"2019-12-06T13:02:47","guid":{"rendered":"http:\/\/mrfonden.se\/?page_id=393"},"modified":"2024-10-16T12:18:35","modified_gmt":"2024-10-16T10:18:35","slug":"kuba","status":"publish","type":"page","link":"https:\/\/mrfonden.se\/en\/vart-arbete\/ekonomiska-sociala-och-kulturella-rattigheter\/kuba\/","title":{"rendered":"Cuba"},"content":{"rendered":"<p>The Swedish Foundation for Human Rights supports Cuban civil society actors in Cuba. The point of departure and focus are economic, social and cultural rights, as well as access to information. Our work is based on the Strategy for Sweden\u2019s Development Cooperation with Cuba 2021\u20132025 and aims to contribute to the protection and promotion of human rights, democracy and the rule of law, as well as gender equality. The projects are funded by the Swedish International Development Cooperation Agency (Sida).<\/p>\n<div id=\"attachment_663\" style=\"width: 770px\" class=\"wp-caption alignnone\"><img loading=\"lazy\" decoding=\"async\" aria-describedby=\"caption-attachment-663\" class=\"wp-image-663 size-medium\" src=\"http:\/\/mrfonden.se\/wp-content\/uploads\/2020\/05\/kuba-760x570.jpg\" alt=\"Bild fr\u00e5n Havanna som visar en finare takservering i f\u00f6rgrunden och ett bostadsomr\u00e5de i bakgrunden.\" width=\"760\" height=\"570\" srcset=\"https:\/\/mrfonden.se\/wp-content\/uploads\/2020\/05\/kuba-760x570.jpg 760w, https:\/\/mrfonden.se\/wp-content\/uploads\/2020\/05\/kuba-1520x1140.jpg 1520w, https:\/\/mrfonden.se\/wp-content\/uploads\/2020\/05\/kuba-768x576.jpg 768w, https:\/\/mrfonden.se\/wp-content\/uploads\/2020\/05\/kuba-1536x1152.jpg 1536w, https:\/\/mrfonden.se\/wp-content\/uploads\/2020\/05\/kuba-77x58.jpg 77w, https:\/\/mrfonden.se\/wp-content\/uploads\/2020\/05\/kuba.jpg 1632w\" sizes=\"auto, (max-width: 760px) 100vw, 760px\" \/><p id=\"caption-attachment-663\" class=\"wp-caption-text\">Two worlds in Havanna.<\/p><\/div>","protected":false},"excerpt":{"rendered":"<p>MR-Fonden st\u00f6djer kubanska civilsamh\u00e4llesakt\u00f6rer i Kuba. Ing\u00e5ngen och inriktningen \u00e4r ekonomiska, sociala och kulturella r\u00e4ttigheter, samt tillg\u00e5ng till &hellip;<\/p>","protected":false},"author":1,"featured_media":0,"parent":14,"menu_order":30,"comment_status":"closed","ping_status":"closed","template":"","meta":{"_acf_changed":false,"footnotes":""},"class_list":["post-393","page","type-page","status-publish","hentry"],"acf":[],"yoast_head":"<title>Kuba - Fonden f\u00f6r m\u00e4nskliga r\u00e4ttigheter (MR-Fonden)<\/title>\n<meta name=\"robots\" content=\"index, follow, max-snippet:-1, max-image-preview:large, max-video-preview:-1\" \/>\n<link rel=\"canonical\" href=\"https:\/\/mrfonden.se\/en\/vart-arbete\/ekonomiska-sociala-och-kulturella-rattigheter\/kuba\/\" \/>\n<meta property=\"og:locale\" content=\"en_US\" \/>\n<meta property=\"og:type\" content=\"article\" \/>\n<meta property=\"og:title\" content=\"Kuba - Fonden f\u00f6r m\u00e4nskliga r\u00e4ttigheter (MR-Fonden)\" \/>\n<meta property=\"og:description\" content=\"MR-Fonden st\u00f6djer kubanska civilsamh\u00e4llesakt\u00f6rer i Kuba. Ing\u00e5ngen och inriktningen \u00e4r ekonomiska, sociala och kulturella r\u00e4ttigheter, samt tillg\u00e5ng till &hellip;\" \/>\n<meta property=\"og:url\" content=\"https:\/\/mrfonden.se\/en\/vart-arbete\/ekonomiska-sociala-och-kulturella-rattigheter\/kuba\/\" \/>\n<meta property=\"og:site_name\" content=\"Fonden f\u00f6r m\u00e4nskliga r\u00e4ttigheter (MR-Fonden)\" \/>\n<meta property=\"article:modified_time\" content=\"2024-10-16T10:18:35+00:00\" \/>\n<meta property=\"og:image\" content=\"http:\/\/mrfonden.se\/wp-content\/uploads\/2020\/05\/kuba-760x570.jpg\" \/>\n<meta name=\"twitter:card\" content=\"summary_large_image\" \/>\n<meta name=\"twitter:label1\" content=\"Est. reading time\" \/>\n\t<meta name=\"twitter:data1\" content=\"1 minute\" \/>\n<script type=\"application\/ld+json\" class=\"yoast-schema-graph\">{\"@context\":\"https:\/\/schema.org\",\"@graph\":[{\"@type\":\"WebPage\",\"@id\":\"https:\/\/mrfonden.se\/vart-arbete\/ekonomiska-sociala-och-kulturella-rattigheter\/kuba\/\",\"url\":\"https:\/\/mrfonden.se\/vart-arbete\/ekonomiska-sociala-och-kulturella-rattigheter\/kuba\/\",\"name\":\"Kuba - Fonden f\u00f6r m\u00e4nskliga r\u00e4ttigheter (MR-Fonden)\",\"isPartOf\":{\"@id\":\"https:\/\/mrfonden.se\/#website\"},\"primaryImageOfPage\":{\"@id\":\"https:\/\/mrfonden.se\/vart-arbete\/ekonomiska-sociala-och-kulturella-rattigheter\/kuba\/#primaryimage\"},\"image\":{\"@id\":\"https:\/\/mrfonden.se\/vart-arbete\/ekonomiska-sociala-och-kulturella-rattigheter\/kuba\/#primaryimage\"},\"thumbnailUrl\":\"http:\/\/mrfonden.se\/wp-content\/uploads\/2020\/05\/kuba-760x570.jpg\",\"datePublished\":\"2019-12-06T13:02:47+00:00\",\"dateModified\":\"2024-10-16T10:18:35+00:00\",\"breadcrumb\":{\"@id\":\"https:\/\/mrfonden.se\/vart-arbete\/ekonomiska-sociala-och-kulturella-rattigheter\/kuba\/#breadcrumb\"},\"inLanguage\":\"en-US\",\"potentialAction\":[{\"@type\":\"ReadAction\",\"target\":[\"https:\/\/mrfonden.se\/vart-arbete\/ekonomiska-sociala-och-kulturella-rattigheter\/kuba\/\"]}]},{\"@type\":\"ImageObject\",\"inLanguage\":\"en-US\",\"@id\":\"https:\/\/mrfonden.se\/vart-arbete\/ekonomiska-sociala-och-kulturella-rattigheter\/kuba\/#primaryimage\",\"url\":\"http:\/\/mrfonden.se\/wp-content\/uploads\/2020\/05\/kuba-760x570.jpg\",\"contentUrl\":\"http:\/\/mrfonden.se\/wp-content\/uploads\/2020\/05\/kuba-760x570.jpg\"},{\"@type\":\"BreadcrumbList\",\"@id\":\"https:\/\/mrfonden.se\/vart-arbete\/ekonomiska-sociala-och-kulturella-rattigheter\/kuba\/#breadcrumb\",\"itemListElement\":[{\"@type\":\"ListItem\",\"position\":1,\"name\":\"Hem\",\"item\":\"https:\/\/mrfonden.se\/\"},{\"@type\":\"ListItem\",\"position\":2,\"name\":\"V\u00e5rt arbete\",\"item\":\"https:\/\/mrfonden.se\/vart-arbete\/\"},{\"@type\":\"ListItem\",\"position\":3,\"name\":\"Ekonomiska, sociala och kulturella r\u00e4ttigheter\",\"item\":\"https:\/\/mrfonden.se\/vart-arbete\/ekonomiska-sociala-och-kulturella-rattigheter\/\"},{\"@type\":\"ListItem\",\"position\":4,\"name\":\"Kuba\"}]},{\"@type\":\"WebSite\",\"@id\":\"https:\/\/mrfonden.se\/#website\",\"url\":\"https:\/\/mrfonden.se\/\",\"name\":\"Fonden f\u00f6r m\u00e4nskliga r\u00e4ttigheter (MR-Fonden)\",\"description\":\"\",\"potentialAction\":[{\"@type\":\"SearchAction\",\"target\":{\"@type\":\"EntryPoint\",\"urlTemplate\":\"https:\/\/mrfonden.se\/?s={search_term_string}\"},\"query-input\":{\"@type\":\"PropertyValueSpecification\",\"valueRequired\":true,\"valueName\":\"search_term_string\"}}],\"inLanguage\":\"en-US\"}]}<\/script>","yoast_head_json":{"title":"Kuba - Fonden f\u00f6r m\u00e4nskliga r\u00e4ttigheter (MR-Fonden)","robots":{"index":"index","follow":"follow","max-snippet":"max-snippet:-1","max-image-preview":"max-image-preview:large","max-video-preview":"max-video-preview:-1"},"canonical":"https:\/\/mrfonden.se\/en\/vart-arbete\/ekonomiska-sociala-och-kulturella-rattigheter\/kuba\/","og_locale":"en_US","og_type":"article","og_title":"Kuba - Fonden f\u00f6r m\u00e4nskliga r\u00e4ttigheter (MR-Fonden)","og_description":"MR-Fonden st\u00f6djer kubanska civilsamh\u00e4llesakt\u00f6rer i Kuba. Ing\u00e5ngen och inriktningen \u00e4r ekonomiska, sociala och kulturella r\u00e4ttigheter, samt tillg\u00e5ng till &hellip;","og_url":"https:\/\/mrfonden.se\/en\/vart-arbete\/ekonomiska-sociala-och-kulturella-rattigheter\/kuba\/","og_site_name":"Fonden f\u00f6r m\u00e4nskliga r\u00e4ttigheter (MR-Fonden)","article_modified_time":"2024-10-16T10:18:35+00:00","og_image":[{"url":"http:\/\/mrfonden.se\/wp-content\/uploads\/2020\/05\/kuba-760x570.jpg","type":"","width":"","height":""}],"twitter_card":"summary_large_image","twitter_misc":{"Est. reading time":"1 minute"},"schema":{"@context":"https:\/\/schema.org","@graph":[{"@type":"WebPage","@id":"https:\/\/mrfonden.se\/vart-arbete\/ekonomiska-sociala-och-kulturella-rattigheter\/kuba\/","url":"https:\/\/mrfonden.se\/vart-arbete\/ekonomiska-sociala-och-kulturella-rattigheter\/kuba\/","name":"Kuba - Fonden f\u00f6r m\u00e4nskliga r\u00e4ttigheter (MR-Fonden)","isPartOf":{"@id":"https:\/\/mrfonden.se\/#website"},"primaryImageOfPage":{"@id":"https:\/\/mrfonden.se\/vart-arbete\/ekonomiska-sociala-och-kulturella-rattigheter\/kuba\/#primaryimage"},"image":{"@id":"https:\/\/mrfonden.se\/vart-arbete\/ekonomiska-sociala-och-kulturella-rattigheter\/kuba\/#primaryimage"},"thumbnailUrl":"http:\/\/mrfonden.se\/wp-content\/uploads\/2020\/05\/kuba-760x570.jpg","datePublished":"2019-12-06T13:02:47+00:00","dateModified":"2024-10-16T10:18:35+00:00","breadcrumb":{"@id":"https:\/\/mrfonden.se\/vart-arbete\/ekonomiska-sociala-och-kulturella-rattigheter\/kuba\/#breadcrumb"},"inLanguage":"en-US","potentialAction":[{"@type":"ReadAction","target":["https:\/\/mrfonden.se\/vart-arbete\/ekonomiska-sociala-och-kulturella-rattigheter\/kuba\/"]}]},{"@type":"ImageObject","inLanguage":"en-US","@id":"https:\/\/mrfonden.se\/vart-arbete\/ekonomiska-sociala-och-kulturella-rattigheter\/kuba\/#primaryimage","url":"http:\/\/mrfonden.se\/wp-content\/uploads\/2020\/05\/kuba-760x570.jpg","contentUrl":"http:\/\/mrfonden.se\/wp-content\/uploads\/2020\/05\/kuba-760x570.jpg"},{"@type":"BreadcrumbList","@id":"https:\/\/mrfonden.se\/vart-arbete\/ekonomiska-sociala-och-kulturella-rattigheter\/kuba\/#breadcrumb","itemListElement":[{"@type":"ListItem","position":1,"name":"Hem","item":"https:\/\/mrfonden.se\/"},{"@type":"ListItem","position":2,"name":"V\u00e5rt arbete","item":"https:\/\/mrfonden.se\/vart-arbete\/"},{"@type":"ListItem","position":3,"name":"Ekonomiska, sociala och kulturella r\u00e4ttigheter","item":"https:\/\/mrfonden.se\/vart-arbete\/ekonomiska-sociala-och-kulturella-rattigheter\/"},{"@type":"ListItem","position":4,"name":"Kuba"}]},{"@type":"WebSite","@id":"https:\/\/mrfonden.se\/#website","url":"https:\/\/mrfonden.se\/","name":"Fonden f\u00f6r m\u00e4nskliga r\u00e4ttigheter (MR-Fonden)","description":"","potentialAction":[{"@type":"SearchAction","target":{"@type":"EntryPoint","urlTemplate":"https:\/\/mrfonden.se\/?s={search_term_string}"},"query-input":{"@type":"PropertyValueSpecification","valueRequired":true,"valueName":"search_term_string"}}],"inLanguage":"en-US"}]}},"_links":{"self":[{"href":"https:\/\/mrfonden.se\/en\/wp-json\/wp\/v2\/pages\/393","targetHints":{"allow":["GET"]}}],"collection":[{"href":"https:\/\/mrfonden.se\/en\/wp-json\/wp\/v2\/pages"}],"about":[{"href":"https:\/\/mrfonden.se\/en\/wp-json\/wp\/v2\/types\/page"}],"author":[{"embeddable":true,"href":"https:\/\/mrfonden.se\/en\/wp-json\/wp\/v2\/users\/1"}],"replies":[{"embeddable":true,"href":"https:\/\/mrfonden.se\/en\/wp-json\/wp\/v2\/comments?post=393"}],"version-history":[{"count":8,"href":"https:\/\/mrfonden.se\/en\/wp-json\/wp\/v2\/pages\/393\/revisions"}],"predecessor-version":[{"id":2767,"href":"https:\/\/mrfonden.se\/en\/wp-json\/wp\/v2\/pages\/393\/revisions\/2767"}],"up":[{"embeddable":true,"href":"https:\/\/mrfonden.se\/en\/wp-json\/wp\/v2\/pages\/14"}],"wp:attachment":[{"href":"https:\/\/mrfonden.se\/en\/wp-json\/wp\/v2\/media?parent=393"}],"curies":[{"name":"wp","href":"https:\/\/api.w.org\/{rel}","templated":true}]}}