{"id":391,"date":"2019-12-06T14:02:16","date_gmt":"2019-12-06T13:02:16","guid":{"rendered":"http:\/\/mrfonden.se\/?page_id=391"},"modified":"2024-10-16T11:40:58","modified_gmt":"2024-10-16T09:40:58","slug":"burma","status":"publish","type":"page","link":"https:\/\/mrfonden.se\/en\/vart-arbete\/ekonomiska-sociala-och-kulturella-rattigheter\/burma\/","title":{"rendered":"Burma"},"content":{"rendered":"<p>The Swedish Foundation for Human Rights has for a long time supported civil society actors and human rights defenders within the democracy movement in Myanmar\/Burma. We attach no value judgment to the use of the name Burma rather than Myanmar, but follow the terminology used by our partner organisations. The overall aim of our partnerships is to strengthen the capacity of Burmese civil society to continue resisting the military junta, to work for respect for and protection of human rights, and to create conditions for future accountability and justice for human rights violations. The focus areas are the rights of women and LGBTIQ+ persons, as well as transitional justice. Our current project is financially supported by ForumCiv.<\/p>\n<p><a href=\"https:\/\/mrfonden.se\/en\/vart-arbete\/ekonomiska-sociala-och-kulturella-rattigheter\/burma\/picture-by-crb-credit-vb-2\/\" rel=\"attachment wp-att-2763\"><img loading=\"lazy\" decoding=\"async\" class=\"alignnone  wp-image-2763\" src=\"http:\/\/mrfonden.se\/wp-content\/uploads\/2024\/10\/picture-by-crb-credit-vb-760x621.jpg\" alt=\"\" width=\"702\" height=\"574\" srcset=\"https:\/\/mrfonden.se\/wp-content\/uploads\/2024\/10\/picture-by-crb-credit-vb-760x621.jpg 760w, https:\/\/mrfonden.se\/wp-content\/uploads\/2024\/10\/picture-by-crb-credit-vb-768x628.jpg 768w, https:\/\/mrfonden.se\/wp-content\/uploads\/2024\/10\/picture-by-crb-credit-vb-71x58.jpg 71w, https:\/\/mrfonden.se\/wp-content\/uploads\/2024\/10\/picture-by-crb-credit-vb.jpg 1024w\" sizes=\"auto, (max-width: 702px) 100vw, 702px\" \/><\/a><\/p>\n<p><em>A protest march in Myanmar following the 2021 military coup.<\/em><\/p>\n<p>&nbsp;<\/p>","protected":false},"excerpt":{"rendered":"<p>MR-Fonden st\u00f6djer sedan en l\u00e4ngre tid civilsamh\u00e4llesakt\u00f6rer och m\u00e4nniskor\u00e4ttsf\u00f6rsvarare inom demokratir\u00f6relsen i Myanmar\/Burma. Vi l\u00e4gger ingen v\u00e4rdering i &hellip;<\/p>","protected":false},"author":1,"featured_media":0,"parent":14,"menu_order":20,"comment_status":"closed","ping_status":"closed","template":"","meta":{"_acf_changed":false,"footnotes":""},"class_list":["post-391","page","type-page","status-publish","hentry"],"acf":[],"yoast_head":"<title>Burma - Fonden f\u00f6r m\u00e4nskliga r\u00e4ttigheter (MR-Fonden)<\/title>\n<meta name=\"robots\" content=\"index, follow, max-snippet:-1, max-image-preview:large, max-video-preview:-1\" \/>\n<link rel=\"canonical\" href=\"https:\/\/mrfonden.se\/en\/vart-arbete\/ekonomiska-sociala-och-kulturella-rattigheter\/burma\/\" \/>\n<meta property=\"og:locale\" content=\"en_US\" \/>\n<meta property=\"og:type\" content=\"article\" \/>\n<meta property=\"og:title\" content=\"Burma - Fonden f\u00f6r m\u00e4nskliga r\u00e4ttigheter (MR-Fonden)\" \/>\n<meta property=\"og:description\" content=\"MR-Fonden st\u00f6djer sedan en l\u00e4ngre tid civilsamh\u00e4llesakt\u00f6rer och m\u00e4nniskor\u00e4ttsf\u00f6rsvarare inom demokratir\u00f6relsen i Myanmar\/Burma. Vi l\u00e4gger ingen v\u00e4rdering i &hellip;\" \/>\n<meta property=\"og:url\" content=\"https:\/\/mrfonden.se\/en\/vart-arbete\/ekonomiska-sociala-och-kulturella-rattigheter\/burma\/\" \/>\n<meta property=\"og:site_name\" content=\"Fonden f\u00f6r m\u00e4nskliga r\u00e4ttigheter (MR-Fonden)\" \/>\n<meta property=\"article:modified_time\" content=\"2024-10-16T09:40:58+00:00\" \/>\n<meta property=\"og:image\" content=\"http:\/\/mrfonden.se\/wp-content\/uploads\/2024\/10\/picture-by-crb-credit-vb-760x621.jpg\" \/>\n<meta name=\"twitter:card\" content=\"summary_large_image\" \/>\n<meta name=\"twitter:label1\" content=\"Est. reading time\" \/>\n\t<meta name=\"twitter:data1\" content=\"1 minute\" \/>\n<script type=\"application\/ld+json\" class=\"yoast-schema-graph\">{\"@context\":\"https:\/\/schema.org\",\"@graph\":[{\"@type\":\"WebPage\",\"@id\":\"https:\/\/mrfonden.se\/vart-arbete\/ekonomiska-sociala-och-kulturella-rattigheter\/burma\/\",\"url\":\"https:\/\/mrfonden.se\/vart-arbete\/ekonomiska-sociala-och-kulturella-rattigheter\/burma\/\",\"name\":\"Burma - Fonden f\u00f6r m\u00e4nskliga r\u00e4ttigheter (MR-Fonden)\",\"isPartOf\":{\"@id\":\"https:\/\/mrfonden.se\/#website\"},\"primaryImageOfPage\":{\"@id\":\"https:\/\/mrfonden.se\/vart-arbete\/ekonomiska-sociala-och-kulturella-rattigheter\/burma\/#primaryimage\"},\"image\":{\"@id\":\"https:\/\/mrfonden.se\/vart-arbete\/ekonomiska-sociala-och-kulturella-rattigheter\/burma\/#primaryimage\"},\"thumbnailUrl\":\"http:\/\/mrfonden.se\/wp-content\/uploads\/2024\/10\/picture-by-crb-credit-vb-760x621.jpg\",\"datePublished\":\"2019-12-06T13:02:16+00:00\",\"dateModified\":\"2024-10-16T09:40:58+00:00\",\"breadcrumb\":{\"@id\":\"https:\/\/mrfonden.se\/vart-arbete\/ekonomiska-sociala-och-kulturella-rattigheter\/burma\/#breadcrumb\"},\"inLanguage\":\"en-US\",\"potentialAction\":[{\"@type\":\"ReadAction\",\"target\":[\"https:\/\/mrfonden.se\/vart-arbete\/ekonomiska-sociala-och-kulturella-rattigheter\/burma\/\"]}]},{\"@type\":\"ImageObject\",\"inLanguage\":\"en-US\",\"@id\":\"https:\/\/mrfonden.se\/vart-arbete\/ekonomiska-sociala-och-kulturella-rattigheter\/burma\/#primaryimage\",\"url\":\"http:\/\/mrfonden.se\/wp-content\/uploads\/2024\/10\/picture-by-crb-credit-vb-760x621.jpg\",\"contentUrl\":\"http:\/\/mrfonden.se\/wp-content\/uploads\/2024\/10\/picture-by-crb-credit-vb-760x621.jpg\"},{\"@type\":\"BreadcrumbList\",\"@id\":\"https:\/\/mrfonden.se\/vart-arbete\/ekonomiska-sociala-och-kulturella-rattigheter\/burma\/#breadcrumb\",\"itemListElement\":[{\"@type\":\"ListItem\",\"position\":1,\"name\":\"Hem\",\"item\":\"https:\/\/mrfonden.se\/\"},{\"@type\":\"ListItem\",\"position\":2,\"name\":\"V\u00e5rt arbete\",\"item\":\"https:\/\/mrfonden.se\/vart-arbete\/\"},{\"@type\":\"ListItem\",\"position\":3,\"name\":\"Ekonomiska, sociala och kulturella r\u00e4ttigheter\",\"item\":\"https:\/\/mrfonden.se\/vart-arbete\/ekonomiska-sociala-och-kulturella-rattigheter\/\"},{\"@type\":\"ListItem\",\"position\":4,\"name\":\"Burma\"}]},{\"@type\":\"WebSite\",\"@id\":\"https:\/\/mrfonden.se\/#website\",\"url\":\"https:\/\/mrfonden.se\/\",\"name\":\"Fonden f\u00f6r m\u00e4nskliga r\u00e4ttigheter (MR-Fonden)\",\"description\":\"\",\"potentialAction\":[{\"@type\":\"SearchAction\",\"target\":{\"@type\":\"EntryPoint\",\"urlTemplate\":\"https:\/\/mrfonden.se\/?s={search_term_string}\"},\"query-input\":{\"@type\":\"PropertyValueSpecification\",\"valueRequired\":true,\"valueName\":\"search_term_string\"}}],\"inLanguage\":\"en-US\"}]}<\/script>","yoast_head_json":{"title":"Burma - Fonden f\u00f6r m\u00e4nskliga r\u00e4ttigheter (MR-Fonden)","robots":{"index":"index","follow":"follow","max-snippet":"max-snippet:-1","max-image-preview":"max-image-preview:large","max-video-preview":"max-video-preview:-1"},"canonical":"https:\/\/mrfonden.se\/en\/vart-arbete\/ekonomiska-sociala-och-kulturella-rattigheter\/burma\/","og_locale":"en_US","og_type":"article","og_title":"Burma - Fonden f\u00f6r m\u00e4nskliga r\u00e4ttigheter (MR-Fonden)","og_description":"MR-Fonden st\u00f6djer sedan en l\u00e4ngre tid civilsamh\u00e4llesakt\u00f6rer och m\u00e4nniskor\u00e4ttsf\u00f6rsvarare inom demokratir\u00f6relsen i Myanmar\/Burma. Vi l\u00e4gger ingen v\u00e4rdering i &hellip;","og_url":"https:\/\/mrfonden.se\/en\/vart-arbete\/ekonomiska-sociala-och-kulturella-rattigheter\/burma\/","og_site_name":"Fonden f\u00f6r m\u00e4nskliga r\u00e4ttigheter (MR-Fonden)","article_modified_time":"2024-10-16T09:40:58+00:00","og_image":[{"url":"http:\/\/mrfonden.se\/wp-content\/uploads\/2024\/10\/picture-by-crb-credit-vb-760x621.jpg","type":"","width":"","height":""}],"twitter_card":"summary_large_image","twitter_misc":{"Est. reading time":"1 minute"},"schema":{"@context":"https:\/\/schema.org","@graph":[{"@type":"WebPage","@id":"https:\/\/mrfonden.se\/vart-arbete\/ekonomiska-sociala-och-kulturella-rattigheter\/burma\/","url":"https:\/\/mrfonden.se\/vart-arbete\/ekonomiska-sociala-och-kulturella-rattigheter\/burma\/","name":"Burma - Fonden f\u00f6r m\u00e4nskliga r\u00e4ttigheter (MR-Fonden)","isPartOf":{"@id":"https:\/\/mrfonden.se\/#website"},"primaryImageOfPage":{"@id":"https:\/\/mrfonden.se\/vart-arbete\/ekonomiska-sociala-och-kulturella-rattigheter\/burma\/#primaryimage"},"image":{"@id":"https:\/\/mrfonden.se\/vart-arbete\/ekonomiska-sociala-och-kulturella-rattigheter\/burma\/#primaryimage"},"thumbnailUrl":"http:\/\/mrfonden.se\/wp-content\/uploads\/2024\/10\/picture-by-crb-credit-vb-760x621.jpg","datePublished":"2019-12-06T13:02:16+00:00","dateModified":"2024-10-16T09:40:58+00:00","breadcrumb":{"@id":"https:\/\/mrfonden.se\/vart-arbete\/ekonomiska-sociala-och-kulturella-rattigheter\/burma\/#breadcrumb"},"inLanguage":"en-US","potentialAction":[{"@type":"ReadAction","target":["https:\/\/mrfonden.se\/vart-arbete\/ekonomiska-sociala-och-kulturella-rattigheter\/burma\/"]}]},{"@type":"ImageObject","inLanguage":"en-US","@id":"https:\/\/mrfonden.se\/vart-arbete\/ekonomiska-sociala-och-kulturella-rattigheter\/burma\/#primaryimage","url":"http:\/\/mrfonden.se\/wp-content\/uploads\/2024\/10\/picture-by-crb-credit-vb-760x621.jpg","contentUrl":"http:\/\/mrfonden.se\/wp-content\/uploads\/2024\/10\/picture-by-crb-credit-vb-760x621.jpg"},{"@type":"BreadcrumbList","@id":"https:\/\/mrfonden.se\/vart-arbete\/ekonomiska-sociala-och-kulturella-rattigheter\/burma\/#breadcrumb","itemListElement":[{"@type":"ListItem","position":1,"name":"Hem","item":"https:\/\/mrfonden.se\/"},{"@type":"ListItem","position":2,"name":"V\u00e5rt arbete","item":"https:\/\/mrfonden.se\/vart-arbete\/"},{"@type":"ListItem","position":3,"name":"Ekonomiska, sociala och kulturella r\u00e4ttigheter","item":"https:\/\/mrfonden.se\/vart-arbete\/ekonomiska-sociala-och-kulturella-rattigheter\/"},{"@type":"ListItem","position":4,"name":"Burma"}]},{"@type":"WebSite","@id":"https:\/\/mrfonden.se\/#website","url":"https:\/\/mrfonden.se\/","name":"Fonden f\u00f6r m\u00e4nskliga r\u00e4ttigheter (MR-Fonden)","description":"","potentialAction":[{"@type":"SearchAction","target":{"@type":"EntryPoint","urlTemplate":"https:\/\/mrfonden.se\/?s={search_term_string}"},"query-input":{"@type":"PropertyValueSpecification","valueRequired":true,"valueName":"search_term_string"}}],"inLanguage":"en-US"}]}},"_links":{"self":[{"href":"https:\/\/mrfonden.se\/en\/wp-json\/wp\/v2\/pages\/391","targetHints":{"allow":["GET"]}}],"collection":[{"href":"https:\/\/mrfonden.se\/en\/wp-json\/wp\/v2\/pages"}],"about":[{"href":"https:\/\/mrfonden.se\/en\/wp-json\/wp\/v2\/types\/page"}],"author":[{"embeddable":true,"href":"https:\/\/mrfonden.se\/en\/wp-json\/wp\/v2\/users\/1"}],"replies":[{"embeddable":true,"href":"https:\/\/mrfonden.se\/en\/wp-json\/wp\/v2\/comments?post=391"}],"version-history":[{"count":9,"href":"https:\/\/mrfonden.se\/en\/wp-json\/wp\/v2\/pages\/391\/revisions"}],"predecessor-version":[{"id":2765,"href":"https:\/\/mrfonden.se\/en\/wp-json\/wp\/v2\/pages\/391\/revisions\/2765"}],"up":[{"embeddable":true,"href":"https:\/\/mrfonden.se\/en\/wp-json\/wp\/v2\/pages\/14"}],"wp:attachment":[{"href":"https:\/\/mrfonden.se\/en\/wp-json\/wp\/v2\/media?parent=391"}],"curies":[{"name":"wp","href":"https:\/\/api.w.org\/{rel}","templated":true}]}}