{"id":3214,"date":"2026-03-30T13:29:24","date_gmt":"2026-03-30T11:29:24","guid":{"rendered":"https:\/\/mrfonden.se\/?page_id=3214"},"modified":"2026-03-30T13:29:24","modified_gmt":"2026-03-30T11:29:24","slug":"ostra-europa","status":"publish","type":"page","link":"https:\/\/mrfonden.se\/en\/vart-arbete\/ekonomiska-sociala-och-kulturella-rattigheter\/ostra-europa\/","title":{"rendered":"Eastern Europe"},"content":{"rendered":"<h3><strong>Voices from Ukraine: Empowering and Capacitating Local Media Documentary Storytelling<\/strong><\/h3>\n<p dir=\"auto\">The Swedish Foundation for Human Rights has a project for 2025-2026 with the Media Development Foundation in Ukraine. The project is funded by the Swedish Institute and aims to raise awareness of human rights violations and social challenges linked to Russia's invasion of Ukraine. By strengthening independent journalism and documentary storytelling, the project highlights and documents people's experiences and provides a deeper understanding of the situation in Ukraine, both nationally and internationally.<\/p>\n<p dir=\"auto\"><img loading=\"lazy\" decoding=\"async\" class=\"size-full wp-image-3215 alignnone\" src=\"http:\/\/mrfonden.se\/wp-content\/uploads\/2026\/03\/bild-3.jpg\" alt=\"En dokument\u00e4rvisning arrangerad av Media Development Foundation i Ukraina\" width=\"561\" height=\"356\" srcset=\"https:\/\/mrfonden.se\/wp-content\/uploads\/2026\/03\/bild-3.jpg 561w, https:\/\/mrfonden.se\/wp-content\/uploads\/2026\/03\/bild-3-18x12.jpg 18w, https:\/\/mrfonden.se\/wp-content\/uploads\/2026\/03\/bild-3-91x58.jpg 91w\" sizes=\"auto, (max-width: 561px) 100vw, 561px\" \/><\/p>\n<p dir=\"auto\">Bildtext: En dokument\u00e4rvisning arrangerad av Media Development Foundation i Ukraina.<\/p>","protected":false},"excerpt":{"rendered":"<p>Voices from Ukraine: Empowering and Capacitating Local Media Documentary Storytelling MR-Fonden har \u00e4ven ett p\u00e5g\u00e5ende projekt under 2025-2026 &hellip;<\/p>","protected":false},"author":4,"featured_media":3215,"parent":14,"menu_order":0,"comment_status":"closed","ping_status":"closed","template":"","meta":{"_acf_changed":false,"footnotes":""},"class_list":["post-3214","page","type-page","status-publish","has-post-thumbnail","hentry"],"acf":[],"yoast_head":"<title>\u00d6stra Europa - Fonden f\u00f6r m\u00e4nskliga r\u00e4ttigheter (MR-Fonden)<\/title>\n<meta name=\"robots\" content=\"index, follow, max-snippet:-1, max-image-preview:large, max-video-preview:-1\" \/>\n<link rel=\"canonical\" href=\"https:\/\/mrfonden.se\/en\/vart-arbete\/ekonomiska-sociala-och-kulturella-rattigheter\/ostra-europa\/\" \/>\n<meta property=\"og:locale\" content=\"en_US\" \/>\n<meta property=\"og:type\" content=\"article\" \/>\n<meta property=\"og:title\" content=\"\u00d6stra Europa - Fonden f\u00f6r m\u00e4nskliga r\u00e4ttigheter (MR-Fonden)\" \/>\n<meta property=\"og:description\" content=\"Voices from Ukraine: Empowering and Capacitating Local Media Documentary Storytelling MR-Fonden har \u00e4ven ett p\u00e5g\u00e5ende projekt under 2025-2026 &hellip;\" \/>\n<meta property=\"og:url\" content=\"https:\/\/mrfonden.se\/en\/vart-arbete\/ekonomiska-sociala-och-kulturella-rattigheter\/ostra-europa\/\" \/>\n<meta property=\"og:site_name\" content=\"Fonden f\u00f6r m\u00e4nskliga r\u00e4ttigheter (MR-Fonden)\" \/>\n<meta property=\"og:image\" content=\"http:\/\/mrfonden.se\/wp-content\/uploads\/2026\/03\/bild-3.jpg\" \/>\n\t<meta property=\"og:image:width\" content=\"561\" \/>\n\t<meta property=\"og:image:height\" content=\"356\" \/>\n\t<meta property=\"og:image:type\" content=\"image\/jpeg\" \/>\n<meta name=\"twitter:card\" content=\"summary_large_image\" \/>\n<meta name=\"twitter:label1\" content=\"Est. reading time\" \/>\n\t<meta name=\"twitter:data1\" content=\"1 minute\" \/>\n<script type=\"application\/ld+json\" class=\"yoast-schema-graph\">{\"@context\":\"https:\/\/schema.org\",\"@graph\":[{\"@type\":\"WebPage\",\"@id\":\"https:\/\/mrfonden.se\/vart-arbete\/ekonomiska-sociala-och-kulturella-rattigheter\/ostra-europa\/\",\"url\":\"https:\/\/mrfonden.se\/vart-arbete\/ekonomiska-sociala-och-kulturella-rattigheter\/ostra-europa\/\",\"name\":\"\u00d6stra Europa - Fonden f\u00f6r m\u00e4nskliga r\u00e4ttigheter (MR-Fonden)\",\"isPartOf\":{\"@id\":\"https:\/\/mrfonden.se\/#website\"},\"primaryImageOfPage\":{\"@id\":\"https:\/\/mrfonden.se\/vart-arbete\/ekonomiska-sociala-och-kulturella-rattigheter\/ostra-europa\/#primaryimage\"},\"image\":{\"@id\":\"https:\/\/mrfonden.se\/vart-arbete\/ekonomiska-sociala-och-kulturella-rattigheter\/ostra-europa\/#primaryimage\"},\"thumbnailUrl\":\"https:\/\/mrfonden.se\/wp-content\/uploads\/2026\/03\/bild-3.jpg\",\"datePublished\":\"2026-03-30T11:29:24+00:00\",\"breadcrumb\":{\"@id\":\"https:\/\/mrfonden.se\/vart-arbete\/ekonomiska-sociala-och-kulturella-rattigheter\/ostra-europa\/#breadcrumb\"},\"inLanguage\":\"en-US\",\"potentialAction\":[{\"@type\":\"ReadAction\",\"target\":[\"https:\/\/mrfonden.se\/vart-arbete\/ekonomiska-sociala-och-kulturella-rattigheter\/ostra-europa\/\"]}]},{\"@type\":\"ImageObject\",\"inLanguage\":\"en-US\",\"@id\":\"https:\/\/mrfonden.se\/vart-arbete\/ekonomiska-sociala-och-kulturella-rattigheter\/ostra-europa\/#primaryimage\",\"url\":\"https:\/\/mrfonden.se\/wp-content\/uploads\/2026\/03\/bild-3.jpg\",\"contentUrl\":\"https:\/\/mrfonden.se\/wp-content\/uploads\/2026\/03\/bild-3.jpg\",\"width\":561,\"height\":356},{\"@type\":\"BreadcrumbList\",\"@id\":\"https:\/\/mrfonden.se\/vart-arbete\/ekonomiska-sociala-och-kulturella-rattigheter\/ostra-europa\/#breadcrumb\",\"itemListElement\":[{\"@type\":\"ListItem\",\"position\":1,\"name\":\"Hem\",\"item\":\"https:\/\/mrfonden.se\/\"},{\"@type\":\"ListItem\",\"position\":2,\"name\":\"V\u00e5rt arbete\",\"item\":\"https:\/\/mrfonden.se\/vart-arbete\/\"},{\"@type\":\"ListItem\",\"position\":3,\"name\":\"Ekonomiska, sociala och kulturella r\u00e4ttigheter\",\"item\":\"https:\/\/mrfonden.se\/vart-arbete\/ekonomiska-sociala-och-kulturella-rattigheter\/\"},{\"@type\":\"ListItem\",\"position\":4,\"name\":\"\u00d6stra Europa\"}]},{\"@type\":\"WebSite\",\"@id\":\"https:\/\/mrfonden.se\/#website\",\"url\":\"https:\/\/mrfonden.se\/\",\"name\":\"Fonden f\u00f6r m\u00e4nskliga r\u00e4ttigheter (MR-Fonden)\",\"description\":\"\",\"potentialAction\":[{\"@type\":\"SearchAction\",\"target\":{\"@type\":\"EntryPoint\",\"urlTemplate\":\"https:\/\/mrfonden.se\/?s={search_term_string}\"},\"query-input\":{\"@type\":\"PropertyValueSpecification\",\"valueRequired\":true,\"valueName\":\"search_term_string\"}}],\"inLanguage\":\"en-US\"}]}<\/script>","yoast_head_json":{"title":"\u00d6stra Europa - Fonden f\u00f6r m\u00e4nskliga r\u00e4ttigheter (MR-Fonden)","robots":{"index":"index","follow":"follow","max-snippet":"max-snippet:-1","max-image-preview":"max-image-preview:large","max-video-preview":"max-video-preview:-1"},"canonical":"https:\/\/mrfonden.se\/en\/vart-arbete\/ekonomiska-sociala-och-kulturella-rattigheter\/ostra-europa\/","og_locale":"en_US","og_type":"article","og_title":"\u00d6stra Europa - Fonden f\u00f6r m\u00e4nskliga r\u00e4ttigheter (MR-Fonden)","og_description":"Voices from Ukraine: Empowering and Capacitating Local Media Documentary Storytelling MR-Fonden har \u00e4ven ett p\u00e5g\u00e5ende projekt under 2025-2026 &hellip;","og_url":"https:\/\/mrfonden.se\/en\/vart-arbete\/ekonomiska-sociala-och-kulturella-rattigheter\/ostra-europa\/","og_site_name":"Fonden f\u00f6r m\u00e4nskliga r\u00e4ttigheter (MR-Fonden)","og_image":[{"width":561,"height":356,"url":"http:\/\/mrfonden.se\/wp-content\/uploads\/2026\/03\/bild-3.jpg","type":"image\/jpeg"}],"twitter_card":"summary_large_image","twitter_misc":{"Est. reading time":"1 minute"},"schema":{"@context":"https:\/\/schema.org","@graph":[{"@type":"WebPage","@id":"https:\/\/mrfonden.se\/vart-arbete\/ekonomiska-sociala-och-kulturella-rattigheter\/ostra-europa\/","url":"https:\/\/mrfonden.se\/vart-arbete\/ekonomiska-sociala-och-kulturella-rattigheter\/ostra-europa\/","name":"\u00d6stra Europa - Fonden f\u00f6r m\u00e4nskliga r\u00e4ttigheter (MR-Fonden)","isPartOf":{"@id":"https:\/\/mrfonden.se\/#website"},"primaryImageOfPage":{"@id":"https:\/\/mrfonden.se\/vart-arbete\/ekonomiska-sociala-och-kulturella-rattigheter\/ostra-europa\/#primaryimage"},"image":{"@id":"https:\/\/mrfonden.se\/vart-arbete\/ekonomiska-sociala-och-kulturella-rattigheter\/ostra-europa\/#primaryimage"},"thumbnailUrl":"https:\/\/mrfonden.se\/wp-content\/uploads\/2026\/03\/bild-3.jpg","datePublished":"2026-03-30T11:29:24+00:00","breadcrumb":{"@id":"https:\/\/mrfonden.se\/vart-arbete\/ekonomiska-sociala-och-kulturella-rattigheter\/ostra-europa\/#breadcrumb"},"inLanguage":"en-US","potentialAction":[{"@type":"ReadAction","target":["https:\/\/mrfonden.se\/vart-arbete\/ekonomiska-sociala-och-kulturella-rattigheter\/ostra-europa\/"]}]},{"@type":"ImageObject","inLanguage":"en-US","@id":"https:\/\/mrfonden.se\/vart-arbete\/ekonomiska-sociala-och-kulturella-rattigheter\/ostra-europa\/#primaryimage","url":"https:\/\/mrfonden.se\/wp-content\/uploads\/2026\/03\/bild-3.jpg","contentUrl":"https:\/\/mrfonden.se\/wp-content\/uploads\/2026\/03\/bild-3.jpg","width":561,"height":356},{"@type":"BreadcrumbList","@id":"https:\/\/mrfonden.se\/vart-arbete\/ekonomiska-sociala-och-kulturella-rattigheter\/ostra-europa\/#breadcrumb","itemListElement":[{"@type":"ListItem","position":1,"name":"Hem","item":"https:\/\/mrfonden.se\/"},{"@type":"ListItem","position":2,"name":"V\u00e5rt arbete","item":"https:\/\/mrfonden.se\/vart-arbete\/"},{"@type":"ListItem","position":3,"name":"Ekonomiska, sociala och kulturella r\u00e4ttigheter","item":"https:\/\/mrfonden.se\/vart-arbete\/ekonomiska-sociala-och-kulturella-rattigheter\/"},{"@type":"ListItem","position":4,"name":"\u00d6stra Europa"}]},{"@type":"WebSite","@id":"https:\/\/mrfonden.se\/#website","url":"https:\/\/mrfonden.se\/","name":"Fonden f\u00f6r m\u00e4nskliga r\u00e4ttigheter (MR-Fonden)","description":"","potentialAction":[{"@type":"SearchAction","target":{"@type":"EntryPoint","urlTemplate":"https:\/\/mrfonden.se\/?s={search_term_string}"},"query-input":{"@type":"PropertyValueSpecification","valueRequired":true,"valueName":"search_term_string"}}],"inLanguage":"en-US"}]}},"_links":{"self":[{"href":"https:\/\/mrfonden.se\/en\/wp-json\/wp\/v2\/pages\/3214","targetHints":{"allow":["GET"]}}],"collection":[{"href":"https:\/\/mrfonden.se\/en\/wp-json\/wp\/v2\/pages"}],"about":[{"href":"https:\/\/mrfonden.se\/en\/wp-json\/wp\/v2\/types\/page"}],"author":[{"embeddable":true,"href":"https:\/\/mrfonden.se\/en\/wp-json\/wp\/v2\/users\/4"}],"replies":[{"embeddable":true,"href":"https:\/\/mrfonden.se\/en\/wp-json\/wp\/v2\/comments?post=3214"}],"version-history":[{"count":3,"href":"https:\/\/mrfonden.se\/en\/wp-json\/wp\/v2\/pages\/3214\/revisions"}],"predecessor-version":[{"id":3219,"href":"https:\/\/mrfonden.se\/en\/wp-json\/wp\/v2\/pages\/3214\/revisions\/3219"}],"up":[{"embeddable":true,"href":"https:\/\/mrfonden.se\/en\/wp-json\/wp\/v2\/pages\/14"}],"wp:featuredmedia":[{"embeddable":true,"href":"https:\/\/mrfonden.se\/en\/wp-json\/wp\/v2\/media\/3215"}],"wp:attachment":[{"href":"https:\/\/mrfonden.se\/en\/wp-json\/wp\/v2\/media?parent=3214"}],"curies":[{"name":"wp","href":"https:\/\/api.w.org\/{rel}","templated":true}]}}