{"id":319,"date":"2019-12-03T13:13:57","date_gmt":"2019-12-03T12:13:57","guid":{"rendered":"http:\/\/mrfonden.se\/?page_id=319"},"modified":"2024-01-15T11:47:13","modified_gmt":"2024-01-15T10:47:13","slug":"regionala-manniskorattssystem","status":"publish","type":"page","link":"https:\/\/mrfonden.se\/en\/vart-arbete\/regionala-manniskorattssystem\/","title":{"rendered":"Regional HR-mechanisms"},"content":{"rendered":"<p class=\"p1\"><span class=\"s1\">The United Nations Charter provides scope for the development of regional human rights systems, which over time have emerged as regional complements to the global UN system. They are referred to as \u201csystems\u201d because they consist of a range of mechanisms and instruments, such as courts, commissions, special rapporteurs and legal instruments. Together, these form a system for the protection of human rights.<\/span><\/p>\n<p class=\"p1\"><span class=\"s1\">The regional human rights systems were designed to bring rights and accountability closer to the countries where they are most relevant and to contribute to peace and security. They offer many advantages \u2013 for example, it may be easier for countries with similar political and cultural developments to agree on common standards. It is also often easier and more relevant to monitor, review and implement necessary changes in the field of rights among geographically closer countries than within the sometimes more abstract UN system. Globally, the importance of joint solutions to cross-border challenges such as environmental harm, trafficking and drugs is increasing. Regional human rights systems are key actors in protecting, promoting and developing human rights close to where violations occur.<\/span><\/p>\n<div id=\"attachment_407\" style=\"width: 770px\" class=\"wp-caption alignnone\"><img loading=\"lazy\" decoding=\"async\" aria-describedby=\"caption-attachment-407\" class=\"wp-image-407 size-medium\" src=\"http:\/\/mrfonden.se\/wp-content\/uploads\/2019\/12\/iphone-foto-ban-760x570.jpg\" alt=\"Bild fr\u00e5n det 65:e NGO-forumet f\u00f6r den afrikanska m\u00e4nniskor\u00e4ttskommissionens h\u00f6stsession 2019.\" width=\"760\" height=\"570\" srcset=\"https:\/\/mrfonden.se\/wp-content\/uploads\/2019\/12\/iphone-foto-ban-760x570.jpg 760w, https:\/\/mrfonden.se\/wp-content\/uploads\/2019\/12\/iphone-foto-ban-1520x1140.jpg 1520w, https:\/\/mrfonden.se\/wp-content\/uploads\/2019\/12\/iphone-foto-ban-768x576.jpg 768w, https:\/\/mrfonden.se\/wp-content\/uploads\/2019\/12\/iphone-foto-ban-1536x1152.jpg 1536w, https:\/\/mrfonden.se\/wp-content\/uploads\/2019\/12\/iphone-foto-ban.jpg 2016w\" sizes=\"auto, (max-width: 760px) 100vw, 760px\" \/><p id=\"caption-attachment-407\" class=\"wp-caption-text\">Picture from the 65th NGO Forum of the African Commission on Human and Peoples\u2019 Rights, autumn session 2019.<\/p><\/div>\n<h3 style=\"text-align: left;\"><\/h3>\n<h4>Why does The Swedish Foundation for Human Rights  work with regional human rights systems?<\/h4>\n<p>For many years, The Swedish Foundation for Human Rights has supported partner organisations within three regional human rights systems \u2013 in Europe, the Americas and Africa. The work has particularly focused on the latter two systems. One reason for this is that human rights organisations<span class=\"s1\">\u00a0in these regions have often chosen the regional systems as arenas for seeking redress when national authorities have failed. In countries where the rule of law is weak and human rights violations are ignored, thousands of individuals have obtained redress through these human rights commissions and courts. Many, both within and outside the systems, testify to their significant impact.<\/span><\/p>\n<p>In spring 2020, The Swedish Foundation for Human Rights initiated a project focusing on the MENA region and the Arab human rights system. The purpose of the project is to provide MR-Fonden with an overview of human rights structures and systems in Arab countries in order to gain a deeper understanding of how human rights are interpreted in the Arab context. Please see the separate section for more information.<\/p>\n<p class=\"p1\"><span class=\"s1\">Human rights systems depend on civil society organisations that make use of them and drive their development forward. Many actors in Sweden work to raise awareness of the importance of the UN system as a guarantor of human rights, but few systematically highlight the regional human rights systems. The ability of local human rights organisations to use these systems is hindered if their partners do not understand or wish to support this work. Similarly, organisations\u2019 efforts \u2013 and thus individuals\u2019 opportunities to obtain redress \u2013 are undermined if decision-makers responsible for policy and funding within development cooperation lack knowledge of the importance of these systems. The Foundation therefore seeks to contribute to increased awareness and knowledge in Sweden about the importance of regional human rights systems. <\/span><span class=\"s1\">The aim is to strengthen understanding of the role of development cooperation in global development through these regional systems.<\/span><\/p>\n<h4 class=\"p1\"><span class=\"s1\">What does the Swedish Foundation for Human Rights do in the field of regional human rights systems?<\/span><\/h4>\n<ul class=\"ul1\">\n<li class=\"li1\"><span class=\"s1\">We support partner organisations that use regional human rights systems to ensure that those subjected to human rights violations obtain redress \u2013 for example, through our cooperation with CAJAR in Colombia.<\/span><\/li>\n<li class=\"li1\"><span class=\"s1\">We provide education in Sweden on regional human rights systems, for example at Stockholm University and on assignment for civil society organisations.<\/span><\/li>\n<li class=\"li1\"><span class=\"s1\">We highlight the importance of regional human rights systems in our advocacy and information efforts, seeking to ensure that Swedish development cooperation strategies take them into account and support them. For example, Sweden\u2019s Ambassador for Human Rights, Democracy and the Rule of Law, Annika Ben David, wrote the introduction to our 2018 publication on the regional human rights systems in Africa and the Americas.<\/span><\/li>\n<\/ul>\n<p>Read our publications and policy briefs on regional human rights systems <a href=\"https:\/\/mrfonden.se\/en\/publikation-kategori\/regional-human-rights-systems\/\">here<\/a>.<\/p>","protected":false},"excerpt":{"rendered":"<p>FN-stadgan ger utrymme f\u00f6r utvecklingen av regionala m\u00e4nniskor\u00e4ttssystem (MR-system) och de har med \u00e5ren vuxit fram som regionala &hellip;<\/p>","protected":false},"author":1,"featured_media":0,"parent":2079,"menu_order":30,"comment_status":"closed","ping_status":"closed","template":"","meta":{"_acf_changed":false,"footnotes":""},"class_list":["post-319","page","type-page","status-publish","hentry"],"acf":[],"yoast_head":"<title>Regionala m\u00e4nniskor\u00e4ttssystem - Fonden f\u00f6r m\u00e4nskliga r\u00e4ttigheter (MR-Fonden)<\/title>\n<meta name=\"robots\" content=\"index, follow, max-snippet:-1, max-image-preview:large, max-video-preview:-1\" \/>\n<link rel=\"canonical\" href=\"https:\/\/mrfonden.se\/en\/vart-arbete\/regionala-manniskorattssystem\/\" \/>\n<meta property=\"og:locale\" content=\"en_US\" \/>\n<meta property=\"og:type\" content=\"article\" \/>\n<meta property=\"og:title\" content=\"Regionala m\u00e4nniskor\u00e4ttssystem - Fonden f\u00f6r m\u00e4nskliga r\u00e4ttigheter (MR-Fonden)\" \/>\n<meta property=\"og:description\" content=\"FN-stadgan ger utrymme f\u00f6r utvecklingen av regionala m\u00e4nniskor\u00e4ttssystem (MR-system) och de har med \u00e5ren vuxit fram som regionala &hellip;\" \/>\n<meta property=\"og:url\" content=\"https:\/\/mrfonden.se\/en\/vart-arbete\/regionala-manniskorattssystem\/\" \/>\n<meta property=\"og:site_name\" content=\"Fonden f\u00f6r m\u00e4nskliga r\u00e4ttigheter (MR-Fonden)\" \/>\n<meta property=\"article:modified_time\" content=\"2024-01-15T10:47:13+00:00\" \/>\n<meta property=\"og:image\" content=\"http:\/\/mrfonden.se\/wp-content\/uploads\/2019\/12\/iphone-foto-ban-760x570.jpg\" \/>\n<meta name=\"twitter:card\" content=\"summary_large_image\" \/>\n<meta name=\"twitter:label1\" content=\"Est. reading time\" \/>\n\t<meta name=\"twitter:data1\" content=\"4 minutes\" \/>\n<script type=\"application\/ld+json\" class=\"yoast-schema-graph\">{\"@context\":\"https:\/\/schema.org\",\"@graph\":[{\"@type\":\"WebPage\",\"@id\":\"https:\/\/mrfonden.se\/vart-arbete\/regionala-manniskorattssystem\/\",\"url\":\"https:\/\/mrfonden.se\/vart-arbete\/regionala-manniskorattssystem\/\",\"name\":\"Regionala m\u00e4nniskor\u00e4ttssystem - Fonden f\u00f6r m\u00e4nskliga r\u00e4ttigheter (MR-Fonden)\",\"isPartOf\":{\"@id\":\"https:\/\/mrfonden.se\/#website\"},\"primaryImageOfPage\":{\"@id\":\"https:\/\/mrfonden.se\/vart-arbete\/regionala-manniskorattssystem\/#primaryimage\"},\"image\":{\"@id\":\"https:\/\/mrfonden.se\/vart-arbete\/regionala-manniskorattssystem\/#primaryimage\"},\"thumbnailUrl\":\"http:\/\/mrfonden.se\/wp-content\/uploads\/2019\/12\/iphone-foto-ban-760x570.jpg\",\"datePublished\":\"2019-12-03T12:13:57+00:00\",\"dateModified\":\"2024-01-15T10:47:13+00:00\",\"breadcrumb\":{\"@id\":\"https:\/\/mrfonden.se\/vart-arbete\/regionala-manniskorattssystem\/#breadcrumb\"},\"inLanguage\":\"en-US\",\"potentialAction\":[{\"@type\":\"ReadAction\",\"target\":[\"https:\/\/mrfonden.se\/vart-arbete\/regionala-manniskorattssystem\/\"]}]},{\"@type\":\"ImageObject\",\"inLanguage\":\"en-US\",\"@id\":\"https:\/\/mrfonden.se\/vart-arbete\/regionala-manniskorattssystem\/#primaryimage\",\"url\":\"http:\/\/mrfonden.se\/wp-content\/uploads\/2019\/12\/iphone-foto-ban-760x570.jpg\",\"contentUrl\":\"http:\/\/mrfonden.se\/wp-content\/uploads\/2019\/12\/iphone-foto-ban-760x570.jpg\"},{\"@type\":\"BreadcrumbList\",\"@id\":\"https:\/\/mrfonden.se\/vart-arbete\/regionala-manniskorattssystem\/#breadcrumb\",\"itemListElement\":[{\"@type\":\"ListItem\",\"position\":1,\"name\":\"Hem\",\"item\":\"https:\/\/mrfonden.se\/\"},{\"@type\":\"ListItem\",\"position\":2,\"name\":\"V\u00e5rt arbete\",\"item\":\"https:\/\/mrfonden.se\/vart-arbete\/\"},{\"@type\":\"ListItem\",\"position\":3,\"name\":\"Regionala m\u00e4nniskor\u00e4ttssystem\"}]},{\"@type\":\"WebSite\",\"@id\":\"https:\/\/mrfonden.se\/#website\",\"url\":\"https:\/\/mrfonden.se\/\",\"name\":\"Fonden f\u00f6r m\u00e4nskliga r\u00e4ttigheter (MR-Fonden)\",\"description\":\"\",\"potentialAction\":[{\"@type\":\"SearchAction\",\"target\":{\"@type\":\"EntryPoint\",\"urlTemplate\":\"https:\/\/mrfonden.se\/?s={search_term_string}\"},\"query-input\":{\"@type\":\"PropertyValueSpecification\",\"valueRequired\":true,\"valueName\":\"search_term_string\"}}],\"inLanguage\":\"en-US\"}]}<\/script>","yoast_head_json":{"title":"Regionala m\u00e4nniskor\u00e4ttssystem - Fonden f\u00f6r m\u00e4nskliga r\u00e4ttigheter (MR-Fonden)","robots":{"index":"index","follow":"follow","max-snippet":"max-snippet:-1","max-image-preview":"max-image-preview:large","max-video-preview":"max-video-preview:-1"},"canonical":"https:\/\/mrfonden.se\/en\/vart-arbete\/regionala-manniskorattssystem\/","og_locale":"en_US","og_type":"article","og_title":"Regionala m\u00e4nniskor\u00e4ttssystem - Fonden f\u00f6r m\u00e4nskliga r\u00e4ttigheter (MR-Fonden)","og_description":"FN-stadgan ger utrymme f\u00f6r utvecklingen av regionala m\u00e4nniskor\u00e4ttssystem (MR-system) och de har med \u00e5ren vuxit fram som regionala &hellip;","og_url":"https:\/\/mrfonden.se\/en\/vart-arbete\/regionala-manniskorattssystem\/","og_site_name":"Fonden f\u00f6r m\u00e4nskliga r\u00e4ttigheter (MR-Fonden)","article_modified_time":"2024-01-15T10:47:13+00:00","og_image":[{"url":"http:\/\/mrfonden.se\/wp-content\/uploads\/2019\/12\/iphone-foto-ban-760x570.jpg","type":"","width":"","height":""}],"twitter_card":"summary_large_image","twitter_misc":{"Est. reading time":"4 minutes"},"schema":{"@context":"https:\/\/schema.org","@graph":[{"@type":"WebPage","@id":"https:\/\/mrfonden.se\/vart-arbete\/regionala-manniskorattssystem\/","url":"https:\/\/mrfonden.se\/vart-arbete\/regionala-manniskorattssystem\/","name":"Regionala m\u00e4nniskor\u00e4ttssystem - Fonden f\u00f6r m\u00e4nskliga r\u00e4ttigheter (MR-Fonden)","isPartOf":{"@id":"https:\/\/mrfonden.se\/#website"},"primaryImageOfPage":{"@id":"https:\/\/mrfonden.se\/vart-arbete\/regionala-manniskorattssystem\/#primaryimage"},"image":{"@id":"https:\/\/mrfonden.se\/vart-arbete\/regionala-manniskorattssystem\/#primaryimage"},"thumbnailUrl":"http:\/\/mrfonden.se\/wp-content\/uploads\/2019\/12\/iphone-foto-ban-760x570.jpg","datePublished":"2019-12-03T12:13:57+00:00","dateModified":"2024-01-15T10:47:13+00:00","breadcrumb":{"@id":"https:\/\/mrfonden.se\/vart-arbete\/regionala-manniskorattssystem\/#breadcrumb"},"inLanguage":"en-US","potentialAction":[{"@type":"ReadAction","target":["https:\/\/mrfonden.se\/vart-arbete\/regionala-manniskorattssystem\/"]}]},{"@type":"ImageObject","inLanguage":"en-US","@id":"https:\/\/mrfonden.se\/vart-arbete\/regionala-manniskorattssystem\/#primaryimage","url":"http:\/\/mrfonden.se\/wp-content\/uploads\/2019\/12\/iphone-foto-ban-760x570.jpg","contentUrl":"http:\/\/mrfonden.se\/wp-content\/uploads\/2019\/12\/iphone-foto-ban-760x570.jpg"},{"@type":"BreadcrumbList","@id":"https:\/\/mrfonden.se\/vart-arbete\/regionala-manniskorattssystem\/#breadcrumb","itemListElement":[{"@type":"ListItem","position":1,"name":"Hem","item":"https:\/\/mrfonden.se\/"},{"@type":"ListItem","position":2,"name":"V\u00e5rt arbete","item":"https:\/\/mrfonden.se\/vart-arbete\/"},{"@type":"ListItem","position":3,"name":"Regionala m\u00e4nniskor\u00e4ttssystem"}]},{"@type":"WebSite","@id":"https:\/\/mrfonden.se\/#website","url":"https:\/\/mrfonden.se\/","name":"Fonden f\u00f6r m\u00e4nskliga r\u00e4ttigheter (MR-Fonden)","description":"","potentialAction":[{"@type":"SearchAction","target":{"@type":"EntryPoint","urlTemplate":"https:\/\/mrfonden.se\/?s={search_term_string}"},"query-input":{"@type":"PropertyValueSpecification","valueRequired":true,"valueName":"search_term_string"}}],"inLanguage":"en-US"}]}},"_links":{"self":[{"href":"https:\/\/mrfonden.se\/en\/wp-json\/wp\/v2\/pages\/319","targetHints":{"allow":["GET"]}}],"collection":[{"href":"https:\/\/mrfonden.se\/en\/wp-json\/wp\/v2\/pages"}],"about":[{"href":"https:\/\/mrfonden.se\/en\/wp-json\/wp\/v2\/types\/page"}],"author":[{"embeddable":true,"href":"https:\/\/mrfonden.se\/en\/wp-json\/wp\/v2\/users\/1"}],"replies":[{"embeddable":true,"href":"https:\/\/mrfonden.se\/en\/wp-json\/wp\/v2\/comments?post=319"}],"version-history":[{"count":20,"href":"https:\/\/mrfonden.se\/en\/wp-json\/wp\/v2\/pages\/319\/revisions"}],"predecessor-version":[{"id":2406,"href":"https:\/\/mrfonden.se\/en\/wp-json\/wp\/v2\/pages\/319\/revisions\/2406"}],"up":[{"embeddable":true,"href":"https:\/\/mrfonden.se\/en\/wp-json\/wp\/v2\/pages\/2079"}],"wp:attachment":[{"href":"https:\/\/mrfonden.se\/en\/wp-json\/wp\/v2\/media?parent=319"}],"curies":[{"name":"wp","href":"https:\/\/api.w.org\/{rel}","templated":true}]}}