{"id":3005,"date":"2025-04-09T10:04:35","date_gmt":"2025-04-09T08:04:35","guid":{"rendered":"https:\/\/mrfonden.se\/?page_id=3005"},"modified":"2025-04-29T15:45:36","modified_gmt":"2025-04-29T13:45:36","slug":"mr-dagarna","status":"publish","type":"page","link":"https:\/\/mrfonden.se\/en\/vart-arbete\/mr-dagarna\/","title":{"rendered":"The Swedish Human Rights Forum"},"content":{"rendered":"<p><span data-contrast=\"auto\">Since 2000, the Swedish Foundation for Human Rights has been one of the main organisers of the annual\u00a0<a href=\"https:\/\/www.mrdagarna.se\/\">Swedish Human Rights Forum.<\/a> The Swedish Human Rights Forum is a collaborative initiative involving six different civil society organisations and two academic institutions. <a href=\"https:\/\/www.ordfront.se\/\">F\u00f6reningen Ordfront<\/a> is the Forum's principal. The organising group also includes <a href=\"https:\/\/www.sensus.se\/\">Sensus Studief\u00f6rbund<\/a>,<a href=\"https:\/\/www.amnesty.se\/\"> Amnesty<\/a>, <a href=\"https:\/\/www.demokratiakademin.se\/\">DemokratiAkademin<\/a>,<a href=\"https:\/\/ehs.se\/\"> Enskilda H\u00f6gskolan Stockholm<\/a>, <a href=\"https:\/\/www.gu.se\/samhallsvetenskap\">Samh\u00e4llsvetenskapliga fakulteten vid G\u00f6teborgs Universitet<\/a> and <a href=\"https:\/\/www.svenskakyrkan.se\/?gad_source=1&amp;gclid=EAIaIQobChMIvdHzqLTKjAMVukKRBR3s0QC6EAAYASAAEgI39fD_BwE\">Svenska Kyrkan<\/a>. <\/span><span data-ccp-props=\"{}\">\u00a0<\/span><\/p>\n<p><span data-contrast=\"auto\">The Human Rights Forum (MR-Dagarna) is a non-profit initiative, and the main organisers are responsible for the content and the various strategic issues from year to year. At the Forum, civil society organisations, researchers, volunteers, politicians and public authorities, among others, come together. The Forum therefore serves as an important meeting place, aiming to be a platform for inspiration, debate, capacity-building and networking on human rights. This is unique, as there is no equivalent forum of its kind in the Nordic countries. <\/span><span data-ccp-props=\"{}\">\u00a0<\/span><\/p>\n<p><img loading=\"lazy\" decoding=\"async\" class=\"wp-image-3006 alignnone\" src=\"http:\/\/mrfonden.se\/wp-content\/uploads\/2025\/04\/image-760x756.jpg\" alt=\"\" width=\"250\" height=\"249\" srcset=\"https:\/\/mrfonden.se\/wp-content\/uploads\/2025\/04\/image-760x756.jpg 760w, https:\/\/mrfonden.se\/wp-content\/uploads\/2025\/04\/image-768x764.jpg 768w, https:\/\/mrfonden.se\/wp-content\/uploads\/2025\/04\/image-58x58.jpg 58w, https:\/\/mrfonden.se\/wp-content\/uploads\/2025\/04\/image.jpg 800w\" sizes=\"auto, (max-width: 250px) 100vw, 250px\" \/><\/p>\n<p><em>The theme for 2025 was \u201cThe Defining Issues for Everyone\u2019s Human Rights.\u201d<\/em><\/p>","protected":false},"excerpt":{"rendered":"<p>Sedan 2000 har Fonden f\u00f6r m\u00e4nskliga r\u00e4ttigheter st\u00e5tt som en huvudarrang\u00f6rerna till dem \u00e5rliga\u00a0M\u00e4nskliga R\u00e4ttighetsdagarna (MR-Dagarna). MR-Dagarna \u00e4r &hellip;<\/p>","protected":false},"author":29,"featured_media":3006,"parent":2079,"menu_order":50,"comment_status":"closed","ping_status":"closed","template":"","meta":{"_acf_changed":false,"footnotes":""},"class_list":["post-3005","page","type-page","status-publish","has-post-thumbnail","hentry"],"acf":[],"yoast_head":"<title>MR-Dagarna - Fonden f\u00f6r m\u00e4nskliga r\u00e4ttigheter (MR-Fonden)<\/title>\n<meta name=\"robots\" content=\"index, follow, max-snippet:-1, max-image-preview:large, max-video-preview:-1\" \/>\n<link rel=\"canonical\" href=\"https:\/\/mrfonden.se\/en\/vart-arbete\/mr-dagarna\/\" \/>\n<meta property=\"og:locale\" content=\"en_US\" \/>\n<meta property=\"og:type\" content=\"article\" \/>\n<meta property=\"og:title\" content=\"MR-Dagarna - Fonden f\u00f6r m\u00e4nskliga r\u00e4ttigheter (MR-Fonden)\" \/>\n<meta property=\"og:description\" content=\"Sedan 2000 har Fonden f\u00f6r m\u00e4nskliga r\u00e4ttigheter st\u00e5tt som en huvudarrang\u00f6rerna till dem \u00e5rliga\u00a0M\u00e4nskliga R\u00e4ttighetsdagarna (MR-Dagarna). MR-Dagarna \u00e4r &hellip;\" \/>\n<meta property=\"og:url\" content=\"https:\/\/mrfonden.se\/en\/vart-arbete\/mr-dagarna\/\" \/>\n<meta property=\"og:site_name\" content=\"Fonden f\u00f6r m\u00e4nskliga r\u00e4ttigheter (MR-Fonden)\" \/>\n<meta property=\"article:modified_time\" content=\"2025-04-29T13:45:36+00:00\" \/>\n<meta property=\"og:image\" content=\"http:\/\/mrfonden.se\/wp-content\/uploads\/2025\/04\/image.jpg\" \/>\n\t<meta property=\"og:image:width\" content=\"800\" \/>\n\t<meta property=\"og:image:height\" content=\"796\" \/>\n\t<meta property=\"og:image:type\" content=\"image\/jpeg\" \/>\n<meta name=\"twitter:card\" content=\"summary_large_image\" \/>\n<meta name=\"twitter:label1\" content=\"Est. reading time\" \/>\n\t<meta name=\"twitter:data1\" content=\"2 minutes\" \/>\n<script type=\"application\/ld+json\" class=\"yoast-schema-graph\">{\"@context\":\"https:\/\/schema.org\",\"@graph\":[{\"@type\":\"WebPage\",\"@id\":\"https:\/\/mrfonden.se\/vart-arbete\/mr-dagarna\/\",\"url\":\"https:\/\/mrfonden.se\/vart-arbete\/mr-dagarna\/\",\"name\":\"MR-Dagarna - Fonden f\u00f6r m\u00e4nskliga r\u00e4ttigheter (MR-Fonden)\",\"isPartOf\":{\"@id\":\"https:\/\/mrfonden.se\/#website\"},\"primaryImageOfPage\":{\"@id\":\"https:\/\/mrfonden.se\/vart-arbete\/mr-dagarna\/#primaryimage\"},\"image\":{\"@id\":\"https:\/\/mrfonden.se\/vart-arbete\/mr-dagarna\/#primaryimage\"},\"thumbnailUrl\":\"https:\/\/mrfonden.se\/wp-content\/uploads\/2025\/04\/image.jpg\",\"datePublished\":\"2025-04-09T08:04:35+00:00\",\"dateModified\":\"2025-04-29T13:45:36+00:00\",\"breadcrumb\":{\"@id\":\"https:\/\/mrfonden.se\/vart-arbete\/mr-dagarna\/#breadcrumb\"},\"inLanguage\":\"en-US\",\"potentialAction\":[{\"@type\":\"ReadAction\",\"target\":[\"https:\/\/mrfonden.se\/vart-arbete\/mr-dagarna\/\"]}]},{\"@type\":\"ImageObject\",\"inLanguage\":\"en-US\",\"@id\":\"https:\/\/mrfonden.se\/vart-arbete\/mr-dagarna\/#primaryimage\",\"url\":\"https:\/\/mrfonden.se\/wp-content\/uploads\/2025\/04\/image.jpg\",\"contentUrl\":\"https:\/\/mrfonden.se\/wp-content\/uploads\/2025\/04\/image.jpg\",\"width\":800,\"height\":796},{\"@type\":\"BreadcrumbList\",\"@id\":\"https:\/\/mrfonden.se\/vart-arbete\/mr-dagarna\/#breadcrumb\",\"itemListElement\":[{\"@type\":\"ListItem\",\"position\":1,\"name\":\"Hem\",\"item\":\"https:\/\/mrfonden.se\/\"},{\"@type\":\"ListItem\",\"position\":2,\"name\":\"V\u00e5rt arbete\",\"item\":\"https:\/\/mrfonden.se\/vart-arbete\/\"},{\"@type\":\"ListItem\",\"position\":3,\"name\":\"MR-Dagarna\"}]},{\"@type\":\"WebSite\",\"@id\":\"https:\/\/mrfonden.se\/#website\",\"url\":\"https:\/\/mrfonden.se\/\",\"name\":\"Fonden f\u00f6r m\u00e4nskliga r\u00e4ttigheter (MR-Fonden)\",\"description\":\"\",\"potentialAction\":[{\"@type\":\"SearchAction\",\"target\":{\"@type\":\"EntryPoint\",\"urlTemplate\":\"https:\/\/mrfonden.se\/?s={search_term_string}\"},\"query-input\":{\"@type\":\"PropertyValueSpecification\",\"valueRequired\":true,\"valueName\":\"search_term_string\"}}],\"inLanguage\":\"en-US\"}]}<\/script>","yoast_head_json":{"title":"MR-Dagarna - Fonden f\u00f6r m\u00e4nskliga r\u00e4ttigheter (MR-Fonden)","robots":{"index":"index","follow":"follow","max-snippet":"max-snippet:-1","max-image-preview":"max-image-preview:large","max-video-preview":"max-video-preview:-1"},"canonical":"https:\/\/mrfonden.se\/en\/vart-arbete\/mr-dagarna\/","og_locale":"en_US","og_type":"article","og_title":"MR-Dagarna - Fonden f\u00f6r m\u00e4nskliga r\u00e4ttigheter (MR-Fonden)","og_description":"Sedan 2000 har Fonden f\u00f6r m\u00e4nskliga r\u00e4ttigheter st\u00e5tt som en huvudarrang\u00f6rerna till dem \u00e5rliga\u00a0M\u00e4nskliga R\u00e4ttighetsdagarna (MR-Dagarna). MR-Dagarna \u00e4r &hellip;","og_url":"https:\/\/mrfonden.se\/en\/vart-arbete\/mr-dagarna\/","og_site_name":"Fonden f\u00f6r m\u00e4nskliga r\u00e4ttigheter (MR-Fonden)","article_modified_time":"2025-04-29T13:45:36+00:00","og_image":[{"width":800,"height":796,"url":"http:\/\/mrfonden.se\/wp-content\/uploads\/2025\/04\/image.jpg","type":"image\/jpeg"}],"twitter_card":"summary_large_image","twitter_misc":{"Est. reading time":"2 minutes"},"schema":{"@context":"https:\/\/schema.org","@graph":[{"@type":"WebPage","@id":"https:\/\/mrfonden.se\/vart-arbete\/mr-dagarna\/","url":"https:\/\/mrfonden.se\/vart-arbete\/mr-dagarna\/","name":"MR-Dagarna - Fonden f\u00f6r m\u00e4nskliga r\u00e4ttigheter (MR-Fonden)","isPartOf":{"@id":"https:\/\/mrfonden.se\/#website"},"primaryImageOfPage":{"@id":"https:\/\/mrfonden.se\/vart-arbete\/mr-dagarna\/#primaryimage"},"image":{"@id":"https:\/\/mrfonden.se\/vart-arbete\/mr-dagarna\/#primaryimage"},"thumbnailUrl":"https:\/\/mrfonden.se\/wp-content\/uploads\/2025\/04\/image.jpg","datePublished":"2025-04-09T08:04:35+00:00","dateModified":"2025-04-29T13:45:36+00:00","breadcrumb":{"@id":"https:\/\/mrfonden.se\/vart-arbete\/mr-dagarna\/#breadcrumb"},"inLanguage":"en-US","potentialAction":[{"@type":"ReadAction","target":["https:\/\/mrfonden.se\/vart-arbete\/mr-dagarna\/"]}]},{"@type":"ImageObject","inLanguage":"en-US","@id":"https:\/\/mrfonden.se\/vart-arbete\/mr-dagarna\/#primaryimage","url":"https:\/\/mrfonden.se\/wp-content\/uploads\/2025\/04\/image.jpg","contentUrl":"https:\/\/mrfonden.se\/wp-content\/uploads\/2025\/04\/image.jpg","width":800,"height":796},{"@type":"BreadcrumbList","@id":"https:\/\/mrfonden.se\/vart-arbete\/mr-dagarna\/#breadcrumb","itemListElement":[{"@type":"ListItem","position":1,"name":"Hem","item":"https:\/\/mrfonden.se\/"},{"@type":"ListItem","position":2,"name":"V\u00e5rt arbete","item":"https:\/\/mrfonden.se\/vart-arbete\/"},{"@type":"ListItem","position":3,"name":"MR-Dagarna"}]},{"@type":"WebSite","@id":"https:\/\/mrfonden.se\/#website","url":"https:\/\/mrfonden.se\/","name":"Fonden f\u00f6r m\u00e4nskliga r\u00e4ttigheter (MR-Fonden)","description":"","potentialAction":[{"@type":"SearchAction","target":{"@type":"EntryPoint","urlTemplate":"https:\/\/mrfonden.se\/?s={search_term_string}"},"query-input":{"@type":"PropertyValueSpecification","valueRequired":true,"valueName":"search_term_string"}}],"inLanguage":"en-US"}]}},"_links":{"self":[{"href":"https:\/\/mrfonden.se\/en\/wp-json\/wp\/v2\/pages\/3005","targetHints":{"allow":["GET"]}}],"collection":[{"href":"https:\/\/mrfonden.se\/en\/wp-json\/wp\/v2\/pages"}],"about":[{"href":"https:\/\/mrfonden.se\/en\/wp-json\/wp\/v2\/types\/page"}],"author":[{"embeddable":true,"href":"https:\/\/mrfonden.se\/en\/wp-json\/wp\/v2\/users\/29"}],"replies":[{"embeddable":true,"href":"https:\/\/mrfonden.se\/en\/wp-json\/wp\/v2\/comments?post=3005"}],"version-history":[{"count":7,"href":"https:\/\/mrfonden.se\/en\/wp-json\/wp\/v2\/pages\/3005\/revisions"}],"predecessor-version":[{"id":3026,"href":"https:\/\/mrfonden.se\/en\/wp-json\/wp\/v2\/pages\/3005\/revisions\/3026"}],"up":[{"embeddable":true,"href":"https:\/\/mrfonden.se\/en\/wp-json\/wp\/v2\/pages\/2079"}],"wp:featuredmedia":[{"embeddable":true,"href":"https:\/\/mrfonden.se\/en\/wp-json\/wp\/v2\/media\/3006"}],"wp:attachment":[{"href":"https:\/\/mrfonden.se\/en\/wp-json\/wp\/v2\/media?parent=3005"}],"curies":[{"name":"wp","href":"https:\/\/api.w.org\/{rel}","templated":true}]}}