{"id":30,"date":"2019-11-20T17:43:09","date_gmt":"2019-11-20T16:43:09","guid":{"rendered":"http:\/\/mrfonden.se\/?page_id=30"},"modified":"2024-01-15T11:56:12","modified_gmt":"2024-01-15T10:56:12","slug":"utbildning","status":"publish","type":"page","link":"https:\/\/mrfonden.se\/en\/om-mr-fonden\/utbildning\/","title":{"rendered":"Education and Training"},"content":{"rendered":"<h4 class=\"p1\"><strong><span class=\"s1\">P<\/span>artner with us<br \/>\n<\/strong><\/h4>\n<p class=\"p1\"><span class=\"s1\">T<\/span><span class=\"s1\">he Swedish Foundation for Human Rights offers tailored lectures, training programmes, courses and workshops in human rights. We specialise in economic, social and cultural rights, transitional justice, and regional human rights systems, but we can also support you across most human rights areas and in developing a rights-based approach. We also moderate conferences and panel discussions on human rights.<\/span><\/p>\n<p><img loading=\"lazy\" decoding=\"async\" class=\"alignnone size-medium wp-image-205\" src=\"http:\/\/mrfonden.se\/wp-content\/uploads\/2019\/11\/forslag-till-bild-pa-utbildningar-760x509.jpg\" alt=\"\" width=\"760\" height=\"509\" srcset=\"https:\/\/mrfonden.se\/wp-content\/uploads\/2019\/11\/forslag-till-bild-pa-utbildningar-760x509.jpg 760w, https:\/\/mrfonden.se\/wp-content\/uploads\/2019\/11\/forslag-till-bild-pa-utbildningar-1520x1018.jpg 1520w, https:\/\/mrfonden.se\/wp-content\/uploads\/2019\/11\/forslag-till-bild-pa-utbildningar-768x514.jpg 768w, https:\/\/mrfonden.se\/wp-content\/uploads\/2019\/11\/forslag-till-bild-pa-utbildningar-1536x1028.jpg 1536w, https:\/\/mrfonden.se\/wp-content\/uploads\/2019\/11\/forslag-till-bild-pa-utbildningar-2048x1371.jpg 2048w\" sizes=\"auto, (max-width: 760px) 100vw, 760px\" \/><\/p>\n<p class=\"p1\">We have an extensive network of experts across a wide range of human rights areas associated with us, enabling us to meet specific needs within the field.<\/p>\n<p class=\"p1\">Feel free to contact us for an initial discussion:<\/p>\n<p class=\"p1\"><a href=\"mailto:info@humanrights.se\">info@humanrights.se<\/a><br \/>\n<span class=\"s2\">08-406 16 22<br \/>\nor on social media.<\/span><\/p>","protected":false},"excerpt":{"rendered":"<p>Anlita oss MR-Fonden erbjuder skr\u00e4ddarsydda f\u00f6rel\u00e4sningar, utbildningar, kurser och workshops inom m\u00e4nskliga r\u00e4ttigheter. Vi \u00e4r specialister p\u00e5 ekonomiska, &hellip;<\/p>","protected":false},"author":1,"featured_media":0,"parent":12,"menu_order":40,"comment_status":"closed","ping_status":"closed","template":"","meta":{"_acf_changed":false,"footnotes":""},"class_list":["post-30","page","type-page","status-publish","hentry"],"acf":[],"yoast_head":"<title>Utbildning - Fonden f\u00f6r m\u00e4nskliga r\u00e4ttigheter (MR-Fonden)<\/title>\n<meta name=\"robots\" content=\"index, follow, max-snippet:-1, max-image-preview:large, max-video-preview:-1\" \/>\n<link rel=\"canonical\" href=\"https:\/\/mrfonden.se\/en\/om-mr-fonden\/utbildning\/\" \/>\n<meta property=\"og:locale\" content=\"en_US\" \/>\n<meta property=\"og:type\" content=\"article\" \/>\n<meta property=\"og:title\" content=\"Utbildning - Fonden f\u00f6r m\u00e4nskliga r\u00e4ttigheter (MR-Fonden)\" \/>\n<meta property=\"og:description\" content=\"Anlita oss MR-Fonden erbjuder skr\u00e4ddarsydda f\u00f6rel\u00e4sningar, utbildningar, kurser och workshops inom m\u00e4nskliga r\u00e4ttigheter. Vi \u00e4r specialister p\u00e5 ekonomiska, &hellip;\" \/>\n<meta property=\"og:url\" content=\"https:\/\/mrfonden.se\/en\/om-mr-fonden\/utbildning\/\" \/>\n<meta property=\"og:site_name\" content=\"Fonden f\u00f6r m\u00e4nskliga r\u00e4ttigheter (MR-Fonden)\" \/>\n<meta property=\"article:modified_time\" content=\"2024-01-15T10:56:12+00:00\" \/>\n<meta property=\"og:image\" content=\"http:\/\/mrfonden.se\/wp-content\/uploads\/2019\/11\/forslag-till-bild-pa-utbildningar-760x509.jpg\" \/>\n<meta name=\"twitter:card\" content=\"summary_large_image\" \/>\n<meta name=\"twitter:label1\" content=\"Est. reading time\" \/>\n\t<meta name=\"twitter:data1\" content=\"1 minute\" \/>\n<script type=\"application\/ld+json\" class=\"yoast-schema-graph\">{\"@context\":\"https:\/\/schema.org\",\"@graph\":[{\"@type\":\"WebPage\",\"@id\":\"https:\/\/mrfonden.se\/om-mr-fonden\/utbildning\/\",\"url\":\"https:\/\/mrfonden.se\/om-mr-fonden\/utbildning\/\",\"name\":\"Utbildning - Fonden f\u00f6r m\u00e4nskliga r\u00e4ttigheter (MR-Fonden)\",\"isPartOf\":{\"@id\":\"https:\/\/mrfonden.se\/#website\"},\"primaryImageOfPage\":{\"@id\":\"https:\/\/mrfonden.se\/om-mr-fonden\/utbildning\/#primaryimage\"},\"image\":{\"@id\":\"https:\/\/mrfonden.se\/om-mr-fonden\/utbildning\/#primaryimage\"},\"thumbnailUrl\":\"http:\/\/mrfonden.se\/wp-content\/uploads\/2019\/11\/forslag-till-bild-pa-utbildningar-760x509.jpg\",\"datePublished\":\"2019-11-20T16:43:09+00:00\",\"dateModified\":\"2024-01-15T10:56:12+00:00\",\"breadcrumb\":{\"@id\":\"https:\/\/mrfonden.se\/om-mr-fonden\/utbildning\/#breadcrumb\"},\"inLanguage\":\"en-US\",\"potentialAction\":[{\"@type\":\"ReadAction\",\"target\":[\"https:\/\/mrfonden.se\/om-mr-fonden\/utbildning\/\"]}]},{\"@type\":\"ImageObject\",\"inLanguage\":\"en-US\",\"@id\":\"https:\/\/mrfonden.se\/om-mr-fonden\/utbildning\/#primaryimage\",\"url\":\"http:\/\/mrfonden.se\/wp-content\/uploads\/2019\/11\/forslag-till-bild-pa-utbildningar-760x509.jpg\",\"contentUrl\":\"http:\/\/mrfonden.se\/wp-content\/uploads\/2019\/11\/forslag-till-bild-pa-utbildningar-760x509.jpg\"},{\"@type\":\"BreadcrumbList\",\"@id\":\"https:\/\/mrfonden.se\/om-mr-fonden\/utbildning\/#breadcrumb\",\"itemListElement\":[{\"@type\":\"ListItem\",\"position\":1,\"name\":\"Hem\",\"item\":\"https:\/\/mrfonden.se\/\"},{\"@type\":\"ListItem\",\"position\":2,\"name\":\"Om MR-Fonden\",\"item\":\"https:\/\/mrfonden.se\/om-mr-fonden\/\"},{\"@type\":\"ListItem\",\"position\":3,\"name\":\"Utbildning\"}]},{\"@type\":\"WebSite\",\"@id\":\"https:\/\/mrfonden.se\/#website\",\"url\":\"https:\/\/mrfonden.se\/\",\"name\":\"Fonden f\u00f6r m\u00e4nskliga r\u00e4ttigheter (MR-Fonden)\",\"description\":\"\",\"potentialAction\":[{\"@type\":\"SearchAction\",\"target\":{\"@type\":\"EntryPoint\",\"urlTemplate\":\"https:\/\/mrfonden.se\/?s={search_term_string}\"},\"query-input\":{\"@type\":\"PropertyValueSpecification\",\"valueRequired\":true,\"valueName\":\"search_term_string\"}}],\"inLanguage\":\"en-US\"}]}<\/script>","yoast_head_json":{"title":"Utbildning - Fonden f\u00f6r m\u00e4nskliga r\u00e4ttigheter (MR-Fonden)","robots":{"index":"index","follow":"follow","max-snippet":"max-snippet:-1","max-image-preview":"max-image-preview:large","max-video-preview":"max-video-preview:-1"},"canonical":"https:\/\/mrfonden.se\/en\/om-mr-fonden\/utbildning\/","og_locale":"en_US","og_type":"article","og_title":"Utbildning - Fonden f\u00f6r m\u00e4nskliga r\u00e4ttigheter (MR-Fonden)","og_description":"Anlita oss MR-Fonden erbjuder skr\u00e4ddarsydda f\u00f6rel\u00e4sningar, utbildningar, kurser och workshops inom m\u00e4nskliga r\u00e4ttigheter. Vi \u00e4r specialister p\u00e5 ekonomiska, &hellip;","og_url":"https:\/\/mrfonden.se\/en\/om-mr-fonden\/utbildning\/","og_site_name":"Fonden f\u00f6r m\u00e4nskliga r\u00e4ttigheter (MR-Fonden)","article_modified_time":"2024-01-15T10:56:12+00:00","og_image":[{"url":"http:\/\/mrfonden.se\/wp-content\/uploads\/2019\/11\/forslag-till-bild-pa-utbildningar-760x509.jpg","type":"","width":"","height":""}],"twitter_card":"summary_large_image","twitter_misc":{"Est. reading time":"1 minute"},"schema":{"@context":"https:\/\/schema.org","@graph":[{"@type":"WebPage","@id":"https:\/\/mrfonden.se\/om-mr-fonden\/utbildning\/","url":"https:\/\/mrfonden.se\/om-mr-fonden\/utbildning\/","name":"Utbildning - Fonden f\u00f6r m\u00e4nskliga r\u00e4ttigheter (MR-Fonden)","isPartOf":{"@id":"https:\/\/mrfonden.se\/#website"},"primaryImageOfPage":{"@id":"https:\/\/mrfonden.se\/om-mr-fonden\/utbildning\/#primaryimage"},"image":{"@id":"https:\/\/mrfonden.se\/om-mr-fonden\/utbildning\/#primaryimage"},"thumbnailUrl":"http:\/\/mrfonden.se\/wp-content\/uploads\/2019\/11\/forslag-till-bild-pa-utbildningar-760x509.jpg","datePublished":"2019-11-20T16:43:09+00:00","dateModified":"2024-01-15T10:56:12+00:00","breadcrumb":{"@id":"https:\/\/mrfonden.se\/om-mr-fonden\/utbildning\/#breadcrumb"},"inLanguage":"en-US","potentialAction":[{"@type":"ReadAction","target":["https:\/\/mrfonden.se\/om-mr-fonden\/utbildning\/"]}]},{"@type":"ImageObject","inLanguage":"en-US","@id":"https:\/\/mrfonden.se\/om-mr-fonden\/utbildning\/#primaryimage","url":"http:\/\/mrfonden.se\/wp-content\/uploads\/2019\/11\/forslag-till-bild-pa-utbildningar-760x509.jpg","contentUrl":"http:\/\/mrfonden.se\/wp-content\/uploads\/2019\/11\/forslag-till-bild-pa-utbildningar-760x509.jpg"},{"@type":"BreadcrumbList","@id":"https:\/\/mrfonden.se\/om-mr-fonden\/utbildning\/#breadcrumb","itemListElement":[{"@type":"ListItem","position":1,"name":"Hem","item":"https:\/\/mrfonden.se\/"},{"@type":"ListItem","position":2,"name":"Om MR-Fonden","item":"https:\/\/mrfonden.se\/om-mr-fonden\/"},{"@type":"ListItem","position":3,"name":"Utbildning"}]},{"@type":"WebSite","@id":"https:\/\/mrfonden.se\/#website","url":"https:\/\/mrfonden.se\/","name":"Fonden f\u00f6r m\u00e4nskliga r\u00e4ttigheter (MR-Fonden)","description":"","potentialAction":[{"@type":"SearchAction","target":{"@type":"EntryPoint","urlTemplate":"https:\/\/mrfonden.se\/?s={search_term_string}"},"query-input":{"@type":"PropertyValueSpecification","valueRequired":true,"valueName":"search_term_string"}}],"inLanguage":"en-US"}]}},"_links":{"self":[{"href":"https:\/\/mrfonden.se\/en\/wp-json\/wp\/v2\/pages\/30","targetHints":{"allow":["GET"]}}],"collection":[{"href":"https:\/\/mrfonden.se\/en\/wp-json\/wp\/v2\/pages"}],"about":[{"href":"https:\/\/mrfonden.se\/en\/wp-json\/wp\/v2\/types\/page"}],"author":[{"embeddable":true,"href":"https:\/\/mrfonden.se\/en\/wp-json\/wp\/v2\/users\/1"}],"replies":[{"embeddable":true,"href":"https:\/\/mrfonden.se\/en\/wp-json\/wp\/v2\/comments?post=30"}],"version-history":[{"count":15,"href":"https:\/\/mrfonden.se\/en\/wp-json\/wp\/v2\/pages\/30\/revisions"}],"predecessor-version":[{"id":2414,"href":"https:\/\/mrfonden.se\/en\/wp-json\/wp\/v2\/pages\/30\/revisions\/2414"}],"up":[{"embeddable":true,"href":"https:\/\/mrfonden.se\/en\/wp-json\/wp\/v2\/pages\/12"}],"wp:attachment":[{"href":"https:\/\/mrfonden.se\/en\/wp-json\/wp\/v2\/media?parent=30"}],"curies":[{"name":"wp","href":"https:\/\/api.w.org\/{rel}","templated":true}]}}