{"id":2981,"date":"2025-04-03T12:03:16","date_gmt":"2025-04-03T10:03:16","guid":{"rendered":"https:\/\/mrfonden.se\/?page_id=2981"},"modified":"2026-02-02T16:46:38","modified_gmt":"2026-02-02T15:46:38","slug":"overgangsrattvisa-i-colombia","status":"publish","type":"page","link":"https:\/\/mrfonden.se\/en\/vart-arbete\/overgangsrattvisa\/colombia\/overgangsrattvisa-i-colombia\/","title":{"rendered":"\u00d6verg\u00e5ngsr\u00e4ttvisa i Colombia"},"content":{"rendered":"<h2>ett s\u00f6kande som ger uppr\u00e4ttelse f\u00f6r konfliktdrabbade i Colombia<\/h2>\n<p><span data-contrast=\"auto\">Enheten f\u00f6r s\u00f6kande av offer f\u00f6r p\u00e5tvingade f\u00f6rsvinnanden (Unidad de B\u00fasqueda de Personas\u00a0 dadas por Desaparecidas, UBPD) \u00e4r en colombiansk myndighet som arbetar med s\u00f6kandet efter de mer \u00e4n 120.000 f\u00f6rsvunna personer till f\u00f6ljd av den colombianska konflikten. Myndigheten uppstod efter det fredsavtal som sl\u00f6ts 2016 mellan den colombianska staten och Colombias v\u00e4pnade revolution\u00e4ra styrkor FARC- EP.<\/span><span data-ccp-props=\"{}\">\u00a0<\/span><\/p>\n<p><span data-contrast=\"auto\">\u00a0UBPD, med ett mandat p\u00e5 20 \u00e5r, \u00e4r en av de oberoende och autonoma mekanismerna inom ramen f\u00f6r det fredsarbetet som ska s\u00e4kerst\u00e4lla \u00f6verg\u00e5nsr\u00e4ttvisa till en h\u00e5llbar fred i Colombia. Visionen f\u00f6r deras arbete \u00e4r att hj\u00e4lpa konfliktdrabbade personer att finna konkreta svar till vad som h\u00e4nt deras n\u00e4rst\u00e5ende och hitta kvarlevorna till dem som f\u00f6rsvann till f\u00f6ljd av konflikten.\u00a0<\/span><span data-ccp-props=\"{}\">\u00a0<\/span><\/p>\n<blockquote>\n<h2><img loading=\"lazy\" decoding=\"async\" class=\"wp-image-2985 alignleft\" src=\"http:\/\/mrfonden.se\/wp-content\/uploads\/2025\/04\/bild-250403-ubpd-inlagg-760x760.jpg\" alt=\"\" width=\"329\" height=\"329\" srcset=\"https:\/\/mrfonden.se\/wp-content\/uploads\/2025\/04\/bild-250403-ubpd-inlagg-760x760.jpg 760w, https:\/\/mrfonden.se\/wp-content\/uploads\/2025\/04\/bild-250403-ubpd-inlagg-768x768.jpg 768w, https:\/\/mrfonden.se\/wp-content\/uploads\/2025\/04\/bild-250403-ubpd-inlagg-58x58.jpg 58w, https:\/\/mrfonden.se\/wp-content\/uploads\/2025\/04\/bild-250403-ubpd-inlagg.jpg 800w\" sizes=\"auto, (max-width: 329px) 100vw, 329px\" \/><\/h2>\n<p style=\"text-align: center;\"><span data-contrast=\"auto\">\u201c<em>UBPDs arbete bidrar till att dem som har drabbats ska f\u00e5 ett v\u00e4rdigt avslut och deras familjer ska kunna g\u00e5 vidare<\/em>\u201d<\/span><span data-ccp-props=\"{}\">\u00a0<\/span><\/p>\n<\/blockquote>\n<p><span data-contrast=\"auto\">Delar av UBPDs\u00a0 arbete sker internationellt d\u00e5 mer \u00e4n 28 000 offer relaterade till konflikten har registrerats fr\u00e5n 43 o lika l\u00e4nder i v\u00e4rlden \u00e5r 2025. Detta arbete tillh\u00f6r det ansvar som den colombianska staten b\u00e4r inom ramen f\u00f6r fredsavtalet och syftar till att gottg\u00f6ra de drabbade. UBPDs syfte f\u00f6r de kommande \u00e5ren \u00e4r att kunna st\u00e4rka dess internationellt arbete i en kontext d\u00e4r deras resurser begr\u00e4nsar deras arbete till endast Colombia och det saknas f\u00f6ruts\u00e4ttningar f\u00f6r att arbeta internationellt. D\u00e4rf\u00f6r \u00e4r st\u00f6det fr\u00e5n det internationella samfundet och samarbete mellan olika organisationer, familjer och personer drabbade av konflikten desto viktigare. UBPD bes\u00f6kte Sverige 2024 f\u00f6r att ha ett samtal med exilcolombianer och kunna identifiera behov.\u00a0<\/span><span data-ccp-props=\"{}\">\u00a0<\/span><\/p>\n<p><span data-contrast=\"auto\">I nul\u00e4get arbetar MR-Fonden f\u00f6r att kunna garantera fortsatt finansiering till v\u00e5ra colombianska partners och deras delaktighet i s\u00f6kandet efter f\u00f6rsvunna personer, samt f\u00f6r att \u00f6ppna m\u00f6jligheter f\u00f6r exilcolombianer i Europa att delta i processen.\u00a0\u00a0<\/span><\/p>\n<p><span data-ccp-props=\"{}\">\u00a0<\/span><\/p>\n<p><span data-ccp-props=\"{}\">\u00a0<\/span><\/p>","protected":false},"excerpt":{"rendered":"<p>ett s\u00f6kande som ger uppr\u00e4ttelse f\u00f6r konfliktdrabbade i Colombia Enheten f\u00f6r s\u00f6kande av offer f\u00f6r p\u00e5tvingade f\u00f6rsvinnanden (Unidad &hellip;<\/p>","protected":false},"author":29,"featured_media":2985,"parent":403,"menu_order":8,"comment_status":"closed","ping_status":"closed","template":"","meta":{"_acf_changed":false,"footnotes":""},"class_list":["post-2981","page","type-page","status-publish","has-post-thumbnail","hentry"],"acf":[],"yoast_head":"<title>\u00d6verg\u00e5ngsr\u00e4ttvisa i Colombia - Fonden f\u00f6r m\u00e4nskliga r\u00e4ttigheter (MR-Fonden)<\/title>\n<meta name=\"robots\" content=\"index, follow, max-snippet:-1, max-image-preview:large, max-video-preview:-1\" \/>\n<link rel=\"canonical\" href=\"https:\/\/mrfonden.se\/en\/vart-arbete\/overgangsrattvisa\/colombia\/overgangsrattvisa-i-colombia\/\" \/>\n<meta property=\"og:locale\" content=\"en_US\" \/>\n<meta property=\"og:type\" content=\"article\" \/>\n<meta property=\"og:title\" content=\"\u00d6verg\u00e5ngsr\u00e4ttvisa i Colombia - Fonden f\u00f6r m\u00e4nskliga r\u00e4ttigheter (MR-Fonden)\" \/>\n<meta property=\"og:description\" content=\"ett s\u00f6kande som ger uppr\u00e4ttelse f\u00f6r konfliktdrabbade i Colombia Enheten f\u00f6r s\u00f6kande av offer f\u00f6r p\u00e5tvingade f\u00f6rsvinnanden (Unidad &hellip;\" \/>\n<meta property=\"og:url\" content=\"https:\/\/mrfonden.se\/en\/vart-arbete\/overgangsrattvisa\/colombia\/overgangsrattvisa-i-colombia\/\" \/>\n<meta property=\"og:site_name\" content=\"Fonden f\u00f6r m\u00e4nskliga r\u00e4ttigheter (MR-Fonden)\" \/>\n<meta property=\"article:modified_time\" content=\"2026-02-02T15:46:38+00:00\" \/>\n<meta property=\"og:image\" content=\"http:\/\/mrfonden.se\/wp-content\/uploads\/2025\/04\/bild-250403-ubpd-inlagg.jpg\" \/>\n\t<meta property=\"og:image:width\" content=\"800\" \/>\n\t<meta property=\"og:image:height\" content=\"800\" \/>\n\t<meta property=\"og:image:type\" content=\"image\/jpeg\" \/>\n<meta name=\"twitter:card\" content=\"summary_large_image\" \/>\n<meta name=\"twitter:label1\" content=\"Est. reading time\" \/>\n\t<meta name=\"twitter:data1\" content=\"2 minutes\" \/>\n<script type=\"application\/ld+json\" class=\"yoast-schema-graph\">{\"@context\":\"https:\/\/schema.org\",\"@graph\":[{\"@type\":\"WebPage\",\"@id\":\"https:\/\/mrfonden.se\/vart-arbete\/overgangsrattvisa\/colombia\/overgangsrattvisa-i-colombia\/\",\"url\":\"https:\/\/mrfonden.se\/vart-arbete\/overgangsrattvisa\/colombia\/overgangsrattvisa-i-colombia\/\",\"name\":\"\u00d6verg\u00e5ngsr\u00e4ttvisa i Colombia - Fonden f\u00f6r m\u00e4nskliga r\u00e4ttigheter (MR-Fonden)\",\"isPartOf\":{\"@id\":\"https:\/\/mrfonden.se\/#website\"},\"primaryImageOfPage\":{\"@id\":\"https:\/\/mrfonden.se\/vart-arbete\/overgangsrattvisa\/colombia\/overgangsrattvisa-i-colombia\/#primaryimage\"},\"image\":{\"@id\":\"https:\/\/mrfonden.se\/vart-arbete\/overgangsrattvisa\/colombia\/overgangsrattvisa-i-colombia\/#primaryimage\"},\"thumbnailUrl\":\"https:\/\/mrfonden.se\/wp-content\/uploads\/2025\/04\/bild-250403-ubpd-inlagg.jpg\",\"datePublished\":\"2025-04-03T10:03:16+00:00\",\"dateModified\":\"2026-02-02T15:46:38+00:00\",\"breadcrumb\":{\"@id\":\"https:\/\/mrfonden.se\/vart-arbete\/overgangsrattvisa\/colombia\/overgangsrattvisa-i-colombia\/#breadcrumb\"},\"inLanguage\":\"en-US\",\"potentialAction\":[{\"@type\":\"ReadAction\",\"target\":[\"https:\/\/mrfonden.se\/vart-arbete\/overgangsrattvisa\/colombia\/overgangsrattvisa-i-colombia\/\"]}]},{\"@type\":\"ImageObject\",\"inLanguage\":\"en-US\",\"@id\":\"https:\/\/mrfonden.se\/vart-arbete\/overgangsrattvisa\/colombia\/overgangsrattvisa-i-colombia\/#primaryimage\",\"url\":\"https:\/\/mrfonden.se\/wp-content\/uploads\/2025\/04\/bild-250403-ubpd-inlagg.jpg\",\"contentUrl\":\"https:\/\/mrfonden.se\/wp-content\/uploads\/2025\/04\/bild-250403-ubpd-inlagg.jpg\",\"width\":800,\"height\":800},{\"@type\":\"BreadcrumbList\",\"@id\":\"https:\/\/mrfonden.se\/vart-arbete\/overgangsrattvisa\/colombia\/overgangsrattvisa-i-colombia\/#breadcrumb\",\"itemListElement\":[{\"@type\":\"ListItem\",\"position\":1,\"name\":\"Hem\",\"item\":\"https:\/\/mrfonden.se\/\"},{\"@type\":\"ListItem\",\"position\":2,\"name\":\"V\u00e5rt arbete\",\"item\":\"https:\/\/mrfonden.se\/vart-arbete\/\"},{\"@type\":\"ListItem\",\"position\":3,\"name\":\"\u00d6verg\u00e5ngsr\u00e4ttvisa\",\"item\":\"https:\/\/mrfonden.se\/vart-arbete\/overgangsrattvisa\/\"},{\"@type\":\"ListItem\",\"position\":4,\"name\":\"Colombia\",\"item\":\"https:\/\/mrfonden.se\/vart-arbete\/overgangsrattvisa\/colombia\/\"},{\"@type\":\"ListItem\",\"position\":5,\"name\":\"\u00d6verg\u00e5ngsr\u00e4ttvisa i Colombia\"}]},{\"@type\":\"WebSite\",\"@id\":\"https:\/\/mrfonden.se\/#website\",\"url\":\"https:\/\/mrfonden.se\/\",\"name\":\"Fonden f\u00f6r m\u00e4nskliga r\u00e4ttigheter (MR-Fonden)\",\"description\":\"\",\"potentialAction\":[{\"@type\":\"SearchAction\",\"target\":{\"@type\":\"EntryPoint\",\"urlTemplate\":\"https:\/\/mrfonden.se\/?s={search_term_string}\"},\"query-input\":{\"@type\":\"PropertyValueSpecification\",\"valueRequired\":true,\"valueName\":\"search_term_string\"}}],\"inLanguage\":\"en-US\"}]}<\/script>","yoast_head_json":{"title":"\u00d6verg\u00e5ngsr\u00e4ttvisa i Colombia - Fonden f\u00f6r m\u00e4nskliga r\u00e4ttigheter (MR-Fonden)","robots":{"index":"index","follow":"follow","max-snippet":"max-snippet:-1","max-image-preview":"max-image-preview:large","max-video-preview":"max-video-preview:-1"},"canonical":"https:\/\/mrfonden.se\/en\/vart-arbete\/overgangsrattvisa\/colombia\/overgangsrattvisa-i-colombia\/","og_locale":"en_US","og_type":"article","og_title":"\u00d6verg\u00e5ngsr\u00e4ttvisa i Colombia - Fonden f\u00f6r m\u00e4nskliga r\u00e4ttigheter (MR-Fonden)","og_description":"ett s\u00f6kande som ger uppr\u00e4ttelse f\u00f6r konfliktdrabbade i Colombia Enheten f\u00f6r s\u00f6kande av offer f\u00f6r p\u00e5tvingade f\u00f6rsvinnanden (Unidad &hellip;","og_url":"https:\/\/mrfonden.se\/en\/vart-arbete\/overgangsrattvisa\/colombia\/overgangsrattvisa-i-colombia\/","og_site_name":"Fonden f\u00f6r m\u00e4nskliga r\u00e4ttigheter (MR-Fonden)","article_modified_time":"2026-02-02T15:46:38+00:00","og_image":[{"width":800,"height":800,"url":"http:\/\/mrfonden.se\/wp-content\/uploads\/2025\/04\/bild-250403-ubpd-inlagg.jpg","type":"image\/jpeg"}],"twitter_card":"summary_large_image","twitter_misc":{"Est. reading time":"2 minutes"},"schema":{"@context":"https:\/\/schema.org","@graph":[{"@type":"WebPage","@id":"https:\/\/mrfonden.se\/vart-arbete\/overgangsrattvisa\/colombia\/overgangsrattvisa-i-colombia\/","url":"https:\/\/mrfonden.se\/vart-arbete\/overgangsrattvisa\/colombia\/overgangsrattvisa-i-colombia\/","name":"\u00d6verg\u00e5ngsr\u00e4ttvisa i Colombia - Fonden f\u00f6r m\u00e4nskliga r\u00e4ttigheter (MR-Fonden)","isPartOf":{"@id":"https:\/\/mrfonden.se\/#website"},"primaryImageOfPage":{"@id":"https:\/\/mrfonden.se\/vart-arbete\/overgangsrattvisa\/colombia\/overgangsrattvisa-i-colombia\/#primaryimage"},"image":{"@id":"https:\/\/mrfonden.se\/vart-arbete\/overgangsrattvisa\/colombia\/overgangsrattvisa-i-colombia\/#primaryimage"},"thumbnailUrl":"https:\/\/mrfonden.se\/wp-content\/uploads\/2025\/04\/bild-250403-ubpd-inlagg.jpg","datePublished":"2025-04-03T10:03:16+00:00","dateModified":"2026-02-02T15:46:38+00:00","breadcrumb":{"@id":"https:\/\/mrfonden.se\/vart-arbete\/overgangsrattvisa\/colombia\/overgangsrattvisa-i-colombia\/#breadcrumb"},"inLanguage":"en-US","potentialAction":[{"@type":"ReadAction","target":["https:\/\/mrfonden.se\/vart-arbete\/overgangsrattvisa\/colombia\/overgangsrattvisa-i-colombia\/"]}]},{"@type":"ImageObject","inLanguage":"en-US","@id":"https:\/\/mrfonden.se\/vart-arbete\/overgangsrattvisa\/colombia\/overgangsrattvisa-i-colombia\/#primaryimage","url":"https:\/\/mrfonden.se\/wp-content\/uploads\/2025\/04\/bild-250403-ubpd-inlagg.jpg","contentUrl":"https:\/\/mrfonden.se\/wp-content\/uploads\/2025\/04\/bild-250403-ubpd-inlagg.jpg","width":800,"height":800},{"@type":"BreadcrumbList","@id":"https:\/\/mrfonden.se\/vart-arbete\/overgangsrattvisa\/colombia\/overgangsrattvisa-i-colombia\/#breadcrumb","itemListElement":[{"@type":"ListItem","position":1,"name":"Hem","item":"https:\/\/mrfonden.se\/"},{"@type":"ListItem","position":2,"name":"V\u00e5rt arbete","item":"https:\/\/mrfonden.se\/vart-arbete\/"},{"@type":"ListItem","position":3,"name":"\u00d6verg\u00e5ngsr\u00e4ttvisa","item":"https:\/\/mrfonden.se\/vart-arbete\/overgangsrattvisa\/"},{"@type":"ListItem","position":4,"name":"Colombia","item":"https:\/\/mrfonden.se\/vart-arbete\/overgangsrattvisa\/colombia\/"},{"@type":"ListItem","position":5,"name":"\u00d6verg\u00e5ngsr\u00e4ttvisa i Colombia"}]},{"@type":"WebSite","@id":"https:\/\/mrfonden.se\/#website","url":"https:\/\/mrfonden.se\/","name":"Fonden f\u00f6r m\u00e4nskliga r\u00e4ttigheter (MR-Fonden)","description":"","potentialAction":[{"@type":"SearchAction","target":{"@type":"EntryPoint","urlTemplate":"https:\/\/mrfonden.se\/?s={search_term_string}"},"query-input":{"@type":"PropertyValueSpecification","valueRequired":true,"valueName":"search_term_string"}}],"inLanguage":"en-US"}]}},"_links":{"self":[{"href":"https:\/\/mrfonden.se\/en\/wp-json\/wp\/v2\/pages\/2981","targetHints":{"allow":["GET"]}}],"collection":[{"href":"https:\/\/mrfonden.se\/en\/wp-json\/wp\/v2\/pages"}],"about":[{"href":"https:\/\/mrfonden.se\/en\/wp-json\/wp\/v2\/types\/page"}],"author":[{"embeddable":true,"href":"https:\/\/mrfonden.se\/en\/wp-json\/wp\/v2\/users\/29"}],"replies":[{"embeddable":true,"href":"https:\/\/mrfonden.se\/en\/wp-json\/wp\/v2\/comments?post=2981"}],"version-history":[{"count":15,"href":"https:\/\/mrfonden.se\/en\/wp-json\/wp\/v2\/pages\/2981\/revisions"}],"predecessor-version":[{"id":2997,"href":"https:\/\/mrfonden.se\/en\/wp-json\/wp\/v2\/pages\/2981\/revisions\/2997"}],"up":[{"embeddable":true,"href":"https:\/\/mrfonden.se\/en\/wp-json\/wp\/v2\/pages\/403"}],"wp:featuredmedia":[{"embeddable":true,"href":"https:\/\/mrfonden.se\/en\/wp-json\/wp\/v2\/media\/2985"}],"wp:attachment":[{"href":"https:\/\/mrfonden.se\/en\/wp-json\/wp\/v2\/media?parent=2981"}],"curies":[{"name":"wp","href":"https:\/\/api.w.org\/{rel}","templated":true}]}}