{"id":2974,"date":"2025-03-13T11:57:54","date_gmt":"2025-03-13T10:57:54","guid":{"rendered":"https:\/\/mrfonden.se\/?page_id=2974"},"modified":"2025-03-13T11:57:54","modified_gmt":"2025-03-13T10:57:54","slug":"mr-dagarna-2025","status":"publish","type":"page","link":"https:\/\/mrfonden.se\/en\/aktuellt\/mr-dagarna-2025\/","title":{"rendered":"MR-dagarna 2025"},"content":{"rendered":"<p>Den 9-10 december 2025 anordnas M\u00e4nskliga R\u00e4ttighetsdagarna (MR-dagarna) p\u00e5 Stockholm Kistam\u00e4ssan. Temat f\u00f6r \u00e5rets konferens \u00e4r <a href=\"https:\/\/www.mrdagarna.se\/tema\/\">\u00d6desfr\u00e5gorna f\u00f6r alla m\u00e4nskliga r\u00e4ttigheter<\/a> och kommer fokusera p\u00e5 klimatet, freden och demokratin fr\u00e5n ett j\u00e4mlikhetsperspektiv.<\/p>\n<p>F\u00f6r mer information om \u00e5rets tema och f\u00f6r att k\u00f6pa biljetter, g\u00e5 in p\u00e5 <a href=\"https:\/\/www.mrdagarna.se\/boka-biljett\/\">mrdagarna.se<\/a><\/p>\n<p>Varmt v\u00e4lkomna!<\/p>\n<p>Mer information kommer l\u00f6pande.<\/p>","protected":false},"excerpt":{"rendered":"<p>Den 9-10 december 2025 anordnas M\u00e4nskliga R\u00e4ttighetsdagarna (MR-dagarna) p\u00e5 Stockholm Kistam\u00e4ssan. Temat f\u00f6r \u00e5rets konferens \u00e4r \u00d6desfr\u00e5gorna f\u00f6r &hellip;<\/p>","protected":false},"author":29,"featured_media":0,"parent":20,"menu_order":0,"comment_status":"closed","ping_status":"closed","template":"","meta":{"_acf_changed":false,"footnotes":""},"class_list":["post-2974","page","type-page","status-publish","hentry"],"acf":[],"yoast_head":"<title>MR-dagarna 2025 - Fonden f\u00f6r m\u00e4nskliga r\u00e4ttigheter (MR-Fonden)<\/title>\n<meta name=\"robots\" content=\"index, follow, max-snippet:-1, max-image-preview:large, max-video-preview:-1\" \/>\n<link rel=\"canonical\" href=\"https:\/\/mrfonden.se\/en\/aktuellt\/mr-dagarna-2025\/\" \/>\n<meta property=\"og:locale\" content=\"en_US\" \/>\n<meta property=\"og:type\" content=\"article\" \/>\n<meta property=\"og:title\" content=\"MR-dagarna 2025 - Fonden f\u00f6r m\u00e4nskliga r\u00e4ttigheter (MR-Fonden)\" \/>\n<meta property=\"og:description\" content=\"Den 9-10 december 2025 anordnas M\u00e4nskliga R\u00e4ttighetsdagarna (MR-dagarna) p\u00e5 Stockholm Kistam\u00e4ssan. Temat f\u00f6r \u00e5rets konferens \u00e4r \u00d6desfr\u00e5gorna f\u00f6r &hellip;\" \/>\n<meta property=\"og:url\" content=\"https:\/\/mrfonden.se\/en\/aktuellt\/mr-dagarna-2025\/\" \/>\n<meta property=\"og:site_name\" content=\"Fonden f\u00f6r m\u00e4nskliga r\u00e4ttigheter (MR-Fonden)\" \/>\n<meta name=\"twitter:card\" content=\"summary_large_image\" \/>\n<meta name=\"twitter:label1\" content=\"Est. reading time\" \/>\n\t<meta name=\"twitter:data1\" content=\"1 minute\" \/>\n<script type=\"application\/ld+json\" class=\"yoast-schema-graph\">{\"@context\":\"https:\/\/schema.org\",\"@graph\":[{\"@type\":\"WebPage\",\"@id\":\"https:\/\/mrfonden.se\/aktuellt\/mr-dagarna-2025\/\",\"url\":\"https:\/\/mrfonden.se\/aktuellt\/mr-dagarna-2025\/\",\"name\":\"MR-dagarna 2025 - Fonden f\u00f6r m\u00e4nskliga r\u00e4ttigheter (MR-Fonden)\",\"isPartOf\":{\"@id\":\"https:\/\/mrfonden.se\/#website\"},\"datePublished\":\"2025-03-13T10:57:54+00:00\",\"breadcrumb\":{\"@id\":\"https:\/\/mrfonden.se\/aktuellt\/mr-dagarna-2025\/#breadcrumb\"},\"inLanguage\":\"en-US\",\"potentialAction\":[{\"@type\":\"ReadAction\",\"target\":[\"https:\/\/mrfonden.se\/aktuellt\/mr-dagarna-2025\/\"]}]},{\"@type\":\"BreadcrumbList\",\"@id\":\"https:\/\/mrfonden.se\/aktuellt\/mr-dagarna-2025\/#breadcrumb\",\"itemListElement\":[{\"@type\":\"ListItem\",\"position\":1,\"name\":\"Hem\",\"item\":\"https:\/\/mrfonden.se\/\"},{\"@type\":\"ListItem\",\"position\":2,\"name\":\"Aktuellt\",\"item\":\"https:\/\/mrfonden.se\/aktuellt\/\"},{\"@type\":\"ListItem\",\"position\":3,\"name\":\"MR-dagarna 2025\"}]},{\"@type\":\"WebSite\",\"@id\":\"https:\/\/mrfonden.se\/#website\",\"url\":\"https:\/\/mrfonden.se\/\",\"name\":\"Fonden f\u00f6r m\u00e4nskliga r\u00e4ttigheter (MR-Fonden)\",\"description\":\"\",\"potentialAction\":[{\"@type\":\"SearchAction\",\"target\":{\"@type\":\"EntryPoint\",\"urlTemplate\":\"https:\/\/mrfonden.se\/?s={search_term_string}\"},\"query-input\":{\"@type\":\"PropertyValueSpecification\",\"valueRequired\":true,\"valueName\":\"search_term_string\"}}],\"inLanguage\":\"en-US\"}]}<\/script>","yoast_head_json":{"title":"MR-dagarna 2025 - Fonden f\u00f6r m\u00e4nskliga r\u00e4ttigheter (MR-Fonden)","robots":{"index":"index","follow":"follow","max-snippet":"max-snippet:-1","max-image-preview":"max-image-preview:large","max-video-preview":"max-video-preview:-1"},"canonical":"https:\/\/mrfonden.se\/en\/aktuellt\/mr-dagarna-2025\/","og_locale":"en_US","og_type":"article","og_title":"MR-dagarna 2025 - Fonden f\u00f6r m\u00e4nskliga r\u00e4ttigheter (MR-Fonden)","og_description":"Den 9-10 december 2025 anordnas M\u00e4nskliga R\u00e4ttighetsdagarna (MR-dagarna) p\u00e5 Stockholm Kistam\u00e4ssan. Temat f\u00f6r \u00e5rets konferens \u00e4r \u00d6desfr\u00e5gorna f\u00f6r &hellip;","og_url":"https:\/\/mrfonden.se\/en\/aktuellt\/mr-dagarna-2025\/","og_site_name":"Fonden f\u00f6r m\u00e4nskliga r\u00e4ttigheter (MR-Fonden)","twitter_card":"summary_large_image","twitter_misc":{"Est. reading time":"1 minute"},"schema":{"@context":"https:\/\/schema.org","@graph":[{"@type":"WebPage","@id":"https:\/\/mrfonden.se\/aktuellt\/mr-dagarna-2025\/","url":"https:\/\/mrfonden.se\/aktuellt\/mr-dagarna-2025\/","name":"MR-dagarna 2025 - Fonden f\u00f6r m\u00e4nskliga r\u00e4ttigheter (MR-Fonden)","isPartOf":{"@id":"https:\/\/mrfonden.se\/#website"},"datePublished":"2025-03-13T10:57:54+00:00","breadcrumb":{"@id":"https:\/\/mrfonden.se\/aktuellt\/mr-dagarna-2025\/#breadcrumb"},"inLanguage":"en-US","potentialAction":[{"@type":"ReadAction","target":["https:\/\/mrfonden.se\/aktuellt\/mr-dagarna-2025\/"]}]},{"@type":"BreadcrumbList","@id":"https:\/\/mrfonden.se\/aktuellt\/mr-dagarna-2025\/#breadcrumb","itemListElement":[{"@type":"ListItem","position":1,"name":"Hem","item":"https:\/\/mrfonden.se\/"},{"@type":"ListItem","position":2,"name":"Aktuellt","item":"https:\/\/mrfonden.se\/aktuellt\/"},{"@type":"ListItem","position":3,"name":"MR-dagarna 2025"}]},{"@type":"WebSite","@id":"https:\/\/mrfonden.se\/#website","url":"https:\/\/mrfonden.se\/","name":"Fonden f\u00f6r m\u00e4nskliga r\u00e4ttigheter (MR-Fonden)","description":"","potentialAction":[{"@type":"SearchAction","target":{"@type":"EntryPoint","urlTemplate":"https:\/\/mrfonden.se\/?s={search_term_string}"},"query-input":{"@type":"PropertyValueSpecification","valueRequired":true,"valueName":"search_term_string"}}],"inLanguage":"en-US"}]}},"_links":{"self":[{"href":"https:\/\/mrfonden.se\/en\/wp-json\/wp\/v2\/pages\/2974","targetHints":{"allow":["GET"]}}],"collection":[{"href":"https:\/\/mrfonden.se\/en\/wp-json\/wp\/v2\/pages"}],"about":[{"href":"https:\/\/mrfonden.se\/en\/wp-json\/wp\/v2\/types\/page"}],"author":[{"embeddable":true,"href":"https:\/\/mrfonden.se\/en\/wp-json\/wp\/v2\/users\/29"}],"replies":[{"embeddable":true,"href":"https:\/\/mrfonden.se\/en\/wp-json\/wp\/v2\/comments?post=2974"}],"version-history":[{"count":1,"href":"https:\/\/mrfonden.se\/en\/wp-json\/wp\/v2\/pages\/2974\/revisions"}],"predecessor-version":[{"id":2975,"href":"https:\/\/mrfonden.se\/en\/wp-json\/wp\/v2\/pages\/2974\/revisions\/2975"}],"up":[{"embeddable":true,"href":"https:\/\/mrfonden.se\/en\/wp-json\/wp\/v2\/pages\/20"}],"wp:attachment":[{"href":"https:\/\/mrfonden.se\/en\/wp-json\/wp\/v2\/media?parent=2974"}],"curies":[{"name":"wp","href":"https:\/\/api.w.org\/{rel}","templated":true}]}}