{"id":294,"date":"2019-11-28T10:01:27","date_gmt":"2019-11-28T09:01:27","guid":{"rendered":"http:\/\/mrfonden.se\/?page_id=294"},"modified":"2024-12-09T15:09:37","modified_gmt":"2024-12-09T14:09:37","slug":"visselblasartjanst","status":"publish","type":"page","link":"https:\/\/mrfonden.se\/en\/om-mr-fonden\/visselblasartjanst\/","title":{"rendered":"Whistleblowing Channel"},"content":{"rendered":"<p>The Swedish Foundation for Human Rights is guided by <a href=\"https:\/\/www.transparency.org\/en\/our-priorities\/whistleblowing\">Transparency Internationals<\/a> definition of the word whistleblower as a person who reports situations that are contrary to the purpose and values of the Swedish Foundation for Human Rights, for example through corruption or other forms of misconduct.<\/p>\n<p>In cases of suspected corruption or misconduct involving partner organisations, the Swedish Foundation for Human Rights shall promptly take appropriate measures to minimise any potential harm and ensure a swift investigation. The investigation shall focus on what has occurred and not on the whistleblower. In cases of suspected misconduct or corruption, the whistleblower should inform:<\/p>\n<p>The Secretary General (if the whistleblower works within or with the Swedish Foundation for Human Rights). If the Secretary General is involved, or if their impartiality may be called into question, the whistleblower should instead contact the Chair of the Board.<\/p>\n<p>The Programme Manager (if the whistleblower is a partner or works with a partner organisation). If the Programme Manager is involved, or if their impartiality may be called into question, the whistleblower should instead contact the Secretary General or, if necessary, the Chair of the Board of the Swedish Foundation for Human Rights.<\/p>\n<p>Suspicions of corruption or other misconduct may also be reported to the organisation\u2019s auditor (either that of the Swedish Foundation for Human Rights or of the partner organisation).<\/p>\n<p>Contact details for reporting are available under \u201cStaff and Board.\u201d<\/p>","protected":false},"excerpt":{"rendered":"<p>MR-Fonden utg\u00e5r ifr\u00e5n Transparency Internationals definition av begreppet whistleblower som en person som informerar om situationer som strider &hellip;<\/p>","protected":false},"author":1,"featured_media":0,"parent":12,"menu_order":50,"comment_status":"closed","ping_status":"closed","template":"","meta":{"_acf_changed":false,"footnotes":""},"class_list":["post-294","page","type-page","status-publish","hentry"],"acf":[],"yoast_head":"<title>Visselbl\u00e5sartj\u00e4nst - Fonden f\u00f6r m\u00e4nskliga r\u00e4ttigheter (MR-Fonden)<\/title>\n<meta name=\"robots\" content=\"index, follow, max-snippet:-1, max-image-preview:large, max-video-preview:-1\" \/>\n<link rel=\"canonical\" href=\"https:\/\/mrfonden.se\/en\/om-mr-fonden\/visselblasartjanst\/\" \/>\n<meta property=\"og:locale\" content=\"en_US\" \/>\n<meta property=\"og:type\" content=\"article\" \/>\n<meta property=\"og:title\" content=\"Visselbl\u00e5sartj\u00e4nst - Fonden f\u00f6r m\u00e4nskliga r\u00e4ttigheter (MR-Fonden)\" \/>\n<meta property=\"og:description\" content=\"MR-Fonden utg\u00e5r ifr\u00e5n Transparency Internationals definition av begreppet whistleblower som en person som informerar om situationer som strider &hellip;\" \/>\n<meta property=\"og:url\" content=\"https:\/\/mrfonden.se\/en\/om-mr-fonden\/visselblasartjanst\/\" \/>\n<meta property=\"og:site_name\" content=\"Fonden f\u00f6r m\u00e4nskliga r\u00e4ttigheter (MR-Fonden)\" \/>\n<meta property=\"article:modified_time\" content=\"2024-12-09T14:09:37+00:00\" \/>\n<meta name=\"twitter:card\" content=\"summary_large_image\" \/>\n<meta name=\"twitter:label1\" content=\"Est. reading time\" \/>\n\t<meta name=\"twitter:data1\" content=\"1 minute\" \/>\n<script type=\"application\/ld+json\" class=\"yoast-schema-graph\">{\"@context\":\"https:\/\/schema.org\",\"@graph\":[{\"@type\":\"WebPage\",\"@id\":\"https:\/\/mrfonden.se\/om-mr-fonden\/visselblasartjanst\/\",\"url\":\"https:\/\/mrfonden.se\/om-mr-fonden\/visselblasartjanst\/\",\"name\":\"Visselbl\u00e5sartj\u00e4nst - Fonden f\u00f6r m\u00e4nskliga r\u00e4ttigheter (MR-Fonden)\",\"isPartOf\":{\"@id\":\"https:\/\/mrfonden.se\/#website\"},\"datePublished\":\"2019-11-28T09:01:27+00:00\",\"dateModified\":\"2024-12-09T14:09:37+00:00\",\"breadcrumb\":{\"@id\":\"https:\/\/mrfonden.se\/om-mr-fonden\/visselblasartjanst\/#breadcrumb\"},\"inLanguage\":\"en-US\",\"potentialAction\":[{\"@type\":\"ReadAction\",\"target\":[\"https:\/\/mrfonden.se\/om-mr-fonden\/visselblasartjanst\/\"]}]},{\"@type\":\"BreadcrumbList\",\"@id\":\"https:\/\/mrfonden.se\/om-mr-fonden\/visselblasartjanst\/#breadcrumb\",\"itemListElement\":[{\"@type\":\"ListItem\",\"position\":1,\"name\":\"Hem\",\"item\":\"https:\/\/mrfonden.se\/\"},{\"@type\":\"ListItem\",\"position\":2,\"name\":\"Om MR-Fonden\",\"item\":\"https:\/\/mrfonden.se\/om-mr-fonden\/\"},{\"@type\":\"ListItem\",\"position\":3,\"name\":\"Visselbl\u00e5sartj\u00e4nst\"}]},{\"@type\":\"WebSite\",\"@id\":\"https:\/\/mrfonden.se\/#website\",\"url\":\"https:\/\/mrfonden.se\/\",\"name\":\"Fonden f\u00f6r m\u00e4nskliga r\u00e4ttigheter (MR-Fonden)\",\"description\":\"\",\"potentialAction\":[{\"@type\":\"SearchAction\",\"target\":{\"@type\":\"EntryPoint\",\"urlTemplate\":\"https:\/\/mrfonden.se\/?s={search_term_string}\"},\"query-input\":{\"@type\":\"PropertyValueSpecification\",\"valueRequired\":true,\"valueName\":\"search_term_string\"}}],\"inLanguage\":\"en-US\"}]}<\/script>","yoast_head_json":{"title":"Visselbl\u00e5sartj\u00e4nst - Fonden f\u00f6r m\u00e4nskliga r\u00e4ttigheter (MR-Fonden)","robots":{"index":"index","follow":"follow","max-snippet":"max-snippet:-1","max-image-preview":"max-image-preview:large","max-video-preview":"max-video-preview:-1"},"canonical":"https:\/\/mrfonden.se\/en\/om-mr-fonden\/visselblasartjanst\/","og_locale":"en_US","og_type":"article","og_title":"Visselbl\u00e5sartj\u00e4nst - Fonden f\u00f6r m\u00e4nskliga r\u00e4ttigheter (MR-Fonden)","og_description":"MR-Fonden utg\u00e5r ifr\u00e5n Transparency Internationals definition av begreppet whistleblower som en person som informerar om situationer som strider &hellip;","og_url":"https:\/\/mrfonden.se\/en\/om-mr-fonden\/visselblasartjanst\/","og_site_name":"Fonden f\u00f6r m\u00e4nskliga r\u00e4ttigheter (MR-Fonden)","article_modified_time":"2024-12-09T14:09:37+00:00","twitter_card":"summary_large_image","twitter_misc":{"Est. reading time":"1 minute"},"schema":{"@context":"https:\/\/schema.org","@graph":[{"@type":"WebPage","@id":"https:\/\/mrfonden.se\/om-mr-fonden\/visselblasartjanst\/","url":"https:\/\/mrfonden.se\/om-mr-fonden\/visselblasartjanst\/","name":"Visselbl\u00e5sartj\u00e4nst - Fonden f\u00f6r m\u00e4nskliga r\u00e4ttigheter (MR-Fonden)","isPartOf":{"@id":"https:\/\/mrfonden.se\/#website"},"datePublished":"2019-11-28T09:01:27+00:00","dateModified":"2024-12-09T14:09:37+00:00","breadcrumb":{"@id":"https:\/\/mrfonden.se\/om-mr-fonden\/visselblasartjanst\/#breadcrumb"},"inLanguage":"en-US","potentialAction":[{"@type":"ReadAction","target":["https:\/\/mrfonden.se\/om-mr-fonden\/visselblasartjanst\/"]}]},{"@type":"BreadcrumbList","@id":"https:\/\/mrfonden.se\/om-mr-fonden\/visselblasartjanst\/#breadcrumb","itemListElement":[{"@type":"ListItem","position":1,"name":"Hem","item":"https:\/\/mrfonden.se\/"},{"@type":"ListItem","position":2,"name":"Om MR-Fonden","item":"https:\/\/mrfonden.se\/om-mr-fonden\/"},{"@type":"ListItem","position":3,"name":"Visselbl\u00e5sartj\u00e4nst"}]},{"@type":"WebSite","@id":"https:\/\/mrfonden.se\/#website","url":"https:\/\/mrfonden.se\/","name":"Fonden f\u00f6r m\u00e4nskliga r\u00e4ttigheter (MR-Fonden)","description":"","potentialAction":[{"@type":"SearchAction","target":{"@type":"EntryPoint","urlTemplate":"https:\/\/mrfonden.se\/?s={search_term_string}"},"query-input":{"@type":"PropertyValueSpecification","valueRequired":true,"valueName":"search_term_string"}}],"inLanguage":"en-US"}]}},"_links":{"self":[{"href":"https:\/\/mrfonden.se\/en\/wp-json\/wp\/v2\/pages\/294","targetHints":{"allow":["GET"]}}],"collection":[{"href":"https:\/\/mrfonden.se\/en\/wp-json\/wp\/v2\/pages"}],"about":[{"href":"https:\/\/mrfonden.se\/en\/wp-json\/wp\/v2\/types\/page"}],"author":[{"embeddable":true,"href":"https:\/\/mrfonden.se\/en\/wp-json\/wp\/v2\/users\/1"}],"replies":[{"embeddable":true,"href":"https:\/\/mrfonden.se\/en\/wp-json\/wp\/v2\/comments?post=294"}],"version-history":[{"count":7,"href":"https:\/\/mrfonden.se\/en\/wp-json\/wp\/v2\/pages\/294\/revisions"}],"predecessor-version":[{"id":2874,"href":"https:\/\/mrfonden.se\/en\/wp-json\/wp\/v2\/pages\/294\/revisions\/2874"}],"up":[{"embeddable":true,"href":"https:\/\/mrfonden.se\/en\/wp-json\/wp\/v2\/pages\/12"}],"wp:attachment":[{"href":"https:\/\/mrfonden.se\/en\/wp-json\/wp\/v2\/media?parent=294"}],"curies":[{"name":"wp","href":"https:\/\/api.w.org\/{rel}","templated":true}]}}