{"id":2841,"date":"2024-11-27T13:48:49","date_gmt":"2024-11-27T12:48:49","guid":{"rendered":"https:\/\/mrfonden.se\/?page_id=2841"},"modified":"2026-02-02T16:44:18","modified_gmt":"2026-02-02T15:44:18","slug":"mr-fondens-arbete-med-urfolkskollektivet-akubadaura-i-colombia","status":"publish","type":"page","link":"https:\/\/mrfonden.se\/en\/vart-arbete\/overgangsrattvisa\/colombia\/mr-fondens-arbete-med-urfolkskollektivet-akubadaura-i-colombia\/","title":{"rendered":"Akubadaura: Att utkr\u00e4va r\u00e4ttigheter i tider av konflikt och ovisshet"},"content":{"rendered":"<div id=\"attachment_2842\" style=\"width: 661px\" class=\"wp-caption alignleft\"><img loading=\"lazy\" decoding=\"async\" aria-describedby=\"caption-attachment-2842\" class=\"wp-image-2842\" src=\"http:\/\/mrfonden.se\/wp-content\/uploads\/2024\/11\/akubadaura-workshop-2-760x507.jpg\" alt=\"\" width=\"651\" height=\"434\" srcset=\"https:\/\/mrfonden.se\/wp-content\/uploads\/2024\/11\/akubadaura-workshop-2-760x507.jpg 760w, https:\/\/mrfonden.se\/wp-content\/uploads\/2024\/11\/akubadaura-workshop-2-1520x1013.jpg 1520w, https:\/\/mrfonden.se\/wp-content\/uploads\/2024\/11\/akubadaura-workshop-2-768x512.jpg 768w, https:\/\/mrfonden.se\/wp-content\/uploads\/2024\/11\/akubadaura-workshop-2-1536x1024.jpg 1536w, https:\/\/mrfonden.se\/wp-content\/uploads\/2024\/11\/akubadaura-workshop-2-2048x1365.jpg 2048w, https:\/\/mrfonden.se\/wp-content\/uploads\/2024\/11\/akubadaura-workshop-2-87x58.jpg 87w\" sizes=\"auto, (max-width: 651px) 100vw, 651px\" \/><p id=\"caption-attachment-2842\" class=\"wp-caption-text\">Bild fr\u00e5n en av Akubadauras workshops<\/p><\/div>\n<p>V\u00e5r samarbetspartner Akubadaura \u00e4r en ideell organisation verksam i Colombia som bildades 2012 f\u00f6r att hj\u00e4lpa urfolksbefolkningar utveckla sitt sj\u00e4lvstyre. Namnet \u00e4r fr\u00e5n spr\u00e5ket Ember\u00e1 Cham\u00ed och betyder \u201chj\u00e4lpare\u201d. Namnet belyser organisationens uppdrag och \u00e5tagande, vilket \u00e4r att hj\u00e4lpa och st\u00f6dja urfolk i olika r\u00e4ttsliga situationer, fr\u00e5n \u00e5terl\u00e4mnande av mark till ans\u00f6kan och utf\u00e4rdande av skydds\u00e5tg\u00e4rder. Syftet med arbetet \u00e4r att st\u00f6tta och st\u00e4rka urfolkssamh\u00e4llets kapacitet att delta i beslut som ber\u00f6r dem och hitta l\u00f6sningar f\u00f6r de komplexa utmaningar som de st\u00e5r inf\u00f6r. S\u00e4rskilt fokus ligger p\u00e5 implementeringen av fritt och informerat samf\u00f6rst\u00e5nd och j\u00e4mst\u00e4lldhet. Akubadauras arbete bidrar att \u00f6ka urbefolkningens inkludering i politiska beslut d\u00e4r deras perspektiv, kultur och traditioner\u00a0 \u00a0respekteras i processen.<\/p>\n<p>Emberas-reservaten Chidima Tolo och Pescadito i Acand\u00ed \u00e4r s\u00e4rskilt drabbade av olika turbulenta omst\u00e4ndigheter. F\u00f6rutom en avsaknad av statliga institutioner och formell ekonomi befinner sig samh\u00e4llena i omr\u00e5det <a href=\"https:\/\/www.theguardian.com\/us-news\/2024\/jan\/03\/record-half-million-people-crossed-darien-gap-2023\">el Tap\u00f3n de la Selva del Dari\u00e9n<\/a>, vid gr\u00e4nsen till Panama, som \u00e4r kontrollerad av den paramilit\u00e4ra gruppen Autodefensas Gaitanistas de Colombia (AGC), och d\u00e4r m\u00e5nga personer fr\u00e5n olika nationaliteter riskerar livet f\u00f6r att korsa gr\u00e4nsen med f\u00f6rhoppningen att n\u00e5 USA. Alla dessa faktorer f\u00f6rst\u00e4rker samh\u00e4llets exponering f\u00f6r sociala, kulturella, milj\u00f6- och s\u00e4kerhetsm\u00e4ssiga konsekvenser som f\u00f6rsv\u00e5rar deras organisatoriska processer.<\/p>\n<p>\u201dUnder Akubadauras resa har v\u00e5rt team bevittnat den anm\u00e4rkningsv\u00e4rda avsaknaden av institutionell n\u00e4rvaro i omr\u00e5det, vilket resulterar i en begr\u00e4nsad kapacitet att m\u00f6ta befolkningens grundl\u00e4ggande behov. F\u00f6r samh\u00e4llena Chidima Tolo och Pescadito \u00e4r f\u00f6rsvaret av deras territorium avg\u00f6rande ur tv\u00e5 perspektiv, det politiska och det territoriella. Inom det f\u00f6rsta har vi gjort betydande framsteg genom att samla in nyckelinformation f\u00f6r juridiska \u00e5tg\u00e4rder, vilket g\u00f6r det m\u00f6jligt f\u00f6r oss att analysera risker och behov av organisationsst\u00e4rkande insatser\u201d<br \/>\nLina Marcela Tob\u00f3n Yaguari, Generalsekreterare f\u00f6r Akubadaura.<\/p>\n<p>Akubaduaras st\u00f6d och medf\u00f6ljning till denna urfolksgrupp inneb\u00e4r att lokalbefolkningens egna f\u00f6ruts\u00e4ttningar, tro och kapacitet respekteras och \u00e4r styrande i hur projekten utformas.<\/p>\n<p>\u201dMed st\u00f6d fr\u00e5n Fonden f\u00f6r m\u00e4nskliga r\u00e4ttigheter, st\u00e4rker vi det juridiska st\u00f6det och r\u00e5dgivningen till ursprungssamh\u00e4llena i Choc\u00f3.\u00a0 St\u00f6det ska gynna tre huvudsakliga resultat: st\u00e4rka ledarskapsf\u00f6rm\u00e5gan hos samh\u00e4llsmedlemmar, i synnerhet hos kvinnor och unga;\u00a0 framst\u00e4lla en livsplan* \u00a0som h\u00e4rr\u00f6r fr\u00e5n sociala ledarens deltagande; och\u00a0 identifiera en juridisk uppf\u00f6ljningsv\u00e4g f\u00f6r att kr\u00e4va ut\u00a0 deras r\u00e4ttigheter, s\u00e4rskilt i skyddet av territoriet, med sikte p\u00e5 utvidgning, sanering av territorier och f\u00f6rtydligande av samh\u00e4llets \u00e4gander\u00e4tt \u00f6ver territorier, i linje med rekommendationen fr\u00e5n ILO i 2009\u201d \u00a0Lina Marcela Tob\u00f3n Yaguari, Generalsekreterare f\u00f6r Akubadaura<\/p>\n<p>Genom att \u00f6ka samh\u00e4llets kapacitetsutveckling i fr\u00e5gor som r\u00e4tten till territorium, urfolksr\u00e4ttigheter, kvinnors politiska deltagande, nationell lagstiftning och \u00f6verenskommelser fr\u00e5n fredsavtalet 2016 f\u00e5r samh\u00e4llet verktyg f\u00f6r att utkr\u00e4va sina r\u00e4ttigheter p\u00e5 ett mer effektivt s\u00e4tt. F\u00f6rutom ekonomiskt bist\u00e5nd har Fonden f\u00f6r m\u00e4nskliga r\u00e4ttigheter st\u00f6ttat Akubadaura med tematisk och teknisk kunskap. Genom detta samarbete kan Akubadaura fullf\u00f6lja sitt historiska uppdrag att st\u00e4rka urbefolkningen Ember\u00e1s motst\u00e5ndskraft mobilisering.<\/p>\n<div class=\"embed-responsive embed-responsive-16by9\"><div class=\"iframe-container\"><iframe loading=\"lazy\" class=\"embed-responsive-item\"  title=\"Gobernabilidad en Chidima y Pescadito\" width=\"660\" height=\"371\" src=\"https:\/\/www.youtube.com\/embed\/p3VczZxnM4g?feature=oembed&#038;rel=0&#038;controls=1&#038;showinfo=0&#038;modestbranding=1&#038;\" frameborder=\"0\" allow=\"accelerometer; autoplay; clipboard-write; encrypted-media; gyroscope; picture-in-picture; web-share\" referrerpolicy=\"strict-origin-when-cross-origin\" allowfullscreen><\/iframe><\/div><\/div>\n<p>&nbsp;<\/p>\n<p>&nbsp;<\/p>\n<p>&nbsp;<\/p>\n<p>&nbsp;<\/p>\n<p>&nbsp;<\/p>\n<p>&nbsp;<\/p>\n<p>&nbsp;<\/p>\n<p>&nbsp;<\/p>\n<p>&nbsp;<\/p>","protected":false},"excerpt":{"rendered":"<p>V\u00e5r samarbetspartner Akubadaura \u00e4r en ideell organisation verksam i Colombia som bildades 2012 f\u00f6r att hj\u00e4lpa urfolksbefolkningar utveckla &hellip;<\/p>","protected":false},"author":4,"featured_media":2842,"parent":403,"menu_order":9,"comment_status":"closed","ping_status":"closed","template":"","meta":{"_acf_changed":false,"footnotes":""},"class_list":["post-2841","page","type-page","status-publish","has-post-thumbnail","hentry"],"acf":[],"yoast_head":"<title>Akubadaura: Att utkr\u00e4va r\u00e4ttigheter i tider av konflikt och ovisshet - Fonden f\u00f6r m\u00e4nskliga r\u00e4ttigheter (MR-Fonden)<\/title>\n<meta name=\"robots\" content=\"index, follow, max-snippet:-1, max-image-preview:large, max-video-preview:-1\" \/>\n<link rel=\"canonical\" href=\"https:\/\/mrfonden.se\/en\/vart-arbete\/overgangsrattvisa\/colombia\/mr-fondens-arbete-med-urfolkskollektivet-akubadaura-i-colombia\/\" \/>\n<meta property=\"og:locale\" content=\"en_US\" \/>\n<meta property=\"og:type\" content=\"article\" \/>\n<meta property=\"og:title\" content=\"Akubadaura: Att utkr\u00e4va r\u00e4ttigheter i tider av konflikt och ovisshet - Fonden f\u00f6r m\u00e4nskliga r\u00e4ttigheter (MR-Fonden)\" \/>\n<meta property=\"og:description\" content=\"V\u00e5r samarbetspartner Akubadaura \u00e4r en ideell organisation verksam i Colombia som bildades 2012 f\u00f6r att hj\u00e4lpa urfolksbefolkningar utveckla &hellip;\" \/>\n<meta property=\"og:url\" content=\"https:\/\/mrfonden.se\/en\/vart-arbete\/overgangsrattvisa\/colombia\/mr-fondens-arbete-med-urfolkskollektivet-akubadaura-i-colombia\/\" \/>\n<meta property=\"og:site_name\" content=\"Fonden f\u00f6r m\u00e4nskliga r\u00e4ttigheter (MR-Fonden)\" \/>\n<meta property=\"article:modified_time\" content=\"2026-02-02T15:44:18+00:00\" \/>\n<meta property=\"og:image\" content=\"http:\/\/mrfonden.se\/wp-content\/uploads\/2024\/11\/akubadaura-workshop-2-scaled.jpg\" \/>\n\t<meta property=\"og:image:width\" content=\"2560\" \/>\n\t<meta property=\"og:image:height\" content=\"1707\" \/>\n\t<meta property=\"og:image:type\" content=\"image\/jpeg\" \/>\n<meta name=\"twitter:card\" content=\"summary_large_image\" \/>\n<meta name=\"twitter:label1\" content=\"Est. reading time\" \/>\n\t<meta name=\"twitter:data1\" content=\"3 minutes\" \/>\n<script type=\"application\/ld+json\" class=\"yoast-schema-graph\">{\"@context\":\"https:\/\/schema.org\",\"@graph\":[{\"@type\":\"WebPage\",\"@id\":\"https:\/\/mrfonden.se\/vart-arbete\/overgangsrattvisa\/colombia\/mr-fondens-arbete-med-urfolkskollektivet-akubadaura-i-colombia\/\",\"url\":\"https:\/\/mrfonden.se\/vart-arbete\/overgangsrattvisa\/colombia\/mr-fondens-arbete-med-urfolkskollektivet-akubadaura-i-colombia\/\",\"name\":\"Akubadaura: Att utkr\u00e4va r\u00e4ttigheter i tider av konflikt och ovisshet - Fonden f\u00f6r m\u00e4nskliga r\u00e4ttigheter (MR-Fonden)\",\"isPartOf\":{\"@id\":\"https:\/\/mrfonden.se\/#website\"},\"primaryImageOfPage\":{\"@id\":\"https:\/\/mrfonden.se\/vart-arbete\/overgangsrattvisa\/colombia\/mr-fondens-arbete-med-urfolkskollektivet-akubadaura-i-colombia\/#primaryimage\"},\"image\":{\"@id\":\"https:\/\/mrfonden.se\/vart-arbete\/overgangsrattvisa\/colombia\/mr-fondens-arbete-med-urfolkskollektivet-akubadaura-i-colombia\/#primaryimage\"},\"thumbnailUrl\":\"https:\/\/mrfonden.se\/wp-content\/uploads\/2024\/11\/akubadaura-workshop-2-scaled.jpg\",\"datePublished\":\"2024-11-27T12:48:49+00:00\",\"dateModified\":\"2026-02-02T15:44:18+00:00\",\"breadcrumb\":{\"@id\":\"https:\/\/mrfonden.se\/vart-arbete\/overgangsrattvisa\/colombia\/mr-fondens-arbete-med-urfolkskollektivet-akubadaura-i-colombia\/#breadcrumb\"},\"inLanguage\":\"en-US\",\"potentialAction\":[{\"@type\":\"ReadAction\",\"target\":[\"https:\/\/mrfonden.se\/vart-arbete\/overgangsrattvisa\/colombia\/mr-fondens-arbete-med-urfolkskollektivet-akubadaura-i-colombia\/\"]}]},{\"@type\":\"ImageObject\",\"inLanguage\":\"en-US\",\"@id\":\"https:\/\/mrfonden.se\/vart-arbete\/overgangsrattvisa\/colombia\/mr-fondens-arbete-med-urfolkskollektivet-akubadaura-i-colombia\/#primaryimage\",\"url\":\"https:\/\/mrfonden.se\/wp-content\/uploads\/2024\/11\/akubadaura-workshop-2-scaled.jpg\",\"contentUrl\":\"https:\/\/mrfonden.se\/wp-content\/uploads\/2024\/11\/akubadaura-workshop-2-scaled.jpg\",\"width\":2560,\"height\":1707},{\"@type\":\"BreadcrumbList\",\"@id\":\"https:\/\/mrfonden.se\/vart-arbete\/overgangsrattvisa\/colombia\/mr-fondens-arbete-med-urfolkskollektivet-akubadaura-i-colombia\/#breadcrumb\",\"itemListElement\":[{\"@type\":\"ListItem\",\"position\":1,\"name\":\"Hem\",\"item\":\"https:\/\/mrfonden.se\/\"},{\"@type\":\"ListItem\",\"position\":2,\"name\":\"V\u00e5rt arbete\",\"item\":\"https:\/\/mrfonden.se\/vart-arbete\/\"},{\"@type\":\"ListItem\",\"position\":3,\"name\":\"\u00d6verg\u00e5ngsr\u00e4ttvisa\",\"item\":\"https:\/\/mrfonden.se\/vart-arbete\/overgangsrattvisa\/\"},{\"@type\":\"ListItem\",\"position\":4,\"name\":\"Colombia\",\"item\":\"https:\/\/mrfonden.se\/vart-arbete\/overgangsrattvisa\/colombia\/\"},{\"@type\":\"ListItem\",\"position\":5,\"name\":\"Akubadaura: Att utkr\u00e4va r\u00e4ttigheter i tider av konflikt och ovisshet\"}]},{\"@type\":\"WebSite\",\"@id\":\"https:\/\/mrfonden.se\/#website\",\"url\":\"https:\/\/mrfonden.se\/\",\"name\":\"Fonden f\u00f6r m\u00e4nskliga r\u00e4ttigheter (MR-Fonden)\",\"description\":\"\",\"potentialAction\":[{\"@type\":\"SearchAction\",\"target\":{\"@type\":\"EntryPoint\",\"urlTemplate\":\"https:\/\/mrfonden.se\/?s={search_term_string}\"},\"query-input\":{\"@type\":\"PropertyValueSpecification\",\"valueRequired\":true,\"valueName\":\"search_term_string\"}}],\"inLanguage\":\"en-US\"}]}<\/script>","yoast_head_json":{"title":"Akubadaura: Att utkr\u00e4va r\u00e4ttigheter i tider av konflikt och ovisshet - Fonden f\u00f6r m\u00e4nskliga r\u00e4ttigheter (MR-Fonden)","robots":{"index":"index","follow":"follow","max-snippet":"max-snippet:-1","max-image-preview":"max-image-preview:large","max-video-preview":"max-video-preview:-1"},"canonical":"https:\/\/mrfonden.se\/en\/vart-arbete\/overgangsrattvisa\/colombia\/mr-fondens-arbete-med-urfolkskollektivet-akubadaura-i-colombia\/","og_locale":"en_US","og_type":"article","og_title":"Akubadaura: Att utkr\u00e4va r\u00e4ttigheter i tider av konflikt och ovisshet - Fonden f\u00f6r m\u00e4nskliga r\u00e4ttigheter (MR-Fonden)","og_description":"V\u00e5r samarbetspartner Akubadaura \u00e4r en ideell organisation verksam i Colombia som bildades 2012 f\u00f6r att hj\u00e4lpa urfolksbefolkningar utveckla &hellip;","og_url":"https:\/\/mrfonden.se\/en\/vart-arbete\/overgangsrattvisa\/colombia\/mr-fondens-arbete-med-urfolkskollektivet-akubadaura-i-colombia\/","og_site_name":"Fonden f\u00f6r m\u00e4nskliga r\u00e4ttigheter (MR-Fonden)","article_modified_time":"2026-02-02T15:44:18+00:00","og_image":[{"width":2560,"height":1707,"url":"http:\/\/mrfonden.se\/wp-content\/uploads\/2024\/11\/akubadaura-workshop-2-scaled.jpg","type":"image\/jpeg"}],"twitter_card":"summary_large_image","twitter_misc":{"Est. reading time":"3 minutes"},"schema":{"@context":"https:\/\/schema.org","@graph":[{"@type":"WebPage","@id":"https:\/\/mrfonden.se\/vart-arbete\/overgangsrattvisa\/colombia\/mr-fondens-arbete-med-urfolkskollektivet-akubadaura-i-colombia\/","url":"https:\/\/mrfonden.se\/vart-arbete\/overgangsrattvisa\/colombia\/mr-fondens-arbete-med-urfolkskollektivet-akubadaura-i-colombia\/","name":"Akubadaura: Att utkr\u00e4va r\u00e4ttigheter i tider av konflikt och ovisshet - Fonden f\u00f6r m\u00e4nskliga r\u00e4ttigheter (MR-Fonden)","isPartOf":{"@id":"https:\/\/mrfonden.se\/#website"},"primaryImageOfPage":{"@id":"https:\/\/mrfonden.se\/vart-arbete\/overgangsrattvisa\/colombia\/mr-fondens-arbete-med-urfolkskollektivet-akubadaura-i-colombia\/#primaryimage"},"image":{"@id":"https:\/\/mrfonden.se\/vart-arbete\/overgangsrattvisa\/colombia\/mr-fondens-arbete-med-urfolkskollektivet-akubadaura-i-colombia\/#primaryimage"},"thumbnailUrl":"https:\/\/mrfonden.se\/wp-content\/uploads\/2024\/11\/akubadaura-workshop-2-scaled.jpg","datePublished":"2024-11-27T12:48:49+00:00","dateModified":"2026-02-02T15:44:18+00:00","breadcrumb":{"@id":"https:\/\/mrfonden.se\/vart-arbete\/overgangsrattvisa\/colombia\/mr-fondens-arbete-med-urfolkskollektivet-akubadaura-i-colombia\/#breadcrumb"},"inLanguage":"en-US","potentialAction":[{"@type":"ReadAction","target":["https:\/\/mrfonden.se\/vart-arbete\/overgangsrattvisa\/colombia\/mr-fondens-arbete-med-urfolkskollektivet-akubadaura-i-colombia\/"]}]},{"@type":"ImageObject","inLanguage":"en-US","@id":"https:\/\/mrfonden.se\/vart-arbete\/overgangsrattvisa\/colombia\/mr-fondens-arbete-med-urfolkskollektivet-akubadaura-i-colombia\/#primaryimage","url":"https:\/\/mrfonden.se\/wp-content\/uploads\/2024\/11\/akubadaura-workshop-2-scaled.jpg","contentUrl":"https:\/\/mrfonden.se\/wp-content\/uploads\/2024\/11\/akubadaura-workshop-2-scaled.jpg","width":2560,"height":1707},{"@type":"BreadcrumbList","@id":"https:\/\/mrfonden.se\/vart-arbete\/overgangsrattvisa\/colombia\/mr-fondens-arbete-med-urfolkskollektivet-akubadaura-i-colombia\/#breadcrumb","itemListElement":[{"@type":"ListItem","position":1,"name":"Hem","item":"https:\/\/mrfonden.se\/"},{"@type":"ListItem","position":2,"name":"V\u00e5rt arbete","item":"https:\/\/mrfonden.se\/vart-arbete\/"},{"@type":"ListItem","position":3,"name":"\u00d6verg\u00e5ngsr\u00e4ttvisa","item":"https:\/\/mrfonden.se\/vart-arbete\/overgangsrattvisa\/"},{"@type":"ListItem","position":4,"name":"Colombia","item":"https:\/\/mrfonden.se\/vart-arbete\/overgangsrattvisa\/colombia\/"},{"@type":"ListItem","position":5,"name":"Akubadaura: Att utkr\u00e4va r\u00e4ttigheter i tider av konflikt och ovisshet"}]},{"@type":"WebSite","@id":"https:\/\/mrfonden.se\/#website","url":"https:\/\/mrfonden.se\/","name":"Fonden f\u00f6r m\u00e4nskliga r\u00e4ttigheter (MR-Fonden)","description":"","potentialAction":[{"@type":"SearchAction","target":{"@type":"EntryPoint","urlTemplate":"https:\/\/mrfonden.se\/?s={search_term_string}"},"query-input":{"@type":"PropertyValueSpecification","valueRequired":true,"valueName":"search_term_string"}}],"inLanguage":"en-US"}]}},"_links":{"self":[{"href":"https:\/\/mrfonden.se\/en\/wp-json\/wp\/v2\/pages\/2841","targetHints":{"allow":["GET"]}}],"collection":[{"href":"https:\/\/mrfonden.se\/en\/wp-json\/wp\/v2\/pages"}],"about":[{"href":"https:\/\/mrfonden.se\/en\/wp-json\/wp\/v2\/types\/page"}],"author":[{"embeddable":true,"href":"https:\/\/mrfonden.se\/en\/wp-json\/wp\/v2\/users\/4"}],"replies":[{"embeddable":true,"href":"https:\/\/mrfonden.se\/en\/wp-json\/wp\/v2\/comments?post=2841"}],"version-history":[{"count":8,"href":"https:\/\/mrfonden.se\/en\/wp-json\/wp\/v2\/pages\/2841\/revisions"}],"predecessor-version":[{"id":2850,"href":"https:\/\/mrfonden.se\/en\/wp-json\/wp\/v2\/pages\/2841\/revisions\/2850"}],"up":[{"embeddable":true,"href":"https:\/\/mrfonden.se\/en\/wp-json\/wp\/v2\/pages\/403"}],"wp:featuredmedia":[{"embeddable":true,"href":"https:\/\/mrfonden.se\/en\/wp-json\/wp\/v2\/media\/2842"}],"wp:attachment":[{"href":"https:\/\/mrfonden.se\/en\/wp-json\/wp\/v2\/media?parent=2841"}],"curies":[{"name":"wp","href":"https:\/\/api.w.org\/{rel}","templated":true}]}}