{"id":2812,"date":"2011-01-01T17:38:52","date_gmt":"2011-01-01T16:38:52","guid":{"rendered":"https:\/\/mrfonden.se\/?page_id=2812"},"modified":"2026-03-30T13:40:17","modified_gmt":"2026-03-30T11:40:17","slug":"ostra-europa","status":"publish","type":"page","link":"https:\/\/mrfonden.se\/en\/vart-arbete\/overgangsrattvisa\/ostra-europa\/","title":{"rendered":"Eastern Europe"},"content":{"rendered":"<p>The Swedish Foundation for Human Rights collaborates with civil society organisations in Eastern Europe with the aim of strengthening human rights, promoting accountability and justice, and creating conditions for transitional justice.<\/p>\n<p><img loading=\"lazy\" decoding=\"async\" class=\"alignnone size-full wp-image-2814\" src=\"http:\/\/mrfonden.se\/wp-content\/uploads\/2024\/11\/karta-gratis.jpg\" alt=\"\" width=\"744\" height=\"528\" srcset=\"https:\/\/mrfonden.se\/wp-content\/uploads\/2024\/11\/karta-gratis.jpg 744w, https:\/\/mrfonden.se\/wp-content\/uploads\/2024\/11\/karta-gratis-82x58.jpg 82w\" sizes=\"auto, (max-width: 744px) 100vw, 744px\" \/><\/p>\n<h3><strong>Partnerships for Transitional Justice: Bridging Divides in Armenia, Moldova and Sweden.\u00a0<\/strong><\/h3>\n<p><span data-contrast=\"auto\">During 2025-2027, the Swedish Foundation for Human Rights is implementing a project in collaboration with the Armenian organisation Armenian UN Association (AUNA) and the Moldovan organisation The Centre for Analysis and Prevention of Corruption (CAPC). The aim of the project is to create conditions for knowledge exchange between Sweden, Armenia and Moldova, with a focus on transitional justice, in order to support democratic reforms, protect human rights and strengthen processes for EU accession. The initiative is funded by the Swedish Institute (SI) and is part of the SI Baltic Sea Neighbourhood Programme.<\/span><\/p>","protected":false},"excerpt":{"rendered":"<p>MR-Fonden samarbetar med civilsamh\u00e4llesorganisationer i \u00d6stra Europa i syfte att st\u00e4rka m\u00e4nskliga r\u00e4ttigheter, fr\u00e4mja ansvarsutkr\u00e4vande och r\u00e4ttvisa, samt &hellip;<\/p>","protected":false},"author":7,"featured_media":0,"parent":16,"menu_order":101,"comment_status":"closed","ping_status":"closed","template":"","meta":{"_acf_changed":false,"footnotes":""},"class_list":["post-2812","page","type-page","status-publish","hentry"],"acf":[],"yoast_head":"<title>\u00d6stra Europa - Fonden f\u00f6r m\u00e4nskliga r\u00e4ttigheter (MR-Fonden)<\/title>\n<meta name=\"robots\" content=\"index, follow, max-snippet:-1, max-image-preview:large, max-video-preview:-1\" \/>\n<link rel=\"canonical\" href=\"https:\/\/mrfonden.se\/en\/vart-arbete\/overgangsrattvisa\/ostra-europa\/\" \/>\n<meta property=\"og:locale\" content=\"en_US\" \/>\n<meta property=\"og:type\" content=\"article\" \/>\n<meta property=\"og:title\" content=\"\u00d6stra Europa - Fonden f\u00f6r m\u00e4nskliga r\u00e4ttigheter (MR-Fonden)\" \/>\n<meta property=\"og:description\" content=\"MR-Fonden samarbetar med civilsamh\u00e4llesorganisationer i \u00d6stra Europa i syfte att st\u00e4rka m\u00e4nskliga r\u00e4ttigheter, fr\u00e4mja ansvarsutkr\u00e4vande och r\u00e4ttvisa, samt &hellip;\" \/>\n<meta property=\"og:url\" content=\"https:\/\/mrfonden.se\/en\/vart-arbete\/overgangsrattvisa\/ostra-europa\/\" \/>\n<meta property=\"og:site_name\" content=\"Fonden f\u00f6r m\u00e4nskliga r\u00e4ttigheter (MR-Fonden)\" \/>\n<meta property=\"article:modified_time\" content=\"2026-03-30T11:40:17+00:00\" \/>\n<meta property=\"og:image\" content=\"https:\/\/mrfonden.se\/wp-content\/uploads\/2024\/11\/karta-gratis.jpg\" \/>\n\t<meta property=\"og:image:width\" content=\"744\" \/>\n\t<meta property=\"og:image:height\" content=\"528\" \/>\n\t<meta property=\"og:image:type\" content=\"image\/jpeg\" \/>\n<meta name=\"twitter:card\" content=\"summary_large_image\" \/>\n<meta name=\"twitter:label1\" content=\"Est. reading time\" \/>\n\t<meta name=\"twitter:data1\" content=\"1 minute\" \/>\n<script type=\"application\/ld+json\" class=\"yoast-schema-graph\">{\"@context\":\"https:\/\/schema.org\",\"@graph\":[{\"@type\":\"WebPage\",\"@id\":\"https:\/\/mrfonden.se\/vart-arbete\/overgangsrattvisa\/ostra-europa\/\",\"url\":\"https:\/\/mrfonden.se\/vart-arbete\/overgangsrattvisa\/ostra-europa\/\",\"name\":\"\u00d6stra Europa - Fonden f\u00f6r m\u00e4nskliga r\u00e4ttigheter (MR-Fonden)\",\"isPartOf\":{\"@id\":\"https:\/\/mrfonden.se\/#website\"},\"primaryImageOfPage\":{\"@id\":\"https:\/\/mrfonden.se\/vart-arbete\/overgangsrattvisa\/ostra-europa\/#primaryimage\"},\"image\":{\"@id\":\"https:\/\/mrfonden.se\/vart-arbete\/overgangsrattvisa\/ostra-europa\/#primaryimage\"},\"thumbnailUrl\":\"http:\/\/mrfonden.se\/wp-content\/uploads\/2024\/11\/karta-gratis.jpg\",\"datePublished\":\"2011-01-01T16:38:52+00:00\",\"dateModified\":\"2026-03-30T11:40:17+00:00\",\"breadcrumb\":{\"@id\":\"https:\/\/mrfonden.se\/vart-arbete\/overgangsrattvisa\/ostra-europa\/#breadcrumb\"},\"inLanguage\":\"en-US\",\"potentialAction\":[{\"@type\":\"ReadAction\",\"target\":[\"https:\/\/mrfonden.se\/vart-arbete\/overgangsrattvisa\/ostra-europa\/\"]}]},{\"@type\":\"ImageObject\",\"inLanguage\":\"en-US\",\"@id\":\"https:\/\/mrfonden.se\/vart-arbete\/overgangsrattvisa\/ostra-europa\/#primaryimage\",\"url\":\"http:\/\/mrfonden.se\/wp-content\/uploads\/2024\/11\/karta-gratis.jpg\",\"contentUrl\":\"http:\/\/mrfonden.se\/wp-content\/uploads\/2024\/11\/karta-gratis.jpg\"},{\"@type\":\"BreadcrumbList\",\"@id\":\"https:\/\/mrfonden.se\/vart-arbete\/overgangsrattvisa\/ostra-europa\/#breadcrumb\",\"itemListElement\":[{\"@type\":\"ListItem\",\"position\":1,\"name\":\"Hem\",\"item\":\"https:\/\/mrfonden.se\/\"},{\"@type\":\"ListItem\",\"position\":2,\"name\":\"V\u00e5rt arbete\",\"item\":\"https:\/\/mrfonden.se\/vart-arbete\/\"},{\"@type\":\"ListItem\",\"position\":3,\"name\":\"\u00d6verg\u00e5ngsr\u00e4ttvisa\",\"item\":\"https:\/\/mrfonden.se\/vart-arbete\/overgangsrattvisa\/\"},{\"@type\":\"ListItem\",\"position\":4,\"name\":\"\u00d6stra Europa\"}]},{\"@type\":\"WebSite\",\"@id\":\"https:\/\/mrfonden.se\/#website\",\"url\":\"https:\/\/mrfonden.se\/\",\"name\":\"Fonden f\u00f6r m\u00e4nskliga r\u00e4ttigheter (MR-Fonden)\",\"description\":\"\",\"potentialAction\":[{\"@type\":\"SearchAction\",\"target\":{\"@type\":\"EntryPoint\",\"urlTemplate\":\"https:\/\/mrfonden.se\/?s={search_term_string}\"},\"query-input\":{\"@type\":\"PropertyValueSpecification\",\"valueRequired\":true,\"valueName\":\"search_term_string\"}}],\"inLanguage\":\"en-US\"}]}<\/script>","yoast_head_json":{"title":"\u00d6stra Europa - Fonden f\u00f6r m\u00e4nskliga r\u00e4ttigheter (MR-Fonden)","robots":{"index":"index","follow":"follow","max-snippet":"max-snippet:-1","max-image-preview":"max-image-preview:large","max-video-preview":"max-video-preview:-1"},"canonical":"https:\/\/mrfonden.se\/en\/vart-arbete\/overgangsrattvisa\/ostra-europa\/","og_locale":"en_US","og_type":"article","og_title":"\u00d6stra Europa - Fonden f\u00f6r m\u00e4nskliga r\u00e4ttigheter (MR-Fonden)","og_description":"MR-Fonden samarbetar med civilsamh\u00e4llesorganisationer i \u00d6stra Europa i syfte att st\u00e4rka m\u00e4nskliga r\u00e4ttigheter, fr\u00e4mja ansvarsutkr\u00e4vande och r\u00e4ttvisa, samt &hellip;","og_url":"https:\/\/mrfonden.se\/en\/vart-arbete\/overgangsrattvisa\/ostra-europa\/","og_site_name":"Fonden f\u00f6r m\u00e4nskliga r\u00e4ttigheter (MR-Fonden)","article_modified_time":"2026-03-30T11:40:17+00:00","og_image":[{"width":744,"height":528,"url":"https:\/\/mrfonden.se\/wp-content\/uploads\/2024\/11\/karta-gratis.jpg","type":"image\/jpeg"}],"twitter_card":"summary_large_image","twitter_misc":{"Est. reading time":"1 minute"},"schema":{"@context":"https:\/\/schema.org","@graph":[{"@type":"WebPage","@id":"https:\/\/mrfonden.se\/vart-arbete\/overgangsrattvisa\/ostra-europa\/","url":"https:\/\/mrfonden.se\/vart-arbete\/overgangsrattvisa\/ostra-europa\/","name":"\u00d6stra Europa - Fonden f\u00f6r m\u00e4nskliga r\u00e4ttigheter (MR-Fonden)","isPartOf":{"@id":"https:\/\/mrfonden.se\/#website"},"primaryImageOfPage":{"@id":"https:\/\/mrfonden.se\/vart-arbete\/overgangsrattvisa\/ostra-europa\/#primaryimage"},"image":{"@id":"https:\/\/mrfonden.se\/vart-arbete\/overgangsrattvisa\/ostra-europa\/#primaryimage"},"thumbnailUrl":"http:\/\/mrfonden.se\/wp-content\/uploads\/2024\/11\/karta-gratis.jpg","datePublished":"2011-01-01T16:38:52+00:00","dateModified":"2026-03-30T11:40:17+00:00","breadcrumb":{"@id":"https:\/\/mrfonden.se\/vart-arbete\/overgangsrattvisa\/ostra-europa\/#breadcrumb"},"inLanguage":"en-US","potentialAction":[{"@type":"ReadAction","target":["https:\/\/mrfonden.se\/vart-arbete\/overgangsrattvisa\/ostra-europa\/"]}]},{"@type":"ImageObject","inLanguage":"en-US","@id":"https:\/\/mrfonden.se\/vart-arbete\/overgangsrattvisa\/ostra-europa\/#primaryimage","url":"http:\/\/mrfonden.se\/wp-content\/uploads\/2024\/11\/karta-gratis.jpg","contentUrl":"http:\/\/mrfonden.se\/wp-content\/uploads\/2024\/11\/karta-gratis.jpg"},{"@type":"BreadcrumbList","@id":"https:\/\/mrfonden.se\/vart-arbete\/overgangsrattvisa\/ostra-europa\/#breadcrumb","itemListElement":[{"@type":"ListItem","position":1,"name":"Hem","item":"https:\/\/mrfonden.se\/"},{"@type":"ListItem","position":2,"name":"V\u00e5rt arbete","item":"https:\/\/mrfonden.se\/vart-arbete\/"},{"@type":"ListItem","position":3,"name":"\u00d6verg\u00e5ngsr\u00e4ttvisa","item":"https:\/\/mrfonden.se\/vart-arbete\/overgangsrattvisa\/"},{"@type":"ListItem","position":4,"name":"\u00d6stra Europa"}]},{"@type":"WebSite","@id":"https:\/\/mrfonden.se\/#website","url":"https:\/\/mrfonden.se\/","name":"Fonden f\u00f6r m\u00e4nskliga r\u00e4ttigheter (MR-Fonden)","description":"","potentialAction":[{"@type":"SearchAction","target":{"@type":"EntryPoint","urlTemplate":"https:\/\/mrfonden.se\/?s={search_term_string}"},"query-input":{"@type":"PropertyValueSpecification","valueRequired":true,"valueName":"search_term_string"}}],"inLanguage":"en-US"}]}},"_links":{"self":[{"href":"https:\/\/mrfonden.se\/en\/wp-json\/wp\/v2\/pages\/2812","targetHints":{"allow":["GET"]}}],"collection":[{"href":"https:\/\/mrfonden.se\/en\/wp-json\/wp\/v2\/pages"}],"about":[{"href":"https:\/\/mrfonden.se\/en\/wp-json\/wp\/v2\/types\/page"}],"author":[{"embeddable":true,"href":"https:\/\/mrfonden.se\/en\/wp-json\/wp\/v2\/users\/7"}],"replies":[{"embeddable":true,"href":"https:\/\/mrfonden.se\/en\/wp-json\/wp\/v2\/comments?post=2812"}],"version-history":[{"count":10,"href":"https:\/\/mrfonden.se\/en\/wp-json\/wp\/v2\/pages\/2812\/revisions"}],"predecessor-version":[{"id":3218,"href":"https:\/\/mrfonden.se\/en\/wp-json\/wp\/v2\/pages\/2812\/revisions\/3218"}],"up":[{"embeddable":true,"href":"https:\/\/mrfonden.se\/en\/wp-json\/wp\/v2\/pages\/16"}],"wp:attachment":[{"href":"https:\/\/mrfonden.se\/en\/wp-json\/wp\/v2\/media?parent=2812"}],"curies":[{"name":"wp","href":"https:\/\/api.w.org\/{rel}","templated":true}]}}