{"id":2769,"date":"2024-10-22T16:26:10","date_gmt":"2024-10-22T14:26:10","guid":{"rendered":"https:\/\/mrfonden.se\/?page_id=2769"},"modified":"2026-02-02T16:43:21","modified_gmt":"2026-02-02T15:43:21","slug":"mr-fondens-stod-till-wiwas-urbefolkning-i-sierra-nevada-colombia","status":"publish","type":"page","link":"https:\/\/mrfonden.se\/en\/vart-arbete\/overgangsrattvisa\/colombia\/mr-fondens-stod-till-wiwas-urbefolkning-i-sierra-nevada-colombia\/","title":{"rendered":"MR-Fondens st\u00f6d till Wiwas urbefolkning i Sierra Nevada, Colombia"},"content":{"rendered":"<div class=\"embed-responsive embed-responsive-16by9\"><div class=\"iframe-container\"><iframe loading=\"lazy\" class=\"embed-responsive-item\"  title=\"Cajars st\u00f6d till Wiwas samh\u00e4lle\" width=\"660\" height=\"371\" src=\"https:\/\/www.youtube.com\/embed\/Qa4Apyyyg98?start=3&#038;feature=oembed\" frameborder=\"0\" allow=\"accelerometer; autoplay; clipboard-write; encrypted-media; gyroscope; picture-in-picture; web-share\" referrerpolicy=\"strict-origin-when-cross-origin\" allowfullscreen><\/iframe><\/div><\/div>\n<p>Wiwa-folket \u00e4r ett av de ursprungsfolk som lever i Sierra Nevada de Santa Marta i Colombia. De \u00e4r k\u00e4nda f\u00f6r sin starka koppling till naturen och sina traditionella s\u00e4tt att leva, som inkluderar jordbruk, fiske och hantverk. De k\u00e4mpar idag f\u00f6r att bevara sina traditioner och skydda sin livsmilj\u00f6 mot moderna hot, samtidigt som de st\u00e5r inf\u00f6r utmaningar relaterade till landkonflikter och klimatf\u00f6r\u00e4ndringar.<\/p>\n<p>Mellan 2002 och 2003 utsattes Wiwa-befolkningen f\u00f6r allvarliga konflikter kopplade till v\u00e4pnade grupper och droghandel i Sierra Nevada de Santa Marta. Dessa konflikter resulterade i v\u00e5ld och f\u00f6rdrivning av m\u00e5nga Wiwa, vilket hotade deras traditionella livsstil och kultur. Deras mark och resurser blev \u00e4ven utsatta f\u00f6r exploatering, vilket f\u00f6rv\u00e4rrade situationen. Som en f\u00f6ljd av upprepade kr\u00e4nkningar av m\u00e4nskliga r\u00e4ttigheter minskar chanserna f\u00f6r fysisk och kulturell \u00f6verlevnad bland ursprungsfolken. Ungef\u00e4r 4 000 personer har f\u00f6rdrivits till Sierra Nevadas h\u00f6gsta toppar eller till st\u00e4der i Guajira och Cesar. Den interamerikanska kommissionen f\u00f6r m\u00e4nskliga r\u00e4ttigheter (IACHR) vidtog skydds\u00e5tg\u00e4rder f\u00f6r Wiwa-samh\u00e4llet 2005, men trots detta forts\u00e4tter de att drabbas av politiskt och konfliktrelaterat v\u00e5ld. Avsaknaden av utredningar och bristen p\u00e5 statliga s\u00e4kerhets\u00e5tg\u00e4rder f\u00f6r att skydda gemenskapen hindrar ocks\u00e5 r\u00e4ttvisa f\u00f6r konfliktoffren.<\/p>\n<p>Urbefolkningen i Colombia \u00e4r en av de mest utsatta grupperna, d\u00e4r deras r\u00e4ttigheter kr\u00e4nks dagligen. De p\u00e5verkas av den interna v\u00e4pnade konflikten, systematisk institutionell diskriminering och tryck fr\u00e5n transnationella f\u00f6retag samt utvecklingsprojekt som siktar p\u00e5 att utnyttja naturresurserna i deras territorier. Minst 35 ursprungsfolk hotas av utrotning, och mer \u00e4n 12 procent av den afrocolombianska befolkningen lider allvarligt av konsekvenserna av tv\u00e5ngsf\u00f6rflyttningar.<\/p>\n<p>FNs s\u00e4rskilda rapport\u00f6r f\u00f6r urfolksr\u00e4ttigheter p\u00e5pekade i en rekommendation fr\u00e5n 2009 att den sv\u00e5ra situationen f\u00f6r m\u00e4nskliga r\u00e4ttigheter bland ursprungsfolk i Colombia speglar klyftan mellan avancerad nationell lagstiftning och ineffektiviteten hos de institutioner som ansvarar f\u00f6r att skydda dessa r\u00e4ttigheter. Myndigheterna saknar resurser och kapacitet f\u00f6r att fullg\u00f6ra sina \u00e5taganden gentemot ursprungsbefolkningen.<\/p>\n<p>Fonden f\u00f6r m\u00e4nskliga r\u00e4ttigheter st\u00f6djer bland annat Cajar-projektet, som lett till viktiga framsteg i la Sierra Nevada de Santa Marta:<\/p>\n<ul>\n<li><strong>\u00d6kad kunskap hos Wiwa-samh\u00e4llet<\/strong> om \u00e5tg\u00e4rder som den colombianska staten \u00e4r skyldig att vidta enligt dekret lag 4633 av 2011 och Lag 1448, som reglerar procedurer f\u00f6r att ge gottg\u00f6relse till konfliktoffren.<\/li>\n<li><strong>Identifikation av juridiska v\u00e4gar<\/strong> och \u00e5tg\u00e4rder av Wiwa-folket f\u00f6r att kr\u00e4va uppr\u00e4ttelse fr\u00e5n staten, inklusive en framtagning av en plan f\u00f6r kollektiv uppr\u00e4ttelse.<\/li>\n<li><strong>Inkludering av genusperspektiv<\/strong> och olika etniciteter f\u00f6r att fr\u00e4mja kontinuitet och deltagande av de grupper som p\u00e5verkas av konflikten i Sierra Nevada de Santa Marta.<\/li>\n<li><strong>\u00d6kad och l\u00f6pande uppf\u00f6ljning<\/strong> av statens \u00e5tg\u00e4rder f\u00f6r integrerad uppr\u00e4ttelse f\u00f6r Wiwa-samh\u00e4llet, s\u00e4rskilt de som f\u00f6rsvarsdepartementet beordrat och som b\u00f6r utvecklas i samr\u00e5d med samh\u00e4llet, med fokus p\u00e5 deras behov och krav.<\/li>\n<li><strong>F\u00f6rb\u00e4ttrade dialogm\u00f6jligheter<\/strong> mellan drabbade grupper och tj\u00e4nstem\u00e4n, eftersom bristande tillg\u00e4nglighet hos myndigheter begr\u00e4nsar brottsoffrens m\u00f6jlighet att kr\u00e4va sina r\u00e4ttigheter.<\/li>\n<li><strong>Positionering av offrens perspektiv<\/strong> i diskussionerna mellan staten, Unidad de V\u00edctimas och andra myndigheter som ansvarar f\u00f6r uppr\u00e4ttelsepolicyer.<\/li>\n<\/ul>\n<p>&nbsp;<\/p>","protected":false},"excerpt":{"rendered":"<p>Wiwa-folket \u00e4r ett av de ursprungsfolk som lever i Sierra Nevada de Santa Marta i Colombia. De \u00e4r &hellip;<\/p>","protected":false},"author":5,"featured_media":0,"parent":403,"menu_order":10,"comment_status":"closed","ping_status":"closed","template":"","meta":{"_acf_changed":false,"footnotes":""},"class_list":["post-2769","page","type-page","status-publish","hentry"],"acf":[],"yoast_head":"<title>MR-Fondens st\u00f6d till Wiwas urbefolkning i Sierra Nevada, Colombia - Fonden f\u00f6r m\u00e4nskliga r\u00e4ttigheter (MR-Fonden)<\/title>\n<meta name=\"robots\" content=\"index, follow, max-snippet:-1, max-image-preview:large, max-video-preview:-1\" \/>\n<link rel=\"canonical\" href=\"https:\/\/mrfonden.se\/en\/vart-arbete\/overgangsrattvisa\/colombia\/mr-fondens-stod-till-wiwas-urbefolkning-i-sierra-nevada-colombia\/\" \/>\n<meta property=\"og:locale\" content=\"en_US\" \/>\n<meta property=\"og:type\" content=\"article\" \/>\n<meta property=\"og:title\" content=\"MR-Fondens st\u00f6d till Wiwas urbefolkning i Sierra Nevada, Colombia - Fonden f\u00f6r m\u00e4nskliga r\u00e4ttigheter (MR-Fonden)\" \/>\n<meta property=\"og:description\" content=\"Wiwa-folket \u00e4r ett av de ursprungsfolk som lever i Sierra Nevada de Santa Marta i Colombia. De \u00e4r &hellip;\" \/>\n<meta property=\"og:url\" content=\"https:\/\/mrfonden.se\/en\/vart-arbete\/overgangsrattvisa\/colombia\/mr-fondens-stod-till-wiwas-urbefolkning-i-sierra-nevada-colombia\/\" \/>\n<meta property=\"og:site_name\" content=\"Fonden f\u00f6r m\u00e4nskliga r\u00e4ttigheter (MR-Fonden)\" \/>\n<meta property=\"article:modified_time\" content=\"2026-02-02T15:43:21+00:00\" \/>\n<meta name=\"twitter:card\" content=\"summary_large_image\" \/>\n<meta name=\"twitter:label1\" content=\"Est. reading time\" \/>\n\t<meta name=\"twitter:data1\" content=\"3 minutes\" \/>\n<script type=\"application\/ld+json\" class=\"yoast-schema-graph\">{\"@context\":\"https:\/\/schema.org\",\"@graph\":[{\"@type\":\"WebPage\",\"@id\":\"https:\/\/mrfonden.se\/vart-arbete\/overgangsrattvisa\/colombia\/mr-fondens-stod-till-wiwas-urbefolkning-i-sierra-nevada-colombia\/\",\"url\":\"https:\/\/mrfonden.se\/vart-arbete\/overgangsrattvisa\/colombia\/mr-fondens-stod-till-wiwas-urbefolkning-i-sierra-nevada-colombia\/\",\"name\":\"MR-Fondens st\u00f6d till Wiwas urbefolkning i Sierra Nevada, Colombia - Fonden f\u00f6r m\u00e4nskliga r\u00e4ttigheter (MR-Fonden)\",\"isPartOf\":{\"@id\":\"https:\/\/mrfonden.se\/#website\"},\"datePublished\":\"2024-10-22T14:26:10+00:00\",\"dateModified\":\"2026-02-02T15:43:21+00:00\",\"breadcrumb\":{\"@id\":\"https:\/\/mrfonden.se\/vart-arbete\/overgangsrattvisa\/colombia\/mr-fondens-stod-till-wiwas-urbefolkning-i-sierra-nevada-colombia\/#breadcrumb\"},\"inLanguage\":\"en-US\",\"potentialAction\":[{\"@type\":\"ReadAction\",\"target\":[\"https:\/\/mrfonden.se\/vart-arbete\/overgangsrattvisa\/colombia\/mr-fondens-stod-till-wiwas-urbefolkning-i-sierra-nevada-colombia\/\"]}]},{\"@type\":\"BreadcrumbList\",\"@id\":\"https:\/\/mrfonden.se\/vart-arbete\/overgangsrattvisa\/colombia\/mr-fondens-stod-till-wiwas-urbefolkning-i-sierra-nevada-colombia\/#breadcrumb\",\"itemListElement\":[{\"@type\":\"ListItem\",\"position\":1,\"name\":\"Hem\",\"item\":\"https:\/\/mrfonden.se\/\"},{\"@type\":\"ListItem\",\"position\":2,\"name\":\"V\u00e5rt arbete\",\"item\":\"https:\/\/mrfonden.se\/vart-arbete\/\"},{\"@type\":\"ListItem\",\"position\":3,\"name\":\"\u00d6verg\u00e5ngsr\u00e4ttvisa\",\"item\":\"https:\/\/mrfonden.se\/vart-arbete\/overgangsrattvisa\/\"},{\"@type\":\"ListItem\",\"position\":4,\"name\":\"Colombia\",\"item\":\"https:\/\/mrfonden.se\/vart-arbete\/overgangsrattvisa\/colombia\/\"},{\"@type\":\"ListItem\",\"position\":5,\"name\":\"MR-Fondens st\u00f6d till Wiwas urbefolkning i Sierra Nevada, Colombia\"}]},{\"@type\":\"WebSite\",\"@id\":\"https:\/\/mrfonden.se\/#website\",\"url\":\"https:\/\/mrfonden.se\/\",\"name\":\"Fonden f\u00f6r m\u00e4nskliga r\u00e4ttigheter (MR-Fonden)\",\"description\":\"\",\"potentialAction\":[{\"@type\":\"SearchAction\",\"target\":{\"@type\":\"EntryPoint\",\"urlTemplate\":\"https:\/\/mrfonden.se\/?s={search_term_string}\"},\"query-input\":{\"@type\":\"PropertyValueSpecification\",\"valueRequired\":true,\"valueName\":\"search_term_string\"}}],\"inLanguage\":\"en-US\"}]}<\/script>","yoast_head_json":{"title":"MR-Fondens st\u00f6d till Wiwas urbefolkning i Sierra Nevada, Colombia - Fonden f\u00f6r m\u00e4nskliga r\u00e4ttigheter (MR-Fonden)","robots":{"index":"index","follow":"follow","max-snippet":"max-snippet:-1","max-image-preview":"max-image-preview:large","max-video-preview":"max-video-preview:-1"},"canonical":"https:\/\/mrfonden.se\/en\/vart-arbete\/overgangsrattvisa\/colombia\/mr-fondens-stod-till-wiwas-urbefolkning-i-sierra-nevada-colombia\/","og_locale":"en_US","og_type":"article","og_title":"MR-Fondens st\u00f6d till Wiwas urbefolkning i Sierra Nevada, Colombia - Fonden f\u00f6r m\u00e4nskliga r\u00e4ttigheter (MR-Fonden)","og_description":"Wiwa-folket \u00e4r ett av de ursprungsfolk som lever i Sierra Nevada de Santa Marta i Colombia. De \u00e4r &hellip;","og_url":"https:\/\/mrfonden.se\/en\/vart-arbete\/overgangsrattvisa\/colombia\/mr-fondens-stod-till-wiwas-urbefolkning-i-sierra-nevada-colombia\/","og_site_name":"Fonden f\u00f6r m\u00e4nskliga r\u00e4ttigheter (MR-Fonden)","article_modified_time":"2026-02-02T15:43:21+00:00","twitter_card":"summary_large_image","twitter_misc":{"Est. reading time":"3 minutes"},"schema":{"@context":"https:\/\/schema.org","@graph":[{"@type":"WebPage","@id":"https:\/\/mrfonden.se\/vart-arbete\/overgangsrattvisa\/colombia\/mr-fondens-stod-till-wiwas-urbefolkning-i-sierra-nevada-colombia\/","url":"https:\/\/mrfonden.se\/vart-arbete\/overgangsrattvisa\/colombia\/mr-fondens-stod-till-wiwas-urbefolkning-i-sierra-nevada-colombia\/","name":"MR-Fondens st\u00f6d till Wiwas urbefolkning i Sierra Nevada, Colombia - Fonden f\u00f6r m\u00e4nskliga r\u00e4ttigheter (MR-Fonden)","isPartOf":{"@id":"https:\/\/mrfonden.se\/#website"},"datePublished":"2024-10-22T14:26:10+00:00","dateModified":"2026-02-02T15:43:21+00:00","breadcrumb":{"@id":"https:\/\/mrfonden.se\/vart-arbete\/overgangsrattvisa\/colombia\/mr-fondens-stod-till-wiwas-urbefolkning-i-sierra-nevada-colombia\/#breadcrumb"},"inLanguage":"en-US","potentialAction":[{"@type":"ReadAction","target":["https:\/\/mrfonden.se\/vart-arbete\/overgangsrattvisa\/colombia\/mr-fondens-stod-till-wiwas-urbefolkning-i-sierra-nevada-colombia\/"]}]},{"@type":"BreadcrumbList","@id":"https:\/\/mrfonden.se\/vart-arbete\/overgangsrattvisa\/colombia\/mr-fondens-stod-till-wiwas-urbefolkning-i-sierra-nevada-colombia\/#breadcrumb","itemListElement":[{"@type":"ListItem","position":1,"name":"Hem","item":"https:\/\/mrfonden.se\/"},{"@type":"ListItem","position":2,"name":"V\u00e5rt arbete","item":"https:\/\/mrfonden.se\/vart-arbete\/"},{"@type":"ListItem","position":3,"name":"\u00d6verg\u00e5ngsr\u00e4ttvisa","item":"https:\/\/mrfonden.se\/vart-arbete\/overgangsrattvisa\/"},{"@type":"ListItem","position":4,"name":"Colombia","item":"https:\/\/mrfonden.se\/vart-arbete\/overgangsrattvisa\/colombia\/"},{"@type":"ListItem","position":5,"name":"MR-Fondens st\u00f6d till Wiwas urbefolkning i Sierra Nevada, Colombia"}]},{"@type":"WebSite","@id":"https:\/\/mrfonden.se\/#website","url":"https:\/\/mrfonden.se\/","name":"Fonden f\u00f6r m\u00e4nskliga r\u00e4ttigheter (MR-Fonden)","description":"","potentialAction":[{"@type":"SearchAction","target":{"@type":"EntryPoint","urlTemplate":"https:\/\/mrfonden.se\/?s={search_term_string}"},"query-input":{"@type":"PropertyValueSpecification","valueRequired":true,"valueName":"search_term_string"}}],"inLanguage":"en-US"}]}},"_links":{"self":[{"href":"https:\/\/mrfonden.se\/en\/wp-json\/wp\/v2\/pages\/2769","targetHints":{"allow":["GET"]}}],"collection":[{"href":"https:\/\/mrfonden.se\/en\/wp-json\/wp\/v2\/pages"}],"about":[{"href":"https:\/\/mrfonden.se\/en\/wp-json\/wp\/v2\/types\/page"}],"author":[{"embeddable":true,"href":"https:\/\/mrfonden.se\/en\/wp-json\/wp\/v2\/users\/5"}],"replies":[{"embeddable":true,"href":"https:\/\/mrfonden.se\/en\/wp-json\/wp\/v2\/comments?post=2769"}],"version-history":[{"count":10,"href":"https:\/\/mrfonden.se\/en\/wp-json\/wp\/v2\/pages\/2769\/revisions"}],"predecessor-version":[{"id":2779,"href":"https:\/\/mrfonden.se\/en\/wp-json\/wp\/v2\/pages\/2769\/revisions\/2779"}],"up":[{"embeddable":true,"href":"https:\/\/mrfonden.se\/en\/wp-json\/wp\/v2\/pages\/403"}],"wp:attachment":[{"href":"https:\/\/mrfonden.se\/en\/wp-json\/wp\/v2\/media?parent=2769"}],"curies":[{"name":"wp","href":"https:\/\/api.w.org\/{rel}","templated":true}]}}