{"id":2625,"date":"2024-05-06T09:11:41","date_gmt":"2024-05-06T07:11:41","guid":{"rendered":"https:\/\/mrfonden.se\/?page_id=2625"},"modified":"2024-05-06T15:29:45","modified_gmt":"2024-05-06T13:29:45","slug":"integritetspolicy","status":"publish","type":"page","link":"https:\/\/mrfonden.se\/en\/om-mr-fonden\/integritetspolicy\/","title":{"rendered":"Privacy Policy \/ GDPR"},"content":{"rendered":"<p class=\"p1\">It is important to us at the Swedish Foundation for Human Rights that you feel confident about how we handle the personal data you provide to us. We have therefore adopted this Privacy Policy in accordance with the General Data Protection Regulation (GDPR) to explain how we collect and process personal data, how your right to the protection of your personal data is safeguarded, and how you can exercise your rights.<\/p>\n<p class=\"p1\">Read our <a href=\"http:\/\/mrfonden.se\/wp-content\/uploads\/2024\/05\/gdpr-policy-giltig.pdf\">Privacy Policy here<\/a><\/p>\n<h2 class=\"p1\"><span class=\"s1\">Contact us if you have any questions<\/span><\/h2>\n<p class=\"p2\">If you wish to contact us regarding our processing of your personal data, you may do so by contacting us via:<\/p>\n<p class=\"p4\"><span class=\"s2\">E-mail <a href=\"mailto:info@humanrights.se\"><span class=\"s3\">info@humanrights.se<\/span><\/a> <\/span><\/p>\n<p class=\"p2\">Address:<br \/>\nFonden f\u00f6r m\u00e4nskliga r\u00e4ttigheter<br \/>\nBox 111 44<br \/>\n100 61 Stockholm<\/p>\n<p class=\"p2\">The Secretary General of the Swedish Foundation for Human Rights is responsible for GDPR compliance and may also be contacted with any questions.<\/p>","protected":false},"excerpt":{"rendered":"<p>Det \u00e4r viktigt f\u00f6r oss p\u00e5 Fonden f\u00f6r m\u00e4nskliga r\u00e4ttigheter (MR-Fonden) att du k\u00e4nner dig trygg med hur &hellip;<\/p>","protected":false},"author":1,"featured_media":0,"parent":12,"menu_order":0,"comment_status":"closed","ping_status":"closed","template":"","meta":{"_acf_changed":false,"footnotes":""},"class_list":["post-2625","page","type-page","status-publish","hentry"],"acf":[],"yoast_head":"<title>Integritetspolicy \/ GDPR - Fonden f\u00f6r m\u00e4nskliga r\u00e4ttigheter (MR-Fonden)<\/title>\n<meta name=\"robots\" content=\"index, follow, max-snippet:-1, max-image-preview:large, max-video-preview:-1\" \/>\n<link rel=\"canonical\" href=\"https:\/\/mrfonden.se\/en\/om-mr-fonden\/integritetspolicy\/\" \/>\n<meta property=\"og:locale\" content=\"en_US\" \/>\n<meta property=\"og:type\" content=\"article\" \/>\n<meta property=\"og:title\" content=\"Integritetspolicy \/ GDPR - Fonden f\u00f6r m\u00e4nskliga r\u00e4ttigheter (MR-Fonden)\" \/>\n<meta property=\"og:description\" content=\"Det \u00e4r viktigt f\u00f6r oss p\u00e5 Fonden f\u00f6r m\u00e4nskliga r\u00e4ttigheter (MR-Fonden) att du k\u00e4nner dig trygg med hur &hellip;\" \/>\n<meta property=\"og:url\" content=\"https:\/\/mrfonden.se\/en\/om-mr-fonden\/integritetspolicy\/\" \/>\n<meta property=\"og:site_name\" content=\"Fonden f\u00f6r m\u00e4nskliga r\u00e4ttigheter (MR-Fonden)\" \/>\n<meta property=\"article:modified_time\" content=\"2024-05-06T13:29:45+00:00\" \/>\n<meta name=\"twitter:card\" content=\"summary_large_image\" \/>\n<meta name=\"twitter:label1\" content=\"Est. reading time\" \/>\n\t<meta name=\"twitter:data1\" content=\"1 minute\" \/>\n<script type=\"application\/ld+json\" class=\"yoast-schema-graph\">{\"@context\":\"https:\/\/schema.org\",\"@graph\":[{\"@type\":\"WebPage\",\"@id\":\"https:\/\/mrfonden.se\/om-mr-fonden\/integritetspolicy\/\",\"url\":\"https:\/\/mrfonden.se\/om-mr-fonden\/integritetspolicy\/\",\"name\":\"Integritetspolicy \/ GDPR - Fonden f\u00f6r m\u00e4nskliga r\u00e4ttigheter (MR-Fonden)\",\"isPartOf\":{\"@id\":\"https:\/\/mrfonden.se\/#website\"},\"datePublished\":\"2024-05-06T07:11:41+00:00\",\"dateModified\":\"2024-05-06T13:29:45+00:00\",\"breadcrumb\":{\"@id\":\"https:\/\/mrfonden.se\/om-mr-fonden\/integritetspolicy\/#breadcrumb\"},\"inLanguage\":\"en-US\",\"potentialAction\":[{\"@type\":\"ReadAction\",\"target\":[\"https:\/\/mrfonden.se\/om-mr-fonden\/integritetspolicy\/\"]}]},{\"@type\":\"BreadcrumbList\",\"@id\":\"https:\/\/mrfonden.se\/om-mr-fonden\/integritetspolicy\/#breadcrumb\",\"itemListElement\":[{\"@type\":\"ListItem\",\"position\":1,\"name\":\"Hem\",\"item\":\"https:\/\/mrfonden.se\/\"},{\"@type\":\"ListItem\",\"position\":2,\"name\":\"Om MR-Fonden\",\"item\":\"https:\/\/mrfonden.se\/om-mr-fonden\/\"},{\"@type\":\"ListItem\",\"position\":3,\"name\":\"Integritetspolicy \/ GDPR\"}]},{\"@type\":\"WebSite\",\"@id\":\"https:\/\/mrfonden.se\/#website\",\"url\":\"https:\/\/mrfonden.se\/\",\"name\":\"Fonden f\u00f6r m\u00e4nskliga r\u00e4ttigheter (MR-Fonden)\",\"description\":\"\",\"potentialAction\":[{\"@type\":\"SearchAction\",\"target\":{\"@type\":\"EntryPoint\",\"urlTemplate\":\"https:\/\/mrfonden.se\/?s={search_term_string}\"},\"query-input\":{\"@type\":\"PropertyValueSpecification\",\"valueRequired\":true,\"valueName\":\"search_term_string\"}}],\"inLanguage\":\"en-US\"}]}<\/script>","yoast_head_json":{"title":"Integritetspolicy \/ GDPR - Fonden f\u00f6r m\u00e4nskliga r\u00e4ttigheter (MR-Fonden)","robots":{"index":"index","follow":"follow","max-snippet":"max-snippet:-1","max-image-preview":"max-image-preview:large","max-video-preview":"max-video-preview:-1"},"canonical":"https:\/\/mrfonden.se\/en\/om-mr-fonden\/integritetspolicy\/","og_locale":"en_US","og_type":"article","og_title":"Integritetspolicy \/ GDPR - Fonden f\u00f6r m\u00e4nskliga r\u00e4ttigheter (MR-Fonden)","og_description":"Det \u00e4r viktigt f\u00f6r oss p\u00e5 Fonden f\u00f6r m\u00e4nskliga r\u00e4ttigheter (MR-Fonden) att du k\u00e4nner dig trygg med hur &hellip;","og_url":"https:\/\/mrfonden.se\/en\/om-mr-fonden\/integritetspolicy\/","og_site_name":"Fonden f\u00f6r m\u00e4nskliga r\u00e4ttigheter (MR-Fonden)","article_modified_time":"2024-05-06T13:29:45+00:00","twitter_card":"summary_large_image","twitter_misc":{"Est. reading time":"1 minute"},"schema":{"@context":"https:\/\/schema.org","@graph":[{"@type":"WebPage","@id":"https:\/\/mrfonden.se\/om-mr-fonden\/integritetspolicy\/","url":"https:\/\/mrfonden.se\/om-mr-fonden\/integritetspolicy\/","name":"Integritetspolicy \/ GDPR - Fonden f\u00f6r m\u00e4nskliga r\u00e4ttigheter (MR-Fonden)","isPartOf":{"@id":"https:\/\/mrfonden.se\/#website"},"datePublished":"2024-05-06T07:11:41+00:00","dateModified":"2024-05-06T13:29:45+00:00","breadcrumb":{"@id":"https:\/\/mrfonden.se\/om-mr-fonden\/integritetspolicy\/#breadcrumb"},"inLanguage":"en-US","potentialAction":[{"@type":"ReadAction","target":["https:\/\/mrfonden.se\/om-mr-fonden\/integritetspolicy\/"]}]},{"@type":"BreadcrumbList","@id":"https:\/\/mrfonden.se\/om-mr-fonden\/integritetspolicy\/#breadcrumb","itemListElement":[{"@type":"ListItem","position":1,"name":"Hem","item":"https:\/\/mrfonden.se\/"},{"@type":"ListItem","position":2,"name":"Om MR-Fonden","item":"https:\/\/mrfonden.se\/om-mr-fonden\/"},{"@type":"ListItem","position":3,"name":"Integritetspolicy \/ GDPR"}]},{"@type":"WebSite","@id":"https:\/\/mrfonden.se\/#website","url":"https:\/\/mrfonden.se\/","name":"Fonden f\u00f6r m\u00e4nskliga r\u00e4ttigheter (MR-Fonden)","description":"","potentialAction":[{"@type":"SearchAction","target":{"@type":"EntryPoint","urlTemplate":"https:\/\/mrfonden.se\/?s={search_term_string}"},"query-input":{"@type":"PropertyValueSpecification","valueRequired":true,"valueName":"search_term_string"}}],"inLanguage":"en-US"}]}},"_links":{"self":[{"href":"https:\/\/mrfonden.se\/en\/wp-json\/wp\/v2\/pages\/2625","targetHints":{"allow":["GET"]}}],"collection":[{"href":"https:\/\/mrfonden.se\/en\/wp-json\/wp\/v2\/pages"}],"about":[{"href":"https:\/\/mrfonden.se\/en\/wp-json\/wp\/v2\/types\/page"}],"author":[{"embeddable":true,"href":"https:\/\/mrfonden.se\/en\/wp-json\/wp\/v2\/users\/1"}],"replies":[{"embeddable":true,"href":"https:\/\/mrfonden.se\/en\/wp-json\/wp\/v2\/comments?post=2625"}],"version-history":[{"count":6,"href":"https:\/\/mrfonden.se\/en\/wp-json\/wp\/v2\/pages\/2625\/revisions"}],"predecessor-version":[{"id":2633,"href":"https:\/\/mrfonden.se\/en\/wp-json\/wp\/v2\/pages\/2625\/revisions\/2633"}],"up":[{"embeddable":true,"href":"https:\/\/mrfonden.se\/en\/wp-json\/wp\/v2\/pages\/12"}],"wp:attachment":[{"href":"https:\/\/mrfonden.se\/en\/wp-json\/wp\/v2\/media?parent=2625"}],"curies":[{"name":"wp","href":"https:\/\/api.w.org\/{rel}","templated":true}]}}