{"id":26,"date":"2019-11-20T17:42:19","date_gmt":"2019-11-20T16:42:19","guid":{"rendered":"http:\/\/mrfonden.se\/?page_id=26"},"modified":"2025-09-23T14:52:27","modified_gmt":"2025-09-23T12:52:27","slug":"lediga-tjanster","status":"publish","type":"page","link":"https:\/\/mrfonden.se\/en\/om-mr-fonden\/lediga-tjanster\/","title":{"rendered":"Vacancies"},"content":{"rendered":"<p>We advertise any vacancies here and on our social media channels. Keep an eye out for upcoming opportunities.<\/p>\n<hr \/>\n<h3>Internship<\/h3>\n<p>The Swedish Foundation for Human Rights usually recruits two interns from universities or higher education institutions. Internship vacancies are published under the tab <a href=\"https:\/\/mrfonden.se\/en\/aktuellt\/\">News<\/a> .<\/p>\n<p>The Swedish Foundation for Human Rights does not accept spontaneous applications for internships.<\/p>","protected":false},"excerpt":{"rendered":"<p>Vi utannonserar eventuella tj\u00e4nster h\u00e4r och p\u00e5 v\u00e5ra sociala medier. H\u00e5ll g\u00e4rna utkik efter kommande utlysningar. Praktik MR-Fonden &hellip;<\/p>","protected":false},"author":1,"featured_media":0,"parent":12,"menu_order":30,"comment_status":"closed","ping_status":"closed","template":"","meta":{"_acf_changed":false,"footnotes":""},"class_list":["post-26","page","type-page","status-publish","hentry"],"acf":[],"yoast_head":"<title>Lediga tj\u00e4nster - Fonden f\u00f6r m\u00e4nskliga r\u00e4ttigheter (MR-Fonden)<\/title>\n<meta name=\"robots\" content=\"index, follow, max-snippet:-1, max-image-preview:large, max-video-preview:-1\" \/>\n<link rel=\"canonical\" href=\"https:\/\/mrfonden.se\/en\/om-mr-fonden\/lediga-tjanster\/\" \/>\n<meta property=\"og:locale\" content=\"en_US\" \/>\n<meta property=\"og:type\" content=\"article\" \/>\n<meta property=\"og:title\" content=\"Lediga tj\u00e4nster - Fonden f\u00f6r m\u00e4nskliga r\u00e4ttigheter (MR-Fonden)\" \/>\n<meta property=\"og:description\" content=\"Vi utannonserar eventuella tj\u00e4nster h\u00e4r och p\u00e5 v\u00e5ra sociala medier. H\u00e5ll g\u00e4rna utkik efter kommande utlysningar. Praktik MR-Fonden &hellip;\" \/>\n<meta property=\"og:url\" content=\"https:\/\/mrfonden.se\/en\/om-mr-fonden\/lediga-tjanster\/\" \/>\n<meta property=\"og:site_name\" content=\"Fonden f\u00f6r m\u00e4nskliga r\u00e4ttigheter (MR-Fonden)\" \/>\n<meta property=\"article:modified_time\" content=\"2025-09-23T12:52:27+00:00\" \/>\n<meta name=\"twitter:card\" content=\"summary_large_image\" \/>\n<meta name=\"twitter:label1\" content=\"Est. reading time\" \/>\n\t<meta name=\"twitter:data1\" content=\"1 minute\" \/>\n<script type=\"application\/ld+json\" class=\"yoast-schema-graph\">{\"@context\":\"https:\/\/schema.org\",\"@graph\":[{\"@type\":\"WebPage\",\"@id\":\"https:\/\/mrfonden.se\/om-mr-fonden\/lediga-tjanster\/\",\"url\":\"https:\/\/mrfonden.se\/om-mr-fonden\/lediga-tjanster\/\",\"name\":\"Lediga tj\u00e4nster - Fonden f\u00f6r m\u00e4nskliga r\u00e4ttigheter (MR-Fonden)\",\"isPartOf\":{\"@id\":\"https:\/\/mrfonden.se\/#website\"},\"datePublished\":\"2019-11-20T16:42:19+00:00\",\"dateModified\":\"2025-09-23T12:52:27+00:00\",\"breadcrumb\":{\"@id\":\"https:\/\/mrfonden.se\/om-mr-fonden\/lediga-tjanster\/#breadcrumb\"},\"inLanguage\":\"en-US\",\"potentialAction\":[{\"@type\":\"ReadAction\",\"target\":[\"https:\/\/mrfonden.se\/om-mr-fonden\/lediga-tjanster\/\"]}]},{\"@type\":\"BreadcrumbList\",\"@id\":\"https:\/\/mrfonden.se\/om-mr-fonden\/lediga-tjanster\/#breadcrumb\",\"itemListElement\":[{\"@type\":\"ListItem\",\"position\":1,\"name\":\"Hem\",\"item\":\"https:\/\/mrfonden.se\/\"},{\"@type\":\"ListItem\",\"position\":2,\"name\":\"Om MR-Fonden\",\"item\":\"https:\/\/mrfonden.se\/om-mr-fonden\/\"},{\"@type\":\"ListItem\",\"position\":3,\"name\":\"Lediga tj\u00e4nster\"}]},{\"@type\":\"WebSite\",\"@id\":\"https:\/\/mrfonden.se\/#website\",\"url\":\"https:\/\/mrfonden.se\/\",\"name\":\"Fonden f\u00f6r m\u00e4nskliga r\u00e4ttigheter (MR-Fonden)\",\"description\":\"\",\"potentialAction\":[{\"@type\":\"SearchAction\",\"target\":{\"@type\":\"EntryPoint\",\"urlTemplate\":\"https:\/\/mrfonden.se\/?s={search_term_string}\"},\"query-input\":{\"@type\":\"PropertyValueSpecification\",\"valueRequired\":true,\"valueName\":\"search_term_string\"}}],\"inLanguage\":\"en-US\"}]}<\/script>","yoast_head_json":{"title":"Lediga tj\u00e4nster - Fonden f\u00f6r m\u00e4nskliga r\u00e4ttigheter (MR-Fonden)","robots":{"index":"index","follow":"follow","max-snippet":"max-snippet:-1","max-image-preview":"max-image-preview:large","max-video-preview":"max-video-preview:-1"},"canonical":"https:\/\/mrfonden.se\/en\/om-mr-fonden\/lediga-tjanster\/","og_locale":"en_US","og_type":"article","og_title":"Lediga tj\u00e4nster - Fonden f\u00f6r m\u00e4nskliga r\u00e4ttigheter (MR-Fonden)","og_description":"Vi utannonserar eventuella tj\u00e4nster h\u00e4r och p\u00e5 v\u00e5ra sociala medier. H\u00e5ll g\u00e4rna utkik efter kommande utlysningar. Praktik MR-Fonden &hellip;","og_url":"https:\/\/mrfonden.se\/en\/om-mr-fonden\/lediga-tjanster\/","og_site_name":"Fonden f\u00f6r m\u00e4nskliga r\u00e4ttigheter (MR-Fonden)","article_modified_time":"2025-09-23T12:52:27+00:00","twitter_card":"summary_large_image","twitter_misc":{"Est. reading time":"1 minute"},"schema":{"@context":"https:\/\/schema.org","@graph":[{"@type":"WebPage","@id":"https:\/\/mrfonden.se\/om-mr-fonden\/lediga-tjanster\/","url":"https:\/\/mrfonden.se\/om-mr-fonden\/lediga-tjanster\/","name":"Lediga tj\u00e4nster - Fonden f\u00f6r m\u00e4nskliga r\u00e4ttigheter (MR-Fonden)","isPartOf":{"@id":"https:\/\/mrfonden.se\/#website"},"datePublished":"2019-11-20T16:42:19+00:00","dateModified":"2025-09-23T12:52:27+00:00","breadcrumb":{"@id":"https:\/\/mrfonden.se\/om-mr-fonden\/lediga-tjanster\/#breadcrumb"},"inLanguage":"en-US","potentialAction":[{"@type":"ReadAction","target":["https:\/\/mrfonden.se\/om-mr-fonden\/lediga-tjanster\/"]}]},{"@type":"BreadcrumbList","@id":"https:\/\/mrfonden.se\/om-mr-fonden\/lediga-tjanster\/#breadcrumb","itemListElement":[{"@type":"ListItem","position":1,"name":"Hem","item":"https:\/\/mrfonden.se\/"},{"@type":"ListItem","position":2,"name":"Om MR-Fonden","item":"https:\/\/mrfonden.se\/om-mr-fonden\/"},{"@type":"ListItem","position":3,"name":"Lediga tj\u00e4nster"}]},{"@type":"WebSite","@id":"https:\/\/mrfonden.se\/#website","url":"https:\/\/mrfonden.se\/","name":"Fonden f\u00f6r m\u00e4nskliga r\u00e4ttigheter (MR-Fonden)","description":"","potentialAction":[{"@type":"SearchAction","target":{"@type":"EntryPoint","urlTemplate":"https:\/\/mrfonden.se\/?s={search_term_string}"},"query-input":{"@type":"PropertyValueSpecification","valueRequired":true,"valueName":"search_term_string"}}],"inLanguage":"en-US"}]}},"_links":{"self":[{"href":"https:\/\/mrfonden.se\/en\/wp-json\/wp\/v2\/pages\/26","targetHints":{"allow":["GET"]}}],"collection":[{"href":"https:\/\/mrfonden.se\/en\/wp-json\/wp\/v2\/pages"}],"about":[{"href":"https:\/\/mrfonden.se\/en\/wp-json\/wp\/v2\/types\/page"}],"author":[{"embeddable":true,"href":"https:\/\/mrfonden.se\/en\/wp-json\/wp\/v2\/users\/1"}],"replies":[{"embeddable":true,"href":"https:\/\/mrfonden.se\/en\/wp-json\/wp\/v2\/comments?post=26"}],"version-history":[{"count":26,"href":"https:\/\/mrfonden.se\/en\/wp-json\/wp\/v2\/pages\/26\/revisions"}],"predecessor-version":[{"id":3051,"href":"https:\/\/mrfonden.se\/en\/wp-json\/wp\/v2\/pages\/26\/revisions\/3051"}],"up":[{"embeddable":true,"href":"https:\/\/mrfonden.se\/en\/wp-json\/wp\/v2\/pages\/12"}],"wp:attachment":[{"href":"https:\/\/mrfonden.se\/en\/wp-json\/wp\/v2\/media?parent=26"}],"curies":[{"name":"wp","href":"https:\/\/api.w.org\/{rel}","templated":true}]}}