{"id":24,"date":"2019-11-20T17:42:04","date_gmt":"2019-11-20T16:42:04","guid":{"rendered":"http:\/\/mrfonden.se\/?page_id=24"},"modified":"2026-04-01T14:50:22","modified_gmt":"2026-04-01T12:50:22","slug":"kansli-och-styrelse","status":"publish","type":"page","link":"https:\/\/mrfonden.se\/en\/om-mr-fonden\/kansli-och-styrelse\/","title":{"rendered":"Staff and Board"},"content":{"rendered":"<p class=\"p1\"><span class=\"s1\">The Secretariat is located at Medborgarplatsen in Stockholm. The Secretary General is Ulrika Strand. The Secretary General is responsible for GDPR compliance and may be contacted with any questions.<\/span><\/p>\n<p class=\"p1\"><span class=\"s1\">The Board of the Swedish Foundation for Human Rights is appointed by the National Board of Sensus. The Chair is Lisa-Gun Bernerstedt.<\/span><\/p>","protected":false},"excerpt":{"rendered":"<p>Kansliet ligger p\u00e5 Medborgarplatsen i Stockholm. Generalsekreterare \u00e4r Ulrika Strand. Generalsekreteraren \u00e4r GDPR-ansvarig och kan kontaktas vid eventuella &hellip;<\/p>","protected":false},"author":1,"featured_media":0,"parent":12,"menu_order":20,"comment_status":"closed","ping_status":"closed","template":"page-templates\/page-office-board.php","meta":{"_acf_changed":false,"footnotes":""},"class_list":["post-24","page","type-page","status-publish","hentry"],"acf":[],"yoast_head":"<title>Kansli och styrelse - Fonden f\u00f6r m\u00e4nskliga r\u00e4ttigheter (MR-Fonden)<\/title>\n<meta name=\"robots\" content=\"index, follow, max-snippet:-1, max-image-preview:large, max-video-preview:-1\" \/>\n<link rel=\"canonical\" href=\"https:\/\/mrfonden.se\/en\/om-mr-fonden\/kansli-och-styrelse\/\" \/>\n<meta property=\"og:locale\" content=\"en_US\" \/>\n<meta property=\"og:type\" content=\"article\" \/>\n<meta property=\"og:title\" content=\"Kansli och styrelse - Fonden f\u00f6r m\u00e4nskliga r\u00e4ttigheter (MR-Fonden)\" \/>\n<meta property=\"og:description\" content=\"Kansliet ligger p\u00e5 Medborgarplatsen i Stockholm. Generalsekreterare \u00e4r Ulrika Strand. Generalsekreteraren \u00e4r GDPR-ansvarig och kan kontaktas vid eventuella &hellip;\" \/>\n<meta property=\"og:url\" content=\"https:\/\/mrfonden.se\/en\/om-mr-fonden\/kansli-och-styrelse\/\" \/>\n<meta property=\"og:site_name\" content=\"Fonden f\u00f6r m\u00e4nskliga r\u00e4ttigheter (MR-Fonden)\" \/>\n<meta property=\"article:modified_time\" content=\"2026-04-01T12:50:22+00:00\" \/>\n<meta name=\"twitter:card\" content=\"summary_large_image\" \/>\n<meta name=\"twitter:label1\" content=\"Est. reading time\" \/>\n\t<meta name=\"twitter:data1\" content=\"4 minutes\" \/>\n<script type=\"application\/ld+json\" class=\"yoast-schema-graph\">{\"@context\":\"https:\/\/schema.org\",\"@graph\":[{\"@type\":\"WebPage\",\"@id\":\"https:\/\/mrfonden.se\/om-mr-fonden\/kansli-och-styrelse\/\",\"url\":\"https:\/\/mrfonden.se\/om-mr-fonden\/kansli-och-styrelse\/\",\"name\":\"Kansli och styrelse - Fonden f\u00f6r m\u00e4nskliga r\u00e4ttigheter (MR-Fonden)\",\"isPartOf\":{\"@id\":\"https:\/\/mrfonden.se\/#website\"},\"datePublished\":\"2019-11-20T16:42:04+00:00\",\"dateModified\":\"2026-04-01T12:50:22+00:00\",\"breadcrumb\":{\"@id\":\"https:\/\/mrfonden.se\/om-mr-fonden\/kansli-och-styrelse\/#breadcrumb\"},\"inLanguage\":\"en-US\",\"potentialAction\":[{\"@type\":\"ReadAction\",\"target\":[\"https:\/\/mrfonden.se\/om-mr-fonden\/kansli-och-styrelse\/\"]}]},{\"@type\":\"BreadcrumbList\",\"@id\":\"https:\/\/mrfonden.se\/om-mr-fonden\/kansli-och-styrelse\/#breadcrumb\",\"itemListElement\":[{\"@type\":\"ListItem\",\"position\":1,\"name\":\"Hem\",\"item\":\"https:\/\/mrfonden.se\/\"},{\"@type\":\"ListItem\",\"position\":2,\"name\":\"Om MR-Fonden\",\"item\":\"https:\/\/mrfonden.se\/om-mr-fonden\/\"},{\"@type\":\"ListItem\",\"position\":3,\"name\":\"Kansli och styrelse\"}]},{\"@type\":\"WebSite\",\"@id\":\"https:\/\/mrfonden.se\/#website\",\"url\":\"https:\/\/mrfonden.se\/\",\"name\":\"Fonden f\u00f6r m\u00e4nskliga r\u00e4ttigheter (MR-Fonden)\",\"description\":\"\",\"potentialAction\":[{\"@type\":\"SearchAction\",\"target\":{\"@type\":\"EntryPoint\",\"urlTemplate\":\"https:\/\/mrfonden.se\/?s={search_term_string}\"},\"query-input\":{\"@type\":\"PropertyValueSpecification\",\"valueRequired\":true,\"valueName\":\"search_term_string\"}}],\"inLanguage\":\"en-US\"}]}<\/script>","yoast_head_json":{"title":"Kansli och styrelse - Fonden f\u00f6r m\u00e4nskliga r\u00e4ttigheter (MR-Fonden)","robots":{"index":"index","follow":"follow","max-snippet":"max-snippet:-1","max-image-preview":"max-image-preview:large","max-video-preview":"max-video-preview:-1"},"canonical":"https:\/\/mrfonden.se\/en\/om-mr-fonden\/kansli-och-styrelse\/","og_locale":"en_US","og_type":"article","og_title":"Kansli och styrelse - Fonden f\u00f6r m\u00e4nskliga r\u00e4ttigheter (MR-Fonden)","og_description":"Kansliet ligger p\u00e5 Medborgarplatsen i Stockholm. Generalsekreterare \u00e4r Ulrika Strand. Generalsekreteraren \u00e4r GDPR-ansvarig och kan kontaktas vid eventuella &hellip;","og_url":"https:\/\/mrfonden.se\/en\/om-mr-fonden\/kansli-och-styrelse\/","og_site_name":"Fonden f\u00f6r m\u00e4nskliga r\u00e4ttigheter (MR-Fonden)","article_modified_time":"2026-04-01T12:50:22+00:00","twitter_card":"summary_large_image","twitter_misc":{"Est. reading time":"4 minutes"},"schema":{"@context":"https:\/\/schema.org","@graph":[{"@type":"WebPage","@id":"https:\/\/mrfonden.se\/om-mr-fonden\/kansli-och-styrelse\/","url":"https:\/\/mrfonden.se\/om-mr-fonden\/kansli-och-styrelse\/","name":"Kansli och styrelse - Fonden f\u00f6r m\u00e4nskliga r\u00e4ttigheter (MR-Fonden)","isPartOf":{"@id":"https:\/\/mrfonden.se\/#website"},"datePublished":"2019-11-20T16:42:04+00:00","dateModified":"2026-04-01T12:50:22+00:00","breadcrumb":{"@id":"https:\/\/mrfonden.se\/om-mr-fonden\/kansli-och-styrelse\/#breadcrumb"},"inLanguage":"en-US","potentialAction":[{"@type":"ReadAction","target":["https:\/\/mrfonden.se\/om-mr-fonden\/kansli-och-styrelse\/"]}]},{"@type":"BreadcrumbList","@id":"https:\/\/mrfonden.se\/om-mr-fonden\/kansli-och-styrelse\/#breadcrumb","itemListElement":[{"@type":"ListItem","position":1,"name":"Hem","item":"https:\/\/mrfonden.se\/"},{"@type":"ListItem","position":2,"name":"Om MR-Fonden","item":"https:\/\/mrfonden.se\/om-mr-fonden\/"},{"@type":"ListItem","position":3,"name":"Kansli och styrelse"}]},{"@type":"WebSite","@id":"https:\/\/mrfonden.se\/#website","url":"https:\/\/mrfonden.se\/","name":"Fonden f\u00f6r m\u00e4nskliga r\u00e4ttigheter (MR-Fonden)","description":"","potentialAction":[{"@type":"SearchAction","target":{"@type":"EntryPoint","urlTemplate":"https:\/\/mrfonden.se\/?s={search_term_string}"},"query-input":{"@type":"PropertyValueSpecification","valueRequired":true,"valueName":"search_term_string"}}],"inLanguage":"en-US"}]}},"_links":{"self":[{"href":"https:\/\/mrfonden.se\/en\/wp-json\/wp\/v2\/pages\/24","targetHints":{"allow":["GET"]}}],"collection":[{"href":"https:\/\/mrfonden.se\/en\/wp-json\/wp\/v2\/pages"}],"about":[{"href":"https:\/\/mrfonden.se\/en\/wp-json\/wp\/v2\/types\/page"}],"author":[{"embeddable":true,"href":"https:\/\/mrfonden.se\/en\/wp-json\/wp\/v2\/users\/1"}],"replies":[{"embeddable":true,"href":"https:\/\/mrfonden.se\/en\/wp-json\/wp\/v2\/comments?post=24"}],"version-history":[{"count":81,"href":"https:\/\/mrfonden.se\/en\/wp-json\/wp\/v2\/pages\/24\/revisions"}],"predecessor-version":[{"id":3221,"href":"https:\/\/mrfonden.se\/en\/wp-json\/wp\/v2\/pages\/24\/revisions\/3221"}],"up":[{"embeddable":true,"href":"https:\/\/mrfonden.se\/en\/wp-json\/wp\/v2\/pages\/12"}],"wp:attachment":[{"href":"https:\/\/mrfonden.se\/en\/wp-json\/wp\/v2\/media?parent=24"}],"curies":[{"name":"wp","href":"https:\/\/api.w.org\/{rel}","templated":true}]}}