{"id":2114,"date":"2023-08-31T13:29:15","date_gmt":"2023-08-31T11:29:15","guid":{"rendered":"https:\/\/mrfonden.se\/?page_id=2114"},"modified":"2023-08-31T13:39:17","modified_gmt":"2023-08-31T11:39:17","slug":"cookie-policy","status":"publish","type":"page","link":"https:\/\/mrfonden.se\/en\/cookie-policy\/","title":{"rendered":"Cookie Policy"},"content":{"rendered":"<p>Nedan kan du l\u00e4sa om v\u00e5r cookie policy g\u00e4llande denna webbplats. Genom att anv\u00e4nda v\u00e5r webbplats, <a href=\"http:\/\/mrfonden.se\/en\/\" target=\"_new\" rel=\"noopener\">http:\/\/mrfonden.se<\/a>, accepterar du anv\u00e4ndningen av cookies enligt denna policy.<\/p>\n<h4><strong>Vad \u00e4r cookies?<\/strong><\/h4>\n<p>Cookies \u00e4r sm\u00e5 textfiler som placeras p\u00e5 din enhet (dator, mobil eller surfplatta) n\u00e4r du bes\u00f6ker en webbplats. De hj\u00e4lper till att f\u00f6rb\u00e4ttra din anv\u00e4ndarupplevelse, till exempel genom att komma ih\u00e5g dina preferenser, och att samla in anonyma bes\u00f6ksstatistik.<\/p>\n<h4><strong>Hur vi anv\u00e4nder cookies<\/strong><\/h4>\n<p>P\u00e5 <a href=\"http:\/\/mrfonden.se\/en\/\" target=\"_new\" rel=\"noopener\">http:\/\/mrfonden.se<\/a> anv\u00e4nder vi cookies f\u00f6r att f\u00f6rb\u00e4ttra din anv\u00e4ndarupplevelse, g\u00f6ra det m\u00f6jligt f\u00f6r vissa funktioner p\u00e5 webbplatsen, och f\u00f6r att samla in anonyma bes\u00f6ksstatistik f\u00f6r att f\u00f6rb\u00e4ttra v\u00e5r webbplats.<\/p>\n<h4><strong>De cookies vi anv\u00e4nder<\/strong><\/h4>\n<p><strong><strong>Google Analytics<br \/>\n<\/strong><\/strong>Syfte: Dessa cookies samlar in information om hur bes\u00f6kare anv\u00e4nder v\u00e5r webbplats, vilka sidor de bes\u00f6ker mest och om de f\u00e5r felmeddelanden fr\u00e5n webbsidor. Informationen \u00e4r anonym och hj\u00e4lper oss att f\u00f6rb\u00e4ttra hur v\u00e5r webbplats fungerar. <span style=\"text-indent: -2em;\">L\u00e4s mer: <\/span><a style=\"text-indent: -2em;\" href=\"https:\/\/policies.google.com\/privacy\" target=\"_new\" rel=\"noopener\">Googles sekretesspolicy<\/a><span style=\"text-indent: -2em;\">\u00a0<\/span><\/p>\n<p><strong>YouTube<br \/>\n<\/strong>Syfte: Dessa cookies anv\u00e4nds f\u00f6r att sp\u00e5ra visningar av inb\u00e4ddade videor och f\u00f6r att komma ih\u00e5g anv\u00e4ndarinst\u00e4llningar n\u00e4r du tittar p\u00e5 videor p\u00e5 v\u00e5r webbplats. L\u00e4s mer: <a href=\"https:\/\/policies.google.com\/privacy\" target=\"_new\" rel=\"noopener\">YouTubes sekretesspolicy<\/a><\/p>\n<h4><strong>Hur du kan kontrollera cookies<\/strong><\/h4>\n<p>De flesta webbl\u00e4sare till\u00e5ter dig att:<\/p>\n<ul>\n<li>Visa vilka cookies du har och ta bort dem individuellt.<\/li>\n<li>Blockera tredjepartscookies.<\/li>\n<li>Blockera cookies fr\u00e5n vissa webbplatser.<\/li>\n<li>Blockera alla cookies.<\/li>\n<li>Radera alla cookies n\u00e4r du st\u00e4nger webbl\u00e4saren.<\/li>\n<\/ul>\n<p>Var medveten om att om du v\u00e4ljer att blockera v\u00e5ra cookies kommer vissa delar av v\u00e5r webbplats kanske inte att fungera korrekt.<\/p>\n<h4><strong>Mer information<\/strong><\/h4>\n<p>Om du vill veta mer om cookies och hur de fungerar, kan du bes\u00f6ka <a href=\"http:\/\/www.allaboutcookies.org\/\" target=\"_new\" rel=\"noopener\">www.allaboutcookies.org<\/a> eller <a href=\"http:\/\/www.youronlinechoices.eu\/\" target=\"_new\" rel=\"noopener\">www.youronlinechoices.eu<\/a>.<\/p>\n<h4><strong>Uppdateringar av v\u00e5r Cookie Policy<\/strong><\/h4>\n<p>Vi kan uppdatera denna Cookie Policy fr\u00e5n tid till annan. Alla f\u00f6r\u00e4ndringar kommer att publiceras p\u00e5 denna sida.<\/p>\n<p>Senast uppdaterad: 2023-08-31<\/p>","protected":false},"excerpt":{"rendered":"<p>Nedan kan du l\u00e4sa om v\u00e5r cookie policy g\u00e4llande denna webbplats. Genom att anv\u00e4nda v\u00e5r webbplats, http:\/\/mrfonden.se, accepterar &hellip;<\/p>","protected":false},"author":1,"featured_media":0,"parent":0,"menu_order":0,"comment_status":"closed","ping_status":"closed","template":"","meta":{"_acf_changed":false,"footnotes":""},"class_list":["post-2114","page","type-page","status-publish","hentry"],"acf":[],"yoast_head":"<title>Cookie Policy - Fonden f\u00f6r m\u00e4nskliga r\u00e4ttigheter (MR-Fonden)<\/title>\n<meta name=\"robots\" content=\"index, follow, max-snippet:-1, max-image-preview:large, max-video-preview:-1\" \/>\n<link rel=\"canonical\" href=\"https:\/\/mrfonden.se\/en\/cookie-policy\/\" \/>\n<meta property=\"og:locale\" content=\"en_US\" \/>\n<meta property=\"og:type\" content=\"article\" \/>\n<meta property=\"og:title\" content=\"Cookie Policy - Fonden f\u00f6r m\u00e4nskliga r\u00e4ttigheter (MR-Fonden)\" \/>\n<meta property=\"og:description\" content=\"Nedan kan du l\u00e4sa om v\u00e5r cookie policy g\u00e4llande denna webbplats. Genom att anv\u00e4nda v\u00e5r webbplats, http:\/\/mrfonden.se, accepterar &hellip;\" \/>\n<meta property=\"og:url\" content=\"https:\/\/mrfonden.se\/en\/cookie-policy\/\" \/>\n<meta property=\"og:site_name\" content=\"Fonden f\u00f6r m\u00e4nskliga r\u00e4ttigheter (MR-Fonden)\" \/>\n<meta property=\"article:modified_time\" content=\"2023-08-31T11:39:17+00:00\" \/>\n<meta name=\"twitter:card\" content=\"summary_large_image\" \/>\n<meta name=\"twitter:label1\" content=\"Est. reading time\" \/>\n\t<meta name=\"twitter:data1\" content=\"2 minutes\" \/>\n<script type=\"application\/ld+json\" class=\"yoast-schema-graph\">{\"@context\":\"https:\/\/schema.org\",\"@graph\":[{\"@type\":\"WebPage\",\"@id\":\"https:\/\/mrfonden.se\/cookie-policy\/\",\"url\":\"https:\/\/mrfonden.se\/cookie-policy\/\",\"name\":\"Cookie Policy - Fonden f\u00f6r m\u00e4nskliga r\u00e4ttigheter (MR-Fonden)\",\"isPartOf\":{\"@id\":\"https:\/\/mrfonden.se\/#website\"},\"datePublished\":\"2023-08-31T11:29:15+00:00\",\"dateModified\":\"2023-08-31T11:39:17+00:00\",\"breadcrumb\":{\"@id\":\"https:\/\/mrfonden.se\/cookie-policy\/#breadcrumb\"},\"inLanguage\":\"en-US\",\"potentialAction\":[{\"@type\":\"ReadAction\",\"target\":[\"https:\/\/mrfonden.se\/cookie-policy\/\"]}]},{\"@type\":\"BreadcrumbList\",\"@id\":\"https:\/\/mrfonden.se\/cookie-policy\/#breadcrumb\",\"itemListElement\":[{\"@type\":\"ListItem\",\"position\":1,\"name\":\"Hem\",\"item\":\"https:\/\/mrfonden.se\/\"},{\"@type\":\"ListItem\",\"position\":2,\"name\":\"Cookie Policy\"}]},{\"@type\":\"WebSite\",\"@id\":\"https:\/\/mrfonden.se\/#website\",\"url\":\"https:\/\/mrfonden.se\/\",\"name\":\"Fonden f\u00f6r m\u00e4nskliga r\u00e4ttigheter (MR-Fonden)\",\"description\":\"\",\"potentialAction\":[{\"@type\":\"SearchAction\",\"target\":{\"@type\":\"EntryPoint\",\"urlTemplate\":\"https:\/\/mrfonden.se\/?s={search_term_string}\"},\"query-input\":{\"@type\":\"PropertyValueSpecification\",\"valueRequired\":true,\"valueName\":\"search_term_string\"}}],\"inLanguage\":\"en-US\"}]}<\/script>","yoast_head_json":{"title":"Cookie Policy - Fonden f\u00f6r m\u00e4nskliga r\u00e4ttigheter (MR-Fonden)","robots":{"index":"index","follow":"follow","max-snippet":"max-snippet:-1","max-image-preview":"max-image-preview:large","max-video-preview":"max-video-preview:-1"},"canonical":"https:\/\/mrfonden.se\/en\/cookie-policy\/","og_locale":"en_US","og_type":"article","og_title":"Cookie Policy - Fonden f\u00f6r m\u00e4nskliga r\u00e4ttigheter (MR-Fonden)","og_description":"Nedan kan du l\u00e4sa om v\u00e5r cookie policy g\u00e4llande denna webbplats. Genom att anv\u00e4nda v\u00e5r webbplats, http:\/\/mrfonden.se, accepterar &hellip;","og_url":"https:\/\/mrfonden.se\/en\/cookie-policy\/","og_site_name":"Fonden f\u00f6r m\u00e4nskliga r\u00e4ttigheter (MR-Fonden)","article_modified_time":"2023-08-31T11:39:17+00:00","twitter_card":"summary_large_image","twitter_misc":{"Est. reading time":"2 minutes"},"schema":{"@context":"https:\/\/schema.org","@graph":[{"@type":"WebPage","@id":"https:\/\/mrfonden.se\/cookie-policy\/","url":"https:\/\/mrfonden.se\/cookie-policy\/","name":"Cookie Policy - Fonden f\u00f6r m\u00e4nskliga r\u00e4ttigheter (MR-Fonden)","isPartOf":{"@id":"https:\/\/mrfonden.se\/#website"},"datePublished":"2023-08-31T11:29:15+00:00","dateModified":"2023-08-31T11:39:17+00:00","breadcrumb":{"@id":"https:\/\/mrfonden.se\/cookie-policy\/#breadcrumb"},"inLanguage":"en-US","potentialAction":[{"@type":"ReadAction","target":["https:\/\/mrfonden.se\/cookie-policy\/"]}]},{"@type":"BreadcrumbList","@id":"https:\/\/mrfonden.se\/cookie-policy\/#breadcrumb","itemListElement":[{"@type":"ListItem","position":1,"name":"Hem","item":"https:\/\/mrfonden.se\/"},{"@type":"ListItem","position":2,"name":"Cookie Policy"}]},{"@type":"WebSite","@id":"https:\/\/mrfonden.se\/#website","url":"https:\/\/mrfonden.se\/","name":"Fonden f\u00f6r m\u00e4nskliga r\u00e4ttigheter (MR-Fonden)","description":"","potentialAction":[{"@type":"SearchAction","target":{"@type":"EntryPoint","urlTemplate":"https:\/\/mrfonden.se\/?s={search_term_string}"},"query-input":{"@type":"PropertyValueSpecification","valueRequired":true,"valueName":"search_term_string"}}],"inLanguage":"en-US"}]}},"_links":{"self":[{"href":"https:\/\/mrfonden.se\/en\/wp-json\/wp\/v2\/pages\/2114","targetHints":{"allow":["GET"]}}],"collection":[{"href":"https:\/\/mrfonden.se\/en\/wp-json\/wp\/v2\/pages"}],"about":[{"href":"https:\/\/mrfonden.se\/en\/wp-json\/wp\/v2\/types\/page"}],"author":[{"embeddable":true,"href":"https:\/\/mrfonden.se\/en\/wp-json\/wp\/v2\/users\/1"}],"replies":[{"embeddable":true,"href":"https:\/\/mrfonden.se\/en\/wp-json\/wp\/v2\/comments?post=2114"}],"version-history":[{"count":7,"href":"https:\/\/mrfonden.se\/en\/wp-json\/wp\/v2\/pages\/2114\/revisions"}],"predecessor-version":[{"id":2121,"href":"https:\/\/mrfonden.se\/en\/wp-json\/wp\/v2\/pages\/2114\/revisions\/2121"}],"wp:attachment":[{"href":"https:\/\/mrfonden.se\/en\/wp-json\/wp\/v2\/media?parent=2114"}],"curies":[{"name":"wp","href":"https:\/\/api.w.org\/{rel}","templated":true}]}}