{"id":2093,"date":"2023-08-24T09:13:10","date_gmt":"2023-08-24T07:13:10","guid":{"rendered":"https:\/\/mrfonden.se\/?page_id=2093"},"modified":"2025-04-08T09:54:56","modified_gmt":"2025-04-08T07:54:56","slug":"mr-natverket","status":"publish","type":"page","link":"https:\/\/mrfonden.se\/en\/vart-arbete\/mr-natverket\/","title":{"rendered":"Networks We Coordinate"},"content":{"rendered":"<h4><strong>The Swedish Human Rights Network<br \/>\n<\/strong><\/h4>\n<p>The Swedish Foundation for Human Rights coordinates the Human Rights Network, which consists of around 70 Swedish civil society organisations working to promote human rights. Among other things, the network produces civil society parallel reports to the UN when compliance with UN conventions is reviewed. Here you can read more about <a href=\"https:\/\/mrfonden.se\/en\/vart-arbete\/mr-natverket\/mr-natverket\/\">the Human Rights Network and its members.<\/a>.<\/p>\n<h4><strong>Swedish Network for Transitional Justice<\/strong><\/h4>\n<p>The Swedish Network for Transitional Justice (SN\u00d6) is a network for professionals and students from various fields with an interest in transitional justice. The network was founded in 2015 and has since organised seminars on topics related to transitional justice. The network is coordinated by the Swedish Foundation for Human Rights and, in recent years, has focused on the transitional justice process in Colombia and the two truth commissions in Sweden\u2014for the Sami, and for Tornedalians, Kvens and Lantalaiset.<\/p>\n<h4><strong>Colombia Group<br \/>\n<\/strong><\/h4>\n<p><span class=\"s1\">With the aim of improving coordination and the exchange of information and experience among various Swedish actors actively working on issues related to human rights, peace and security in Colombia, the Colombia Group was formed in the mid-1990s. Since 2011, the Swedish Foundation for Human Rights has served as the principal organisation for the Colombia Group. <\/span><span class=\"s1\">The Colombia Group has an established cooperation and exchange with Swedish International Development Cooperation Agency (Sida), Swedish Ministry for Foreign Affairs (UD), Members of Parliament, Swedish and Colombian civil society organisations, as well as the media.\u00a0<\/span><\/p>\n<p class=\"p4\"><span class=\"s1\">The Colombia Group seeks to strengthen Swedish and international network cooperation in order to disseminate knowledge about the human rights, peace and security situation in Colombia. The work also aims to build public support for active Swedish engagement that contributes to a sustainable and just peace in Colombia. In addition, the Group works to improve coordination among Swedish actors in the areas of development cooperation, peace, human rights, gender equality and democracy. More information about the Colombia Group can be found <a href=\"http:\/\/colombiagruppen.se\/\">here<\/a>.<\/span><\/p>","protected":false},"excerpt":{"rendered":"<p>MR-n\u00e4tverket MR-Fonden samordnar MR-n\u00e4tverket, vilket best\u00e5r av ett 70-tal svenska civilsamh\u00e4llesorganisationer som arbetar f\u00f6r de m\u00e4nskliga r\u00e4ttigheterna. N\u00e4tverket &hellip;<\/p>","protected":false},"author":7,"featured_media":0,"parent":2079,"menu_order":40,"comment_status":"closed","ping_status":"closed","template":"","meta":{"_acf_changed":false,"footnotes":""},"class_list":["post-2093","page","type-page","status-publish","hentry"],"acf":[],"yoast_head":"<title>N\u00e4tverk vi samordnar - Fonden f\u00f6r m\u00e4nskliga r\u00e4ttigheter (MR-Fonden)<\/title>\n<meta name=\"robots\" content=\"index, follow, max-snippet:-1, max-image-preview:large, max-video-preview:-1\" \/>\n<link rel=\"canonical\" href=\"https:\/\/mrfonden.se\/en\/vart-arbete\/mr-natverket\/\" \/>\n<meta property=\"og:locale\" content=\"en_US\" \/>\n<meta property=\"og:type\" content=\"article\" \/>\n<meta property=\"og:title\" content=\"N\u00e4tverk vi samordnar - Fonden f\u00f6r m\u00e4nskliga r\u00e4ttigheter (MR-Fonden)\" \/>\n<meta property=\"og:description\" content=\"MR-n\u00e4tverket MR-Fonden samordnar MR-n\u00e4tverket, vilket best\u00e5r av ett 70-tal svenska civilsamh\u00e4llesorganisationer som arbetar f\u00f6r de m\u00e4nskliga r\u00e4ttigheterna. N\u00e4tverket &hellip;\" \/>\n<meta property=\"og:url\" content=\"https:\/\/mrfonden.se\/en\/vart-arbete\/mr-natverket\/\" \/>\n<meta property=\"og:site_name\" content=\"Fonden f\u00f6r m\u00e4nskliga r\u00e4ttigheter (MR-Fonden)\" \/>\n<meta property=\"article:modified_time\" content=\"2025-04-08T07:54:56+00:00\" \/>\n<meta name=\"twitter:card\" content=\"summary_large_image\" \/>\n<meta name=\"twitter:label1\" content=\"Est. reading time\" \/>\n\t<meta name=\"twitter:data1\" content=\"2 minutes\" \/>\n<script type=\"application\/ld+json\" class=\"yoast-schema-graph\">{\"@context\":\"https:\/\/schema.org\",\"@graph\":[{\"@type\":\"WebPage\",\"@id\":\"https:\/\/mrfonden.se\/vart-arbete\/mr-natverket\/\",\"url\":\"https:\/\/mrfonden.se\/vart-arbete\/mr-natverket\/\",\"name\":\"N\u00e4tverk vi samordnar - Fonden f\u00f6r m\u00e4nskliga r\u00e4ttigheter (MR-Fonden)\",\"isPartOf\":{\"@id\":\"https:\/\/mrfonden.se\/#website\"},\"datePublished\":\"2023-08-24T07:13:10+00:00\",\"dateModified\":\"2025-04-08T07:54:56+00:00\",\"breadcrumb\":{\"@id\":\"https:\/\/mrfonden.se\/vart-arbete\/mr-natverket\/#breadcrumb\"},\"inLanguage\":\"en-US\",\"potentialAction\":[{\"@type\":\"ReadAction\",\"target\":[\"https:\/\/mrfonden.se\/vart-arbete\/mr-natverket\/\"]}]},{\"@type\":\"BreadcrumbList\",\"@id\":\"https:\/\/mrfonden.se\/vart-arbete\/mr-natverket\/#breadcrumb\",\"itemListElement\":[{\"@type\":\"ListItem\",\"position\":1,\"name\":\"Hem\",\"item\":\"https:\/\/mrfonden.se\/\"},{\"@type\":\"ListItem\",\"position\":2,\"name\":\"V\u00e5rt arbete\",\"item\":\"https:\/\/mrfonden.se\/vart-arbete\/\"},{\"@type\":\"ListItem\",\"position\":3,\"name\":\"N\u00e4tverk vi samordnar\"}]},{\"@type\":\"WebSite\",\"@id\":\"https:\/\/mrfonden.se\/#website\",\"url\":\"https:\/\/mrfonden.se\/\",\"name\":\"Fonden f\u00f6r m\u00e4nskliga r\u00e4ttigheter (MR-Fonden)\",\"description\":\"\",\"potentialAction\":[{\"@type\":\"SearchAction\",\"target\":{\"@type\":\"EntryPoint\",\"urlTemplate\":\"https:\/\/mrfonden.se\/?s={search_term_string}\"},\"query-input\":{\"@type\":\"PropertyValueSpecification\",\"valueRequired\":true,\"valueName\":\"search_term_string\"}}],\"inLanguage\":\"en-US\"}]}<\/script>","yoast_head_json":{"title":"N\u00e4tverk vi samordnar - Fonden f\u00f6r m\u00e4nskliga r\u00e4ttigheter (MR-Fonden)","robots":{"index":"index","follow":"follow","max-snippet":"max-snippet:-1","max-image-preview":"max-image-preview:large","max-video-preview":"max-video-preview:-1"},"canonical":"https:\/\/mrfonden.se\/en\/vart-arbete\/mr-natverket\/","og_locale":"en_US","og_type":"article","og_title":"N\u00e4tverk vi samordnar - Fonden f\u00f6r m\u00e4nskliga r\u00e4ttigheter (MR-Fonden)","og_description":"MR-n\u00e4tverket MR-Fonden samordnar MR-n\u00e4tverket, vilket best\u00e5r av ett 70-tal svenska civilsamh\u00e4llesorganisationer som arbetar f\u00f6r de m\u00e4nskliga r\u00e4ttigheterna. N\u00e4tverket &hellip;","og_url":"https:\/\/mrfonden.se\/en\/vart-arbete\/mr-natverket\/","og_site_name":"Fonden f\u00f6r m\u00e4nskliga r\u00e4ttigheter (MR-Fonden)","article_modified_time":"2025-04-08T07:54:56+00:00","twitter_card":"summary_large_image","twitter_misc":{"Est. reading time":"2 minutes"},"schema":{"@context":"https:\/\/schema.org","@graph":[{"@type":"WebPage","@id":"https:\/\/mrfonden.se\/vart-arbete\/mr-natverket\/","url":"https:\/\/mrfonden.se\/vart-arbete\/mr-natverket\/","name":"N\u00e4tverk vi samordnar - Fonden f\u00f6r m\u00e4nskliga r\u00e4ttigheter (MR-Fonden)","isPartOf":{"@id":"https:\/\/mrfonden.se\/#website"},"datePublished":"2023-08-24T07:13:10+00:00","dateModified":"2025-04-08T07:54:56+00:00","breadcrumb":{"@id":"https:\/\/mrfonden.se\/vart-arbete\/mr-natverket\/#breadcrumb"},"inLanguage":"en-US","potentialAction":[{"@type":"ReadAction","target":["https:\/\/mrfonden.se\/vart-arbete\/mr-natverket\/"]}]},{"@type":"BreadcrumbList","@id":"https:\/\/mrfonden.se\/vart-arbete\/mr-natverket\/#breadcrumb","itemListElement":[{"@type":"ListItem","position":1,"name":"Hem","item":"https:\/\/mrfonden.se\/"},{"@type":"ListItem","position":2,"name":"V\u00e5rt arbete","item":"https:\/\/mrfonden.se\/vart-arbete\/"},{"@type":"ListItem","position":3,"name":"N\u00e4tverk vi samordnar"}]},{"@type":"WebSite","@id":"https:\/\/mrfonden.se\/#website","url":"https:\/\/mrfonden.se\/","name":"Fonden f\u00f6r m\u00e4nskliga r\u00e4ttigheter (MR-Fonden)","description":"","potentialAction":[{"@type":"SearchAction","target":{"@type":"EntryPoint","urlTemplate":"https:\/\/mrfonden.se\/?s={search_term_string}"},"query-input":{"@type":"PropertyValueSpecification","valueRequired":true,"valueName":"search_term_string"}}],"inLanguage":"en-US"}]}},"_links":{"self":[{"href":"https:\/\/mrfonden.se\/en\/wp-json\/wp\/v2\/pages\/2093","targetHints":{"allow":["GET"]}}],"collection":[{"href":"https:\/\/mrfonden.se\/en\/wp-json\/wp\/v2\/pages"}],"about":[{"href":"https:\/\/mrfonden.se\/en\/wp-json\/wp\/v2\/types\/page"}],"author":[{"embeddable":true,"href":"https:\/\/mrfonden.se\/en\/wp-json\/wp\/v2\/users\/7"}],"replies":[{"embeddable":true,"href":"https:\/\/mrfonden.se\/en\/wp-json\/wp\/v2\/comments?post=2093"}],"version-history":[{"count":12,"href":"https:\/\/mrfonden.se\/en\/wp-json\/wp\/v2\/pages\/2093\/revisions"}],"predecessor-version":[{"id":3004,"href":"https:\/\/mrfonden.se\/en\/wp-json\/wp\/v2\/pages\/2093\/revisions\/3004"}],"up":[{"embeddable":true,"href":"https:\/\/mrfonden.se\/en\/wp-json\/wp\/v2\/pages\/2079"}],"wp:attachment":[{"href":"https:\/\/mrfonden.se\/en\/wp-json\/wp\/v2\/media?parent=2093"}],"curies":[{"name":"wp","href":"https:\/\/api.w.org\/{rel}","templated":true}]}}