{"id":2085,"date":"2023-08-21T19:30:22","date_gmt":"2023-08-21T17:30:22","guid":{"rendered":"https:\/\/mrfonden.se\/?page_id=2085"},"modified":"2025-02-17T10:51:53","modified_gmt":"2025-02-17T09:51:53","slug":"stod-oss","status":"publish","type":"page","link":"https:\/\/mrfonden.se\/en\/stod-oss\/","title":{"rendered":"Support Our Work"},"content":{"rendered":"<p>Contribute to the realisation of human rights with us \u2013 in Sweden and around the world.<\/p>\n<p>By supporting us, you contribute to our work to create a peaceful world in which human rights and the equal value of all people are respected and upheld, where societal actors are aware of their human rights responsibilities, and where every individual is aware of their rights and has the opportunity to claim them.<\/p>\n<p style=\"text-align: center;\"><strong>\u00a0 \u00a0 \u00a0 \u00a0 \u00a0 \u00a0 \u00a0 \u00a0 \u00a0 \u00a0Bank number : 900-8699<\/strong><br \/>\n<strong>\u00a0 \u00a0 \u00a0 \u00a0 \u00a0 \u00a0 \u00a0 \u00a0 \u00a0 \u00a0 \u00a0Swishnumber : 123 900 86 99<\/strong><\/p>\n<p style=\"text-align: center;\"><img loading=\"lazy\" decoding=\"async\" class=\"wp-image-2827 alignright\" src=\"http:\/\/mrfonden.se\/wp-content\/uploads\/2024\/11\/swish-kod-1-nn.png\" alt=\"\" width=\"146\" height=\"146\" srcset=\"https:\/\/mrfonden.se\/wp-content\/uploads\/2024\/11\/swish-kod-1-nn.png 420w, https:\/\/mrfonden.se\/wp-content\/uploads\/2024\/11\/swish-kod-1-nn-58x58.png 58w\" sizes=\"auto, (max-width: 146px) 100vw, 146px\" \/><\/p>\n<p><strong>We have a 90-account\u00a0<\/strong><br \/>\nThe Swedish Foundation for Human Rights has a <a href=\"https:\/\/www.insamlingskontroll.se\/\">90-account<\/a>, which means that we meet the requirements set by Swedish Fundraising Control for fundraising organisations. This means that at least 75 per cent of all funds raised always go to the stated purpose, and that our activities are reviewed annually by Swedish Fundraising Control. This serves as a guarantee that your money is used appropriately.<\/p>\n<p><strong>Members of Giva Sweden<\/strong><br \/>\nThe Swedish Foundation for Human Rights is a member of the organisation <a href=\"https:\/\/www.givasverige.se\/\">Giva Sweden<\/a>\u00a0and that we comply with their ethical requirements and procedures for safe and responsible giving.<\/p>\n<p>Giva Sverige works with quality assurance, education and capacity-building, and promotes ethical, transparent and professional governance of Sweden  that meet the requirements of the Code of Quality are entitled to use the  \"Tryggt givande\u201d label.<\/p>\n<p><strong>Other ways to support us<\/strong><\/p>\n<p style=\"text-align: left;\">\u2022 Take part in activities that we organise \u2013 they are published on our social media channels.<br \/>\n\u2022 Follow and connect with us on social media.<br \/>\n\u2022 <a href=\"https:\/\/mrfonden.se\/en\/2025\/02\/17\/praktik-ht25\/\">Apply for an internship<\/a> \u2013 we announce internship opportunities for university students twice a year, around February and October.<\/p>\n<p><strong>Become a Human Rights defender together with us!<\/strong><\/p>\n<p><img loading=\"lazy\" decoding=\"async\" class=\"alignright wp-image-2857\" src=\"http:\/\/mrfonden.se\/wp-content\/uploads\/2024\/12\/crb-burma-2.jpg\" alt=\"\" width=\"709\" height=\"592\" srcset=\"https:\/\/mrfonden.se\/wp-content\/uploads\/2024\/12\/crb-burma-2.jpg 760w, https:\/\/mrfonden.se\/wp-content\/uploads\/2024\/12\/crb-burma-2-69x58.jpg 69w\" sizes=\"auto, (max-width: 709px) 100vw, 709px\" \/><\/p>\n<p>&nbsp;<\/p>","protected":false},"excerpt":{"rendered":"<p>Bidra till f\u00f6rverkligandet av de m\u00e4nskliga r\u00e4ttigheterna med oss \u2013 i Sverige och i v\u00e4rlden. Genom att st\u00f6dja &hellip;<\/p>","protected":false},"author":1,"featured_media":0,"parent":0,"menu_order":60,"comment_status":"closed","ping_status":"closed","template":"","meta":{"_acf_changed":false,"footnotes":""},"class_list":["post-2085","page","type-page","status-publish","hentry"],"acf":[],"yoast_head":"<title>St\u00f6d oss - Fonden f\u00f6r m\u00e4nskliga r\u00e4ttigheter (MR-Fonden)<\/title>\n<meta name=\"robots\" content=\"index, follow, max-snippet:-1, max-image-preview:large, max-video-preview:-1\" \/>\n<link rel=\"canonical\" href=\"https:\/\/mrfonden.se\/en\/stod-oss\/\" \/>\n<meta property=\"og:locale\" content=\"en_US\" \/>\n<meta property=\"og:type\" content=\"article\" \/>\n<meta property=\"og:title\" content=\"St\u00f6d oss - Fonden f\u00f6r m\u00e4nskliga r\u00e4ttigheter (MR-Fonden)\" \/>\n<meta property=\"og:description\" content=\"Bidra till f\u00f6rverkligandet av de m\u00e4nskliga r\u00e4ttigheterna med oss \u2013 i Sverige och i v\u00e4rlden. Genom att st\u00f6dja &hellip;\" \/>\n<meta property=\"og:url\" content=\"https:\/\/mrfonden.se\/en\/stod-oss\/\" \/>\n<meta property=\"og:site_name\" content=\"Fonden f\u00f6r m\u00e4nskliga r\u00e4ttigheter (MR-Fonden)\" \/>\n<meta property=\"article:modified_time\" content=\"2025-02-17T09:51:53+00:00\" \/>\n<meta property=\"og:image\" content=\"http:\/\/mrfonden.se\/wp-content\/uploads\/2024\/11\/swish-kod-1-nn.png\" \/>\n<meta name=\"twitter:card\" content=\"summary_large_image\" \/>\n<meta name=\"twitter:label1\" content=\"Est. reading time\" \/>\n\t<meta name=\"twitter:data1\" content=\"2 minutes\" \/>\n<script type=\"application\/ld+json\" class=\"yoast-schema-graph\">{\"@context\":\"https:\/\/schema.org\",\"@graph\":[{\"@type\":\"WebPage\",\"@id\":\"https:\/\/mrfonden.se\/stod-oss\/\",\"url\":\"https:\/\/mrfonden.se\/stod-oss\/\",\"name\":\"St\u00f6d oss - Fonden f\u00f6r m\u00e4nskliga r\u00e4ttigheter (MR-Fonden)\",\"isPartOf\":{\"@id\":\"https:\/\/mrfonden.se\/#website\"},\"primaryImageOfPage\":{\"@id\":\"https:\/\/mrfonden.se\/stod-oss\/#primaryimage\"},\"image\":{\"@id\":\"https:\/\/mrfonden.se\/stod-oss\/#primaryimage\"},\"thumbnailUrl\":\"http:\/\/mrfonden.se\/wp-content\/uploads\/2024\/11\/swish-kod-1-nn.png\",\"datePublished\":\"2023-08-21T17:30:22+00:00\",\"dateModified\":\"2025-02-17T09:51:53+00:00\",\"breadcrumb\":{\"@id\":\"https:\/\/mrfonden.se\/stod-oss\/#breadcrumb\"},\"inLanguage\":\"en-US\",\"potentialAction\":[{\"@type\":\"ReadAction\",\"target\":[\"https:\/\/mrfonden.se\/stod-oss\/\"]}]},{\"@type\":\"ImageObject\",\"inLanguage\":\"en-US\",\"@id\":\"https:\/\/mrfonden.se\/stod-oss\/#primaryimage\",\"url\":\"http:\/\/mrfonden.se\/wp-content\/uploads\/2024\/11\/swish-kod-1-nn.png\",\"contentUrl\":\"http:\/\/mrfonden.se\/wp-content\/uploads\/2024\/11\/swish-kod-1-nn.png\"},{\"@type\":\"BreadcrumbList\",\"@id\":\"https:\/\/mrfonden.se\/stod-oss\/#breadcrumb\",\"itemListElement\":[{\"@type\":\"ListItem\",\"position\":1,\"name\":\"Hem\",\"item\":\"https:\/\/mrfonden.se\/\"},{\"@type\":\"ListItem\",\"position\":2,\"name\":\"St\u00f6d oss\"}]},{\"@type\":\"WebSite\",\"@id\":\"https:\/\/mrfonden.se\/#website\",\"url\":\"https:\/\/mrfonden.se\/\",\"name\":\"Fonden f\u00f6r m\u00e4nskliga r\u00e4ttigheter (MR-Fonden)\",\"description\":\"\",\"potentialAction\":[{\"@type\":\"SearchAction\",\"target\":{\"@type\":\"EntryPoint\",\"urlTemplate\":\"https:\/\/mrfonden.se\/?s={search_term_string}\"},\"query-input\":{\"@type\":\"PropertyValueSpecification\",\"valueRequired\":true,\"valueName\":\"search_term_string\"}}],\"inLanguage\":\"en-US\"}]}<\/script>","yoast_head_json":{"title":"St\u00f6d oss - Fonden f\u00f6r m\u00e4nskliga r\u00e4ttigheter (MR-Fonden)","robots":{"index":"index","follow":"follow","max-snippet":"max-snippet:-1","max-image-preview":"max-image-preview:large","max-video-preview":"max-video-preview:-1"},"canonical":"https:\/\/mrfonden.se\/en\/stod-oss\/","og_locale":"en_US","og_type":"article","og_title":"St\u00f6d oss - Fonden f\u00f6r m\u00e4nskliga r\u00e4ttigheter (MR-Fonden)","og_description":"Bidra till f\u00f6rverkligandet av de m\u00e4nskliga r\u00e4ttigheterna med oss \u2013 i Sverige och i v\u00e4rlden. Genom att st\u00f6dja &hellip;","og_url":"https:\/\/mrfonden.se\/en\/stod-oss\/","og_site_name":"Fonden f\u00f6r m\u00e4nskliga r\u00e4ttigheter (MR-Fonden)","article_modified_time":"2025-02-17T09:51:53+00:00","og_image":[{"url":"http:\/\/mrfonden.se\/wp-content\/uploads\/2024\/11\/swish-kod-1-nn.png","type":"","width":"","height":""}],"twitter_card":"summary_large_image","twitter_misc":{"Est. reading time":"2 minutes"},"schema":{"@context":"https:\/\/schema.org","@graph":[{"@type":"WebPage","@id":"https:\/\/mrfonden.se\/stod-oss\/","url":"https:\/\/mrfonden.se\/stod-oss\/","name":"St\u00f6d oss - Fonden f\u00f6r m\u00e4nskliga r\u00e4ttigheter (MR-Fonden)","isPartOf":{"@id":"https:\/\/mrfonden.se\/#website"},"primaryImageOfPage":{"@id":"https:\/\/mrfonden.se\/stod-oss\/#primaryimage"},"image":{"@id":"https:\/\/mrfonden.se\/stod-oss\/#primaryimage"},"thumbnailUrl":"http:\/\/mrfonden.se\/wp-content\/uploads\/2024\/11\/swish-kod-1-nn.png","datePublished":"2023-08-21T17:30:22+00:00","dateModified":"2025-02-17T09:51:53+00:00","breadcrumb":{"@id":"https:\/\/mrfonden.se\/stod-oss\/#breadcrumb"},"inLanguage":"en-US","potentialAction":[{"@type":"ReadAction","target":["https:\/\/mrfonden.se\/stod-oss\/"]}]},{"@type":"ImageObject","inLanguage":"en-US","@id":"https:\/\/mrfonden.se\/stod-oss\/#primaryimage","url":"http:\/\/mrfonden.se\/wp-content\/uploads\/2024\/11\/swish-kod-1-nn.png","contentUrl":"http:\/\/mrfonden.se\/wp-content\/uploads\/2024\/11\/swish-kod-1-nn.png"},{"@type":"BreadcrumbList","@id":"https:\/\/mrfonden.se\/stod-oss\/#breadcrumb","itemListElement":[{"@type":"ListItem","position":1,"name":"Hem","item":"https:\/\/mrfonden.se\/"},{"@type":"ListItem","position":2,"name":"St\u00f6d oss"}]},{"@type":"WebSite","@id":"https:\/\/mrfonden.se\/#website","url":"https:\/\/mrfonden.se\/","name":"Fonden f\u00f6r m\u00e4nskliga r\u00e4ttigheter (MR-Fonden)","description":"","potentialAction":[{"@type":"SearchAction","target":{"@type":"EntryPoint","urlTemplate":"https:\/\/mrfonden.se\/?s={search_term_string}"},"query-input":{"@type":"PropertyValueSpecification","valueRequired":true,"valueName":"search_term_string"}}],"inLanguage":"en-US"}]}},"_links":{"self":[{"href":"https:\/\/mrfonden.se\/en\/wp-json\/wp\/v2\/pages\/2085","targetHints":{"allow":["GET"]}}],"collection":[{"href":"https:\/\/mrfonden.se\/en\/wp-json\/wp\/v2\/pages"}],"about":[{"href":"https:\/\/mrfonden.se\/en\/wp-json\/wp\/v2\/types\/page"}],"author":[{"embeddable":true,"href":"https:\/\/mrfonden.se\/en\/wp-json\/wp\/v2\/users\/1"}],"replies":[{"embeddable":true,"href":"https:\/\/mrfonden.se\/en\/wp-json\/wp\/v2\/comments?post=2085"}],"version-history":[{"count":27,"href":"https:\/\/mrfonden.se\/en\/wp-json\/wp\/v2\/pages\/2085\/revisions"}],"predecessor-version":[{"id":2925,"href":"https:\/\/mrfonden.se\/en\/wp-json\/wp\/v2\/pages\/2085\/revisions\/2925"}],"wp:attachment":[{"href":"https:\/\/mrfonden.se\/en\/wp-json\/wp\/v2\/media?parent=2085"}],"curies":[{"name":"wp","href":"https:\/\/api.w.org\/{rel}","templated":true}]}}