{"id":2077,"date":"2023-08-21T18:36:11","date_gmt":"2023-08-21T16:36:11","guid":{"rendered":"https:\/\/mrfonden.se\/?page_id=2077"},"modified":"2024-01-15T12:08:45","modified_gmt":"2024-01-15T11:08:45","slug":"manskliga-rattigheter","status":"publish","type":"page","link":"https:\/\/mrfonden.se\/en\/manskliga-rattigheter\/","title":{"rendered":"Human Rights"},"content":{"rendered":"<h4 class=\"p1\"><b>The Universal Declaration of Human Rights (UDHR)<\/b><\/h4>\n<p class=\"p1\">On 10 December 1948, the then newly established United Nations adopted the Universal Declaration of Human Rights. The Declaration serves as a global guide to freedom and equality, protecting the rights of every individual worldwide. Human rights are therefore universal \u2013 they apply to all people everywhere, regardless of country, culture, gender, skin colour, religion, or other characteristics.<\/p>\n<p class=\"p1\">The Universal Declaration of Human Rights consists of 30 articles which together set out the fundamental and universal rights and freedoms. The articles address both what everyone is entitled to\u2014such as freedom and education\u2014and what everyone has the right to be free from, such as slavery and torture. The Declaration thus represent a common expression of will and a moral commitment by the international community, which all states are expected to uphold, but which is not legally binding. However, the Declaration has served as the foundation for many legally binding treaties, conventions and international agreements. The Universal Declaration of Human Rights also forms the basis of international efforts to monitor human rights in states around the world.<\/p>\n<p class=\"p1\">Human rights are interdependent and indivisible. This means that the different rights form parts of the same whole, in such a way that no individual right can be considered more important than another.<\/p>\n<p class=\"p1\">Human rights form part of international law and fundamentally regulate the relationship between the state and the individual. They constitute a limitation on the power of the state over the individual, while at the same time establishing certain obligations for the state. All people within a country are rights-holders and are entitled to have their human rights fulfilled. The state (including regions and municipalities) and all public officials are duty-bearers and are responsible for respecting, protecting and promoting human rights. The state is obliged to protect individuals from violations of their rights by other private actors and must ensure that every person is able to realize and claim their rights.<\/p>\n<p class=\"p1\">The Government of Sweden bears the ultimate responsibility for ensuring that human rights are fulfilled in Sweden. The Government also has a responsibility to make information about human rights accessible to the general public.<\/p>\n<p class=\"p1\">The Swedish National Human Rights Institution is an independent public authority responsible for monitoring, examining and reporting on how human rights are respected and realised in Sweden.<\/p>\n<p class=\"p1\">Read the complete Universal Declaration of Human Rights here:<br \/>\n<span class=\"s1\"><a href=\"https:\/\/fn.se\/wp-content\/uploads\/2016\/07\/Allmanforklaringomdemanskligarattigheterna.pdf\" target=\"_blank\" rel=\"noopener\">https:\/\/fn.se\/wp-content\/uploads\/2016\/07\/Allmanforklaringomdemanskligarattigheterna.pdf<\/a><\/span><\/p>\n<h4><b>Human Rights Conventions<span class=\"Apple-converted-space\">\u00a0<\/span><\/b><\/h4>\n<p>CAT \u2013 Convention against Torture and Other Cruel, Inhuman or Degrading Treatment or Punishment.<\/p>\n<p>ICCPR \u2013 International Covenant on Civil and Political Rights<\/p>\n<p>CEDAW \u2013 Convention on the Elimination of All Forms of Discrimination against Women<\/p>\n<p>CERD \u2013 International Convention on the Elimination of All Forms of Racial Discrimination<\/p>\n<p>ICESCR \u2013 International Covenant on Economic, Social and Cultural Rights<\/p>\n<p>CRC \u2013 Convention on the Rights of the Child<\/p>\n<p>CRPD \u2013 Convention on the Rights of Persons with Disabilities<\/p>\n<p>Convention on the Protection of the Rights of All Migrant Workers and Members of Their Families (Sweden is not a party to the convention).<\/p>\n<p>Convention for the Protection of All Persons from Enforced Disappearance (Sweden is not a party to the convention).<\/p>\n<p>Read more at the UN Human Rights Office website: <a href=\"\/en\/%22\/\">https:\/\/www.ohchr.org\/en\/instruments-listings<\/a> and at the Swedish UN Association: <a href=\"\/en\/%22\/\">https:\/\/fn.se\/vi-gor\/vi-utbildar-och-informerar\/fn-info\/vad-gor-fn\/fns-arbete-med-manskliga-rattigheter\/sa-skyddar-fn-de-manskliga-rattigheterna\/mr-konventionerna\/<\/a><\/p>","protected":false},"excerpt":{"rendered":"<p>FN:s allm\u00e4nna f\u00f6rklaring om de m\u00e4nskliga r\u00e4ttigheterna Den 10 december 1948 antog den d\u00e5 nybildade organisationen FN (F\u00f6renta &hellip;<\/p>","protected":false},"author":1,"featured_media":0,"parent":0,"menu_order":20,"comment_status":"closed","ping_status":"closed","template":"","meta":{"_acf_changed":false,"footnotes":""},"class_list":["post-2077","page","type-page","status-publish","hentry"],"acf":[],"yoast_head":"<title>M\u00e4nskliga r\u00e4ttigheter - Fonden f\u00f6r m\u00e4nskliga r\u00e4ttigheter (MR-Fonden)<\/title>\n<meta name=\"robots\" content=\"index, follow, max-snippet:-1, max-image-preview:large, max-video-preview:-1\" \/>\n<link rel=\"canonical\" href=\"https:\/\/mrfonden.se\/en\/manskliga-rattigheter\/\" \/>\n<meta property=\"og:locale\" content=\"en_US\" \/>\n<meta property=\"og:type\" content=\"article\" \/>\n<meta property=\"og:title\" content=\"M\u00e4nskliga r\u00e4ttigheter - Fonden f\u00f6r m\u00e4nskliga r\u00e4ttigheter (MR-Fonden)\" \/>\n<meta property=\"og:description\" content=\"FN:s allm\u00e4nna f\u00f6rklaring om de m\u00e4nskliga r\u00e4ttigheterna Den 10 december 1948 antog den d\u00e5 nybildade organisationen FN (F\u00f6renta &hellip;\" \/>\n<meta property=\"og:url\" content=\"https:\/\/mrfonden.se\/en\/manskliga-rattigheter\/\" \/>\n<meta property=\"og:site_name\" content=\"Fonden f\u00f6r m\u00e4nskliga r\u00e4ttigheter (MR-Fonden)\" \/>\n<meta property=\"article:modified_time\" content=\"2024-01-15T11:08:45+00:00\" \/>\n<meta name=\"twitter:card\" content=\"summary_large_image\" \/>\n<meta name=\"twitter:label1\" content=\"Est. reading time\" \/>\n\t<meta name=\"twitter:data1\" content=\"3 minutes\" \/>\n<script type=\"application\/ld+json\" class=\"yoast-schema-graph\">{\"@context\":\"https:\/\/schema.org\",\"@graph\":[{\"@type\":\"WebPage\",\"@id\":\"https:\/\/mrfonden.se\/manskliga-rattigheter\/\",\"url\":\"https:\/\/mrfonden.se\/manskliga-rattigheter\/\",\"name\":\"M\u00e4nskliga r\u00e4ttigheter - Fonden f\u00f6r m\u00e4nskliga r\u00e4ttigheter (MR-Fonden)\",\"isPartOf\":{\"@id\":\"https:\/\/mrfonden.se\/#website\"},\"datePublished\":\"2023-08-21T16:36:11+00:00\",\"dateModified\":\"2024-01-15T11:08:45+00:00\",\"breadcrumb\":{\"@id\":\"https:\/\/mrfonden.se\/manskliga-rattigheter\/#breadcrumb\"},\"inLanguage\":\"en-US\",\"potentialAction\":[{\"@type\":\"ReadAction\",\"target\":[\"https:\/\/mrfonden.se\/manskliga-rattigheter\/\"]}]},{\"@type\":\"BreadcrumbList\",\"@id\":\"https:\/\/mrfonden.se\/manskliga-rattigheter\/#breadcrumb\",\"itemListElement\":[{\"@type\":\"ListItem\",\"position\":1,\"name\":\"Hem\",\"item\":\"https:\/\/mrfonden.se\/\"},{\"@type\":\"ListItem\",\"position\":2,\"name\":\"M\u00e4nskliga r\u00e4ttigheter\"}]},{\"@type\":\"WebSite\",\"@id\":\"https:\/\/mrfonden.se\/#website\",\"url\":\"https:\/\/mrfonden.se\/\",\"name\":\"Fonden f\u00f6r m\u00e4nskliga r\u00e4ttigheter (MR-Fonden)\",\"description\":\"\",\"potentialAction\":[{\"@type\":\"SearchAction\",\"target\":{\"@type\":\"EntryPoint\",\"urlTemplate\":\"https:\/\/mrfonden.se\/?s={search_term_string}\"},\"query-input\":{\"@type\":\"PropertyValueSpecification\",\"valueRequired\":true,\"valueName\":\"search_term_string\"}}],\"inLanguage\":\"en-US\"}]}<\/script>","yoast_head_json":{"title":"M\u00e4nskliga r\u00e4ttigheter - Fonden f\u00f6r m\u00e4nskliga r\u00e4ttigheter (MR-Fonden)","robots":{"index":"index","follow":"follow","max-snippet":"max-snippet:-1","max-image-preview":"max-image-preview:large","max-video-preview":"max-video-preview:-1"},"canonical":"https:\/\/mrfonden.se\/en\/manskliga-rattigheter\/","og_locale":"en_US","og_type":"article","og_title":"M\u00e4nskliga r\u00e4ttigheter - Fonden f\u00f6r m\u00e4nskliga r\u00e4ttigheter (MR-Fonden)","og_description":"FN:s allm\u00e4nna f\u00f6rklaring om de m\u00e4nskliga r\u00e4ttigheterna Den 10 december 1948 antog den d\u00e5 nybildade organisationen FN (F\u00f6renta &hellip;","og_url":"https:\/\/mrfonden.se\/en\/manskliga-rattigheter\/","og_site_name":"Fonden f\u00f6r m\u00e4nskliga r\u00e4ttigheter (MR-Fonden)","article_modified_time":"2024-01-15T11:08:45+00:00","twitter_card":"summary_large_image","twitter_misc":{"Est. reading time":"3 minutes"},"schema":{"@context":"https:\/\/schema.org","@graph":[{"@type":"WebPage","@id":"https:\/\/mrfonden.se\/manskliga-rattigheter\/","url":"https:\/\/mrfonden.se\/manskliga-rattigheter\/","name":"M\u00e4nskliga r\u00e4ttigheter - Fonden f\u00f6r m\u00e4nskliga r\u00e4ttigheter (MR-Fonden)","isPartOf":{"@id":"https:\/\/mrfonden.se\/#website"},"datePublished":"2023-08-21T16:36:11+00:00","dateModified":"2024-01-15T11:08:45+00:00","breadcrumb":{"@id":"https:\/\/mrfonden.se\/manskliga-rattigheter\/#breadcrumb"},"inLanguage":"en-US","potentialAction":[{"@type":"ReadAction","target":["https:\/\/mrfonden.se\/manskliga-rattigheter\/"]}]},{"@type":"BreadcrumbList","@id":"https:\/\/mrfonden.se\/manskliga-rattigheter\/#breadcrumb","itemListElement":[{"@type":"ListItem","position":1,"name":"Hem","item":"https:\/\/mrfonden.se\/"},{"@type":"ListItem","position":2,"name":"M\u00e4nskliga r\u00e4ttigheter"}]},{"@type":"WebSite","@id":"https:\/\/mrfonden.se\/#website","url":"https:\/\/mrfonden.se\/","name":"Fonden f\u00f6r m\u00e4nskliga r\u00e4ttigheter (MR-Fonden)","description":"","potentialAction":[{"@type":"SearchAction","target":{"@type":"EntryPoint","urlTemplate":"https:\/\/mrfonden.se\/?s={search_term_string}"},"query-input":{"@type":"PropertyValueSpecification","valueRequired":true,"valueName":"search_term_string"}}],"inLanguage":"en-US"}]}},"_links":{"self":[{"href":"https:\/\/mrfonden.se\/en\/wp-json\/wp\/v2\/pages\/2077","targetHints":{"allow":["GET"]}}],"collection":[{"href":"https:\/\/mrfonden.se\/en\/wp-json\/wp\/v2\/pages"}],"about":[{"href":"https:\/\/mrfonden.se\/en\/wp-json\/wp\/v2\/types\/page"}],"author":[{"embeddable":true,"href":"https:\/\/mrfonden.se\/en\/wp-json\/wp\/v2\/users\/1"}],"replies":[{"embeddable":true,"href":"https:\/\/mrfonden.se\/en\/wp-json\/wp\/v2\/comments?post=2077"}],"version-history":[{"count":5,"href":"https:\/\/mrfonden.se\/en\/wp-json\/wp\/v2\/pages\/2077\/revisions"}],"predecessor-version":[{"id":2416,"href":"https:\/\/mrfonden.se\/en\/wp-json\/wp\/v2\/pages\/2077\/revisions\/2416"}],"wp:attachment":[{"href":"https:\/\/mrfonden.se\/en\/wp-json\/wp\/v2\/media?parent=2077"}],"curies":[{"name":"wp","href":"https:\/\/api.w.org\/{rel}","templated":true}]}}