{"id":202,"date":"2019-11-21T08:28:49","date_gmt":"2019-11-21T07:28:49","guid":{"rendered":"http:\/\/mrfonden.se\/?page_id=202"},"modified":"2021-11-11T14:25:49","modified_gmt":"2021-11-11T13:25:49","slug":"var-verksamhet","status":"publish","type":"page","link":"https:\/\/mrfonden.se\/en\/om-mr-fonden\/var-verksamhet\/","title":{"rendered":"What We Do"},"content":{"rendered":"<p>In its work, the Swedish Foundation for Human Rights seeks to demonstrate how international law and international legal instruments can be used to influence societal development in a democratic and peaceful direction. This is achieved through education, advocacy, information activities, monitoring, and international cooperation. The Foundation supports capacity development among partner organisations both abroad and in Sweden. In order to act as a catalyst and promote coordination among different actors, the Swedish Foundation for Human Rights often works in collaboration with other organisations, both in Sweden and internationally.<\/p>\n<p><img loading=\"lazy\" decoding=\"async\" class=\"alignnone wp-image-217 size-medium\" src=\"http:\/\/mrfonden.se\/wp-content\/uploads\/2019\/11\/fn-building-760x567.jpg\" alt=\"\" width=\"760\" height=\"567\" srcset=\"https:\/\/mrfonden.se\/wp-content\/uploads\/2019\/11\/fn-building-760x567.jpg 760w, https:\/\/mrfonden.se\/wp-content\/uploads\/2019\/11\/fn-building-1520x1135.jpg 1520w, https:\/\/mrfonden.se\/wp-content\/uploads\/2019\/11\/fn-building-768x573.jpg 768w, https:\/\/mrfonden.se\/wp-content\/uploads\/2019\/11\/fn-building-1536x1147.jpg 1536w, https:\/\/mrfonden.se\/wp-content\/uploads\/2019\/11\/fn-building.jpg 2048w\" sizes=\"auto, (max-width: 760px) 100vw, 760px\" \/><\/p>\n<p>In its work, the Swedish Foundation for Human Rights strives to ensure a clear link between its activities in Sweden and its international engagement. This means that the Foundation draws on experiences from its international partners, while insights gained through its work in Sweden are also shared with partner organisations in other countries.<\/p>\n<p>In addition to its work to directly promote human rights, the Swedish Foundation for Human Rights works to clarify the meaning and practical significance of a rights-based perspective. The Foundation views Agenda 2030 and the Sustainable Development Goals as central to the development and implementation of human rights, and considers human rights to be a prerequisite for achieving the Goals. In this context, Goal 16 on peaceful and inclusive societies is of particular relevance to the Foundation\u2019s work.<\/p>\n<h5><strong>In the following interview, Secretary General Ulrika Strand discusses how the work of the Swedish Foundation for Human Rights aligns with Agenda 2030.<\/strong><\/h5>\n<p><strong>How does the Swedish Foundation for Human Rights contribute to the realization of Agenda 2030<\/strong><\/p>\n<p>\u2013 The work of the Swedish Foundation for Human Rights contributes to the Sustainable Development Goals as a whole, and just as with human rights, it is not possible to single out individual goals, as they are interconnected and reinforce one another. A particularly important part of the Foundation\u2019s work to promote the equal value of all people is the advancement of gender equality (Sustainable Development Goal 5) and equality (Goal 10), both of which are central to the work for peaceful societies, Goal 17.<\/p>\n<p>\u2013 Overall, Agenda 2030 is about eradicating poverty by promoting just, inclusive, and sustainable societies. For us, this clearly reflects our two thematic focus areas: economic, social and cultural rights, and contributing to redress for gross human rights violations. This is done through both direct initiatives here in Sweden \u2013 such as highlighting the mandates of the Swedish truth commissions working to provide redress for human rights violations committed in our own country \u2013 and internationally, by supporting the work of partners in countries such as Colombia and Myanmar.<\/p>\n<p><strong>You work, among other things, with awareness-raising initiatives on economic, social and cultural rights. What are these rights, and how do they relate to the goals of Agenda 2030?<\/strong><\/p>\n<p>\u2013 Economic, social and cultural rights \u2013 that is, ESC rights \u2013 are an area the Swedish Foundation for Human Rights has worked with for a long time. They form part of the indivisible human rights to which we are all entitled, just like civil and political rights, which tend to receive more attention. Economic, social and cultural rights include minimum requirements such as access to food for the population, basic primary healthcare, housing, and the most fundamental forms of education.<\/p>\n<p>\u2013 Economic, social and cultural rights are sometimes discussed as if they were primarily a matter of political and economic priorities, but States are obliged to ensure a minimum core of human rights regardless of resource constraints. And this is not only about the allocation of resources, but also about guaranteeing participation without discrimination. It is important that these issues are not viewed as individual problems, but rather that it is made clear that they concern structures that exclude or discriminate.<\/p>\n<p>\u2013 The lack of economic, social and cultural rights is not a matter of resources or politics, but of poor implementation of internationally binding rules. Agenda 2030, with its commitment to leave no one behind and to reach those furthest behind first, embodies the very essence of economic, social and cultural rights.<\/p>\n<p><strong>The Agenda is guided by the principle \u201cLeave no one behind.\u201d What does this mean from the perspective of the Swedish Foundation for Human Rights?<\/strong><\/p>\n<p>\u2013 At the heart of the Sustainable Development Goals is the commitment that no one should be left behind in development, and within a rights-based approach, participation is a key principle. For us as a human rights organisation, this is a clear call from rights-holders that no one may be left out in the work to realise human rights.<\/p>\n<p>\u2013 Voices and perspectives, including those of people who are not part of the majority or do not conform to prevailing norms, must be heard, taken into account, and serve as a starting point. Otherwise, people are excluded\u2014both figuratively and literally\u2014from their rights and from the opportunity to live lives that most take for granted. The further people fall behind in development, the more time passes, and the greater the disparities become, the harder it is to catch up on what has been missed.<\/p>\n<p>Read the full interview <a href=\"https:\/\/www.nodsverige.se\/for-oss-som-mr-organisation-ar-det-en-tydlig-uppmaning-fran-rattighetsbararna-att-ingen-far-lamnas-utanfor-i-arbetet-med-att-forverkliga-de-manskliga-rattigheterna\/\">here<\/a>.<\/p>","protected":false},"excerpt":{"rendered":"<p>MR-Fonden vill i sin verksamhet visa hur folkr\u00e4tten och de folkr\u00e4ttsliga instrumenten kan anv\u00e4ndas f\u00f6r att p\u00e5verka samh\u00e4llsutvecklingen &hellip;<\/p>","protected":false},"author":1,"featured_media":0,"parent":12,"menu_order":10,"comment_status":"closed","ping_status":"closed","template":"","meta":{"_acf_changed":false,"footnotes":""},"class_list":["post-202","page","type-page","status-publish","hentry"],"acf":[],"yoast_head":"<title>V\u00e5r verksamhet - Fonden f\u00f6r m\u00e4nskliga r\u00e4ttigheter (MR-Fonden)<\/title>\n<meta name=\"robots\" content=\"index, follow, max-snippet:-1, max-image-preview:large, max-video-preview:-1\" \/>\n<link rel=\"canonical\" href=\"https:\/\/mrfonden.se\/en\/om-mr-fonden\/var-verksamhet\/\" \/>\n<meta property=\"og:locale\" content=\"en_US\" \/>\n<meta property=\"og:type\" content=\"article\" \/>\n<meta property=\"og:title\" content=\"V\u00e5r verksamhet - Fonden f\u00f6r m\u00e4nskliga r\u00e4ttigheter (MR-Fonden)\" \/>\n<meta property=\"og:description\" content=\"MR-Fonden vill i sin verksamhet visa hur folkr\u00e4tten och de folkr\u00e4ttsliga instrumenten kan anv\u00e4ndas f\u00f6r att p\u00e5verka samh\u00e4llsutvecklingen &hellip;\" \/>\n<meta property=\"og:url\" content=\"https:\/\/mrfonden.se\/en\/om-mr-fonden\/var-verksamhet\/\" \/>\n<meta property=\"og:site_name\" content=\"Fonden f\u00f6r m\u00e4nskliga r\u00e4ttigheter (MR-Fonden)\" \/>\n<meta property=\"article:modified_time\" content=\"2021-11-11T13:25:49+00:00\" \/>\n<meta property=\"og:image\" content=\"http:\/\/mrfonden.se\/wp-content\/uploads\/2019\/11\/fn-building-760x567.jpg\" \/>\n<meta name=\"twitter:card\" content=\"summary_large_image\" \/>\n<meta name=\"twitter:label1\" content=\"Est. reading time\" \/>\n\t<meta name=\"twitter:data1\" content=\"4 minutes\" \/>\n<script type=\"application\/ld+json\" class=\"yoast-schema-graph\">{\"@context\":\"https:\/\/schema.org\",\"@graph\":[{\"@type\":\"WebPage\",\"@id\":\"https:\/\/mrfonden.se\/om-mr-fonden\/var-verksamhet\/\",\"url\":\"https:\/\/mrfonden.se\/om-mr-fonden\/var-verksamhet\/\",\"name\":\"V\u00e5r verksamhet - Fonden f\u00f6r m\u00e4nskliga r\u00e4ttigheter (MR-Fonden)\",\"isPartOf\":{\"@id\":\"https:\/\/mrfonden.se\/#website\"},\"primaryImageOfPage\":{\"@id\":\"https:\/\/mrfonden.se\/om-mr-fonden\/var-verksamhet\/#primaryimage\"},\"image\":{\"@id\":\"https:\/\/mrfonden.se\/om-mr-fonden\/var-verksamhet\/#primaryimage\"},\"thumbnailUrl\":\"http:\/\/mrfonden.se\/wp-content\/uploads\/2019\/11\/fn-building-760x567.jpg\",\"datePublished\":\"2019-11-21T07:28:49+00:00\",\"dateModified\":\"2021-11-11T13:25:49+00:00\",\"breadcrumb\":{\"@id\":\"https:\/\/mrfonden.se\/om-mr-fonden\/var-verksamhet\/#breadcrumb\"},\"inLanguage\":\"en-US\",\"potentialAction\":[{\"@type\":\"ReadAction\",\"target\":[\"https:\/\/mrfonden.se\/om-mr-fonden\/var-verksamhet\/\"]}]},{\"@type\":\"ImageObject\",\"inLanguage\":\"en-US\",\"@id\":\"https:\/\/mrfonden.se\/om-mr-fonden\/var-verksamhet\/#primaryimage\",\"url\":\"http:\/\/mrfonden.se\/wp-content\/uploads\/2019\/11\/fn-building-760x567.jpg\",\"contentUrl\":\"http:\/\/mrfonden.se\/wp-content\/uploads\/2019\/11\/fn-building-760x567.jpg\"},{\"@type\":\"BreadcrumbList\",\"@id\":\"https:\/\/mrfonden.se\/om-mr-fonden\/var-verksamhet\/#breadcrumb\",\"itemListElement\":[{\"@type\":\"ListItem\",\"position\":1,\"name\":\"Hem\",\"item\":\"https:\/\/mrfonden.se\/\"},{\"@type\":\"ListItem\",\"position\":2,\"name\":\"Om MR-Fonden\",\"item\":\"https:\/\/mrfonden.se\/om-mr-fonden\/\"},{\"@type\":\"ListItem\",\"position\":3,\"name\":\"V\u00e5r verksamhet\"}]},{\"@type\":\"WebSite\",\"@id\":\"https:\/\/mrfonden.se\/#website\",\"url\":\"https:\/\/mrfonden.se\/\",\"name\":\"Fonden f\u00f6r m\u00e4nskliga r\u00e4ttigheter (MR-Fonden)\",\"description\":\"\",\"potentialAction\":[{\"@type\":\"SearchAction\",\"target\":{\"@type\":\"EntryPoint\",\"urlTemplate\":\"https:\/\/mrfonden.se\/?s={search_term_string}\"},\"query-input\":{\"@type\":\"PropertyValueSpecification\",\"valueRequired\":true,\"valueName\":\"search_term_string\"}}],\"inLanguage\":\"en-US\"}]}<\/script>","yoast_head_json":{"title":"V\u00e5r verksamhet - Fonden f\u00f6r m\u00e4nskliga r\u00e4ttigheter (MR-Fonden)","robots":{"index":"index","follow":"follow","max-snippet":"max-snippet:-1","max-image-preview":"max-image-preview:large","max-video-preview":"max-video-preview:-1"},"canonical":"https:\/\/mrfonden.se\/en\/om-mr-fonden\/var-verksamhet\/","og_locale":"en_US","og_type":"article","og_title":"V\u00e5r verksamhet - Fonden f\u00f6r m\u00e4nskliga r\u00e4ttigheter (MR-Fonden)","og_description":"MR-Fonden vill i sin verksamhet visa hur folkr\u00e4tten och de folkr\u00e4ttsliga instrumenten kan anv\u00e4ndas f\u00f6r att p\u00e5verka samh\u00e4llsutvecklingen &hellip;","og_url":"https:\/\/mrfonden.se\/en\/om-mr-fonden\/var-verksamhet\/","og_site_name":"Fonden f\u00f6r m\u00e4nskliga r\u00e4ttigheter (MR-Fonden)","article_modified_time":"2021-11-11T13:25:49+00:00","og_image":[{"url":"http:\/\/mrfonden.se\/wp-content\/uploads\/2019\/11\/fn-building-760x567.jpg","type":"","width":"","height":""}],"twitter_card":"summary_large_image","twitter_misc":{"Est. reading time":"4 minutes"},"schema":{"@context":"https:\/\/schema.org","@graph":[{"@type":"WebPage","@id":"https:\/\/mrfonden.se\/om-mr-fonden\/var-verksamhet\/","url":"https:\/\/mrfonden.se\/om-mr-fonden\/var-verksamhet\/","name":"V\u00e5r verksamhet - Fonden f\u00f6r m\u00e4nskliga r\u00e4ttigheter (MR-Fonden)","isPartOf":{"@id":"https:\/\/mrfonden.se\/#website"},"primaryImageOfPage":{"@id":"https:\/\/mrfonden.se\/om-mr-fonden\/var-verksamhet\/#primaryimage"},"image":{"@id":"https:\/\/mrfonden.se\/om-mr-fonden\/var-verksamhet\/#primaryimage"},"thumbnailUrl":"http:\/\/mrfonden.se\/wp-content\/uploads\/2019\/11\/fn-building-760x567.jpg","datePublished":"2019-11-21T07:28:49+00:00","dateModified":"2021-11-11T13:25:49+00:00","breadcrumb":{"@id":"https:\/\/mrfonden.se\/om-mr-fonden\/var-verksamhet\/#breadcrumb"},"inLanguage":"en-US","potentialAction":[{"@type":"ReadAction","target":["https:\/\/mrfonden.se\/om-mr-fonden\/var-verksamhet\/"]}]},{"@type":"ImageObject","inLanguage":"en-US","@id":"https:\/\/mrfonden.se\/om-mr-fonden\/var-verksamhet\/#primaryimage","url":"http:\/\/mrfonden.se\/wp-content\/uploads\/2019\/11\/fn-building-760x567.jpg","contentUrl":"http:\/\/mrfonden.se\/wp-content\/uploads\/2019\/11\/fn-building-760x567.jpg"},{"@type":"BreadcrumbList","@id":"https:\/\/mrfonden.se\/om-mr-fonden\/var-verksamhet\/#breadcrumb","itemListElement":[{"@type":"ListItem","position":1,"name":"Hem","item":"https:\/\/mrfonden.se\/"},{"@type":"ListItem","position":2,"name":"Om MR-Fonden","item":"https:\/\/mrfonden.se\/om-mr-fonden\/"},{"@type":"ListItem","position":3,"name":"V\u00e5r verksamhet"}]},{"@type":"WebSite","@id":"https:\/\/mrfonden.se\/#website","url":"https:\/\/mrfonden.se\/","name":"Fonden f\u00f6r m\u00e4nskliga r\u00e4ttigheter (MR-Fonden)","description":"","potentialAction":[{"@type":"SearchAction","target":{"@type":"EntryPoint","urlTemplate":"https:\/\/mrfonden.se\/?s={search_term_string}"},"query-input":{"@type":"PropertyValueSpecification","valueRequired":true,"valueName":"search_term_string"}}],"inLanguage":"en-US"}]}},"_links":{"self":[{"href":"https:\/\/mrfonden.se\/en\/wp-json\/wp\/v2\/pages\/202","targetHints":{"allow":["GET"]}}],"collection":[{"href":"https:\/\/mrfonden.se\/en\/wp-json\/wp\/v2\/pages"}],"about":[{"href":"https:\/\/mrfonden.se\/en\/wp-json\/wp\/v2\/types\/page"}],"author":[{"embeddable":true,"href":"https:\/\/mrfonden.se\/en\/wp-json\/wp\/v2\/users\/1"}],"replies":[{"embeddable":true,"href":"https:\/\/mrfonden.se\/en\/wp-json\/wp\/v2\/comments?post=202"}],"version-history":[{"count":9,"href":"https:\/\/mrfonden.se\/en\/wp-json\/wp\/v2\/pages\/202\/revisions"}],"predecessor-version":[{"id":1190,"href":"https:\/\/mrfonden.se\/en\/wp-json\/wp\/v2\/pages\/202\/revisions\/1190"}],"up":[{"embeddable":true,"href":"https:\/\/mrfonden.se\/en\/wp-json\/wp\/v2\/pages\/12"}],"wp:attachment":[{"href":"https:\/\/mrfonden.se\/en\/wp-json\/wp\/v2\/media?parent=202"}],"curies":[{"name":"wp","href":"https:\/\/api.w.org\/{rel}","templated":true}]}}