{"id":1967,"date":"2023-04-12T10:36:52","date_gmt":"2023-04-12T08:36:52","guid":{"rendered":"https:\/\/mrfonden.se\/?page_id=1967"},"modified":"2023-04-12T10:41:40","modified_gmt":"2023-04-12T08:41:40","slug":"https-mrfonden-se-publikation-kategori-regional-human-rights-systems","status":"publish","type":"page","link":"https:\/\/mrfonden.se\/en\/vart-arbete\/regionala-manniskorattssystem\/https-mrfonden-se-publikation-kategori-regional-human-rights-systems\/","title":{"rendered":"Publications"},"content":{"rendered":"<p>Read our publications and policy briefs on regional human rights systems\u00a0<a href=\"https:\/\/mrfonden.se\/en\/publikation-kategori\/regional-human-rights-systems\/\">here<\/a>.<\/p>","protected":false},"excerpt":{"rendered":"<p>L\u00e4s v\u00e5ra publikationer och policy briefs om de regionala m\u00e4nniskor\u00e4ttssystemen\u00a0h\u00e4r.<\/p>","protected":false},"author":7,"featured_media":0,"parent":319,"menu_order":0,"comment_status":"closed","ping_status":"closed","template":"","meta":{"_acf_changed":false,"footnotes":""},"class_list":["post-1967","page","type-page","status-publish","hentry"],"acf":[],"yoast_head":"<title>Publikationer - Fonden f\u00f6r m\u00e4nskliga r\u00e4ttigheter (MR-Fonden)<\/title>\n<meta name=\"robots\" content=\"index, follow, max-snippet:-1, max-image-preview:large, max-video-preview:-1\" \/>\n<link rel=\"canonical\" href=\"https:\/\/mrfonden.se\/en\/vart-arbete\/regionala-manniskorattssystem\/https-mrfonden-se-publikation-kategori-regional-human-rights-systems\/\" \/>\n<meta property=\"og:locale\" content=\"en_US\" \/>\n<meta property=\"og:type\" content=\"article\" \/>\n<meta property=\"og:title\" content=\"Publikationer - Fonden f\u00f6r m\u00e4nskliga r\u00e4ttigheter (MR-Fonden)\" \/>\n<meta property=\"og:description\" content=\"L\u00e4s v\u00e5ra publikationer och policy briefs om de regionala m\u00e4nniskor\u00e4ttssystemen\u00a0h\u00e4r.\" \/>\n<meta property=\"og:url\" content=\"https:\/\/mrfonden.se\/en\/vart-arbete\/regionala-manniskorattssystem\/https-mrfonden-se-publikation-kategori-regional-human-rights-systems\/\" \/>\n<meta property=\"og:site_name\" content=\"Fonden f\u00f6r m\u00e4nskliga r\u00e4ttigheter (MR-Fonden)\" \/>\n<meta property=\"article:modified_time\" content=\"2023-04-12T08:41:40+00:00\" \/>\n<meta name=\"twitter:card\" content=\"summary_large_image\" \/>\n<script type=\"application\/ld+json\" class=\"yoast-schema-graph\">{\"@context\":\"https:\/\/schema.org\",\"@graph\":[{\"@type\":\"WebPage\",\"@id\":\"https:\/\/mrfonden.se\/vart-arbete\/regionala-manniskorattssystem\/https-mrfonden-se-publikation-kategori-regional-human-rights-systems\/\",\"url\":\"https:\/\/mrfonden.se\/vart-arbete\/regionala-manniskorattssystem\/https-mrfonden-se-publikation-kategori-regional-human-rights-systems\/\",\"name\":\"Publikationer - Fonden f\u00f6r m\u00e4nskliga r\u00e4ttigheter (MR-Fonden)\",\"isPartOf\":{\"@id\":\"https:\/\/mrfonden.se\/#website\"},\"datePublished\":\"2023-04-12T08:36:52+00:00\",\"dateModified\":\"2023-04-12T08:41:40+00:00\",\"breadcrumb\":{\"@id\":\"https:\/\/mrfonden.se\/vart-arbete\/regionala-manniskorattssystem\/https-mrfonden-se-publikation-kategori-regional-human-rights-systems\/#breadcrumb\"},\"inLanguage\":\"en-US\",\"potentialAction\":[{\"@type\":\"ReadAction\",\"target\":[\"https:\/\/mrfonden.se\/vart-arbete\/regionala-manniskorattssystem\/https-mrfonden-se-publikation-kategori-regional-human-rights-systems\/\"]}]},{\"@type\":\"BreadcrumbList\",\"@id\":\"https:\/\/mrfonden.se\/vart-arbete\/regionala-manniskorattssystem\/https-mrfonden-se-publikation-kategori-regional-human-rights-systems\/#breadcrumb\",\"itemListElement\":[{\"@type\":\"ListItem\",\"position\":1,\"name\":\"Hem\",\"item\":\"https:\/\/mrfonden.se\/\"},{\"@type\":\"ListItem\",\"position\":2,\"name\":\"V\u00e5rt arbete\",\"item\":\"https:\/\/mrfonden.se\/vart-arbete\/\"},{\"@type\":\"ListItem\",\"position\":3,\"name\":\"Regionala m\u00e4nniskor\u00e4ttssystem\",\"item\":\"https:\/\/mrfonden.se\/vart-arbete\/regionala-manniskorattssystem\/\"},{\"@type\":\"ListItem\",\"position\":4,\"name\":\"Publikationer\"}]},{\"@type\":\"WebSite\",\"@id\":\"https:\/\/mrfonden.se\/#website\",\"url\":\"https:\/\/mrfonden.se\/\",\"name\":\"Fonden f\u00f6r m\u00e4nskliga r\u00e4ttigheter (MR-Fonden)\",\"description\":\"\",\"potentialAction\":[{\"@type\":\"SearchAction\",\"target\":{\"@type\":\"EntryPoint\",\"urlTemplate\":\"https:\/\/mrfonden.se\/?s={search_term_string}\"},\"query-input\":{\"@type\":\"PropertyValueSpecification\",\"valueRequired\":true,\"valueName\":\"search_term_string\"}}],\"inLanguage\":\"en-US\"}]}<\/script>","yoast_head_json":{"title":"Publikationer - Fonden f\u00f6r m\u00e4nskliga r\u00e4ttigheter (MR-Fonden)","robots":{"index":"index","follow":"follow","max-snippet":"max-snippet:-1","max-image-preview":"max-image-preview:large","max-video-preview":"max-video-preview:-1"},"canonical":"https:\/\/mrfonden.se\/en\/vart-arbete\/regionala-manniskorattssystem\/https-mrfonden-se-publikation-kategori-regional-human-rights-systems\/","og_locale":"en_US","og_type":"article","og_title":"Publikationer - Fonden f\u00f6r m\u00e4nskliga r\u00e4ttigheter (MR-Fonden)","og_description":"L\u00e4s v\u00e5ra publikationer och policy briefs om de regionala m\u00e4nniskor\u00e4ttssystemen\u00a0h\u00e4r.","og_url":"https:\/\/mrfonden.se\/en\/vart-arbete\/regionala-manniskorattssystem\/https-mrfonden-se-publikation-kategori-regional-human-rights-systems\/","og_site_name":"Fonden f\u00f6r m\u00e4nskliga r\u00e4ttigheter (MR-Fonden)","article_modified_time":"2023-04-12T08:41:40+00:00","twitter_card":"summary_large_image","schema":{"@context":"https:\/\/schema.org","@graph":[{"@type":"WebPage","@id":"https:\/\/mrfonden.se\/vart-arbete\/regionala-manniskorattssystem\/https-mrfonden-se-publikation-kategori-regional-human-rights-systems\/","url":"https:\/\/mrfonden.se\/vart-arbete\/regionala-manniskorattssystem\/https-mrfonden-se-publikation-kategori-regional-human-rights-systems\/","name":"Publikationer - Fonden f\u00f6r m\u00e4nskliga r\u00e4ttigheter (MR-Fonden)","isPartOf":{"@id":"https:\/\/mrfonden.se\/#website"},"datePublished":"2023-04-12T08:36:52+00:00","dateModified":"2023-04-12T08:41:40+00:00","breadcrumb":{"@id":"https:\/\/mrfonden.se\/vart-arbete\/regionala-manniskorattssystem\/https-mrfonden-se-publikation-kategori-regional-human-rights-systems\/#breadcrumb"},"inLanguage":"en-US","potentialAction":[{"@type":"ReadAction","target":["https:\/\/mrfonden.se\/vart-arbete\/regionala-manniskorattssystem\/https-mrfonden-se-publikation-kategori-regional-human-rights-systems\/"]}]},{"@type":"BreadcrumbList","@id":"https:\/\/mrfonden.se\/vart-arbete\/regionala-manniskorattssystem\/https-mrfonden-se-publikation-kategori-regional-human-rights-systems\/#breadcrumb","itemListElement":[{"@type":"ListItem","position":1,"name":"Hem","item":"https:\/\/mrfonden.se\/"},{"@type":"ListItem","position":2,"name":"V\u00e5rt arbete","item":"https:\/\/mrfonden.se\/vart-arbete\/"},{"@type":"ListItem","position":3,"name":"Regionala m\u00e4nniskor\u00e4ttssystem","item":"https:\/\/mrfonden.se\/vart-arbete\/regionala-manniskorattssystem\/"},{"@type":"ListItem","position":4,"name":"Publikationer"}]},{"@type":"WebSite","@id":"https:\/\/mrfonden.se\/#website","url":"https:\/\/mrfonden.se\/","name":"Fonden f\u00f6r m\u00e4nskliga r\u00e4ttigheter (MR-Fonden)","description":"","potentialAction":[{"@type":"SearchAction","target":{"@type":"EntryPoint","urlTemplate":"https:\/\/mrfonden.se\/?s={search_term_string}"},"query-input":{"@type":"PropertyValueSpecification","valueRequired":true,"valueName":"search_term_string"}}],"inLanguage":"en-US"}]}},"_links":{"self":[{"href":"https:\/\/mrfonden.se\/en\/wp-json\/wp\/v2\/pages\/1967","targetHints":{"allow":["GET"]}}],"collection":[{"href":"https:\/\/mrfonden.se\/en\/wp-json\/wp\/v2\/pages"}],"about":[{"href":"https:\/\/mrfonden.se\/en\/wp-json\/wp\/v2\/types\/page"}],"author":[{"embeddable":true,"href":"https:\/\/mrfonden.se\/en\/wp-json\/wp\/v2\/users\/7"}],"replies":[{"embeddable":true,"href":"https:\/\/mrfonden.se\/en\/wp-json\/wp\/v2\/comments?post=1967"}],"version-history":[{"count":5,"href":"https:\/\/mrfonden.se\/en\/wp-json\/wp\/v2\/pages\/1967\/revisions"}],"predecessor-version":[{"id":1972,"href":"https:\/\/mrfonden.se\/en\/wp-json\/wp\/v2\/pages\/1967\/revisions\/1972"}],"up":[{"embeddable":true,"href":"https:\/\/mrfonden.se\/en\/wp-json\/wp\/v2\/pages\/319"}],"wp:attachment":[{"href":"https:\/\/mrfonden.se\/en\/wp-json\/wp\/v2\/media?parent=1967"}],"curies":[{"name":"wp","href":"https:\/\/api.w.org\/{rel}","templated":true}]}}