{"id":1918,"date":"2023-03-23T12:15:28","date_gmt":"2023-03-23T11:15:28","guid":{"rendered":"https:\/\/mrfonden.se\/?page_id=1918"},"modified":"2024-11-26T15:16:34","modified_gmt":"2024-11-26T14:16:34","slug":"europeiska-manniskorattssystemet","status":"publish","type":"page","link":"https:\/\/mrfonden.se\/en\/vart-arbete\/regionala-manniskorattssystem\/europeiska-manniskorattssystemet\/","title":{"rendered":"The European human rights system"},"content":{"rendered":"<p>The European human rights system consists of the Council of Europe and the European Court of Human Rights, whose work and mandate are governed by the European Convention for the Protection of Human Rights and Fundamental Freedoms.<\/p>\n<p><strong>The Council of Europe<br \/>\n<\/strong>The Council of Europe is an intergovernmental organisation focused on human rights, democracy and the rule of law. It was founded on 5 May 1949 by Italy, France, Belgium, Luxembourg, the United Kingdom, Ireland, the Netherlands, Norway, Denmark and Sweden. A central aim of the organisation\u2019s establishment was to unite Europe after the Second World War, strengthen cooperation, promote human rights, and prevent similar events in the future.\nSince 1949, the number of member states increased to 47. Following Russia\u2019s invasion of Ukraine in February 2022, however, Russia was expelled from the organisation.<\/p>\n<p><strong>The European Convention for the Protection of Human Rights and Fundamental Freedoms<br \/>\n<\/strong>Shortly after the establishment of the Council of Europe, its member states adopted the Convention for the Protection of Human Rights and Fundamental Freedoms \u2013 commonly referred to as the European Convention on Human Rights (ECHR). It was signed in 1950 and entered into force in September 1953.\nThe European Convention was the first comprehensive and legally binding human rights convention. It primarily protects civil and political rights, while economic, social and cultural rights are not included. The adoption of the Convention marked the beginning of the development of the Council of Europe\u2019s human rights system. By 2021, all member states had signed and ratified the Convention. When Russia notified its withdrawal from the Council of Europe in March 2022, its obligations under the Convention were also affected.<\/p>\n<p><strong>The European Court of Human Rights<br \/>\n<\/strong>In 1959, the European Court of Human Rights (the Strasbourg Court) was established. This enabled supervision of states\u2019 compliance with their obligations under the European Convention and created a mechanism for individuals to bring complaints. The Committee of Ministers of the Council of Europe supervises the execution of the Court\u2019s judgments in member states. The Court has been instrumental in developing case law concerning rights and freedoms in conflict and post-conflict situations in Europe. It has also delivered judgments addressing numerous issues related to transitional justice and the rule of law, including amnesties and compensation for human rights violations.<\/p>\n<p><strong>Did you know?<\/strong><\/p>\n<ul>\n<li>The Council of Europe has repeatedly directed criticism at Sweden regarding the educational situation of the country\u2019s national minorities in accordance with the European Charter for Regional or Minority Languages. The Committee of Ministers has, for example, highlighted an acute shortage of qualified teachers in all five minority languages (Finnish, Me\u00e4nkieli, Sami, Romani Chib and Yiddish). (Source: Minoritet.se)<\/li>\n<li>During the reception of refugees in 2017, Sweden was criticised by, among others, the Council of Europe\u2019s Commissioner for Human Rights for limited possibilities for family reunification and was urged to ease the temporary asylum legislation that restricted the granting of residence permits for family reunification. (Source: Europaportalen)<\/li>\n<\/ul>\n<p>Read our <a href=\"https:\/\/mrfonden.se\/wp-content\/uploads\/2022\/06\/the-role-of-regional-human-rights-institutions-and-the-quest-for-peace-in-europe-1.pdf\">publication<\/a> on regional intergovernmental institutions and their work for peace and security in Europe, with particular focus on Russia\u2019s invasion of Ukraine. A summarising policy brief of the report is available <a href=\"https:\/\/mrfonden.se\/wp-content\/uploads\/2023\/03\/policy-brief-europe-final.pdf\">here<\/a>.<\/p>","protected":false},"excerpt":{"rendered":"<p>Det europeiska m\u00e4nniskor\u00e4ttsystemet best\u00e5r av Europar\u00e5det och den Europeiska domstolen f\u00f6r de m\u00e4nskliga r\u00e4ttigheterna, vars arbete och mandat &hellip;<\/p>","protected":false},"author":7,"featured_media":0,"parent":319,"menu_order":0,"comment_status":"closed","ping_status":"closed","template":"","meta":{"_acf_changed":false,"footnotes":""},"class_list":["post-1918","page","type-page","status-publish","hentry"],"acf":[],"yoast_head":"<title>Europeiska m\u00e4nniskor\u00e4ttssystemet - Fonden f\u00f6r m\u00e4nskliga r\u00e4ttigheter (MR-Fonden)<\/title>\n<meta name=\"robots\" content=\"index, follow, max-snippet:-1, max-image-preview:large, max-video-preview:-1\" \/>\n<link rel=\"canonical\" href=\"https:\/\/mrfonden.se\/en\/vart-arbete\/regionala-manniskorattssystem\/europeiska-manniskorattssystemet\/\" \/>\n<meta property=\"og:locale\" content=\"en_US\" \/>\n<meta property=\"og:type\" content=\"article\" \/>\n<meta property=\"og:title\" content=\"Europeiska m\u00e4nniskor\u00e4ttssystemet - Fonden f\u00f6r m\u00e4nskliga r\u00e4ttigheter (MR-Fonden)\" \/>\n<meta property=\"og:description\" content=\"Det europeiska m\u00e4nniskor\u00e4ttsystemet best\u00e5r av Europar\u00e5det och den Europeiska domstolen f\u00f6r de m\u00e4nskliga r\u00e4ttigheterna, vars arbete och mandat &hellip;\" \/>\n<meta property=\"og:url\" content=\"https:\/\/mrfonden.se\/en\/vart-arbete\/regionala-manniskorattssystem\/europeiska-manniskorattssystemet\/\" \/>\n<meta property=\"og:site_name\" content=\"Fonden f\u00f6r m\u00e4nskliga r\u00e4ttigheter (MR-Fonden)\" \/>\n<meta property=\"article:modified_time\" content=\"2024-11-26T14:16:34+00:00\" \/>\n<meta name=\"twitter:card\" content=\"summary_large_image\" \/>\n<meta name=\"twitter:label1\" content=\"Est. reading time\" \/>\n\t<meta name=\"twitter:data1\" content=\"3 minutes\" \/>\n<script type=\"application\/ld+json\" class=\"yoast-schema-graph\">{\"@context\":\"https:\/\/schema.org\",\"@graph\":[{\"@type\":\"WebPage\",\"@id\":\"https:\/\/mrfonden.se\/vart-arbete\/regionala-manniskorattssystem\/europeiska-manniskorattssystemet\/\",\"url\":\"https:\/\/mrfonden.se\/vart-arbete\/regionala-manniskorattssystem\/europeiska-manniskorattssystemet\/\",\"name\":\"Europeiska m\u00e4nniskor\u00e4ttssystemet - Fonden f\u00f6r m\u00e4nskliga r\u00e4ttigheter (MR-Fonden)\",\"isPartOf\":{\"@id\":\"https:\/\/mrfonden.se\/#website\"},\"datePublished\":\"2023-03-23T11:15:28+00:00\",\"dateModified\":\"2024-11-26T14:16:34+00:00\",\"breadcrumb\":{\"@id\":\"https:\/\/mrfonden.se\/vart-arbete\/regionala-manniskorattssystem\/europeiska-manniskorattssystemet\/#breadcrumb\"},\"inLanguage\":\"en-US\",\"potentialAction\":[{\"@type\":\"ReadAction\",\"target\":[\"https:\/\/mrfonden.se\/vart-arbete\/regionala-manniskorattssystem\/europeiska-manniskorattssystemet\/\"]}]},{\"@type\":\"BreadcrumbList\",\"@id\":\"https:\/\/mrfonden.se\/vart-arbete\/regionala-manniskorattssystem\/europeiska-manniskorattssystemet\/#breadcrumb\",\"itemListElement\":[{\"@type\":\"ListItem\",\"position\":1,\"name\":\"Hem\",\"item\":\"https:\/\/mrfonden.se\/\"},{\"@type\":\"ListItem\",\"position\":2,\"name\":\"V\u00e5rt arbete\",\"item\":\"https:\/\/mrfonden.se\/vart-arbete\/\"},{\"@type\":\"ListItem\",\"position\":3,\"name\":\"Regionala m\u00e4nniskor\u00e4ttssystem\",\"item\":\"https:\/\/mrfonden.se\/vart-arbete\/regionala-manniskorattssystem\/\"},{\"@type\":\"ListItem\",\"position\":4,\"name\":\"Europeiska m\u00e4nniskor\u00e4ttssystemet\"}]},{\"@type\":\"WebSite\",\"@id\":\"https:\/\/mrfonden.se\/#website\",\"url\":\"https:\/\/mrfonden.se\/\",\"name\":\"Fonden f\u00f6r m\u00e4nskliga r\u00e4ttigheter (MR-Fonden)\",\"description\":\"\",\"potentialAction\":[{\"@type\":\"SearchAction\",\"target\":{\"@type\":\"EntryPoint\",\"urlTemplate\":\"https:\/\/mrfonden.se\/?s={search_term_string}\"},\"query-input\":{\"@type\":\"PropertyValueSpecification\",\"valueRequired\":true,\"valueName\":\"search_term_string\"}}],\"inLanguage\":\"en-US\"}]}<\/script>","yoast_head_json":{"title":"Europeiska m\u00e4nniskor\u00e4ttssystemet - Fonden f\u00f6r m\u00e4nskliga r\u00e4ttigheter (MR-Fonden)","robots":{"index":"index","follow":"follow","max-snippet":"max-snippet:-1","max-image-preview":"max-image-preview:large","max-video-preview":"max-video-preview:-1"},"canonical":"https:\/\/mrfonden.se\/en\/vart-arbete\/regionala-manniskorattssystem\/europeiska-manniskorattssystemet\/","og_locale":"en_US","og_type":"article","og_title":"Europeiska m\u00e4nniskor\u00e4ttssystemet - Fonden f\u00f6r m\u00e4nskliga r\u00e4ttigheter (MR-Fonden)","og_description":"Det europeiska m\u00e4nniskor\u00e4ttsystemet best\u00e5r av Europar\u00e5det och den Europeiska domstolen f\u00f6r de m\u00e4nskliga r\u00e4ttigheterna, vars arbete och mandat &hellip;","og_url":"https:\/\/mrfonden.se\/en\/vart-arbete\/regionala-manniskorattssystem\/europeiska-manniskorattssystemet\/","og_site_name":"Fonden f\u00f6r m\u00e4nskliga r\u00e4ttigheter (MR-Fonden)","article_modified_time":"2024-11-26T14:16:34+00:00","twitter_card":"summary_large_image","twitter_misc":{"Est. reading time":"3 minutes"},"schema":{"@context":"https:\/\/schema.org","@graph":[{"@type":"WebPage","@id":"https:\/\/mrfonden.se\/vart-arbete\/regionala-manniskorattssystem\/europeiska-manniskorattssystemet\/","url":"https:\/\/mrfonden.se\/vart-arbete\/regionala-manniskorattssystem\/europeiska-manniskorattssystemet\/","name":"Europeiska m\u00e4nniskor\u00e4ttssystemet - Fonden f\u00f6r m\u00e4nskliga r\u00e4ttigheter (MR-Fonden)","isPartOf":{"@id":"https:\/\/mrfonden.se\/#website"},"datePublished":"2023-03-23T11:15:28+00:00","dateModified":"2024-11-26T14:16:34+00:00","breadcrumb":{"@id":"https:\/\/mrfonden.se\/vart-arbete\/regionala-manniskorattssystem\/europeiska-manniskorattssystemet\/#breadcrumb"},"inLanguage":"en-US","potentialAction":[{"@type":"ReadAction","target":["https:\/\/mrfonden.se\/vart-arbete\/regionala-manniskorattssystem\/europeiska-manniskorattssystemet\/"]}]},{"@type":"BreadcrumbList","@id":"https:\/\/mrfonden.se\/vart-arbete\/regionala-manniskorattssystem\/europeiska-manniskorattssystemet\/#breadcrumb","itemListElement":[{"@type":"ListItem","position":1,"name":"Hem","item":"https:\/\/mrfonden.se\/"},{"@type":"ListItem","position":2,"name":"V\u00e5rt arbete","item":"https:\/\/mrfonden.se\/vart-arbete\/"},{"@type":"ListItem","position":3,"name":"Regionala m\u00e4nniskor\u00e4ttssystem","item":"https:\/\/mrfonden.se\/vart-arbete\/regionala-manniskorattssystem\/"},{"@type":"ListItem","position":4,"name":"Europeiska m\u00e4nniskor\u00e4ttssystemet"}]},{"@type":"WebSite","@id":"https:\/\/mrfonden.se\/#website","url":"https:\/\/mrfonden.se\/","name":"Fonden f\u00f6r m\u00e4nskliga r\u00e4ttigheter (MR-Fonden)","description":"","potentialAction":[{"@type":"SearchAction","target":{"@type":"EntryPoint","urlTemplate":"https:\/\/mrfonden.se\/?s={search_term_string}"},"query-input":{"@type":"PropertyValueSpecification","valueRequired":true,"valueName":"search_term_string"}}],"inLanguage":"en-US"}]}},"_links":{"self":[{"href":"https:\/\/mrfonden.se\/en\/wp-json\/wp\/v2\/pages\/1918","targetHints":{"allow":["GET"]}}],"collection":[{"href":"https:\/\/mrfonden.se\/en\/wp-json\/wp\/v2\/pages"}],"about":[{"href":"https:\/\/mrfonden.se\/en\/wp-json\/wp\/v2\/types\/page"}],"author":[{"embeddable":true,"href":"https:\/\/mrfonden.se\/en\/wp-json\/wp\/v2\/users\/7"}],"replies":[{"embeddable":true,"href":"https:\/\/mrfonden.se\/en\/wp-json\/wp\/v2\/comments?post=1918"}],"version-history":[{"count":6,"href":"https:\/\/mrfonden.se\/en\/wp-json\/wp\/v2\/pages\/1918\/revisions"}],"predecessor-version":[{"id":1942,"href":"https:\/\/mrfonden.se\/en\/wp-json\/wp\/v2\/pages\/1918\/revisions\/1942"}],"up":[{"embeddable":true,"href":"https:\/\/mrfonden.se\/en\/wp-json\/wp\/v2\/pages\/319"}],"wp:attachment":[{"href":"https:\/\/mrfonden.se\/en\/wp-json\/wp\/v2\/media?parent=1918"}],"curies":[{"name":"wp","href":"https:\/\/api.w.org\/{rel}","templated":true}]}}