{"id":18,"date":"2019-11-20T17:25:12","date_gmt":"2019-11-20T16:25:12","guid":{"rendered":"http:\/\/mrfonden.se\/?page_id=18"},"modified":"2023-08-21T18:47:42","modified_gmt":"2023-08-21T16:47:42","slug":"publikationer","status":"publish","type":"page","link":"https:\/\/mrfonden.se\/en\/publikationer\/","title":{"rendered":"Publications"},"content":{"rendered":"<p>Here you can find our publications. You can filter them by visiting these categories: <a href=\"http:\/\/mrfonden.se\/en\/publikation-kategori\/esk-rattigheter\/\">ESC-Rights<\/a>, <a href=\"http:\/\/mrfonden.se\/en\/publikation-kategori\/overgangsrattvisa\/\">Transitional Justice<\/a>, <a style=\"color: #222222;\" href=\"http:\/\/mrfonden.se\/en\/publikation-kategori\/regional-human-rights-systems\/\">Regional HR-mechanisms<\/a> and <a href=\"http:\/\/mrfonden.se\/en\/publikation-kategori\/ovriga-publikationer\/\">Other publications<\/a>.<\/p>\n<p>Several of our publications are also available <a href=\"http:\/\/mrfonden.se\/en\/publikation-kategori\/in-english\/\">in English.<\/a><\/p>","protected":false},"excerpt":{"rendered":"<p>H\u00e4r hittar du v\u00e5ra publikationer. Du kan filtrera dem genom att bes\u00f6ka respektive kategori: ESK-r\u00e4ttigheter, \u00d6verg\u00e5ngsr\u00e4ttvisa, Regionala m\u00e4nniskor\u00e4ttssystem &hellip;<\/p>","protected":false},"author":1,"featured_media":0,"parent":0,"menu_order":40,"comment_status":"closed","ping_status":"closed","template":"page-templates\/page-publications.php","meta":{"_acf_changed":false,"footnotes":""},"class_list":["post-18","page","type-page","status-publish","hentry"],"acf":[],"yoast_head":"<title>Publikationer - Fonden f\u00f6r m\u00e4nskliga r\u00e4ttigheter (MR-Fonden)<\/title>\n<meta name=\"robots\" content=\"index, follow, max-snippet:-1, max-image-preview:large, max-video-preview:-1\" \/>\n<link rel=\"canonical\" href=\"https:\/\/mrfonden.se\/en\/publikationer\/\" \/>\n<meta property=\"og:locale\" content=\"en_US\" \/>\n<meta property=\"og:type\" content=\"article\" \/>\n<meta property=\"og:title\" content=\"Publikationer - Fonden f\u00f6r m\u00e4nskliga r\u00e4ttigheter (MR-Fonden)\" \/>\n<meta property=\"og:description\" content=\"H\u00e4r hittar du v\u00e5ra publikationer. Du kan filtrera dem genom att bes\u00f6ka respektive kategori: ESK-r\u00e4ttigheter, \u00d6verg\u00e5ngsr\u00e4ttvisa, Regionala m\u00e4nniskor\u00e4ttssystem &hellip;\" \/>\n<meta property=\"og:url\" content=\"https:\/\/mrfonden.se\/en\/publikationer\/\" \/>\n<meta property=\"og:site_name\" content=\"Fonden f\u00f6r m\u00e4nskliga r\u00e4ttigheter (MR-Fonden)\" \/>\n<meta property=\"article:modified_time\" content=\"2023-08-21T16:47:42+00:00\" \/>\n<meta name=\"twitter:card\" content=\"summary_large_image\" \/>\n<script type=\"application\/ld+json\" class=\"yoast-schema-graph\">{\"@context\":\"https:\/\/schema.org\",\"@graph\":[{\"@type\":\"WebPage\",\"@id\":\"https:\/\/mrfonden.se\/publikationer\/\",\"url\":\"https:\/\/mrfonden.se\/publikationer\/\",\"name\":\"Publikationer - Fonden f\u00f6r m\u00e4nskliga r\u00e4ttigheter (MR-Fonden)\",\"isPartOf\":{\"@id\":\"https:\/\/mrfonden.se\/#website\"},\"datePublished\":\"2019-11-20T16:25:12+00:00\",\"dateModified\":\"2023-08-21T16:47:42+00:00\",\"breadcrumb\":{\"@id\":\"https:\/\/mrfonden.se\/publikationer\/#breadcrumb\"},\"inLanguage\":\"en-US\",\"potentialAction\":[{\"@type\":\"ReadAction\",\"target\":[\"https:\/\/mrfonden.se\/publikationer\/\"]}]},{\"@type\":\"BreadcrumbList\",\"@id\":\"https:\/\/mrfonden.se\/publikationer\/#breadcrumb\",\"itemListElement\":[{\"@type\":\"ListItem\",\"position\":1,\"name\":\"Hem\",\"item\":\"https:\/\/mrfonden.se\/\"},{\"@type\":\"ListItem\",\"position\":2,\"name\":\"Publikationer\"}]},{\"@type\":\"WebSite\",\"@id\":\"https:\/\/mrfonden.se\/#website\",\"url\":\"https:\/\/mrfonden.se\/\",\"name\":\"Fonden f\u00f6r m\u00e4nskliga r\u00e4ttigheter (MR-Fonden)\",\"description\":\"\",\"potentialAction\":[{\"@type\":\"SearchAction\",\"target\":{\"@type\":\"EntryPoint\",\"urlTemplate\":\"https:\/\/mrfonden.se\/?s={search_term_string}\"},\"query-input\":{\"@type\":\"PropertyValueSpecification\",\"valueRequired\":true,\"valueName\":\"search_term_string\"}}],\"inLanguage\":\"en-US\"}]}<\/script>","yoast_head_json":{"title":"Publikationer - Fonden f\u00f6r m\u00e4nskliga r\u00e4ttigheter (MR-Fonden)","robots":{"index":"index","follow":"follow","max-snippet":"max-snippet:-1","max-image-preview":"max-image-preview:large","max-video-preview":"max-video-preview:-1"},"canonical":"https:\/\/mrfonden.se\/en\/publikationer\/","og_locale":"en_US","og_type":"article","og_title":"Publikationer - Fonden f\u00f6r m\u00e4nskliga r\u00e4ttigheter (MR-Fonden)","og_description":"H\u00e4r hittar du v\u00e5ra publikationer. Du kan filtrera dem genom att bes\u00f6ka respektive kategori: ESK-r\u00e4ttigheter, \u00d6verg\u00e5ngsr\u00e4ttvisa, Regionala m\u00e4nniskor\u00e4ttssystem &hellip;","og_url":"https:\/\/mrfonden.se\/en\/publikationer\/","og_site_name":"Fonden f\u00f6r m\u00e4nskliga r\u00e4ttigheter (MR-Fonden)","article_modified_time":"2023-08-21T16:47:42+00:00","twitter_card":"summary_large_image","schema":{"@context":"https:\/\/schema.org","@graph":[{"@type":"WebPage","@id":"https:\/\/mrfonden.se\/publikationer\/","url":"https:\/\/mrfonden.se\/publikationer\/","name":"Publikationer - Fonden f\u00f6r m\u00e4nskliga r\u00e4ttigheter (MR-Fonden)","isPartOf":{"@id":"https:\/\/mrfonden.se\/#website"},"datePublished":"2019-11-20T16:25:12+00:00","dateModified":"2023-08-21T16:47:42+00:00","breadcrumb":{"@id":"https:\/\/mrfonden.se\/publikationer\/#breadcrumb"},"inLanguage":"en-US","potentialAction":[{"@type":"ReadAction","target":["https:\/\/mrfonden.se\/publikationer\/"]}]},{"@type":"BreadcrumbList","@id":"https:\/\/mrfonden.se\/publikationer\/#breadcrumb","itemListElement":[{"@type":"ListItem","position":1,"name":"Hem","item":"https:\/\/mrfonden.se\/"},{"@type":"ListItem","position":2,"name":"Publikationer"}]},{"@type":"WebSite","@id":"https:\/\/mrfonden.se\/#website","url":"https:\/\/mrfonden.se\/","name":"Fonden f\u00f6r m\u00e4nskliga r\u00e4ttigheter (MR-Fonden)","description":"","potentialAction":[{"@type":"SearchAction","target":{"@type":"EntryPoint","urlTemplate":"https:\/\/mrfonden.se\/?s={search_term_string}"},"query-input":{"@type":"PropertyValueSpecification","valueRequired":true,"valueName":"search_term_string"}}],"inLanguage":"en-US"}]}},"_links":{"self":[{"href":"https:\/\/mrfonden.se\/en\/wp-json\/wp\/v2\/pages\/18","targetHints":{"allow":["GET"]}}],"collection":[{"href":"https:\/\/mrfonden.se\/en\/wp-json\/wp\/v2\/pages"}],"about":[{"href":"https:\/\/mrfonden.se\/en\/wp-json\/wp\/v2\/types\/page"}],"author":[{"embeddable":true,"href":"https:\/\/mrfonden.se\/en\/wp-json\/wp\/v2\/users\/1"}],"replies":[{"embeddable":true,"href":"https:\/\/mrfonden.se\/en\/wp-json\/wp\/v2\/comments?post=18"}],"version-history":[{"count":12,"href":"https:\/\/mrfonden.se\/en\/wp-json\/wp\/v2\/pages\/18\/revisions"}],"predecessor-version":[{"id":1631,"href":"https:\/\/mrfonden.se\/en\/wp-json\/wp\/v2\/pages\/18\/revisions\/1631"}],"wp:attachment":[{"href":"https:\/\/mrfonden.se\/en\/wp-json\/wp\/v2\/media?parent=18"}],"curies":[{"name":"wp","href":"https:\/\/api.w.org\/{rel}","templated":true}]}}