{"id":1736,"date":"2023-02-24T17:43:11","date_gmt":"2023-02-24T16:43:11","guid":{"rendered":"https:\/\/mrfonden.se\/?page_id=1736"},"modified":"2024-11-26T15:14:39","modified_gmt":"2024-11-26T14:14:39","slug":"sveriges-stod-bidrar-till-inkluderande-fredsbygge-i-colombia","status":"publish","type":"page","link":"https:\/\/mrfonden.se\/en\/vart-arbete\/overgangsrattvisa\/sverige\/sveriges-stod-bidrar-till-inkluderande-fredsbygge-i-colombia\/","title":{"rendered":"Exilcolombianer, kvinnor och unga i fokus f\u00f6r sanningskommissionens arbete"},"content":{"rendered":"<p>Att s\u00f6ka sanningen och l\u00e5ta de konfliktdrabbade beskriva sina upplevelser \u00e4r en av nycklarna f\u00f6r h\u00e5llbar fred. Sanningss\u00f6kande \u00e4r en viktig del f\u00f6r att f\u00f6rklara de underliggande orsakerna till en konflikt och att p\u00e5 s\u00e5 s\u00e4tt kunna jobba f\u00f6rebyggande f\u00f6r att minska risk f\u00f6r \u00e5terupprepning. I fredsavtalet som sl\u00f6ts 2016 mellan den colombianska regeringen och gerillagruppen FARC, best\u00e4mdes det att konfliktoffer skulle st\u00e5 i centrum f\u00f6r avtalet. En viktig del av detta \u00e4r att lyfta perspektivet f\u00f6r de colombianer som tvingats l\u00e4mna landet p\u00e5 grund av konflikten, allts\u00e5 de som tvingats g\u00e5 i exil. Vi p\u00e5 fonden f\u00f6r m\u00e4nskliga r\u00e4ttigheter har hj\u00e4lpt till i det h\u00e4r arbetet.<\/p>\n<div class=\"embed-responsive embed-responsive-16by9\"><div class=\"iframe-container\"><iframe loading=\"lazy\" class=\"embed-responsive-item\"  title=\"220622 BM Colombia sanningskommissionen\" width=\"660\" height=\"371\" src=\"https:\/\/www.youtube.com\/embed\/C5nnh6zQ-5Y?feature=oembed&#038;rel=0&#038;controls=1&#038;showinfo=0&#038;modestbranding=1&#038;\" frameborder=\"0\" allow=\"accelerometer; autoplay; clipboard-write; encrypted-media; gyroscope; picture-in-picture; web-share\" referrerpolicy=\"strict-origin-when-cross-origin\" allowfullscreen><\/iframe><\/div><\/div>\n<p>MR-Fonden och Nodo Suecia (den svenska arbetsgruppen f\u00f6r den colombianska sanningskommissionen i Norden) har under 3 \u00e5rs tid (2020-2023) st\u00f6ttat den colombianska sanningskommissionen. Nodo Suecia \u00e4r en av flera grupper i v\u00e4rlden som arbetar med detta i olika l\u00e4nder d\u00e4r exilcolombianer bor. Kommissionen arbetar med tre huvudomr\u00e5den: <em>sanning, f\u00f6rsoning och icke-upprepning.<\/em><\/p>\n<p>V\u00e5rt fokus har varit att h\u00f6ja r\u00f6sterna hos de colombianer som tvingats leva i exil utanf\u00f6r Colombia. Enligt slutrapporten f\u00f6r sanningskommissionen tvingades \u00f6ver en miljon colombianer l\u00e4mna landet i exil mellan 1982 och 2020. Enligt UNHCR \u00e4r exil den n\u00e4st st\u00f6rsta typen av v\u00e5ld i landet, efter tv\u00e5ngsf\u00f6rflyttning inom landet. F\u00f6r att bidra till sanning, f\u00f6rsoning och icke-upprepning genomf\u00f6rdes vittnesm\u00e5l och intervjuer tillsammans med samordningsgruppen i Norden. De intervjuer som genomf\u00f6rdes bidrog till att colombianska konflikt offer som lever utanf\u00f6r Sverige har f\u00e5tt sina r\u00f6ster h\u00f6rda och en m\u00f6jlighet att p\u00e5verka och delta i sanningskommissionens arbete (l\u00e4s mer <a href=\"https:\/\/mrfonden.se\/en\/publikationer\/summary-the-truths-of-exile\/\">here<\/a>). Ut\u00f6ver det, inneb\u00e4r deras deltagande ett uppm\u00e4rksammande i Sverige om de utmaningar som en asyls\u00f6kande person st\u00e4lls inf\u00f6r men ocks\u00e5 hur att leva i exil p\u00e5verkar en individ. D\u00e4rf\u00f6r var en del av arbetet ocks\u00e5 p\u00e5verkansarbete riktat mot svenska beslutsfattare f\u00f6r att fr\u00e4mja och visa p\u00e5 vikten av sanningkommissionens arbete.<\/p>\n<p>En annan viktig del i arbetet var olika typer av evenemang och seminarier f\u00f6r att beskriva h\u00e4ndelser och brott mot m\u00e4nskliga r\u00e4ttigheter under konflikten i Colombia. Bland annat anordnades \u201clistening events\u201d om f\u00f6rf\u00f6ljelsen av f\u00f6reningen Jaime Pardo Leal (JPL) i Sverige och folkmordet p\u00e5 medlemmar i partiet Uni\u00f3n Patriotica. Eventen var v\u00e4lbes\u00f6kta, bland annat deltog Carlos Martin Beristain som ansvarade f\u00f6r det internationella arbetet, svenska exilcolombianer och f\u00f6retr\u00e4dare f\u00f6r m\u00e4nniskor\u00e4ttsorganisationer.<\/p>\n<p>Att fr\u00e4mja kvinnors deltagande i sanningskommissionens arbete var \u00e4nnu ett fokus f\u00f6r projektet. D\u00e4rf\u00f6r anordnades en konferens f\u00f6r exilcolombianska kvinnor i Sverige som av olika anledningar l\u00e4mnade Colombia. De fick m\u00f6jlighet att utbyta erfarenheter, delta i \u00f6vningar kring \u00e4mnet och komma med f\u00f6rslag till sanningskommissionens genusavsnitt\u00a0 i slutrapporten. Arbetet var viktigt f\u00f6r att skapa en mer sanningsenlig ber\u00e4ttelse av det som h\u00e4nt och f\u00f6r att st\u00e4rka kvinnorna individuellt och kollektivt.<\/p>\n<p><b><i>\u201c<\/i><\/b><b>Kvinnor drabbas och uts\u00e4tts f\u00f6r specifikt v\u00e5ld i tider av krig. Krig f\u00f6rst\u00f6r kvinnors liv och v\u00e4rdighet och det \u00e4r d\u00e4rf\u00f6r det \u00e4r grundl\u00e4ggande att vi kan prata om vad som har h\u00e4nt oss.\u201d- <\/b><span style=\"font-weight: 400;\">Mar\u00eda del Rosario V\u00e1squez S<\/span><\/p>\n<div class=\"embed-responsive embed-responsive-16by9\"><div class=\"iframe-container\"><iframe loading=\"lazy\" class=\"embed-responsive-item\"  title=\"Encuentro de mujeres colombianas por una verdad completa\" width=\"660\" height=\"371\" src=\"https:\/\/www.youtube.com\/embed\/MFZjR8l4SA0?feature=oembed&#038;rel=0&#038;controls=1&#038;showinfo=0&#038;modestbranding=1&#038;\" frameborder=\"0\" allow=\"accelerometer; autoplay; clipboard-write; encrypted-media; gyroscope; picture-in-picture; web-share\" referrerpolicy=\"strict-origin-when-cross-origin\" allowfullscreen><\/iframe><\/div><\/div>\n<p>En annan del av arbetet var en serie med seminarier och en konferens med colombianska studenter i Europa. Studenterna samtalade om olika aspekter av konflikten och vikten av sanningen f\u00f6r att kunna uppn\u00e5 h\u00e5llbar fred i Colombia. Syftet med arbetet var att synligg\u00f6ra och st\u00e4rka ungas perspektiv och kunskap.<\/p>\n<p>Dessutom publicerade MR-Fonden tillsammans med Fundaci\u00f3n Plan \u00c1ngel,\u00a0 en rapport om irregulj\u00e4ra adoptioner fr\u00e5n Colombia som \u00e4gde rum under den v\u00e4pnade konflikten. Bristen p\u00e5 garanti f\u00f6r de m\u00e4nskliga r\u00e4ttigheterna under den l\u00e5nga tiden av strukturellt v\u00e5ld och konflikt, gynnade irregulj\u00e4r adoption praxis. M\u00e5nga minder\u00e5riga adopterades under misst\u00e4nksamma omst\u00e4ndigheter och utan m\u00f6jlighet att f\u00e5 information och kontakt med sin biologiska familj. Dessutom var barnen fr\u00e5n de mest utsatta samh\u00e4llsgrupperna.<\/p>\n<p>Genom projektet har exilcolombianer, kvinnor och unga f\u00e5tt m\u00f6jlighet att vara aktiva deltagare i s\u00f6kandet efter sanning och h\u00e5llbar fred i Colombia. Dessa gruppers budskap, erfarenheter och kunskap har bidragit till att uppm\u00e4rksamma vikten av det svenska bist\u00e5ndet, ett holistiskt perspektiv och konsekvenserna av att leva i exil. Slutrapporten <a href=\"https:\/\/mrfonden.se\/en\/publikationer\/summary-findings-and-recommendations-for-non-repetition\/\">\u201cHay futuro si hay verdad\u201d<\/a> (\u201cDet finns en framtid om det finns sanning\u201d), \u00e4r ett positivt exempel som kan anv\u00e4ndas i andra processer av \u00f6verg\u00e5ngsr\u00e4ttvisa, fred eller f\u00f6r framtida sanningskommissioner. V\u00e5r f\u00f6rhoppning \u00e4r att dessa l\u00e4rdomar kan f\u00f6ras vidare och att projektet i sin helhet belyser vikten av fortsatt svenskt bist\u00e5nd till Colombia f\u00f6r att st\u00f6dja fredsbygge och andra diasporor och exilgrupper.<\/p>\n<p>Klicka p\u00e5 bilderna f\u00f6r att l\u00e4sa eller ladda ner sanningskommissiones rapport p\u00e5 spanska:<\/p>\n<div id=\"attachment_1803\" style=\"width: 330px\" class=\"wp-caption alignnone\"><a style=\"color: #222222;\" href=\"https:\/\/www.comisiondelaverdad.co\/hallazgos-y-recomendaciones-1\"><img loading=\"lazy\" decoding=\"async\" aria-describedby=\"caption-attachment-1803\" class=\"wp-image-1803\" src=\"http:\/\/mrfonden.se\/wp-content\/uploads\/2023\/02\/hallazgos-y-recomendaciones-760x428.jpg\" alt=\"\" width=\"320\" height=\"180\" srcset=\"https:\/\/mrfonden.se\/wp-content\/uploads\/2023\/02\/hallazgos-y-recomendaciones-760x428.jpg 760w, https:\/\/mrfonden.se\/wp-content\/uploads\/2023\/02\/hallazgos-y-recomendaciones-768x432.jpg 768w, https:\/\/mrfonden.se\/wp-content\/uploads\/2023\/02\/hallazgos-y-recomendaciones-103x58.jpg 103w, https:\/\/mrfonden.se\/wp-content\/uploads\/2023\/02\/hallazgos-y-recomendaciones.jpg 800w\" sizes=\"auto, (max-width: 320px) 100vw, 320px\" \/><\/a><p id=\"caption-attachment-1803\" class=\"wp-caption-text\">Bild: Omslag av slutrapporten om resultat och rekommendationer<\/p><\/div>\n<p><a href=\"https:\/\/mrfonden.se\/en\/publikationer\/summary-findings-and-recommendations-for-non-repetition\/\">Klicka h\u00e4r att l\u00e4sa en sammanfattning\u00a0 av rapporten p\u00e5 engelska\u00a0<\/a><\/p>\n<div id=\"attachment_1751\" style=\"width: 350px\" class=\"wp-caption alignnone\"><a style=\"color: #222222;\" href=\"https:\/\/www.comisiondelaverdad.co\/mi-cuerpo-es-la-verdad\"><img loading=\"lazy\" decoding=\"async\" aria-describedby=\"caption-attachment-1751\" class=\"wp-image-1751\" src=\"http:\/\/mrfonden.se\/wp-content\/uploads\/2023\/02\/portada-genero-1-760x428.jpg\" alt=\"\" width=\"340\" height=\"192\" srcset=\"https:\/\/mrfonden.se\/wp-content\/uploads\/2023\/02\/portada-genero-1-760x428.jpg 760w, https:\/\/mrfonden.se\/wp-content\/uploads\/2023\/02\/portada-genero-1-1520x855.jpg 1520w, https:\/\/mrfonden.se\/wp-content\/uploads\/2023\/02\/portada-genero-1-768x432.jpg 768w, https:\/\/mrfonden.se\/wp-content\/uploads\/2023\/02\/portada-genero-1-1536x864.jpg 1536w, https:\/\/mrfonden.se\/wp-content\/uploads\/2023\/02\/portada-genero-1-103x58.jpg 103w, https:\/\/mrfonden.se\/wp-content\/uploads\/2023\/02\/portada-genero-1.jpg 1920w\" sizes=\"auto, (max-width: 340px) 100vw, 340px\" \/><\/a><p id=\"caption-attachment-1751\" class=\"wp-caption-text\">Bild: Omslag av slutrapportens Gender-avsnitt &#8220;Min kropp \u00e4r sanningen&#8221;<\/p><\/div>\n<p><a href=\"https:\/\/www.comisiondelaverdad.co\/mi-cuerpo-es-la-verdad\">Klicka h\u00e4r f\u00f6r att l\u00e4sa en sammanfattning av rapporten p\u00e5 engelska<\/a><\/p>\n<div id=\"attachment_1802\" style=\"width: 351px\" class=\"wp-caption alignnone\"><a style=\"color: #222222;\" href=\"https:\/\/www.comisiondelaverdad.co\/la-colombia-fuera-de-colombia\"><img loading=\"lazy\" decoding=\"async\" aria-describedby=\"caption-attachment-1802\" class=\"wp-image-1802\" src=\"http:\/\/mrfonden.se\/wp-content\/uploads\/2023\/02\/exil-bild-760x428.jpg\" alt=\"\" width=\"341\" height=\"192\" srcset=\"https:\/\/mrfonden.se\/wp-content\/uploads\/2023\/02\/exil-bild-760x428.jpg 760w, https:\/\/mrfonden.se\/wp-content\/uploads\/2023\/02\/exil-bild-768x432.jpg 768w, https:\/\/mrfonden.se\/wp-content\/uploads\/2023\/02\/exil-bild-103x58.jpg 103w, https:\/\/mrfonden.se\/wp-content\/uploads\/2023\/02\/exil-bild.jpg 800w\" sizes=\"auto, (max-width: 341px) 100vw, 341px\" \/><\/a><p id=\"caption-attachment-1802\" class=\"wp-caption-text\">Bild. Omslag av Exil-avsnittet &#8221; The Colombia utanf\u00f6r Colombia&#8221;<\/p><\/div>\n<p><a href=\"https:\/\/mrfonden.se\/en\/publikationer\/summary-the-truths-of-exile\/\">Klicka h\u00e4r f\u00f6r att l\u00e4sa en sammanfattning av rapporten p\u00e5 engelska<\/a><\/p>\n<div id=\"attachment_1804\" style=\"width: 348px\" class=\"wp-caption alignnone\"><a style=\"color: #222222;\" href=\"https:\/\/www.comisiondelaverdad.co\/resistir-no-es-aguantar\"><img loading=\"lazy\" decoding=\"async\" aria-describedby=\"caption-attachment-1804\" class=\"wp-image-1804\" src=\"http:\/\/mrfonden.se\/wp-content\/uploads\/2023\/02\/resistit-no-es-aguantar-760x428.jpg\" alt=\"\" width=\"338\" height=\"191\" srcset=\"https:\/\/mrfonden.se\/wp-content\/uploads\/2023\/02\/resistit-no-es-aguantar-760x428.jpg 760w, https:\/\/mrfonden.se\/wp-content\/uploads\/2023\/02\/resistit-no-es-aguantar-1520x855.jpg 1520w, https:\/\/mrfonden.se\/wp-content\/uploads\/2023\/02\/resistit-no-es-aguantar-768x432.jpg 768w, https:\/\/mrfonden.se\/wp-content\/uploads\/2023\/02\/resistit-no-es-aguantar-1536x864.jpg 1536w, https:\/\/mrfonden.se\/wp-content\/uploads\/2023\/02\/resistit-no-es-aguantar-103x58.jpg 103w, https:\/\/mrfonden.se\/wp-content\/uploads\/2023\/02\/resistit-no-es-aguantar.jpg 1920w\" sizes=\"auto, (max-width: 338px) 100vw, 338px\" \/><\/a><p id=\"caption-attachment-1804\" class=\"wp-caption-text\">Bild: Omslag av slutsrapportens avsnitt om etniska grupper &#8221; Att motst\u00e5 \u00e4r inte att uth\u00e4rda&#8221;<\/p><\/div>\n<p><a href=\"https:\/\/mrfonden.se\/en\/publikationer\/to-resist-is-not-to-endure-violence-and-damage-against-the-ethnic-peoples-of-colombia\/\">Klicka h\u00e4r f\u00f6r att l\u00e4sa en sammanfattning av rapporten p\u00e5 engelska<\/a><\/p>\n<p>&nbsp;<\/p>\n<p>&nbsp;<\/p>\n<p>&nbsp;<\/p>\n<p>&nbsp;<\/p>","protected":false},"excerpt":{"rendered":"<p>Att s\u00f6ka sanningen och l\u00e5ta de konfliktdrabbade beskriva sina upplevelser \u00e4r en av nycklarna f\u00f6r h\u00e5llbar fred. Sanningss\u00f6kande &hellip;<\/p>","protected":false},"author":5,"featured_media":1810,"parent":397,"menu_order":0,"comment_status":"closed","ping_status":"closed","template":"","meta":{"_acf_changed":false,"footnotes":""},"class_list":["post-1736","page","type-page","status-publish","has-post-thumbnail","hentry"],"acf":[],"yoast_head":"<title>Exilcolombianer, kvinnor och unga i fokus f\u00f6r sanningskommissionens arbete - Fonden f\u00f6r m\u00e4nskliga r\u00e4ttigheter (MR-Fonden)<\/title>\n<meta name=\"robots\" content=\"index, follow, max-snippet:-1, max-image-preview:large, max-video-preview:-1\" \/>\n<link rel=\"canonical\" href=\"https:\/\/mrfonden.se\/en\/vart-arbete\/overgangsrattvisa\/sverige\/sveriges-stod-bidrar-till-inkluderande-fredsbygge-i-colombia\/\" \/>\n<meta property=\"og:locale\" content=\"en_US\" \/>\n<meta property=\"og:type\" content=\"article\" \/>\n<meta property=\"og:title\" content=\"Exilcolombianer, kvinnor och unga i fokus f\u00f6r sanningskommissionens arbete - Fonden f\u00f6r m\u00e4nskliga r\u00e4ttigheter (MR-Fonden)\" \/>\n<meta property=\"og:description\" content=\"Att s\u00f6ka sanningen och l\u00e5ta de konfliktdrabbade beskriva sina upplevelser \u00e4r en av nycklarna f\u00f6r h\u00e5llbar fred. Sanningss\u00f6kande &hellip;\" \/>\n<meta property=\"og:url\" content=\"https:\/\/mrfonden.se\/en\/vart-arbete\/overgangsrattvisa\/sverige\/sveriges-stod-bidrar-till-inkluderande-fredsbygge-i-colombia\/\" \/>\n<meta property=\"og:site_name\" content=\"Fonden f\u00f6r m\u00e4nskliga r\u00e4ttigheter (MR-Fonden)\" \/>\n<meta property=\"article:modified_time\" content=\"2024-11-26T14:14:39+00:00\" \/>\n<meta property=\"og:image\" content=\"http:\/\/mrfonden.se\/wp-content\/uploads\/2023\/02\/estatuas-comision-de-la-verdad.jpg\" \/>\n\t<meta property=\"og:image:width\" content=\"799\" \/>\n\t<meta property=\"og:image:height\" content=\"533\" \/>\n\t<meta property=\"og:image:type\" content=\"image\/jpeg\" \/>\n<meta name=\"twitter:card\" content=\"summary_large_image\" \/>\n<meta name=\"twitter:label1\" content=\"Est. reading time\" \/>\n\t<meta name=\"twitter:data1\" content=\"5 minutes\" \/>\n<script type=\"application\/ld+json\" class=\"yoast-schema-graph\">{\"@context\":\"https:\/\/schema.org\",\"@graph\":[{\"@type\":\"WebPage\",\"@id\":\"https:\/\/mrfonden.se\/vart-arbete\/overgangsrattvisa\/sverige\/sveriges-stod-bidrar-till-inkluderande-fredsbygge-i-colombia\/\",\"url\":\"https:\/\/mrfonden.se\/vart-arbete\/overgangsrattvisa\/sverige\/sveriges-stod-bidrar-till-inkluderande-fredsbygge-i-colombia\/\",\"name\":\"Exilcolombianer, kvinnor och unga i fokus f\u00f6r sanningskommissionens arbete - Fonden f\u00f6r m\u00e4nskliga r\u00e4ttigheter (MR-Fonden)\",\"isPartOf\":{\"@id\":\"https:\/\/mrfonden.se\/#website\"},\"primaryImageOfPage\":{\"@id\":\"https:\/\/mrfonden.se\/vart-arbete\/overgangsrattvisa\/sverige\/sveriges-stod-bidrar-till-inkluderande-fredsbygge-i-colombia\/#primaryimage\"},\"image\":{\"@id\":\"https:\/\/mrfonden.se\/vart-arbete\/overgangsrattvisa\/sverige\/sveriges-stod-bidrar-till-inkluderande-fredsbygge-i-colombia\/#primaryimage\"},\"thumbnailUrl\":\"https:\/\/mrfonden.se\/wp-content\/uploads\/2023\/02\/estatuas-comision-de-la-verdad.jpg\",\"datePublished\":\"2023-02-24T16:43:11+00:00\",\"dateModified\":\"2024-11-26T14:14:39+00:00\",\"breadcrumb\":{\"@id\":\"https:\/\/mrfonden.se\/vart-arbete\/overgangsrattvisa\/sverige\/sveriges-stod-bidrar-till-inkluderande-fredsbygge-i-colombia\/#breadcrumb\"},\"inLanguage\":\"en-US\",\"potentialAction\":[{\"@type\":\"ReadAction\",\"target\":[\"https:\/\/mrfonden.se\/vart-arbete\/overgangsrattvisa\/sverige\/sveriges-stod-bidrar-till-inkluderande-fredsbygge-i-colombia\/\"]}]},{\"@type\":\"ImageObject\",\"inLanguage\":\"en-US\",\"@id\":\"https:\/\/mrfonden.se\/vart-arbete\/overgangsrattvisa\/sverige\/sveriges-stod-bidrar-till-inkluderande-fredsbygge-i-colombia\/#primaryimage\",\"url\":\"https:\/\/mrfonden.se\/wp-content\/uploads\/2023\/02\/estatuas-comision-de-la-verdad.jpg\",\"contentUrl\":\"https:\/\/mrfonden.se\/wp-content\/uploads\/2023\/02\/estatuas-comision-de-la-verdad.jpg\",\"width\":799,\"height\":533,\"caption\":\"En bild p\u00e5 statyer av m\u00e4nniskor av den Colombianska Sanningskommissionen\"},{\"@type\":\"BreadcrumbList\",\"@id\":\"https:\/\/mrfonden.se\/vart-arbete\/overgangsrattvisa\/sverige\/sveriges-stod-bidrar-till-inkluderande-fredsbygge-i-colombia\/#breadcrumb\",\"itemListElement\":[{\"@type\":\"ListItem\",\"position\":1,\"name\":\"Hem\",\"item\":\"https:\/\/mrfonden.se\/\"},{\"@type\":\"ListItem\",\"position\":2,\"name\":\"V\u00e5rt arbete\",\"item\":\"https:\/\/mrfonden.se\/vart-arbete\/\"},{\"@type\":\"ListItem\",\"position\":3,\"name\":\"\u00d6verg\u00e5ngsr\u00e4ttvisa\",\"item\":\"https:\/\/mrfonden.se\/vart-arbete\/overgangsrattvisa\/\"},{\"@type\":\"ListItem\",\"position\":4,\"name\":\"Sverige\",\"item\":\"https:\/\/mrfonden.se\/vart-arbete\/overgangsrattvisa\/sverige\/\"},{\"@type\":\"ListItem\",\"position\":5,\"name\":\"Exilcolombianer, kvinnor och unga i fokus f\u00f6r sanningskommissionens arbete\"}]},{\"@type\":\"WebSite\",\"@id\":\"https:\/\/mrfonden.se\/#website\",\"url\":\"https:\/\/mrfonden.se\/\",\"name\":\"Fonden f\u00f6r m\u00e4nskliga r\u00e4ttigheter (MR-Fonden)\",\"description\":\"\",\"potentialAction\":[{\"@type\":\"SearchAction\",\"target\":{\"@type\":\"EntryPoint\",\"urlTemplate\":\"https:\/\/mrfonden.se\/?s={search_term_string}\"},\"query-input\":{\"@type\":\"PropertyValueSpecification\",\"valueRequired\":true,\"valueName\":\"search_term_string\"}}],\"inLanguage\":\"en-US\"}]}<\/script>","yoast_head_json":{"title":"Exilcolombianer, kvinnor och unga i fokus f\u00f6r sanningskommissionens arbete - Fonden f\u00f6r m\u00e4nskliga r\u00e4ttigheter (MR-Fonden)","robots":{"index":"index","follow":"follow","max-snippet":"max-snippet:-1","max-image-preview":"max-image-preview:large","max-video-preview":"max-video-preview:-1"},"canonical":"https:\/\/mrfonden.se\/en\/vart-arbete\/overgangsrattvisa\/sverige\/sveriges-stod-bidrar-till-inkluderande-fredsbygge-i-colombia\/","og_locale":"en_US","og_type":"article","og_title":"Exilcolombianer, kvinnor och unga i fokus f\u00f6r sanningskommissionens arbete - Fonden f\u00f6r m\u00e4nskliga r\u00e4ttigheter (MR-Fonden)","og_description":"Att s\u00f6ka sanningen och l\u00e5ta de konfliktdrabbade beskriva sina upplevelser \u00e4r en av nycklarna f\u00f6r h\u00e5llbar fred. Sanningss\u00f6kande &hellip;","og_url":"https:\/\/mrfonden.se\/en\/vart-arbete\/overgangsrattvisa\/sverige\/sveriges-stod-bidrar-till-inkluderande-fredsbygge-i-colombia\/","og_site_name":"Fonden f\u00f6r m\u00e4nskliga r\u00e4ttigheter (MR-Fonden)","article_modified_time":"2024-11-26T14:14:39+00:00","og_image":[{"width":799,"height":533,"url":"http:\/\/mrfonden.se\/wp-content\/uploads\/2023\/02\/estatuas-comision-de-la-verdad.jpg","type":"image\/jpeg"}],"twitter_card":"summary_large_image","twitter_misc":{"Est. reading time":"5 minutes"},"schema":{"@context":"https:\/\/schema.org","@graph":[{"@type":"WebPage","@id":"https:\/\/mrfonden.se\/vart-arbete\/overgangsrattvisa\/sverige\/sveriges-stod-bidrar-till-inkluderande-fredsbygge-i-colombia\/","url":"https:\/\/mrfonden.se\/vart-arbete\/overgangsrattvisa\/sverige\/sveriges-stod-bidrar-till-inkluderande-fredsbygge-i-colombia\/","name":"Exilcolombianer, kvinnor och unga i fokus f\u00f6r sanningskommissionens arbete - Fonden f\u00f6r m\u00e4nskliga r\u00e4ttigheter (MR-Fonden)","isPartOf":{"@id":"https:\/\/mrfonden.se\/#website"},"primaryImageOfPage":{"@id":"https:\/\/mrfonden.se\/vart-arbete\/overgangsrattvisa\/sverige\/sveriges-stod-bidrar-till-inkluderande-fredsbygge-i-colombia\/#primaryimage"},"image":{"@id":"https:\/\/mrfonden.se\/vart-arbete\/overgangsrattvisa\/sverige\/sveriges-stod-bidrar-till-inkluderande-fredsbygge-i-colombia\/#primaryimage"},"thumbnailUrl":"https:\/\/mrfonden.se\/wp-content\/uploads\/2023\/02\/estatuas-comision-de-la-verdad.jpg","datePublished":"2023-02-24T16:43:11+00:00","dateModified":"2024-11-26T14:14:39+00:00","breadcrumb":{"@id":"https:\/\/mrfonden.se\/vart-arbete\/overgangsrattvisa\/sverige\/sveriges-stod-bidrar-till-inkluderande-fredsbygge-i-colombia\/#breadcrumb"},"inLanguage":"en-US","potentialAction":[{"@type":"ReadAction","target":["https:\/\/mrfonden.se\/vart-arbete\/overgangsrattvisa\/sverige\/sveriges-stod-bidrar-till-inkluderande-fredsbygge-i-colombia\/"]}]},{"@type":"ImageObject","inLanguage":"en-US","@id":"https:\/\/mrfonden.se\/vart-arbete\/overgangsrattvisa\/sverige\/sveriges-stod-bidrar-till-inkluderande-fredsbygge-i-colombia\/#primaryimage","url":"https:\/\/mrfonden.se\/wp-content\/uploads\/2023\/02\/estatuas-comision-de-la-verdad.jpg","contentUrl":"https:\/\/mrfonden.se\/wp-content\/uploads\/2023\/02\/estatuas-comision-de-la-verdad.jpg","width":799,"height":533,"caption":"En bild p\u00e5 statyer av m\u00e4nniskor av den Colombianska Sanningskommissionen"},{"@type":"BreadcrumbList","@id":"https:\/\/mrfonden.se\/vart-arbete\/overgangsrattvisa\/sverige\/sveriges-stod-bidrar-till-inkluderande-fredsbygge-i-colombia\/#breadcrumb","itemListElement":[{"@type":"ListItem","position":1,"name":"Hem","item":"https:\/\/mrfonden.se\/"},{"@type":"ListItem","position":2,"name":"V\u00e5rt arbete","item":"https:\/\/mrfonden.se\/vart-arbete\/"},{"@type":"ListItem","position":3,"name":"\u00d6verg\u00e5ngsr\u00e4ttvisa","item":"https:\/\/mrfonden.se\/vart-arbete\/overgangsrattvisa\/"},{"@type":"ListItem","position":4,"name":"Sverige","item":"https:\/\/mrfonden.se\/vart-arbete\/overgangsrattvisa\/sverige\/"},{"@type":"ListItem","position":5,"name":"Exilcolombianer, kvinnor och unga i fokus f\u00f6r sanningskommissionens arbete"}]},{"@type":"WebSite","@id":"https:\/\/mrfonden.se\/#website","url":"https:\/\/mrfonden.se\/","name":"Fonden f\u00f6r m\u00e4nskliga r\u00e4ttigheter (MR-Fonden)","description":"","potentialAction":[{"@type":"SearchAction","target":{"@type":"EntryPoint","urlTemplate":"https:\/\/mrfonden.se\/?s={search_term_string}"},"query-input":{"@type":"PropertyValueSpecification","valueRequired":true,"valueName":"search_term_string"}}],"inLanguage":"en-US"}]}},"_links":{"self":[{"href":"https:\/\/mrfonden.se\/en\/wp-json\/wp\/v2\/pages\/1736","targetHints":{"allow":["GET"]}}],"collection":[{"href":"https:\/\/mrfonden.se\/en\/wp-json\/wp\/v2\/pages"}],"about":[{"href":"https:\/\/mrfonden.se\/en\/wp-json\/wp\/v2\/types\/page"}],"author":[{"embeddable":true,"href":"https:\/\/mrfonden.se\/en\/wp-json\/wp\/v2\/users\/5"}],"replies":[{"embeddable":true,"href":"https:\/\/mrfonden.se\/en\/wp-json\/wp\/v2\/comments?post=1736"}],"version-history":[{"count":23,"href":"https:\/\/mrfonden.se\/en\/wp-json\/wp\/v2\/pages\/1736\/revisions"}],"predecessor-version":[{"id":1852,"href":"https:\/\/mrfonden.se\/en\/wp-json\/wp\/v2\/pages\/1736\/revisions\/1852"}],"up":[{"embeddable":true,"href":"https:\/\/mrfonden.se\/en\/wp-json\/wp\/v2\/pages\/397"}],"wp:featuredmedia":[{"embeddable":true,"href":"https:\/\/mrfonden.se\/en\/wp-json\/wp\/v2\/media\/1810"}],"wp:attachment":[{"href":"https:\/\/mrfonden.se\/en\/wp-json\/wp\/v2\/media?parent=1736"}],"curies":[{"name":"wp","href":"https:\/\/api.w.org\/{rel}","templated":true}]}}