{"id":1408,"date":"2022-05-10T15:53:29","date_gmt":"2022-05-10T13:53:29","guid":{"rendered":"https:\/\/mrfonden.se\/?page_id=1408"},"modified":"2022-05-10T15:53:29","modified_gmt":"2022-05-10T13:53:29","slug":"un-encuentro-por-la-verdad-en-soacha","status":"publish","type":"page","link":"https:\/\/mrfonden.se\/en\/vart-arbete\/overgangsrattvisa\/colombia\/un-encuentro-por-la-verdad-en-soacha\/","title":{"rendered":"Un encuentro por la verdad en Soacha"},"content":{"rendered":"<p>Hoy, 10 de mayo, la Comisi\u00f3n de la Verdad con apoyo de la Justicia Especial para la Paz, llevar\u00e1n a cabo en Soacha el \u2018Encuentro por la Verdad: Reconocimiento de responsabilidades sobre las ejecuciones extrajudiciales en Bogot\u00e1 y Soacha\u2019, con la participaci\u00f3n de\u00a0 varias organizaciones de madres y familiares v\u00edctima de este crimen. En el marco de este acto de reconocimiento, se encuentra el aporte de Mar\u00eda Ubilerma Sanabria, miembro del Nodo Suecia de apoyo a la Comisi\u00f3n, y madre de Jaime Estiven Valencia, desaparecido y asesinado por miembros del ej\u00e9rcito colombiano en 2008.<\/p>\n<div class=\"embed-responsive embed-responsive-16by9\"><div class=\"iframe-container\"><iframe loading=\"lazy\" class=\"embed-responsive-item\"  title=\"BENDICI\u00d3N DE MADRE\" width=\"660\" height=\"371\" src=\"https:\/\/www.youtube.com\/embed\/p1c2VUcNJiM?feature=oembed&#038;rel=0&#038;controls=1&#038;showinfo=0&#038;modestbranding=1&#038;\" frameborder=\"0\" allow=\"accelerometer; autoplay; clipboard-write; encrypted-media; gyroscope; picture-in-picture; web-share\" referrerpolicy=\"strict-origin-when-cross-origin\" allowfullscreen><\/iframe><\/div><\/div>\n<blockquote>\n<p style=\"text-align: center;\"><em>&#8220;Jaime Estiven fue torturado, ejecutado, arrojado a una fosa com\u00fan en Oca\u00f1a, Norte de Santander y presentado como guerrillero ca\u00eddo en combatepor la Brigada M\u00f3vil 15 de las Fuerzas Armadas de Colombia en el 2008. Tan solo ten\u00eda 16 a\u00f1os&#8221;<\/em><\/p>\n<\/blockquote>\n<p>Las ejecuciones extrajudiciales, conocidas como \u201cfalsos positivos\u201d, fueron asesinatos de civiles por parte de agentes del Estado, para presentarlos como integrantes de grupos armados fallecidos en combate y mostrar as\u00ed, resultados de sus operaciones militares. Este fen\u00f3meno representa una herida en la sociedad colombiana y una huella vergonzosa en la fuerza p\u00fablica, cuya misi\u00f3n es proteger a la ciudadan\u00eda y respetar la constituci\u00f3n, las leyes y el Derecho Internacional Humanitario.<\/p>\n<p>Este espacio recoge los esfuerzos que desde hace dos anos ha venido realizando la Comisi\u00f3n con con el objetivo de impulsar acciones para el reconocimiento y dignificaci\u00f3n de las v\u00edctimas y la construcci\u00f3n de un relato amplio, conjunto a madres y v\u00edctimas de este fen\u00f3meno. Como resultado de este proceso, las v\u00edctimas han conversado con los responsables de estos cr\u00edmenes en tres di\u00e1logos privados y al menos 18 encuentros preparatorios. Asimismo, la Jurisdicci\u00f3n Especial para la Paz ha encontrado evidencia concreta de 6.402 casos de ejecuciones extrajudiciales en 31 de los 32 departamentos de Colombia.<\/p>\n<p>Es importante el reconocimiento de las responsabilidades individuales y colectivas a las que haya lugar sobre las ejecuciones extrajudiciales. Por ello, este evento tiene el objetivo de dignificar a quienes fueron estigmatizados, a las madres y familiares que recorrieron el pa\u00eds, a quienes en un principio no les creyeron sobre el desaparecimiento de sus seres queridos y a quienes, como Mar\u00eda Ubilerma, se vieron forzados al exilio debido a su compromiso con la b\u00fasqueda de la verdad. En sus palabras,<\/p>\n<blockquote>\n<p style=\"text-align: center;\"><em>\u201cEl reconocimiento de los miembros de la brigada es un paso importnte en la b\u00fasqueda de la verdad para nosotras las madres. Sin embargo es importante que el mundo tenga claridad y se condene a quienes dieron la orden\u201d.<\/em><\/p>\n<ul>\n<li>Vea el Encuentro aqu\u00ed:<\/li>\n<\/ul>\n<div class=\"embed-responsive embed-responsive-16by9\"><div class=\"iframe-container\"><iframe loading=\"lazy\" class=\"embed-responsive-item\"  title=\"Reconocimiento de responsabilidades sobre las ejecuciones extrajudiciales en Bogot\u00e1 y Soacha\" width=\"660\" height=\"371\" src=\"https:\/\/www.youtube.com\/embed\/C-pUsQJVl9E?feature=oembed&#038;rel=0&#038;controls=1&#038;showinfo=0&#038;modestbranding=1&#038;\" frameborder=\"0\" allow=\"accelerometer; autoplay; clipboard-write; encrypted-media; gyroscope; picture-in-picture; web-share\" referrerpolicy=\"strict-origin-when-cross-origin\" allowfullscreen><\/iframe><\/div><\/div>\n<\/blockquote>","protected":false},"excerpt":{"rendered":"<p>Hoy, 10 de mayo, la Comisi\u00f3n de la Verdad con apoyo de la Justicia Especial para la Paz, &hellip;<\/p>","protected":false},"author":2,"featured_media":0,"parent":403,"menu_order":0,"comment_status":"closed","ping_status":"closed","template":"","meta":{"_acf_changed":false,"footnotes":""},"class_list":["post-1408","page","type-page","status-publish","hentry"],"acf":[],"yoast_head":"<title>Un encuentro por la verdad en Soacha - Fonden f\u00f6r m\u00e4nskliga r\u00e4ttigheter (MR-Fonden)<\/title>\n<meta name=\"robots\" content=\"index, follow, max-snippet:-1, max-image-preview:large, max-video-preview:-1\" \/>\n<link rel=\"canonical\" href=\"https:\/\/mrfonden.se\/en\/vart-arbete\/overgangsrattvisa\/colombia\/un-encuentro-por-la-verdad-en-soacha\/\" \/>\n<meta property=\"og:locale\" content=\"en_US\" \/>\n<meta property=\"og:type\" content=\"article\" \/>\n<meta property=\"og:title\" content=\"Un encuentro por la verdad en Soacha - Fonden f\u00f6r m\u00e4nskliga r\u00e4ttigheter (MR-Fonden)\" \/>\n<meta property=\"og:description\" content=\"Hoy, 10 de mayo, la Comisi\u00f3n de la Verdad con apoyo de la Justicia Especial para la Paz, &hellip;\" \/>\n<meta property=\"og:url\" content=\"https:\/\/mrfonden.se\/en\/vart-arbete\/overgangsrattvisa\/colombia\/un-encuentro-por-la-verdad-en-soacha\/\" \/>\n<meta property=\"og:site_name\" content=\"Fonden f\u00f6r m\u00e4nskliga r\u00e4ttigheter (MR-Fonden)\" \/>\n<meta name=\"twitter:card\" content=\"summary_large_image\" \/>\n<meta name=\"twitter:label1\" content=\"Est. reading time\" \/>\n\t<meta name=\"twitter:data1\" content=\"2 minutes\" \/>\n<script type=\"application\/ld+json\" class=\"yoast-schema-graph\">{\"@context\":\"https:\/\/schema.org\",\"@graph\":[{\"@type\":\"WebPage\",\"@id\":\"https:\/\/mrfonden.se\/vart-arbete\/overgangsrattvisa\/colombia\/un-encuentro-por-la-verdad-en-soacha\/\",\"url\":\"https:\/\/mrfonden.se\/vart-arbete\/overgangsrattvisa\/colombia\/un-encuentro-por-la-verdad-en-soacha\/\",\"name\":\"Un encuentro por la verdad en Soacha - Fonden f\u00f6r m\u00e4nskliga r\u00e4ttigheter (MR-Fonden)\",\"isPartOf\":{\"@id\":\"https:\/\/mrfonden.se\/#website\"},\"datePublished\":\"2022-05-10T13:53:29+00:00\",\"breadcrumb\":{\"@id\":\"https:\/\/mrfonden.se\/vart-arbete\/overgangsrattvisa\/colombia\/un-encuentro-por-la-verdad-en-soacha\/#breadcrumb\"},\"inLanguage\":\"en-US\",\"potentialAction\":[{\"@type\":\"ReadAction\",\"target\":[\"https:\/\/mrfonden.se\/vart-arbete\/overgangsrattvisa\/colombia\/un-encuentro-por-la-verdad-en-soacha\/\"]}]},{\"@type\":\"BreadcrumbList\",\"@id\":\"https:\/\/mrfonden.se\/vart-arbete\/overgangsrattvisa\/colombia\/un-encuentro-por-la-verdad-en-soacha\/#breadcrumb\",\"itemListElement\":[{\"@type\":\"ListItem\",\"position\":1,\"name\":\"Hem\",\"item\":\"https:\/\/mrfonden.se\/\"},{\"@type\":\"ListItem\",\"position\":2,\"name\":\"V\u00e5rt arbete\",\"item\":\"https:\/\/mrfonden.se\/vart-arbete\/\"},{\"@type\":\"ListItem\",\"position\":3,\"name\":\"\u00d6verg\u00e5ngsr\u00e4ttvisa\",\"item\":\"https:\/\/mrfonden.se\/vart-arbete\/overgangsrattvisa\/\"},{\"@type\":\"ListItem\",\"position\":4,\"name\":\"Colombia\",\"item\":\"https:\/\/mrfonden.se\/vart-arbete\/overgangsrattvisa\/colombia\/\"},{\"@type\":\"ListItem\",\"position\":5,\"name\":\"Un encuentro por la verdad en Soacha\"}]},{\"@type\":\"WebSite\",\"@id\":\"https:\/\/mrfonden.se\/#website\",\"url\":\"https:\/\/mrfonden.se\/\",\"name\":\"Fonden f\u00f6r m\u00e4nskliga r\u00e4ttigheter (MR-Fonden)\",\"description\":\"\",\"potentialAction\":[{\"@type\":\"SearchAction\",\"target\":{\"@type\":\"EntryPoint\",\"urlTemplate\":\"https:\/\/mrfonden.se\/?s={search_term_string}\"},\"query-input\":{\"@type\":\"PropertyValueSpecification\",\"valueRequired\":true,\"valueName\":\"search_term_string\"}}],\"inLanguage\":\"en-US\"}]}<\/script>","yoast_head_json":{"title":"Un encuentro por la verdad en Soacha - Fonden f\u00f6r m\u00e4nskliga r\u00e4ttigheter (MR-Fonden)","robots":{"index":"index","follow":"follow","max-snippet":"max-snippet:-1","max-image-preview":"max-image-preview:large","max-video-preview":"max-video-preview:-1"},"canonical":"https:\/\/mrfonden.se\/en\/vart-arbete\/overgangsrattvisa\/colombia\/un-encuentro-por-la-verdad-en-soacha\/","og_locale":"en_US","og_type":"article","og_title":"Un encuentro por la verdad en Soacha - Fonden f\u00f6r m\u00e4nskliga r\u00e4ttigheter (MR-Fonden)","og_description":"Hoy, 10 de mayo, la Comisi\u00f3n de la Verdad con apoyo de la Justicia Especial para la Paz, &hellip;","og_url":"https:\/\/mrfonden.se\/en\/vart-arbete\/overgangsrattvisa\/colombia\/un-encuentro-por-la-verdad-en-soacha\/","og_site_name":"Fonden f\u00f6r m\u00e4nskliga r\u00e4ttigheter (MR-Fonden)","twitter_card":"summary_large_image","twitter_misc":{"Est. reading time":"2 minutes"},"schema":{"@context":"https:\/\/schema.org","@graph":[{"@type":"WebPage","@id":"https:\/\/mrfonden.se\/vart-arbete\/overgangsrattvisa\/colombia\/un-encuentro-por-la-verdad-en-soacha\/","url":"https:\/\/mrfonden.se\/vart-arbete\/overgangsrattvisa\/colombia\/un-encuentro-por-la-verdad-en-soacha\/","name":"Un encuentro por la verdad en Soacha - Fonden f\u00f6r m\u00e4nskliga r\u00e4ttigheter (MR-Fonden)","isPartOf":{"@id":"https:\/\/mrfonden.se\/#website"},"datePublished":"2022-05-10T13:53:29+00:00","breadcrumb":{"@id":"https:\/\/mrfonden.se\/vart-arbete\/overgangsrattvisa\/colombia\/un-encuentro-por-la-verdad-en-soacha\/#breadcrumb"},"inLanguage":"en-US","potentialAction":[{"@type":"ReadAction","target":["https:\/\/mrfonden.se\/vart-arbete\/overgangsrattvisa\/colombia\/un-encuentro-por-la-verdad-en-soacha\/"]}]},{"@type":"BreadcrumbList","@id":"https:\/\/mrfonden.se\/vart-arbete\/overgangsrattvisa\/colombia\/un-encuentro-por-la-verdad-en-soacha\/#breadcrumb","itemListElement":[{"@type":"ListItem","position":1,"name":"Hem","item":"https:\/\/mrfonden.se\/"},{"@type":"ListItem","position":2,"name":"V\u00e5rt arbete","item":"https:\/\/mrfonden.se\/vart-arbete\/"},{"@type":"ListItem","position":3,"name":"\u00d6verg\u00e5ngsr\u00e4ttvisa","item":"https:\/\/mrfonden.se\/vart-arbete\/overgangsrattvisa\/"},{"@type":"ListItem","position":4,"name":"Colombia","item":"https:\/\/mrfonden.se\/vart-arbete\/overgangsrattvisa\/colombia\/"},{"@type":"ListItem","position":5,"name":"Un encuentro por la verdad en Soacha"}]},{"@type":"WebSite","@id":"https:\/\/mrfonden.se\/#website","url":"https:\/\/mrfonden.se\/","name":"Fonden f\u00f6r m\u00e4nskliga r\u00e4ttigheter (MR-Fonden)","description":"","potentialAction":[{"@type":"SearchAction","target":{"@type":"EntryPoint","urlTemplate":"https:\/\/mrfonden.se\/?s={search_term_string}"},"query-input":{"@type":"PropertyValueSpecification","valueRequired":true,"valueName":"search_term_string"}}],"inLanguage":"en-US"}]}},"_links":{"self":[{"href":"https:\/\/mrfonden.se\/en\/wp-json\/wp\/v2\/pages\/1408","targetHints":{"allow":["GET"]}}],"collection":[{"href":"https:\/\/mrfonden.se\/en\/wp-json\/wp\/v2\/pages"}],"about":[{"href":"https:\/\/mrfonden.se\/en\/wp-json\/wp\/v2\/types\/page"}],"author":[{"embeddable":true,"href":"https:\/\/mrfonden.se\/en\/wp-json\/wp\/v2\/users\/2"}],"replies":[{"embeddable":true,"href":"https:\/\/mrfonden.se\/en\/wp-json\/wp\/v2\/comments?post=1408"}],"version-history":[{"count":4,"href":"https:\/\/mrfonden.se\/en\/wp-json\/wp\/v2\/pages\/1408\/revisions"}],"predecessor-version":[{"id":1415,"href":"https:\/\/mrfonden.se\/en\/wp-json\/wp\/v2\/pages\/1408\/revisions\/1415"}],"up":[{"embeddable":true,"href":"https:\/\/mrfonden.se\/en\/wp-json\/wp\/v2\/pages\/403"}],"wp:attachment":[{"href":"https:\/\/mrfonden.se\/en\/wp-json\/wp\/v2\/media?parent=1408"}],"curies":[{"name":"wp","href":"https:\/\/api.w.org\/{rel}","templated":true}]}}