{"id":1393,"date":"2022-04-28T10:12:51","date_gmt":"2022-04-28T08:12:51","guid":{"rendered":"https:\/\/mrfonden.se\/?page_id=1393"},"modified":"2022-04-28T10:12:51","modified_gmt":"2022-04-28T08:12:51","slug":"un-encuentro-de-estudiantes-por-la-verdad","status":"publish","type":"page","link":"https:\/\/mrfonden.se\/en\/vart-arbete\/overgangsrattvisa\/colombia\/un-encuentro-de-estudiantes-por-la-verdad\/","title":{"rendered":"Un encuentro de estudiantes por la Verdad"},"content":{"rendered":"<p>Como parte del desarrollo de su mandato, la <a href=\"https:\/\/www.youtube.com\/watch?v=yzIZ97I4QcE\">Comisi\u00f3n de la Verdad<\/a> (\u201cComisi\u00f3n\u201d o \u201cCEV\u201d) ha desarrollado una estrategia de pedagog\u00eda dirigida a generar iniciativas culturales y educativas para la difusi\u00f3n y la comprensi\u00f3n social de su informe final y sus recomendaciones. Con ello, la Comisi\u00f3n pretende anclar en la ciudadan\u00eda \u2013residente en Colombia y en el exterior- procesos de transformaci\u00f3n cultural y social que contribuyan a la no repetici\u00f3n del conflicto, teniendo en cuenta los enfoques territorial, \u00e9tnico y de g\u00e9nero. Para ello, la Comisi\u00f3n ha adelantado esfuerzos para el cumplimiento de este objetivo a trav\u00e9s de Nodos \u2013redes colaborativas- en diferentes pa\u00edses de Europa y Am\u00e9rica, los cuales han contribuido tambi\u00e9n al desarrollo de esfuerzos de pedagog\u00eda, en funci\u00f3n del reconocimiento, convivencia y no repetici\u00f3n.<\/p>\n<p>La Fundaci\u00f3n Sueca para los Derechos Humanos ha apoyado a la Comisi\u00f3n de la Verdad a partir de diferentes esfuerzos entre ellos el respaldo a actividades de difusi\u00f3n de informaci\u00f3n, toma de testimonios, entrega de informes y la realizaci\u00f3n de actos de escucha. Adem\u00e1s, ha realizado colaboraciones, en el marco de la estrategia de pedagog\u00eda de la Comisi\u00f3n, a trav\u00e9s de alianzas con organizaciones sociales para difundir y movilizar a la sociedad en torno al mandato de verdad y una cultura de paz a la sociedad colombiana, especialmente aquella que reside en el exterior.<\/p>\n<div class=\"embed-responsive embed-responsive-16by9\"><div class=\"iframe-container\"><iframe loading=\"lazy\" class=\"embed-responsive-item\"  title=\"Memorias del Ier Encuentro Internacional de Estudiantes Colombianas y Colombianos en Europa.\" width=\"660\" height=\"371\" src=\"https:\/\/www.youtube.com\/embed\/_1qutbM-RTY?feature=oembed&#038;rel=0&#038;controls=1&#038;showinfo=0&#038;modestbranding=1&#038;\" frameborder=\"0\" allow=\"accelerometer; autoplay; clipboard-write; encrypted-media; gyroscope; picture-in-picture; web-share\" referrerpolicy=\"strict-origin-when-cross-origin\" allowfullscreen><\/iframe><\/div><\/div>\n<p>De esta manera, destacamos el desarrollo \u201c<a href=\"https:\/\/mrfonden.se\/en\/2021\/09\/07\/call-for-papers\/\">Primer Encuentro Internacional de Estudiantes Colombianas y Colombianos en Europa. La verdad: El valor de saber\u201d<\/a>\u00a0convocado por el Circulo de la Palabra de Barcelona el cual cont\u00f3 con el apoyo de la Fundaci\u00f3n Sueca para los Derechos Humanos, el Instituto Catal\u00e1n Internacional para la Paz (ICIP), el Instituto de Estudios sobre Desarrollo y Cooperaci\u00f3n Internacional del Pa\u00eds Vasco (HEGOA), y, el Nodo Catalunya de la Comsi\u00f3n. Como actividades preliminares se realizaron cinco conversatorios con expertos en el conflicto colombiano y acad\u00e9micos quienes reflexionaron en torno a la realidad del pa\u00eds, y preguntas en torno a los legados de la verdad y su car\u00e1cter como bien p\u00fablico, las polifon\u00edas de la verdad y sus expresiones en el arte, e incluso sobre fanatismos y di\u00e1logos improbables. Entre los expertos invitados se encontraron los profesores Hernando Valencia Villa (Conversatorio 1. La verdad como bien p\u00fablico: pedagog\u00eda pol\u00edtica y construcci\u00f3n de ciudadan\u00eda), V\u00edctor de Correa Lugo (Conversatorio 2. Desarmando los fanatismos: di\u00e1logos improbables sobre verdad y paz), Andr\u00e9s Bernal (Conversatorio 3: Multiplicidad y Polifon\u00edas de la verdad), Laura Quintana (Conversatorio 4. El Legado de la Verdad para una sociedad en Transici\u00f3n) y Mar\u00eda Elisa Pinto (Conversatorio 5. El camino de las artes, reflexiones en torno a una pr\u00e1ctica art\u00edstica rehumanizante).<\/p>\n<ul>\n<li><a href=\"https:\/\/youtube.com\/playlist?list=PLBedIjE2yLaE2tkDYBdHYokFKNwKNgULt\">Vea los Conversatorios aqu\u00ed.<\/a><\/li>\n<\/ul>\n<div class=\"embed-responsive embed-responsive-16by9\"><div class=\"iframe-container\"><iframe loading=\"lazy\" class=\"embed-responsive-item\"  title=\"Conversatorios Primer Encuentro\" width=\"660\" height=\"371\" src=\"https:\/\/www.youtube.com\/embed\/videoseries?list=PLBedIjE2yLaE2tkDYBdHYokFKNwKNgULt\" frameborder=\"0\" allow=\"accelerometer; autoplay; clipboard-write; encrypted-media; gyroscope; picture-in-picture; web-share\" referrerpolicy=\"strict-origin-when-cross-origin\" allowfullscreen><\/iframe><\/div><\/div>\n<p>El encuentro cont\u00f3 con tres <a href=\"https:\/\/masalladelasfronteras.co\/2021\/09\/17\/cronograma-actualizado-del-i-encuentro-internacional-de-estudiantes-colombianas-y-colombianos-en-europa\/\">jornadas de trabajo<\/a>. Durante el primer d\u00eda (28 de septiembre), los estudiantes participaron de la mesa de trabajo titulada \u2018La verdad hist\u00f3rica: bien com\u00fan y legado para una sociedad en transici\u00f3n\u2019. Tambi\u00e9n se presentaron intervenciones especiales del comisionado Carlos Mart\u00edn Beristain, la directora del Instituto Hegoa, Irantzu Mendia, y el profesor Hernando Valencia Villa quien present\u00f3 un an\u00e1lisis en torno a la extensi\u00f3n del mandato de la Comisi\u00f3n.<\/p>\n<ul>\n<li><a href=\"https:\/\/youtube.com\/playlist?list=PLBedIjE2yLaGT5atKlnxF13xGd8MdYWA-\">Vea las jornadas del encuentro aqu\u00ed.<\/a><\/li>\n<\/ul>\n<div class=\"embed-responsive embed-responsive-16by9\"><div class=\"iframe-container\"><iframe loading=\"lazy\" class=\"embed-responsive-item\"  title=\"I Encuentro Internacional de Estudiantes Colombianas y Colombianos en Europa, la Verdad: el Valor de Saber\" width=\"660\" height=\"371\" src=\"https:\/\/www.youtube.com\/embed\/videoseries?list=PLBedIjE2yLaGT5atKlnxF13xGd8MdYWA-\" frameborder=\"0\" allow=\"accelerometer; autoplay; clipboard-write; encrypted-media; gyroscope; picture-in-picture; web-share\" referrerpolicy=\"strict-origin-when-cross-origin\" allowfullscreen><\/iframe><\/div><\/div>\n<p>El segundo d\u00eda (29 de septiembre) se enfoc\u00f3 en \u2018El esclarecimiento de la verdad en Colombia: transitando de fanatismos hacia polifon\u00edas\u2019. En esta mesa de trabajo, los estudiantes presentaron sus ponencias e intercambiaron perspectivas con la Dra. Vera Samudio, investigadora del CINEP y secretar\u00eda t\u00e9cnica del Componente Internacional de Verificaci\u00f3n de los Acuerdos de Paz entre el Gobierno colombiano y las FARC-EP. La Secretaria General de MR-Fonden, Ulrika Strand tambi\u00e9n realiz\u00f3 una intervenci\u00f3n especial, en conjunto con la profesora y doctora en antropolog\u00eda e integrante de movimientos feministas y de v\u00edctimas Diana G\u00f3mez.<\/p>\n<p>La semana finaliz\u00f3 (el 30 de septiembre), con la presentaci\u00f3n de la Transmedia de la Comisi\u00f3n de la Verdad a cargo de la comisionada Luc\u00eda Gonz\u00e1lez, y el desarrollo de la mesa de trabajo \u201cArtes, lenguajes y est\u00e9ticas de la verdad\u201d, acompa\u00f1ada por la Dra. Andrea Rodr\u00edguez S\u00e1nchez. El cierre de este encuentro acad\u00e9mico estuvo a cargo de Ana Isabel Barrera del ICIP, y de la lectura de un comunicado por parte de todos los organizadores y su compromiso con la labor de la CEV. En definitiva, fueron los y las estudiantes, quienes tomaron protagonismo a partir de sus ponencias de car\u00e1cter te\u00f3rico y metodol\u00f3gico sobre la verdad, la memoria y sus m\u00faltiples dimensiones.<\/p>\n<p>A tres meses de la finalizaci\u00f3n de su mandato, la Comisi\u00f3n tiene la tarea de explicar qu\u00e9 pas\u00f3 durante el conflicto, por qu\u00e9 pas\u00f3, qu\u00e9 consecuencias dej\u00f3 en las comunidades y qu\u00e9 debe hacerse para que esta experiencia no se repitan. La narrativa sobre e conflicto que se presente en su informe final, al igual que sus recomendaciones, no solo presentan una herramienta hacia la no repetici\u00f3n, sino tambi\u00e9n in instrumento the interpelaci\u00f3n a toda la sociedad colombiana, en la cual la guerra se niega a morir. Es por ello que, frente a un contexto de continuaci\u00f3n de la violencia, adquieren vital importancia las iniciativas ciudadanas, las de los nodos y las organizaciones de apoyo internacional dirigidas a apoyar el trabajo de la Comisi\u00f3n.<\/p>\n<ul>\n<li>M\u00e1s informaci\u00f3n sobre el trabajo del <a href=\"https:\/\/masalladelasfronteras.co\/\">C\u00edrculo de la Palabra de Barcelona<\/a>.<\/li>\n<li><a href=\"https:\/\/mrfonden.se\/en\/2022\/04\/28\/colombian-students-meeting-for-the-truth\/\">Lea art\u00edculo completo en ingl\u00e9s<\/a>.<\/li>\n<\/ul>","protected":false},"excerpt":{"rendered":"<p>Como parte del desarrollo de su mandato, la Comisi\u00f3n de la Verdad (\u201cComisi\u00f3n\u201d o \u201cCEV\u201d) ha desarrollado una &hellip;<\/p>","protected":false},"author":2,"featured_media":1092,"parent":403,"menu_order":0,"comment_status":"closed","ping_status":"closed","template":"","meta":{"_acf_changed":false,"footnotes":""},"class_list":["post-1393","page","type-page","status-publish","has-post-thumbnail","hentry"],"acf":[],"yoast_head":"<title>Un encuentro de estudiantes por la Verdad - Fonden f\u00f6r m\u00e4nskliga r\u00e4ttigheter (MR-Fonden)<\/title>\n<meta name=\"robots\" content=\"index, follow, max-snippet:-1, max-image-preview:large, max-video-preview:-1\" \/>\n<link rel=\"canonical\" href=\"https:\/\/mrfonden.se\/en\/vart-arbete\/overgangsrattvisa\/colombia\/un-encuentro-de-estudiantes-por-la-verdad\/\" \/>\n<meta property=\"og:locale\" content=\"en_US\" \/>\n<meta property=\"og:type\" content=\"article\" \/>\n<meta property=\"og:title\" content=\"Un encuentro de estudiantes por la Verdad - Fonden f\u00f6r m\u00e4nskliga r\u00e4ttigheter (MR-Fonden)\" \/>\n<meta property=\"og:description\" content=\"Como parte del desarrollo de su mandato, la Comisi\u00f3n de la Verdad (\u201cComisi\u00f3n\u201d o \u201cCEV\u201d) ha desarrollado una &hellip;\" \/>\n<meta property=\"og:url\" content=\"https:\/\/mrfonden.se\/en\/vart-arbete\/overgangsrattvisa\/colombia\/un-encuentro-de-estudiantes-por-la-verdad\/\" \/>\n<meta property=\"og:site_name\" content=\"Fonden f\u00f6r m\u00e4nskliga r\u00e4ttigheter (MR-Fonden)\" \/>\n<meta property=\"og:image\" content=\"https:\/\/mrfonden.se\/wp-content\/uploads\/2021\/06\/logo-encuentro-df-jpg.jpg\" \/>\n\t<meta property=\"og:image:width\" content=\"2000\" \/>\n\t<meta property=\"og:image:height\" content=\"1500\" \/>\n\t<meta property=\"og:image:type\" content=\"image\/jpeg\" \/>\n<meta name=\"twitter:card\" content=\"summary_large_image\" \/>\n<meta name=\"twitter:label1\" content=\"Est. reading time\" \/>\n\t<meta name=\"twitter:data1\" content=\"5 minutes\" \/>\n<script type=\"application\/ld+json\" class=\"yoast-schema-graph\">{\"@context\":\"https:\/\/schema.org\",\"@graph\":[{\"@type\":\"WebPage\",\"@id\":\"https:\/\/mrfonden.se\/vart-arbete\/overgangsrattvisa\/colombia\/un-encuentro-de-estudiantes-por-la-verdad\/\",\"url\":\"https:\/\/mrfonden.se\/vart-arbete\/overgangsrattvisa\/colombia\/un-encuentro-de-estudiantes-por-la-verdad\/\",\"name\":\"Un encuentro de estudiantes por la Verdad - Fonden f\u00f6r m\u00e4nskliga r\u00e4ttigheter (MR-Fonden)\",\"isPartOf\":{\"@id\":\"https:\/\/mrfonden.se\/#website\"},\"primaryImageOfPage\":{\"@id\":\"https:\/\/mrfonden.se\/vart-arbete\/overgangsrattvisa\/colombia\/un-encuentro-de-estudiantes-por-la-verdad\/#primaryimage\"},\"image\":{\"@id\":\"https:\/\/mrfonden.se\/vart-arbete\/overgangsrattvisa\/colombia\/un-encuentro-de-estudiantes-por-la-verdad\/#primaryimage\"},\"thumbnailUrl\":\"https:\/\/mrfonden.se\/wp-content\/uploads\/2021\/06\/logo-encuentro-df-jpg.jpg\",\"datePublished\":\"2022-04-28T08:12:51+00:00\",\"breadcrumb\":{\"@id\":\"https:\/\/mrfonden.se\/vart-arbete\/overgangsrattvisa\/colombia\/un-encuentro-de-estudiantes-por-la-verdad\/#breadcrumb\"},\"inLanguage\":\"en-US\",\"potentialAction\":[{\"@type\":\"ReadAction\",\"target\":[\"https:\/\/mrfonden.se\/vart-arbete\/overgangsrattvisa\/colombia\/un-encuentro-de-estudiantes-por-la-verdad\/\"]}]},{\"@type\":\"ImageObject\",\"inLanguage\":\"en-US\",\"@id\":\"https:\/\/mrfonden.se\/vart-arbete\/overgangsrattvisa\/colombia\/un-encuentro-de-estudiantes-por-la-verdad\/#primaryimage\",\"url\":\"https:\/\/mrfonden.se\/wp-content\/uploads\/2021\/06\/logo-encuentro-df-jpg.jpg\",\"contentUrl\":\"https:\/\/mrfonden.se\/wp-content\/uploads\/2021\/06\/logo-encuentro-df-jpg.jpg\",\"width\":2000,\"height\":1500},{\"@type\":\"BreadcrumbList\",\"@id\":\"https:\/\/mrfonden.se\/vart-arbete\/overgangsrattvisa\/colombia\/un-encuentro-de-estudiantes-por-la-verdad\/#breadcrumb\",\"itemListElement\":[{\"@type\":\"ListItem\",\"position\":1,\"name\":\"Hem\",\"item\":\"https:\/\/mrfonden.se\/\"},{\"@type\":\"ListItem\",\"position\":2,\"name\":\"V\u00e5rt arbete\",\"item\":\"https:\/\/mrfonden.se\/vart-arbete\/\"},{\"@type\":\"ListItem\",\"position\":3,\"name\":\"\u00d6verg\u00e5ngsr\u00e4ttvisa\",\"item\":\"https:\/\/mrfonden.se\/vart-arbete\/overgangsrattvisa\/\"},{\"@type\":\"ListItem\",\"position\":4,\"name\":\"Colombia\",\"item\":\"https:\/\/mrfonden.se\/vart-arbete\/overgangsrattvisa\/colombia\/\"},{\"@type\":\"ListItem\",\"position\":5,\"name\":\"Un encuentro de estudiantes por la Verdad\"}]},{\"@type\":\"WebSite\",\"@id\":\"https:\/\/mrfonden.se\/#website\",\"url\":\"https:\/\/mrfonden.se\/\",\"name\":\"Fonden f\u00f6r m\u00e4nskliga r\u00e4ttigheter (MR-Fonden)\",\"description\":\"\",\"potentialAction\":[{\"@type\":\"SearchAction\",\"target\":{\"@type\":\"EntryPoint\",\"urlTemplate\":\"https:\/\/mrfonden.se\/?s={search_term_string}\"},\"query-input\":{\"@type\":\"PropertyValueSpecification\",\"valueRequired\":true,\"valueName\":\"search_term_string\"}}],\"inLanguage\":\"en-US\"}]}<\/script>","yoast_head_json":{"title":"Un encuentro de estudiantes por la Verdad - Fonden f\u00f6r m\u00e4nskliga r\u00e4ttigheter (MR-Fonden)","robots":{"index":"index","follow":"follow","max-snippet":"max-snippet:-1","max-image-preview":"max-image-preview:large","max-video-preview":"max-video-preview:-1"},"canonical":"https:\/\/mrfonden.se\/en\/vart-arbete\/overgangsrattvisa\/colombia\/un-encuentro-de-estudiantes-por-la-verdad\/","og_locale":"en_US","og_type":"article","og_title":"Un encuentro de estudiantes por la Verdad - Fonden f\u00f6r m\u00e4nskliga r\u00e4ttigheter (MR-Fonden)","og_description":"Como parte del desarrollo de su mandato, la Comisi\u00f3n de la Verdad (\u201cComisi\u00f3n\u201d o \u201cCEV\u201d) ha desarrollado una &hellip;","og_url":"https:\/\/mrfonden.se\/en\/vart-arbete\/overgangsrattvisa\/colombia\/un-encuentro-de-estudiantes-por-la-verdad\/","og_site_name":"Fonden f\u00f6r m\u00e4nskliga r\u00e4ttigheter (MR-Fonden)","og_image":[{"width":2000,"height":1500,"url":"https:\/\/mrfonden.se\/wp-content\/uploads\/2021\/06\/logo-encuentro-df-jpg.jpg","type":"image\/jpeg"}],"twitter_card":"summary_large_image","twitter_misc":{"Est. reading time":"5 minutes"},"schema":{"@context":"https:\/\/schema.org","@graph":[{"@type":"WebPage","@id":"https:\/\/mrfonden.se\/vart-arbete\/overgangsrattvisa\/colombia\/un-encuentro-de-estudiantes-por-la-verdad\/","url":"https:\/\/mrfonden.se\/vart-arbete\/overgangsrattvisa\/colombia\/un-encuentro-de-estudiantes-por-la-verdad\/","name":"Un encuentro de estudiantes por la Verdad - Fonden f\u00f6r m\u00e4nskliga r\u00e4ttigheter (MR-Fonden)","isPartOf":{"@id":"https:\/\/mrfonden.se\/#website"},"primaryImageOfPage":{"@id":"https:\/\/mrfonden.se\/vart-arbete\/overgangsrattvisa\/colombia\/un-encuentro-de-estudiantes-por-la-verdad\/#primaryimage"},"image":{"@id":"https:\/\/mrfonden.se\/vart-arbete\/overgangsrattvisa\/colombia\/un-encuentro-de-estudiantes-por-la-verdad\/#primaryimage"},"thumbnailUrl":"https:\/\/mrfonden.se\/wp-content\/uploads\/2021\/06\/logo-encuentro-df-jpg.jpg","datePublished":"2022-04-28T08:12:51+00:00","breadcrumb":{"@id":"https:\/\/mrfonden.se\/vart-arbete\/overgangsrattvisa\/colombia\/un-encuentro-de-estudiantes-por-la-verdad\/#breadcrumb"},"inLanguage":"en-US","potentialAction":[{"@type":"ReadAction","target":["https:\/\/mrfonden.se\/vart-arbete\/overgangsrattvisa\/colombia\/un-encuentro-de-estudiantes-por-la-verdad\/"]}]},{"@type":"ImageObject","inLanguage":"en-US","@id":"https:\/\/mrfonden.se\/vart-arbete\/overgangsrattvisa\/colombia\/un-encuentro-de-estudiantes-por-la-verdad\/#primaryimage","url":"https:\/\/mrfonden.se\/wp-content\/uploads\/2021\/06\/logo-encuentro-df-jpg.jpg","contentUrl":"https:\/\/mrfonden.se\/wp-content\/uploads\/2021\/06\/logo-encuentro-df-jpg.jpg","width":2000,"height":1500},{"@type":"BreadcrumbList","@id":"https:\/\/mrfonden.se\/vart-arbete\/overgangsrattvisa\/colombia\/un-encuentro-de-estudiantes-por-la-verdad\/#breadcrumb","itemListElement":[{"@type":"ListItem","position":1,"name":"Hem","item":"https:\/\/mrfonden.se\/"},{"@type":"ListItem","position":2,"name":"V\u00e5rt arbete","item":"https:\/\/mrfonden.se\/vart-arbete\/"},{"@type":"ListItem","position":3,"name":"\u00d6verg\u00e5ngsr\u00e4ttvisa","item":"https:\/\/mrfonden.se\/vart-arbete\/overgangsrattvisa\/"},{"@type":"ListItem","position":4,"name":"Colombia","item":"https:\/\/mrfonden.se\/vart-arbete\/overgangsrattvisa\/colombia\/"},{"@type":"ListItem","position":5,"name":"Un encuentro de estudiantes por la Verdad"}]},{"@type":"WebSite","@id":"https:\/\/mrfonden.se\/#website","url":"https:\/\/mrfonden.se\/","name":"Fonden f\u00f6r m\u00e4nskliga r\u00e4ttigheter (MR-Fonden)","description":"","potentialAction":[{"@type":"SearchAction","target":{"@type":"EntryPoint","urlTemplate":"https:\/\/mrfonden.se\/?s={search_term_string}"},"query-input":{"@type":"PropertyValueSpecification","valueRequired":true,"valueName":"search_term_string"}}],"inLanguage":"en-US"}]}},"_links":{"self":[{"href":"https:\/\/mrfonden.se\/en\/wp-json\/wp\/v2\/pages\/1393","targetHints":{"allow":["GET"]}}],"collection":[{"href":"https:\/\/mrfonden.se\/en\/wp-json\/wp\/v2\/pages"}],"about":[{"href":"https:\/\/mrfonden.se\/en\/wp-json\/wp\/v2\/types\/page"}],"author":[{"embeddable":true,"href":"https:\/\/mrfonden.se\/en\/wp-json\/wp\/v2\/users\/2"}],"replies":[{"embeddable":true,"href":"https:\/\/mrfonden.se\/en\/wp-json\/wp\/v2\/comments?post=1393"}],"version-history":[{"count":2,"href":"https:\/\/mrfonden.se\/en\/wp-json\/wp\/v2\/pages\/1393\/revisions"}],"predecessor-version":[{"id":1395,"href":"https:\/\/mrfonden.se\/en\/wp-json\/wp\/v2\/pages\/1393\/revisions\/1395"}],"up":[{"embeddable":true,"href":"https:\/\/mrfonden.se\/en\/wp-json\/wp\/v2\/pages\/403"}],"wp:featuredmedia":[{"embeddable":true,"href":"https:\/\/mrfonden.se\/en\/wp-json\/wp\/v2\/media\/1092"}],"wp:attachment":[{"href":"https:\/\/mrfonden.se\/en\/wp-json\/wp\/v2\/media?parent=1393"}],"curies":[{"name":"wp","href":"https:\/\/api.w.org\/{rel}","templated":true}]}}