{"id":1327,"date":"2022-03-24T15:14:16","date_gmt":"2022-03-24T14:14:16","guid":{"rendered":"https:\/\/mrfonden.se\/?page_id=1327"},"modified":"2024-03-21T10:51:25","modified_gmt":"2024-03-21T09:51:25","slug":"mr-fondens-arliga-uppsatstavling","status":"publish","type":"page","link":"https:\/\/mrfonden.se\/en\/vart-arbete\/regionala-manniskorattssystem\/mr-fondens-arliga-uppsatstavling\/","title":{"rendered":"The Swedish Foundation for Human Rights\u2019 Annual Essay Competition"},"content":{"rendered":"<p>The Swedish Foundation for Human Rights organises an annual essay competition aimed at students. The purpose of the competition is to highlight the links between human rights and peace and security. In previous years, the competition has focused on the African, Inter-American and European human rights systems, as well as regional institutions in Asia and Oceania. In connection with the essay competition, the Swedish Foundation for Human Rights has also organised seminars in which experts and the competition\u2019s finalists participate.<\/p>\n<p>Information about the upcoming essay competition will be published shortly.<\/p>\n<p>An interview with the 2022 essay competition finalists, discussing their essays and their experiences of participating in the competition, is available <a href=\"https:\/\/www.youtube.com\/watch?v=MQAUbycZF5s\">here<\/a>You can also read essays by previous winners and access recordings of past seminars below.<\/p>\n<p><em>Essays<\/em>:<\/p>\n<p><a href=\"http:\/\/mrfonden.se\/wp-content\/uploads\/2023\/03\/thorin-essay-competition-2022-asia-pacific-region.pdf\">Thorin &#8211; Essay Competition 2022 (Asia-Pacific region)<\/a><\/p>\n<p><a href=\"http:\/\/mrfonden.se\/wp-content\/uploads\/2022\/03\/student-essay-competition-2021-helmer-att-publicera.pdf\">Jonelid &#8211; Essay Competition 2021 (European system)<\/a><\/p>\n<p><a href=\"http:\/\/mrfonden.se\/wp-content\/uploads\/2022\/03\/ydrefelt-hanell-understanding-the-impact-of-the-inter-american-court-of-human-rights-pdf.pdf\">Ydrefelt Hanell &#8211; Essay Competition 2020 (Inter-American system)<\/a><\/p>\n<p><a href=\"http:\/\/mrfonden.se\/wp-content\/uploads\/2022\/03\/rosendahl-essay-competition-2019-africa.pdf\">Rosendahl &#8211; Essay Competition 2019 (African system)<\/a><\/p>\n<p><em>Seminars<\/em>:<\/p>\n<p><a href=\"https:\/\/www.youtube.com\/watch?v=MQAUbycZF5s\">Intervju med finalisterna av uppsatst\u00e4vlingen 2022<\/a><\/p>\n<p><a href=\"https:\/\/vimeo.com\/661421304\/d4590eb5d1\">S<\/a><a href=\"https:\/\/vimeo.com\/661421304\/d4590eb5d1\">eminarium om det Europeiska MR-systemet 2021<\/a><\/p>\n<p><a href=\"https:\/\/www.youtube.com\/watch?v=nMXFyRggppM\">Seminarium (MR-dagarna) om det Interamerikanska MR-systemet 2021<\/a><\/p>\n<p><a href=\"https:\/\/youtu.be\/VHEIwqy4MPE\">Uppsatsseminarium om det Interamerikanska MR-systemet 2020<\/a><\/p>","protected":false},"excerpt":{"rendered":"<p>MR-Fonden anordnar \u00e5rligen en uppsatst\u00e4vling riktad till studenter. Syftet med t\u00e4vlingen \u00e4r att belysa kopplingarna mellan m\u00e4nskliga r\u00e4ttigheter &hellip;<\/p>","protected":false},"author":7,"featured_media":0,"parent":319,"menu_order":0,"comment_status":"closed","ping_status":"closed","template":"","meta":{"_acf_changed":false,"footnotes":""},"class_list":["post-1327","page","type-page","status-publish","hentry"],"acf":[],"yoast_head":"<title>MR-Fondens \u00e5rliga uppsatst\u00e4vling - Fonden f\u00f6r m\u00e4nskliga r\u00e4ttigheter (MR-Fonden)<\/title>\n<meta name=\"robots\" content=\"index, follow, max-snippet:-1, max-image-preview:large, max-video-preview:-1\" \/>\n<link rel=\"canonical\" href=\"https:\/\/mrfonden.se\/en\/vart-arbete\/regionala-manniskorattssystem\/mr-fondens-arliga-uppsatstavling\/\" \/>\n<meta property=\"og:locale\" content=\"en_US\" \/>\n<meta property=\"og:type\" content=\"article\" \/>\n<meta property=\"og:title\" content=\"MR-Fondens \u00e5rliga uppsatst\u00e4vling - Fonden f\u00f6r m\u00e4nskliga r\u00e4ttigheter (MR-Fonden)\" \/>\n<meta property=\"og:description\" content=\"MR-Fonden anordnar \u00e5rligen en uppsatst\u00e4vling riktad till studenter. Syftet med t\u00e4vlingen \u00e4r att belysa kopplingarna mellan m\u00e4nskliga r\u00e4ttigheter &hellip;\" \/>\n<meta property=\"og:url\" content=\"https:\/\/mrfonden.se\/en\/vart-arbete\/regionala-manniskorattssystem\/mr-fondens-arliga-uppsatstavling\/\" \/>\n<meta property=\"og:site_name\" content=\"Fonden f\u00f6r m\u00e4nskliga r\u00e4ttigheter (MR-Fonden)\" \/>\n<meta property=\"article:modified_time\" content=\"2024-03-21T09:51:25+00:00\" \/>\n<meta name=\"twitter:card\" content=\"summary_large_image\" \/>\n<meta name=\"twitter:label1\" content=\"Est. reading time\" \/>\n\t<meta name=\"twitter:data1\" content=\"1 minute\" \/>\n<script type=\"application\/ld+json\" class=\"yoast-schema-graph\">{\"@context\":\"https:\/\/schema.org\",\"@graph\":[{\"@type\":\"WebPage\",\"@id\":\"https:\/\/mrfonden.se\/vart-arbete\/regionala-manniskorattssystem\/mr-fondens-arliga-uppsatstavling\/\",\"url\":\"https:\/\/mrfonden.se\/vart-arbete\/regionala-manniskorattssystem\/mr-fondens-arliga-uppsatstavling\/\",\"name\":\"MR-Fondens \u00e5rliga uppsatst\u00e4vling - Fonden f\u00f6r m\u00e4nskliga r\u00e4ttigheter (MR-Fonden)\",\"isPartOf\":{\"@id\":\"https:\/\/mrfonden.se\/#website\"},\"datePublished\":\"2022-03-24T14:14:16+00:00\",\"dateModified\":\"2024-03-21T09:51:25+00:00\",\"breadcrumb\":{\"@id\":\"https:\/\/mrfonden.se\/vart-arbete\/regionala-manniskorattssystem\/mr-fondens-arliga-uppsatstavling\/#breadcrumb\"},\"inLanguage\":\"en-US\",\"potentialAction\":[{\"@type\":\"ReadAction\",\"target\":[\"https:\/\/mrfonden.se\/vart-arbete\/regionala-manniskorattssystem\/mr-fondens-arliga-uppsatstavling\/\"]}]},{\"@type\":\"BreadcrumbList\",\"@id\":\"https:\/\/mrfonden.se\/vart-arbete\/regionala-manniskorattssystem\/mr-fondens-arliga-uppsatstavling\/#breadcrumb\",\"itemListElement\":[{\"@type\":\"ListItem\",\"position\":1,\"name\":\"Hem\",\"item\":\"https:\/\/mrfonden.se\/\"},{\"@type\":\"ListItem\",\"position\":2,\"name\":\"V\u00e5rt arbete\",\"item\":\"https:\/\/mrfonden.se\/vart-arbete\/\"},{\"@type\":\"ListItem\",\"position\":3,\"name\":\"Regionala m\u00e4nniskor\u00e4ttssystem\",\"item\":\"https:\/\/mrfonden.se\/vart-arbete\/regionala-manniskorattssystem\/\"},{\"@type\":\"ListItem\",\"position\":4,\"name\":\"MR-Fondens \u00e5rliga uppsatst\u00e4vling\"}]},{\"@type\":\"WebSite\",\"@id\":\"https:\/\/mrfonden.se\/#website\",\"url\":\"https:\/\/mrfonden.se\/\",\"name\":\"Fonden f\u00f6r m\u00e4nskliga r\u00e4ttigheter (MR-Fonden)\",\"description\":\"\",\"potentialAction\":[{\"@type\":\"SearchAction\",\"target\":{\"@type\":\"EntryPoint\",\"urlTemplate\":\"https:\/\/mrfonden.se\/?s={search_term_string}\"},\"query-input\":{\"@type\":\"PropertyValueSpecification\",\"valueRequired\":true,\"valueName\":\"search_term_string\"}}],\"inLanguage\":\"en-US\"}]}<\/script>","yoast_head_json":{"title":"MR-Fondens \u00e5rliga uppsatst\u00e4vling - Fonden f\u00f6r m\u00e4nskliga r\u00e4ttigheter (MR-Fonden)","robots":{"index":"index","follow":"follow","max-snippet":"max-snippet:-1","max-image-preview":"max-image-preview:large","max-video-preview":"max-video-preview:-1"},"canonical":"https:\/\/mrfonden.se\/en\/vart-arbete\/regionala-manniskorattssystem\/mr-fondens-arliga-uppsatstavling\/","og_locale":"en_US","og_type":"article","og_title":"MR-Fondens \u00e5rliga uppsatst\u00e4vling - Fonden f\u00f6r m\u00e4nskliga r\u00e4ttigheter (MR-Fonden)","og_description":"MR-Fonden anordnar \u00e5rligen en uppsatst\u00e4vling riktad till studenter. Syftet med t\u00e4vlingen \u00e4r att belysa kopplingarna mellan m\u00e4nskliga r\u00e4ttigheter &hellip;","og_url":"https:\/\/mrfonden.se\/en\/vart-arbete\/regionala-manniskorattssystem\/mr-fondens-arliga-uppsatstavling\/","og_site_name":"Fonden f\u00f6r m\u00e4nskliga r\u00e4ttigheter (MR-Fonden)","article_modified_time":"2024-03-21T09:51:25+00:00","twitter_card":"summary_large_image","twitter_misc":{"Est. reading time":"1 minute"},"schema":{"@context":"https:\/\/schema.org","@graph":[{"@type":"WebPage","@id":"https:\/\/mrfonden.se\/vart-arbete\/regionala-manniskorattssystem\/mr-fondens-arliga-uppsatstavling\/","url":"https:\/\/mrfonden.se\/vart-arbete\/regionala-manniskorattssystem\/mr-fondens-arliga-uppsatstavling\/","name":"MR-Fondens \u00e5rliga uppsatst\u00e4vling - Fonden f\u00f6r m\u00e4nskliga r\u00e4ttigheter (MR-Fonden)","isPartOf":{"@id":"https:\/\/mrfonden.se\/#website"},"datePublished":"2022-03-24T14:14:16+00:00","dateModified":"2024-03-21T09:51:25+00:00","breadcrumb":{"@id":"https:\/\/mrfonden.se\/vart-arbete\/regionala-manniskorattssystem\/mr-fondens-arliga-uppsatstavling\/#breadcrumb"},"inLanguage":"en-US","potentialAction":[{"@type":"ReadAction","target":["https:\/\/mrfonden.se\/vart-arbete\/regionala-manniskorattssystem\/mr-fondens-arliga-uppsatstavling\/"]}]},{"@type":"BreadcrumbList","@id":"https:\/\/mrfonden.se\/vart-arbete\/regionala-manniskorattssystem\/mr-fondens-arliga-uppsatstavling\/#breadcrumb","itemListElement":[{"@type":"ListItem","position":1,"name":"Hem","item":"https:\/\/mrfonden.se\/"},{"@type":"ListItem","position":2,"name":"V\u00e5rt arbete","item":"https:\/\/mrfonden.se\/vart-arbete\/"},{"@type":"ListItem","position":3,"name":"Regionala m\u00e4nniskor\u00e4ttssystem","item":"https:\/\/mrfonden.se\/vart-arbete\/regionala-manniskorattssystem\/"},{"@type":"ListItem","position":4,"name":"MR-Fondens \u00e5rliga uppsatst\u00e4vling"}]},{"@type":"WebSite","@id":"https:\/\/mrfonden.se\/#website","url":"https:\/\/mrfonden.se\/","name":"Fonden f\u00f6r m\u00e4nskliga r\u00e4ttigheter (MR-Fonden)","description":"","potentialAction":[{"@type":"SearchAction","target":{"@type":"EntryPoint","urlTemplate":"https:\/\/mrfonden.se\/?s={search_term_string}"},"query-input":{"@type":"PropertyValueSpecification","valueRequired":true,"valueName":"search_term_string"}}],"inLanguage":"en-US"}]}},"_links":{"self":[{"href":"https:\/\/mrfonden.se\/en\/wp-json\/wp\/v2\/pages\/1327","targetHints":{"allow":["GET"]}}],"collection":[{"href":"https:\/\/mrfonden.se\/en\/wp-json\/wp\/v2\/pages"}],"about":[{"href":"https:\/\/mrfonden.se\/en\/wp-json\/wp\/v2\/types\/page"}],"author":[{"embeddable":true,"href":"https:\/\/mrfonden.se\/en\/wp-json\/wp\/v2\/users\/7"}],"replies":[{"embeddable":true,"href":"https:\/\/mrfonden.se\/en\/wp-json\/wp\/v2\/comments?post=1327"}],"version-history":[{"count":25,"href":"https:\/\/mrfonden.se\/en\/wp-json\/wp\/v2\/pages\/1327\/revisions"}],"predecessor-version":[{"id":2580,"href":"https:\/\/mrfonden.se\/en\/wp-json\/wp\/v2\/pages\/1327\/revisions\/2580"}],"up":[{"embeddable":true,"href":"https:\/\/mrfonden.se\/en\/wp-json\/wp\/v2\/pages\/319"}],"wp:attachment":[{"href":"https:\/\/mrfonden.se\/en\/wp-json\/wp\/v2\/media?parent=1327"}],"curies":[{"name":"wp","href":"https:\/\/api.w.org\/{rel}","templated":true}]}}