{"id":1304,"date":"2022-02-23T09:43:43","date_gmt":"2022-02-23T08:43:43","guid":{"rendered":"https:\/\/mrfonden.se\/?page_id=1304"},"modified":"2022-02-23T09:43:43","modified_gmt":"2022-02-23T08:43:43","slug":"obstruccion-y-robo-de-material-con-el-testimonio-de-cabecilla-del-clan-del-golfo","status":"publish","type":"page","link":"https:\/\/mrfonden.se\/en\/vart-arbete\/overgangsrattvisa\/colombia\/obstruccion-y-robo-de-material-con-el-testimonio-de-cabecilla-del-clan-del-golfo\/","title":{"rendered":"Obstrucci\u00f3n y robo de material con el testimonio de cabecilla del &#8216;Clan del Golfo&#8217;"},"content":{"rendered":"<p><span style=\"font-weight: normal !msorm;\"><strong>Desde <\/strong><\/span><strong>la Fundaci\u00f3n Sueca para los Derechos Humanos<span style=\"font-weight: normal !msorm;\"> manifestamos nuestra preocupaci\u00f3n en torno a los graves hechos denunciados publicamente por la Comision de la Verdad, los cuales ponen en riesgo a la integridad y a la vida de quienes conforman la Comisi\u00f3n y el derecho de las v\u00edctimas a la verdad. Continuaremos apoyando el trabajo que realiza la Comisi\u00f3n, el cual esperamos se realice sin intimidaciones.<\/span><\/strong><\/p>\n<p>La Comisi\u00f3n de la Verdad de Colombia denunci\u00f3 a trav\u00e9s de un <a href=\"https:\/\/comisiondelaverdad.co\/actualidad\/comunicados-y-declaraciones\/denuncia-publica-de-la-comision-de-la-verdad\">comunicado p\u00fablico<\/a> el robo de las grabadoras digitales y un computador de la casa de uno de sus investigadores. El material robado habr\u00eda sido usados por el ente en la entrevista que adelant\u00f3 el Comisionado Alejandro Valencia Villa con el exl\u00edder de la banda criminal Clan del Golfo, Dairo Ant\u00f3nio \u00dasuga David, alias &#8216;Otoniel&#8217;, quien hab\u00eda accedido a hablar sobre las <a href=\"https:\/\/www.france24.com\/es\/am%C3%A9rica-latina\/20220220-comision-verdad-robo-entrevita-otoniel\">relaciones del grupo armado con la fuerza p\u00fablica<\/a>.<\/p>\n<blockquote class=\"twitter-tweet\">\n<p dir=\"ltr\" lang=\"es\">La <a href=\"https:\/\/twitter.com\/ComisionVerdadC?ref_src=twsrc%5Etfw\">@ComisionVerdadC<\/a> rechaza y denuncia este hecho que atenta contra uno de sus funcionarios y contra el trabajo de esclarecimiento del conflicto armado en el pa\u00eds y pide a las autoridades competentes investigar de manera diligente y eficaz los hechos. <a href=\"https:\/\/t.co\/1TQ1mpV5V0\">https:\/\/t.co\/1TQ1mpV5V0<\/a><\/p>\n<p>\u2014 Comisi\u00f3n de la Verdad (@ComisionVerdadC) <a href=\"https:\/\/twitter.com\/ComisionVerdadC\/status\/1495127598262853635?ref_src=twsrc%5Etfw\">February 19, 2022<\/a><\/p><\/blockquote>\n<p><script async src=\"https:\/\/platform.twitter.com\/widgets.js\" charset=\"utf-8\"><\/script><\/p>\n<p>La Comisi\u00f3n de la Verdad rechaz\u00f3 lo ocurrido y solicit\u00f3 a las autoridades que &#8220;investiguen de manera diligente y eficaz los hechos&#8221;. Adem\u00e1s, exigi\u00f3 &#8220;garant\u00edas&#8221; para poder seguir con la entrevista al exl\u00edder del Clan del Golfo, as\u00ed como la seguridad de quienes participan en el proceso, la privacidad de las sesiones y el apoyo log\u00edstico por parte de quienes tienen la custodia del entrevistado.<\/p>\n<p>Estos hechos reflejan un escalamiento en las intimidaciones hacia las cuales se han visto expuesta la Comisi\u00f3n y sus funcionarios, pues le antecede una serie de inconvenientes para acceder al testimonio de alias &#8216;Otoniel&#8217;. Entre estos incidentes se encuentra la interrupci\u00f3n de su audiencia con el comisionado Alejandro Valencia el pasado jueves 17 de febrero por parte de miembros de la Dij\u00edn de la Polic\u00eda. En un comunicado posterior, la <a href=\"https:\/\/comisiondelaverdad.co\/actualidad\/comunicados-y-declaraciones\/comision-de-la-verdad-otoniel-proceso-escucha\">Comisi\u00f3n manifest\u00f3 &#8220;la necesidad de contar con garant\u00edas para recibir su relato con la debida confidencialidad y privacidad&#8221;<\/a>, y la importancia de culminar satisfactoriamente la recolecci\u00f3n del testimonio de alias &#8216;Otoniel&#8217;, &#8220;quien estuvo involucrado 35 a\u00f1os en el conflicto armado y vinculado a diversos grupos armados ilegales&#8221;, y cuenta con informaci\u00f3n crucial para entender la din\u00e1mica del conflicto armado y su persistencia.<\/p>\n<p>Frente a la informaci\u00f3n hurtada, el comisionado Valencia afirm\u00f3 que <a href=\"https:\/\/www.wradio.com.co\/2022\/02\/20\/da-a-entender-que-no-quieren-que-escuchemos-la-verdad-comisionado-de-la-verdad-sobre-robo-de-grabadoras-de-otoniel\/\">&#8220;est\u00e1 asegurada&#8221;<\/a>, pues cuentan con copias de respaldo, pero pidi\u00f3 que los encuentros con el se\u00f1or \u00dasuga David se aceleren &#8220;para que la informaci\u00f3n no se vaya del pa\u00eds&#8221;, ya que sobre \u00e9l pesa un pedido\u00a0de extradici\u00f3n de\u00a0Estados Unidos. La Representante en Colombia de la Alta Comisionada de las Naciones Unidas para los Derechos Humanos, Juliette de Rivero, se pronunci\u00f3 tambi\u00e9n ante los hechos y exhort\u00f3 al Estado colombiano a que adopte las medidas necesarias para garantizar el funcionamiento pleno y el cumplimiento de los objetivos de la Comision.<\/p>\n<ul>\n<li><a href=\"https:\/\/mrfonden.se\/en\/?p=1301&amp;preview=true\">Lea el art\u00edculo completo en ingl\u00e9s.<\/a><\/li>\n<\/ul>","protected":false},"excerpt":{"rendered":"<p>Desde la Fundaci\u00f3n Sueca para los Derechos Humanos manifestamos nuestra preocupaci\u00f3n en torno a los graves hechos denunciados &hellip;<\/p>","protected":false},"author":2,"featured_media":1302,"parent":403,"menu_order":0,"comment_status":"closed","ping_status":"closed","template":"","meta":{"_acf_changed":false,"footnotes":""},"class_list":["post-1304","page","type-page","status-publish","has-post-thumbnail","hentry"],"acf":[],"yoast_head":"<title>Obstrucci\u00f3n y robo de material con el testimonio de cabecilla del &#039;Clan del Golfo&#039; - Fonden f\u00f6r m\u00e4nskliga r\u00e4ttigheter (MR-Fonden)<\/title>\n<meta name=\"robots\" content=\"index, follow, max-snippet:-1, max-image-preview:large, max-video-preview:-1\" \/>\n<link rel=\"canonical\" href=\"https:\/\/mrfonden.se\/en\/vart-arbete\/overgangsrattvisa\/colombia\/obstruccion-y-robo-de-material-con-el-testimonio-de-cabecilla-del-clan-del-golfo\/\" \/>\n<meta property=\"og:locale\" content=\"en_US\" \/>\n<meta property=\"og:type\" content=\"article\" \/>\n<meta property=\"og:title\" content=\"Obstrucci\u00f3n y robo de material con el testimonio de cabecilla del &#039;Clan del Golfo&#039; - Fonden f\u00f6r m\u00e4nskliga r\u00e4ttigheter (MR-Fonden)\" \/>\n<meta property=\"og:description\" content=\"Desde la Fundaci\u00f3n Sueca para los Derechos Humanos manifestamos nuestra preocupaci\u00f3n en torno a los graves hechos denunciados &hellip;\" \/>\n<meta property=\"og:url\" content=\"https:\/\/mrfonden.se\/en\/vart-arbete\/overgangsrattvisa\/colombia\/obstruccion-y-robo-de-material-con-el-testimonio-de-cabecilla-del-clan-del-golfo\/\" \/>\n<meta property=\"og:site_name\" content=\"Fonden f\u00f6r m\u00e4nskliga r\u00e4ttigheter (MR-Fonden)\" \/>\n<meta property=\"og:image\" content=\"https:\/\/mrfonden.se\/wp-content\/uploads\/2022\/02\/foto-bianca-bauer2-scaled.jpg\" \/>\n\t<meta property=\"og:image:width\" content=\"2560\" \/>\n\t<meta property=\"og:image:height\" content=\"1707\" \/>\n\t<meta property=\"og:image:type\" content=\"image\/jpeg\" \/>\n<meta name=\"twitter:card\" content=\"summary_large_image\" \/>\n<meta name=\"twitter:label1\" content=\"Est. reading time\" \/>\n\t<meta name=\"twitter:data1\" content=\"3 minutes\" \/>\n<script type=\"application\/ld+json\" class=\"yoast-schema-graph\">{\"@context\":\"https:\/\/schema.org\",\"@graph\":[{\"@type\":\"WebPage\",\"@id\":\"https:\/\/mrfonden.se\/vart-arbete\/overgangsrattvisa\/colombia\/obstruccion-y-robo-de-material-con-el-testimonio-de-cabecilla-del-clan-del-golfo\/\",\"url\":\"https:\/\/mrfonden.se\/vart-arbete\/overgangsrattvisa\/colombia\/obstruccion-y-robo-de-material-con-el-testimonio-de-cabecilla-del-clan-del-golfo\/\",\"name\":\"Obstrucci\u00f3n y robo de material con el testimonio de cabecilla del 'Clan del Golfo' - Fonden f\u00f6r m\u00e4nskliga r\u00e4ttigheter (MR-Fonden)\",\"isPartOf\":{\"@id\":\"https:\/\/mrfonden.se\/#website\"},\"primaryImageOfPage\":{\"@id\":\"https:\/\/mrfonden.se\/vart-arbete\/overgangsrattvisa\/colombia\/obstruccion-y-robo-de-material-con-el-testimonio-de-cabecilla-del-clan-del-golfo\/#primaryimage\"},\"image\":{\"@id\":\"https:\/\/mrfonden.se\/vart-arbete\/overgangsrattvisa\/colombia\/obstruccion-y-robo-de-material-con-el-testimonio-de-cabecilla-del-clan-del-golfo\/#primaryimage\"},\"thumbnailUrl\":\"https:\/\/mrfonden.se\/wp-content\/uploads\/2022\/02\/foto-bianca-bauer2-scaled.jpg\",\"datePublished\":\"2022-02-23T08:43:43+00:00\",\"breadcrumb\":{\"@id\":\"https:\/\/mrfonden.se\/vart-arbete\/overgangsrattvisa\/colombia\/obstruccion-y-robo-de-material-con-el-testimonio-de-cabecilla-del-clan-del-golfo\/#breadcrumb\"},\"inLanguage\":\"en-US\",\"potentialAction\":[{\"@type\":\"ReadAction\",\"target\":[\"https:\/\/mrfonden.se\/vart-arbete\/overgangsrattvisa\/colombia\/obstruccion-y-robo-de-material-con-el-testimonio-de-cabecilla-del-clan-del-golfo\/\"]}]},{\"@type\":\"ImageObject\",\"inLanguage\":\"en-US\",\"@id\":\"https:\/\/mrfonden.se\/vart-arbete\/overgangsrattvisa\/colombia\/obstruccion-y-robo-de-material-con-el-testimonio-de-cabecilla-del-clan-del-golfo\/#primaryimage\",\"url\":\"https:\/\/mrfonden.se\/wp-content\/uploads\/2022\/02\/foto-bianca-bauer2-scaled.jpg\",\"contentUrl\":\"https:\/\/mrfonden.se\/wp-content\/uploads\/2022\/02\/foto-bianca-bauer2-scaled.jpg\",\"width\":2560,\"height\":1707},{\"@type\":\"BreadcrumbList\",\"@id\":\"https:\/\/mrfonden.se\/vart-arbete\/overgangsrattvisa\/colombia\/obstruccion-y-robo-de-material-con-el-testimonio-de-cabecilla-del-clan-del-golfo\/#breadcrumb\",\"itemListElement\":[{\"@type\":\"ListItem\",\"position\":1,\"name\":\"Hem\",\"item\":\"https:\/\/mrfonden.se\/\"},{\"@type\":\"ListItem\",\"position\":2,\"name\":\"V\u00e5rt arbete\",\"item\":\"https:\/\/mrfonden.se\/vart-arbete\/\"},{\"@type\":\"ListItem\",\"position\":3,\"name\":\"\u00d6verg\u00e5ngsr\u00e4ttvisa\",\"item\":\"https:\/\/mrfonden.se\/vart-arbete\/overgangsrattvisa\/\"},{\"@type\":\"ListItem\",\"position\":4,\"name\":\"Colombia\",\"item\":\"https:\/\/mrfonden.se\/vart-arbete\/overgangsrattvisa\/colombia\/\"},{\"@type\":\"ListItem\",\"position\":5,\"name\":\"Obstrucci\u00f3n y robo de material con el testimonio de cabecilla del &#8216;Clan del Golfo&#8217;\"}]},{\"@type\":\"WebSite\",\"@id\":\"https:\/\/mrfonden.se\/#website\",\"url\":\"https:\/\/mrfonden.se\/\",\"name\":\"Fonden f\u00f6r m\u00e4nskliga r\u00e4ttigheter (MR-Fonden)\",\"description\":\"\",\"potentialAction\":[{\"@type\":\"SearchAction\",\"target\":{\"@type\":\"EntryPoint\",\"urlTemplate\":\"https:\/\/mrfonden.se\/?s={search_term_string}\"},\"query-input\":{\"@type\":\"PropertyValueSpecification\",\"valueRequired\":true,\"valueName\":\"search_term_string\"}}],\"inLanguage\":\"en-US\"}]}<\/script>","yoast_head_json":{"title":"Obstrucci\u00f3n y robo de material con el testimonio de cabecilla del 'Clan del Golfo' - Fonden f\u00f6r m\u00e4nskliga r\u00e4ttigheter (MR-Fonden)","robots":{"index":"index","follow":"follow","max-snippet":"max-snippet:-1","max-image-preview":"max-image-preview:large","max-video-preview":"max-video-preview:-1"},"canonical":"https:\/\/mrfonden.se\/en\/vart-arbete\/overgangsrattvisa\/colombia\/obstruccion-y-robo-de-material-con-el-testimonio-de-cabecilla-del-clan-del-golfo\/","og_locale":"en_US","og_type":"article","og_title":"Obstrucci\u00f3n y robo de material con el testimonio de cabecilla del 'Clan del Golfo' - Fonden f\u00f6r m\u00e4nskliga r\u00e4ttigheter (MR-Fonden)","og_description":"Desde la Fundaci\u00f3n Sueca para los Derechos Humanos manifestamos nuestra preocupaci\u00f3n en torno a los graves hechos denunciados &hellip;","og_url":"https:\/\/mrfonden.se\/en\/vart-arbete\/overgangsrattvisa\/colombia\/obstruccion-y-robo-de-material-con-el-testimonio-de-cabecilla-del-clan-del-golfo\/","og_site_name":"Fonden f\u00f6r m\u00e4nskliga r\u00e4ttigheter (MR-Fonden)","og_image":[{"width":2560,"height":1707,"url":"https:\/\/mrfonden.se\/wp-content\/uploads\/2022\/02\/foto-bianca-bauer2-scaled.jpg","type":"image\/jpeg"}],"twitter_card":"summary_large_image","twitter_misc":{"Est. reading time":"3 minutes"},"schema":{"@context":"https:\/\/schema.org","@graph":[{"@type":"WebPage","@id":"https:\/\/mrfonden.se\/vart-arbete\/overgangsrattvisa\/colombia\/obstruccion-y-robo-de-material-con-el-testimonio-de-cabecilla-del-clan-del-golfo\/","url":"https:\/\/mrfonden.se\/vart-arbete\/overgangsrattvisa\/colombia\/obstruccion-y-robo-de-material-con-el-testimonio-de-cabecilla-del-clan-del-golfo\/","name":"Obstrucci\u00f3n y robo de material con el testimonio de cabecilla del 'Clan del Golfo' - Fonden f\u00f6r m\u00e4nskliga r\u00e4ttigheter (MR-Fonden)","isPartOf":{"@id":"https:\/\/mrfonden.se\/#website"},"primaryImageOfPage":{"@id":"https:\/\/mrfonden.se\/vart-arbete\/overgangsrattvisa\/colombia\/obstruccion-y-robo-de-material-con-el-testimonio-de-cabecilla-del-clan-del-golfo\/#primaryimage"},"image":{"@id":"https:\/\/mrfonden.se\/vart-arbete\/overgangsrattvisa\/colombia\/obstruccion-y-robo-de-material-con-el-testimonio-de-cabecilla-del-clan-del-golfo\/#primaryimage"},"thumbnailUrl":"https:\/\/mrfonden.se\/wp-content\/uploads\/2022\/02\/foto-bianca-bauer2-scaled.jpg","datePublished":"2022-02-23T08:43:43+00:00","breadcrumb":{"@id":"https:\/\/mrfonden.se\/vart-arbete\/overgangsrattvisa\/colombia\/obstruccion-y-robo-de-material-con-el-testimonio-de-cabecilla-del-clan-del-golfo\/#breadcrumb"},"inLanguage":"en-US","potentialAction":[{"@type":"ReadAction","target":["https:\/\/mrfonden.se\/vart-arbete\/overgangsrattvisa\/colombia\/obstruccion-y-robo-de-material-con-el-testimonio-de-cabecilla-del-clan-del-golfo\/"]}]},{"@type":"ImageObject","inLanguage":"en-US","@id":"https:\/\/mrfonden.se\/vart-arbete\/overgangsrattvisa\/colombia\/obstruccion-y-robo-de-material-con-el-testimonio-de-cabecilla-del-clan-del-golfo\/#primaryimage","url":"https:\/\/mrfonden.se\/wp-content\/uploads\/2022\/02\/foto-bianca-bauer2-scaled.jpg","contentUrl":"https:\/\/mrfonden.se\/wp-content\/uploads\/2022\/02\/foto-bianca-bauer2-scaled.jpg","width":2560,"height":1707},{"@type":"BreadcrumbList","@id":"https:\/\/mrfonden.se\/vart-arbete\/overgangsrattvisa\/colombia\/obstruccion-y-robo-de-material-con-el-testimonio-de-cabecilla-del-clan-del-golfo\/#breadcrumb","itemListElement":[{"@type":"ListItem","position":1,"name":"Hem","item":"https:\/\/mrfonden.se\/"},{"@type":"ListItem","position":2,"name":"V\u00e5rt arbete","item":"https:\/\/mrfonden.se\/vart-arbete\/"},{"@type":"ListItem","position":3,"name":"\u00d6verg\u00e5ngsr\u00e4ttvisa","item":"https:\/\/mrfonden.se\/vart-arbete\/overgangsrattvisa\/"},{"@type":"ListItem","position":4,"name":"Colombia","item":"https:\/\/mrfonden.se\/vart-arbete\/overgangsrattvisa\/colombia\/"},{"@type":"ListItem","position":5,"name":"Obstrucci\u00f3n y robo de material con el testimonio de cabecilla del &#8216;Clan del Golfo&#8217;"}]},{"@type":"WebSite","@id":"https:\/\/mrfonden.se\/#website","url":"https:\/\/mrfonden.se\/","name":"Fonden f\u00f6r m\u00e4nskliga r\u00e4ttigheter (MR-Fonden)","description":"","potentialAction":[{"@type":"SearchAction","target":{"@type":"EntryPoint","urlTemplate":"https:\/\/mrfonden.se\/?s={search_term_string}"},"query-input":{"@type":"PropertyValueSpecification","valueRequired":true,"valueName":"search_term_string"}}],"inLanguage":"en-US"}]}},"_links":{"self":[{"href":"https:\/\/mrfonden.se\/en\/wp-json\/wp\/v2\/pages\/1304","targetHints":{"allow":["GET"]}}],"collection":[{"href":"https:\/\/mrfonden.se\/en\/wp-json\/wp\/v2\/pages"}],"about":[{"href":"https:\/\/mrfonden.se\/en\/wp-json\/wp\/v2\/types\/page"}],"author":[{"embeddable":true,"href":"https:\/\/mrfonden.se\/en\/wp-json\/wp\/v2\/users\/2"}],"replies":[{"embeddable":true,"href":"https:\/\/mrfonden.se\/en\/wp-json\/wp\/v2\/comments?post=1304"}],"version-history":[{"count":1,"href":"https:\/\/mrfonden.se\/en\/wp-json\/wp\/v2\/pages\/1304\/revisions"}],"predecessor-version":[{"id":1307,"href":"https:\/\/mrfonden.se\/en\/wp-json\/wp\/v2\/pages\/1304\/revisions\/1307"}],"up":[{"embeddable":true,"href":"https:\/\/mrfonden.se\/en\/wp-json\/wp\/v2\/pages\/403"}],"wp:featuredmedia":[{"embeddable":true,"href":"https:\/\/mrfonden.se\/en\/wp-json\/wp\/v2\/media\/1302"}],"wp:attachment":[{"href":"https:\/\/mrfonden.se\/en\/wp-json\/wp\/v2\/media?parent=1304"}],"curies":[{"name":"wp","href":"https:\/\/api.w.org\/{rel}","templated":true}]}}