{"id":1277,"date":"2022-02-11T08:48:04","date_gmt":"2022-02-11T07:48:04","guid":{"rendered":"https:\/\/mrfonden.se\/?page_id=1277"},"modified":"2022-02-11T08:51:42","modified_gmt":"2022-02-11T07:51:42","slug":"los-avances-de-la-comision-de-la-verdad-en-2021","status":"publish","type":"page","link":"https:\/\/mrfonden.se\/en\/vart-arbete\/overgangsrattvisa\/colombia\/los-avances-de-la-comision-de-la-verdad-en-2021\/","title":{"rendered":"Los avances de la Comisi\u00f3n de la Verdad en 2021"},"content":{"rendered":"<p>Desde el inicio de su mandato en noviembre de 2018, la <strong>Comisi\u00f3n de la Verdad<\/strong> (CEV) ha trabajado en torno al complimiento de sus objetivos de <strong><a href=\"https:\/\/comisiondelaverdad.co\/la-comision\/mandato-y-funciones\">esclarecimiento, reconocimiento, convivencia y no repetici\u00f3n<\/a><\/strong>, siendo una de sus prioridades posibilitar la participaci\u00f3n de las v\u00edctimas en el exterior y visibilizar <a href=\"https:\/\/especiales.comisiondelaverdad.co\/verdad-sin-fronteras\/\">a la &#8220;Colombia fuera de Colombia&#8221;<\/a>, el exilio. La Comisi\u00f3n ha adelantado esfuerzos para el cumplimiento de este objetivo a trav\u00e9s de Nodos \u2013redes colaborativas- en diferentes pa\u00edses de Europa y Am\u00e9rica, contribuyendo a la documentaci\u00f3n y esclarecimiento de las violaciones a los derechos humanos y al derecho internacional humanitario (DIH), u otras situaciones que generaron desplazamiento forzado al exterior y los impactos y afrontamientos del exilio.<\/p>\n<ul>\n<li><a href=\"https:\/\/comisiondelaverdad.co\/actualidad\/noticias\/reescribiendo-el-exilio\">Reviva los mejores momentos del lanzamiento del documental &#8220;Reescribiendo el Exilio&#8221;.<\/a><\/li>\n<\/ul>\n<div class=\"embed-responsive embed-responsive-16by9\"><div class=\"iframe-container\"><iframe loading=\"lazy\" class=\"embed-responsive-item\"  title=\"Reescribiendo el exilio\" width=\"660\" height=\"371\" src=\"https:\/\/www.youtube.com\/embed\/K66ffA1g_ZE?feature=oembed&#038;rel=0&#038;controls=1&#038;showinfo=0&#038;modestbranding=1&#038;\" frameborder=\"0\" allow=\"accelerometer; autoplay; clipboard-write; encrypted-media; gyroscope; picture-in-picture; web-share\" referrerpolicy=\"strict-origin-when-cross-origin\" allowfullscreen><\/iframe><\/div><\/div>\n<p>La Fundaci\u00f3n Sueca para los Derechos Humanos inicia el cuarto a\u00f1o de colaboraci\u00f3n y apoyo a la Comisi\u00f3n de la Verdad de Colombia. Parte central de este trabajo ha sido el acompa\u00f1amiento al ,\u00a0 y nuestro respaldo a actividades de difusi\u00f3n de informaci\u00f3n, toma de testimonios, entrega de informes y la realizaci\u00f3n de actos de escucha. Dentro de las colaboraciones desarrolladas el a\u00f1o anterior se destacan el evento <a href=\"https:\/\/comisiondelaverdad.co\/actualidad\/noticias\/mujeres-colombianas-por-una-verdad-completa-exilio\">&#8220;Mujeres colombianas por una verdad completa&#8221;<\/a>\u00a0convocado por el Grupo Internodal de G\u00e9nero<a href=\"#_ftn2\" name=\"_ftnref2\">[2]<\/a>, y el &#8220;<a href=\"https:\/\/mrfonden.se\/en\/2021\/09\/07\/call-for-papers\/\">Primer Encuentro Internacional de Estudiantes Colombianas y Colombianos en Europa. La verdad: El valor de saber&#8221;<\/a>\u00a0convocado por el Circulo de la Palabra de Barcelona.<\/p>\n<p>Actualmente la Comisi\u00f3n se est\u00e1 preparando para su etapa final con la publicaci\u00f3n del Informe Final y las recomendaciones para superar los factores de persistencia de la Guerra en el pa\u00eds en junio de 2022, tras la decisi\u00f3n de la Corte Constitucional de extender su mandato por nueve meses, debido a las limitaciones que se han presentado a su trabajo por la emergencia sanitaria y social por la pandemia de Covid-19.<\/p>\n<p>Los frutos del legado de la Comisi\u00f3n recogen las labores adelantadas con el apoyo \u2013directo e indirecto- de m\u00e1s de 2.500 organizaciones de la sociedad civil, entidades del Estado e y agencias de cooperaci\u00f3n internacional. A pesar de los retos asociados a la pandemia por Covid-19 en 2021, la CEV adelant\u00f3 diversos esfuerzos para comprender el pasado del conflicto armado colombiano y evitar su repetici\u00f3n, promoviendo el reconocimiento de responsabilidades por m\u00faltiples actores. Para ello se ha practicado un ejercicio de <strong>escucha plural<\/strong> que permita la recolecci\u00f3n, contraste y an\u00e1lisis de informaci\u00f3n para saber qu\u00e9 ocurri\u00f3, por qu\u00e9, a qui\u00e9n y de qui\u00e9n es la responsabilidad.<\/p>\n<p>En 2021, la <span style=\"font-weight: normal !msorm; font-style: normal !msorm;\"><strong>escucha plural <\/strong><\/span>se tradujo en 1.749 entrevistas individuales y colectivas, a miembros de comunidades ind\u00edgenas, comunidades afro (afrocolombianos, negros, raizales y palenqueros), y organizaciones de v\u00edctimas, mujeres, miembros de Fuerza P\u00fablica, excombatientes y campesinos; sumando un total de 27.268 testimonios recogidos. Cabe destacar que de este universo, 1.200 testimonios han sido tomados en el exterior.\u00a0Tambi\u00e9n se recibieron 485 informes y 358 casos por parte de organizaciones de la sociedad civil, los cuales se suman al total de 962 informes y 635 casos que ha recibido la CEV desde el inicio de su mandato.<\/p>\n<p>La Comisi\u00f3n tambi\u00e9n continu\u00f3 con su trabajo por las regiones de Colombia para escuchar a quienes han sido m\u00e1s afectados por el conflicto. Entre sus viajes se realizaron visitas a Cali, una de las ciudades m\u00e1s polarizadas por el Paro Nacional y las movilizaciones ciudadanas; el municipio de Caucasia en el Bajo Cauca antioque\u00f1o; y recorridos por el r\u00edo Arauca y el Canal del Dique, cuyas aguas han sido degradadas a cementerio de m\u00e1s de 2.000 personas asesinadas en el marco del conflicto armado.<\/p>\n<p>Entre los los hitos m\u00e1s importantes de 2021 se encuentra el <strong><a href=\"https:\/\/comisiondelaverdad.co\/en\/actualidad\/noticias\/expresidentes-colombia-ante-comision-de-la-verdad\">di\u00e1logo de la Comisi\u00f3n de la Verdad con 5 expresidentes de Colombia<\/a><\/strong>, y los aportes brindados en materia del Plan Colombia, la ley de Seguridad Democr\u00e1tica y las ejecuciones extrajudiciales conocidas como \u201cfalsos positivos\u201d. De igual relevancia han sido las contribuciones a la verdad Salvatore Mancuso, exl\u00edder de las Autodefensas Unidas de Colombia (AUC) y Rodrigo Londo\u00f1o, excomandante de las FARC-EP. La Comisi\u00f3n tambi\u00e9n realiz\u00f3 <strong>encuentros de reconocimiento de responsabilidad<\/strong>, en los que \u00a0los responsables tambi\u00e9n pidieron perd\u00f3n y reafirmaron su compromiso con el esclarecimiento de la verdad. Otro avance clave del trabajo de la Comisi\u00f3n son <strong>los di\u00e1logos para la no continuidad y los espacios de escucha<\/strong>, en los que se han abordado asuntos espec\u00edficos del conflicto armado relacionados con el reclutamiento infantil, las afectaciones diferenciadas sobre territorios \u00e9tnicos, mujeres, miembros de la comunidad LGBTI y la persistencia del conflicto en diferentes regiones del pa\u00eds.<\/p>\n<p>Frente a la publicaci\u00f3n del informe final se preparan actividades que permitan promover el di\u00e1logo social al interior y fuera del pa\u00eds. Siendo las organizaciones de v\u00edctimas, de la sociedad civil colombiana, la academia, los Nodos y las organizaciones internacionales de apoyo a la Comisi\u00f3n, centrales para visibilizar y dar seguimiento a el informe y sus recomendaciones.<\/p>\n<p><strong><em>Fuente:<\/em><\/strong> \u201cAs\u00ed fue el camino de la Comisi\u00f3n para esclarecer la verdad en el 2021\u201d. Disponible <a href=\"https:\/\/comisiondelaverdad.co\/actualidad\/noticias\/comision-de-la-verdad-colombia-balance-2021\">aqu\u00ed<\/a>.<\/p>\n<ul>\n<li><a href=\"https:\/\/www.facebook.com\/CEVColombiaNodoSuecia\">M\u00e1s informaci\u00f3n sobre el trabajo del Nodo de Suecia.<\/a><\/li>\n<li><a href=\"https:\/\/mrfonden.se\/en\/2022\/02\/11\/the-breakthroughs-of-the-truth-commission-in-colombia-in-2021\/\">Lea art\u00edculo completo en ingl\u00e9s.<\/a><\/li>\n<\/ul>\n<p><strong>Notas:<\/strong><\/p>\n<p><a href=\"#_ftnref1\" name=\"_ftn1\">[1]<\/a> Los nodos, o redes colaborativas, son espacios diversos, incluyentes y participativos, que facilitan el di\u00e1logo entre diferentes actores en el exterior y permiten la confluencia de experiencias de memoria y verdad previas a la Comisi\u00f3n. Apoyan directamente el trabajo de la regional Internacional de la CEV.<\/p>\n<p><a href=\"#_ftnref2\" name=\"_ftn2\">[2]<\/a> Los grupos internodales son espacios de articulaci\u00f3n tem\u00e1ticos en Europa, en torno a g\u00e9nero, acompa\u00f1amiento psicosocial, reconocimiento a las v\u00edctimas, familiares de v\u00edctimas de desaparici\u00f3n forzada, y segundas y terceras generaciones en el exilio.<\/p>\n<p>&nbsp;<\/p>","protected":false},"excerpt":{"rendered":"<p>Desde el inicio de su mandato en noviembre de 2018, la Comisi\u00f3n de la Verdad (CEV) ha trabajado &hellip;<\/p>","protected":false},"author":2,"featured_media":1271,"parent":403,"menu_order":0,"comment_status":"closed","ping_status":"closed","template":"","meta":{"_acf_changed":false,"footnotes":""},"class_list":["post-1277","page","type-page","status-publish","has-post-thumbnail","hentry"],"acf":[],"yoast_head":"<title>Los avances de la Comisi\u00f3n de la Verdad en 2021 - Fonden f\u00f6r m\u00e4nskliga r\u00e4ttigheter (MR-Fonden)<\/title>\n<meta name=\"robots\" content=\"index, follow, max-snippet:-1, max-image-preview:large, max-video-preview:-1\" \/>\n<link rel=\"canonical\" href=\"https:\/\/mrfonden.se\/en\/vart-arbete\/overgangsrattvisa\/colombia\/los-avances-de-la-comision-de-la-verdad-en-2021\/\" \/>\n<meta property=\"og:locale\" content=\"en_US\" \/>\n<meta property=\"og:type\" content=\"article\" \/>\n<meta property=\"og:title\" content=\"Los avances de la Comisi\u00f3n de la Verdad en 2021 - Fonden f\u00f6r m\u00e4nskliga r\u00e4ttigheter (MR-Fonden)\" \/>\n<meta property=\"og:description\" content=\"Desde el inicio de su mandato en noviembre de 2018, la Comisi\u00f3n de la Verdad (CEV) ha trabajado &hellip;\" \/>\n<meta property=\"og:url\" content=\"https:\/\/mrfonden.se\/en\/vart-arbete\/overgangsrattvisa\/colombia\/los-avances-de-la-comision-de-la-verdad-en-2021\/\" \/>\n<meta property=\"og:site_name\" content=\"Fonden f\u00f6r m\u00e4nskliga r\u00e4ttigheter (MR-Fonden)\" \/>\n<meta property=\"article:modified_time\" content=\"2022-02-11T07:51:42+00:00\" \/>\n<meta property=\"og:image\" content=\"https:\/\/mrfonden.se\/wp-content\/uploads\/2022\/02\/foto-bianca-bauer5-scaled.jpg\" \/>\n\t<meta property=\"og:image:width\" content=\"2560\" \/>\n\t<meta property=\"og:image:height\" content=\"1707\" \/>\n\t<meta property=\"og:image:type\" content=\"image\/jpeg\" \/>\n<meta name=\"twitter:card\" content=\"summary_large_image\" \/>\n<meta name=\"twitter:label1\" content=\"Est. reading time\" \/>\n\t<meta name=\"twitter:data1\" content=\"5 minutes\" \/>\n<script type=\"application\/ld+json\" class=\"yoast-schema-graph\">{\"@context\":\"https:\/\/schema.org\",\"@graph\":[{\"@type\":\"WebPage\",\"@id\":\"https:\/\/mrfonden.se\/vart-arbete\/overgangsrattvisa\/colombia\/los-avances-de-la-comision-de-la-verdad-en-2021\/\",\"url\":\"https:\/\/mrfonden.se\/vart-arbete\/overgangsrattvisa\/colombia\/los-avances-de-la-comision-de-la-verdad-en-2021\/\",\"name\":\"Los avances de la Comisi\u00f3n de la Verdad en 2021 - Fonden f\u00f6r m\u00e4nskliga r\u00e4ttigheter (MR-Fonden)\",\"isPartOf\":{\"@id\":\"https:\/\/mrfonden.se\/#website\"},\"primaryImageOfPage\":{\"@id\":\"https:\/\/mrfonden.se\/vart-arbete\/overgangsrattvisa\/colombia\/los-avances-de-la-comision-de-la-verdad-en-2021\/#primaryimage\"},\"image\":{\"@id\":\"https:\/\/mrfonden.se\/vart-arbete\/overgangsrattvisa\/colombia\/los-avances-de-la-comision-de-la-verdad-en-2021\/#primaryimage\"},\"thumbnailUrl\":\"https:\/\/mrfonden.se\/wp-content\/uploads\/2022\/02\/foto-bianca-bauer5-scaled.jpg\",\"datePublished\":\"2022-02-11T07:48:04+00:00\",\"dateModified\":\"2022-02-11T07:51:42+00:00\",\"breadcrumb\":{\"@id\":\"https:\/\/mrfonden.se\/vart-arbete\/overgangsrattvisa\/colombia\/los-avances-de-la-comision-de-la-verdad-en-2021\/#breadcrumb\"},\"inLanguage\":\"en-US\",\"potentialAction\":[{\"@type\":\"ReadAction\",\"target\":[\"https:\/\/mrfonden.se\/vart-arbete\/overgangsrattvisa\/colombia\/los-avances-de-la-comision-de-la-verdad-en-2021\/\"]}]},{\"@type\":\"ImageObject\",\"inLanguage\":\"en-US\",\"@id\":\"https:\/\/mrfonden.se\/vart-arbete\/overgangsrattvisa\/colombia\/los-avances-de-la-comision-de-la-verdad-en-2021\/#primaryimage\",\"url\":\"https:\/\/mrfonden.se\/wp-content\/uploads\/2022\/02\/foto-bianca-bauer5-scaled.jpg\",\"contentUrl\":\"https:\/\/mrfonden.se\/wp-content\/uploads\/2022\/02\/foto-bianca-bauer5-scaled.jpg\",\"width\":2560,\"height\":1707,\"caption\":\"Tumaco, Semana por la Paz, 2014\"},{\"@type\":\"BreadcrumbList\",\"@id\":\"https:\/\/mrfonden.se\/vart-arbete\/overgangsrattvisa\/colombia\/los-avances-de-la-comision-de-la-verdad-en-2021\/#breadcrumb\",\"itemListElement\":[{\"@type\":\"ListItem\",\"position\":1,\"name\":\"Hem\",\"item\":\"https:\/\/mrfonden.se\/\"},{\"@type\":\"ListItem\",\"position\":2,\"name\":\"V\u00e5rt arbete\",\"item\":\"https:\/\/mrfonden.se\/vart-arbete\/\"},{\"@type\":\"ListItem\",\"position\":3,\"name\":\"\u00d6verg\u00e5ngsr\u00e4ttvisa\",\"item\":\"https:\/\/mrfonden.se\/vart-arbete\/overgangsrattvisa\/\"},{\"@type\":\"ListItem\",\"position\":4,\"name\":\"Colombia\",\"item\":\"https:\/\/mrfonden.se\/vart-arbete\/overgangsrattvisa\/colombia\/\"},{\"@type\":\"ListItem\",\"position\":5,\"name\":\"Los avances de la Comisi\u00f3n de la Verdad en 2021\"}]},{\"@type\":\"WebSite\",\"@id\":\"https:\/\/mrfonden.se\/#website\",\"url\":\"https:\/\/mrfonden.se\/\",\"name\":\"Fonden f\u00f6r m\u00e4nskliga r\u00e4ttigheter (MR-Fonden)\",\"description\":\"\",\"potentialAction\":[{\"@type\":\"SearchAction\",\"target\":{\"@type\":\"EntryPoint\",\"urlTemplate\":\"https:\/\/mrfonden.se\/?s={search_term_string}\"},\"query-input\":{\"@type\":\"PropertyValueSpecification\",\"valueRequired\":true,\"valueName\":\"search_term_string\"}}],\"inLanguage\":\"en-US\"}]}<\/script>","yoast_head_json":{"title":"Los avances de la Comisi\u00f3n de la Verdad en 2021 - Fonden f\u00f6r m\u00e4nskliga r\u00e4ttigheter (MR-Fonden)","robots":{"index":"index","follow":"follow","max-snippet":"max-snippet:-1","max-image-preview":"max-image-preview:large","max-video-preview":"max-video-preview:-1"},"canonical":"https:\/\/mrfonden.se\/en\/vart-arbete\/overgangsrattvisa\/colombia\/los-avances-de-la-comision-de-la-verdad-en-2021\/","og_locale":"en_US","og_type":"article","og_title":"Los avances de la Comisi\u00f3n de la Verdad en 2021 - Fonden f\u00f6r m\u00e4nskliga r\u00e4ttigheter (MR-Fonden)","og_description":"Desde el inicio de su mandato en noviembre de 2018, la Comisi\u00f3n de la Verdad (CEV) ha trabajado &hellip;","og_url":"https:\/\/mrfonden.se\/en\/vart-arbete\/overgangsrattvisa\/colombia\/los-avances-de-la-comision-de-la-verdad-en-2021\/","og_site_name":"Fonden f\u00f6r m\u00e4nskliga r\u00e4ttigheter (MR-Fonden)","article_modified_time":"2022-02-11T07:51:42+00:00","og_image":[{"width":2560,"height":1707,"url":"https:\/\/mrfonden.se\/wp-content\/uploads\/2022\/02\/foto-bianca-bauer5-scaled.jpg","type":"image\/jpeg"}],"twitter_card":"summary_large_image","twitter_misc":{"Est. reading time":"5 minutes"},"schema":{"@context":"https:\/\/schema.org","@graph":[{"@type":"WebPage","@id":"https:\/\/mrfonden.se\/vart-arbete\/overgangsrattvisa\/colombia\/los-avances-de-la-comision-de-la-verdad-en-2021\/","url":"https:\/\/mrfonden.se\/vart-arbete\/overgangsrattvisa\/colombia\/los-avances-de-la-comision-de-la-verdad-en-2021\/","name":"Los avances de la Comisi\u00f3n de la Verdad en 2021 - Fonden f\u00f6r m\u00e4nskliga r\u00e4ttigheter (MR-Fonden)","isPartOf":{"@id":"https:\/\/mrfonden.se\/#website"},"primaryImageOfPage":{"@id":"https:\/\/mrfonden.se\/vart-arbete\/overgangsrattvisa\/colombia\/los-avances-de-la-comision-de-la-verdad-en-2021\/#primaryimage"},"image":{"@id":"https:\/\/mrfonden.se\/vart-arbete\/overgangsrattvisa\/colombia\/los-avances-de-la-comision-de-la-verdad-en-2021\/#primaryimage"},"thumbnailUrl":"https:\/\/mrfonden.se\/wp-content\/uploads\/2022\/02\/foto-bianca-bauer5-scaled.jpg","datePublished":"2022-02-11T07:48:04+00:00","dateModified":"2022-02-11T07:51:42+00:00","breadcrumb":{"@id":"https:\/\/mrfonden.se\/vart-arbete\/overgangsrattvisa\/colombia\/los-avances-de-la-comision-de-la-verdad-en-2021\/#breadcrumb"},"inLanguage":"en-US","potentialAction":[{"@type":"ReadAction","target":["https:\/\/mrfonden.se\/vart-arbete\/overgangsrattvisa\/colombia\/los-avances-de-la-comision-de-la-verdad-en-2021\/"]}]},{"@type":"ImageObject","inLanguage":"en-US","@id":"https:\/\/mrfonden.se\/vart-arbete\/overgangsrattvisa\/colombia\/los-avances-de-la-comision-de-la-verdad-en-2021\/#primaryimage","url":"https:\/\/mrfonden.se\/wp-content\/uploads\/2022\/02\/foto-bianca-bauer5-scaled.jpg","contentUrl":"https:\/\/mrfonden.se\/wp-content\/uploads\/2022\/02\/foto-bianca-bauer5-scaled.jpg","width":2560,"height":1707,"caption":"Tumaco, Semana por la Paz, 2014"},{"@type":"BreadcrumbList","@id":"https:\/\/mrfonden.se\/vart-arbete\/overgangsrattvisa\/colombia\/los-avances-de-la-comision-de-la-verdad-en-2021\/#breadcrumb","itemListElement":[{"@type":"ListItem","position":1,"name":"Hem","item":"https:\/\/mrfonden.se\/"},{"@type":"ListItem","position":2,"name":"V\u00e5rt arbete","item":"https:\/\/mrfonden.se\/vart-arbete\/"},{"@type":"ListItem","position":3,"name":"\u00d6verg\u00e5ngsr\u00e4ttvisa","item":"https:\/\/mrfonden.se\/vart-arbete\/overgangsrattvisa\/"},{"@type":"ListItem","position":4,"name":"Colombia","item":"https:\/\/mrfonden.se\/vart-arbete\/overgangsrattvisa\/colombia\/"},{"@type":"ListItem","position":5,"name":"Los avances de la Comisi\u00f3n de la Verdad en 2021"}]},{"@type":"WebSite","@id":"https:\/\/mrfonden.se\/#website","url":"https:\/\/mrfonden.se\/","name":"Fonden f\u00f6r m\u00e4nskliga r\u00e4ttigheter (MR-Fonden)","description":"","potentialAction":[{"@type":"SearchAction","target":{"@type":"EntryPoint","urlTemplate":"https:\/\/mrfonden.se\/?s={search_term_string}"},"query-input":{"@type":"PropertyValueSpecification","valueRequired":true,"valueName":"search_term_string"}}],"inLanguage":"en-US"}]}},"_links":{"self":[{"href":"https:\/\/mrfonden.se\/en\/wp-json\/wp\/v2\/pages\/1277","targetHints":{"allow":["GET"]}}],"collection":[{"href":"https:\/\/mrfonden.se\/en\/wp-json\/wp\/v2\/pages"}],"about":[{"href":"https:\/\/mrfonden.se\/en\/wp-json\/wp\/v2\/types\/page"}],"author":[{"embeddable":true,"href":"https:\/\/mrfonden.se\/en\/wp-json\/wp\/v2\/users\/2"}],"replies":[{"embeddable":true,"href":"https:\/\/mrfonden.se\/en\/wp-json\/wp\/v2\/comments?post=1277"}],"version-history":[{"count":2,"href":"https:\/\/mrfonden.se\/en\/wp-json\/wp\/v2\/pages\/1277\/revisions"}],"predecessor-version":[{"id":1283,"href":"https:\/\/mrfonden.se\/en\/wp-json\/wp\/v2\/pages\/1277\/revisions\/1283"}],"up":[{"embeddable":true,"href":"https:\/\/mrfonden.se\/en\/wp-json\/wp\/v2\/pages\/403"}],"wp:featuredmedia":[{"embeddable":true,"href":"https:\/\/mrfonden.se\/en\/wp-json\/wp\/v2\/media\/1271"}],"wp:attachment":[{"href":"https:\/\/mrfonden.se\/en\/wp-json\/wp\/v2\/media?parent=1277"}],"curies":[{"name":"wp","href":"https:\/\/api.w.org\/{rel}","templated":true}]}}