{"id":12,"date":"2019-11-20T17:23:17","date_gmt":"2019-11-20T16:23:17","guid":{"rendered":"http:\/\/mrfonden.se\/?page_id=12"},"modified":"2021-09-24T14:20:19","modified_gmt":"2021-09-24T12:20:19","slug":"om-mr-fonden","status":"publish","type":"page","link":"https:\/\/mrfonden.se\/en\/om-mr-fonden\/","title":{"rendered":"About"},"content":{"rendered":"<p class=\"p1\"><span class=\"s1\">The Swedish Foundation for Human Rights (SFHR) is a non-religious and non-political foundation established in 1991 by Amnesty International Sweden, Diakonia, Save the Children, the Swedish Red Cross and the Swedish Church. In 2008, Sensus Study Association became the principal for SFHR.<\/span><\/p>\n<p><img loading=\"lazy\" decoding=\"async\" class=\"alignnone wp-image-169 size-full\" src=\"http:\/\/mrfonden.se\/wp-content\/uploads\/2019\/11\/thumb-samisk2x.jpg\" alt=\"\" width=\"1120\" height=\"640\" srcset=\"https:\/\/mrfonden.se\/wp-content\/uploads\/2019\/11\/thumb-samisk2x.jpg 1120w, https:\/\/mrfonden.se\/wp-content\/uploads\/2019\/11\/thumb-samisk2x-760x434.jpg 760w, https:\/\/mrfonden.se\/wp-content\/uploads\/2019\/11\/thumb-samisk2x-768x439.jpg 768w\" sizes=\"auto, (max-width: 1120px) 100vw, 1120px\" \/><\/p>\n<h2>Vision<\/h2>\n<p class=\"p1\"><span class=\"s1\">The vision of SFHR is a world where human rights are respected, where different actors in society have a high level of knowledge of their responsibilities and where every person is aware of their rights and have the means to claim them.<\/span><\/p>\n<h2>Mission<\/h2>\n<p class=\"p1\"><span class=\"s1\">The mission of SFHR is to through education, international cooperation, advocacy and monitoring strenghten a rights-based perspective among governmental and non-governmental actors both in Sweden and internationally. Our aim is to encourage the respect for and enjoyment of human rights. We place particular significance on increasing the competence concerning human rights at state level, municipal level and among civil society, as well as  strengthening the rights of vulnerable groups.<\/span><\/p>\n<h2>Mandate<\/h2>\n<p>Our mandate is to promote human rights at both the international and national levels through the application of international law.<\/p>\n<h2>Target Group<\/h2>\n<p class=\"p1\"><span class=\"s1\">The primary target group in Sweden is comprised of decision-makers, governmental agencies, journalists and civil society organisations. In countries where SFHR has partnerships, the target group is both the human rights organisations which collaborate with the SFHR and the subsequent target groups of such partner organisations, which often consist of the local population and authorities. Another target group for the international activities is key persons within governmental authorities and the judiciary.<\/span><\/p>\n<h3>Funding<\/h3>\n<p class=\"p1\"><span class=\"s1\">The work of the SFHR is mainly financed through contributions from Swedish agencies, foundations and trusts, as well as through incomes from trainings and other missions carried out by SFHR.<\/span><\/p>\n<p>Unfortunately we are not in a position to support or give advice related to individual human rights needs, nor to unsolicited applications for funding.<\/p>","protected":false},"excerpt":{"rendered":"<p>Fonden f\u00f6r m\u00e4nskliga r\u00e4ttigheter (MR-Fonden) \u00e4r en religi\u00f6st och partipolitiskt obunden stiftelse som bildades 1991 av Amnesty Internationals &hellip;<\/p>","protected":false},"author":1,"featured_media":0,"parent":0,"menu_order":10,"comment_status":"closed","ping_status":"closed","template":"","meta":{"_acf_changed":false,"footnotes":""},"class_list":["post-12","page","type-page","status-publish","hentry"],"acf":[],"yoast_head":"<title>Om MR-Fonden - Fonden f\u00f6r m\u00e4nskliga r\u00e4ttigheter (MR-Fonden)<\/title>\n<meta name=\"robots\" content=\"index, follow, max-snippet:-1, max-image-preview:large, max-video-preview:-1\" \/>\n<link rel=\"canonical\" href=\"https:\/\/mrfonden.se\/en\/om-mr-fonden\/\" \/>\n<meta property=\"og:locale\" content=\"en_US\" \/>\n<meta property=\"og:type\" content=\"article\" \/>\n<meta property=\"og:title\" content=\"Om MR-Fonden - Fonden f\u00f6r m\u00e4nskliga r\u00e4ttigheter (MR-Fonden)\" \/>\n<meta property=\"og:description\" content=\"Fonden f\u00f6r m\u00e4nskliga r\u00e4ttigheter (MR-Fonden) \u00e4r en religi\u00f6st och partipolitiskt obunden stiftelse som bildades 1991 av Amnesty Internationals &hellip;\" \/>\n<meta property=\"og:url\" content=\"https:\/\/mrfonden.se\/en\/om-mr-fonden\/\" \/>\n<meta property=\"og:site_name\" content=\"Fonden f\u00f6r m\u00e4nskliga r\u00e4ttigheter (MR-Fonden)\" \/>\n<meta property=\"article:modified_time\" content=\"2021-09-24T12:20:19+00:00\" \/>\n<meta property=\"og:image\" content=\"http:\/\/mrfonden.se\/wp-content\/uploads\/2019\/11\/thumb-samisk2x.jpg\" \/>\n<meta name=\"twitter:card\" content=\"summary_large_image\" \/>\n<meta name=\"twitter:label1\" content=\"Est. reading time\" \/>\n\t<meta name=\"twitter:data1\" content=\"2 minutes\" \/>\n<script type=\"application\/ld+json\" class=\"yoast-schema-graph\">{\"@context\":\"https:\/\/schema.org\",\"@graph\":[{\"@type\":\"WebPage\",\"@id\":\"https:\/\/mrfonden.se\/om-mr-fonden\/\",\"url\":\"https:\/\/mrfonden.se\/om-mr-fonden\/\",\"name\":\"Om MR-Fonden - Fonden f\u00f6r m\u00e4nskliga r\u00e4ttigheter (MR-Fonden)\",\"isPartOf\":{\"@id\":\"https:\/\/mrfonden.se\/#website\"},\"primaryImageOfPage\":{\"@id\":\"https:\/\/mrfonden.se\/om-mr-fonden\/#primaryimage\"},\"image\":{\"@id\":\"https:\/\/mrfonden.se\/om-mr-fonden\/#primaryimage\"},\"thumbnailUrl\":\"http:\/\/mrfonden.se\/wp-content\/uploads\/2019\/11\/thumb-samisk2x.jpg\",\"datePublished\":\"2019-11-20T16:23:17+00:00\",\"dateModified\":\"2021-09-24T12:20:19+00:00\",\"breadcrumb\":{\"@id\":\"https:\/\/mrfonden.se\/om-mr-fonden\/#breadcrumb\"},\"inLanguage\":\"en-US\",\"potentialAction\":[{\"@type\":\"ReadAction\",\"target\":[\"https:\/\/mrfonden.se\/om-mr-fonden\/\"]}]},{\"@type\":\"ImageObject\",\"inLanguage\":\"en-US\",\"@id\":\"https:\/\/mrfonden.se\/om-mr-fonden\/#primaryimage\",\"url\":\"http:\/\/mrfonden.se\/wp-content\/uploads\/2019\/11\/thumb-samisk2x.jpg\",\"contentUrl\":\"http:\/\/mrfonden.se\/wp-content\/uploads\/2019\/11\/thumb-samisk2x.jpg\"},{\"@type\":\"BreadcrumbList\",\"@id\":\"https:\/\/mrfonden.se\/om-mr-fonden\/#breadcrumb\",\"itemListElement\":[{\"@type\":\"ListItem\",\"position\":1,\"name\":\"Hem\",\"item\":\"https:\/\/mrfonden.se\/\"},{\"@type\":\"ListItem\",\"position\":2,\"name\":\"Om MR-Fonden\"}]},{\"@type\":\"WebSite\",\"@id\":\"https:\/\/mrfonden.se\/#website\",\"url\":\"https:\/\/mrfonden.se\/\",\"name\":\"Fonden f\u00f6r m\u00e4nskliga r\u00e4ttigheter (MR-Fonden)\",\"description\":\"\",\"potentialAction\":[{\"@type\":\"SearchAction\",\"target\":{\"@type\":\"EntryPoint\",\"urlTemplate\":\"https:\/\/mrfonden.se\/?s={search_term_string}\"},\"query-input\":{\"@type\":\"PropertyValueSpecification\",\"valueRequired\":true,\"valueName\":\"search_term_string\"}}],\"inLanguage\":\"en-US\"}]}<\/script>","yoast_head_json":{"title":"Om MR-Fonden - Fonden f\u00f6r m\u00e4nskliga r\u00e4ttigheter (MR-Fonden)","robots":{"index":"index","follow":"follow","max-snippet":"max-snippet:-1","max-image-preview":"max-image-preview:large","max-video-preview":"max-video-preview:-1"},"canonical":"https:\/\/mrfonden.se\/en\/om-mr-fonden\/","og_locale":"en_US","og_type":"article","og_title":"Om MR-Fonden - Fonden f\u00f6r m\u00e4nskliga r\u00e4ttigheter (MR-Fonden)","og_description":"Fonden f\u00f6r m\u00e4nskliga r\u00e4ttigheter (MR-Fonden) \u00e4r en religi\u00f6st och partipolitiskt obunden stiftelse som bildades 1991 av Amnesty Internationals &hellip;","og_url":"https:\/\/mrfonden.se\/en\/om-mr-fonden\/","og_site_name":"Fonden f\u00f6r m\u00e4nskliga r\u00e4ttigheter (MR-Fonden)","article_modified_time":"2021-09-24T12:20:19+00:00","og_image":[{"url":"http:\/\/mrfonden.se\/wp-content\/uploads\/2019\/11\/thumb-samisk2x.jpg","type":"","width":"","height":""}],"twitter_card":"summary_large_image","twitter_misc":{"Est. reading time":"2 minutes"},"schema":{"@context":"https:\/\/schema.org","@graph":[{"@type":"WebPage","@id":"https:\/\/mrfonden.se\/om-mr-fonden\/","url":"https:\/\/mrfonden.se\/om-mr-fonden\/","name":"Om MR-Fonden - Fonden f\u00f6r m\u00e4nskliga r\u00e4ttigheter (MR-Fonden)","isPartOf":{"@id":"https:\/\/mrfonden.se\/#website"},"primaryImageOfPage":{"@id":"https:\/\/mrfonden.se\/om-mr-fonden\/#primaryimage"},"image":{"@id":"https:\/\/mrfonden.se\/om-mr-fonden\/#primaryimage"},"thumbnailUrl":"http:\/\/mrfonden.se\/wp-content\/uploads\/2019\/11\/thumb-samisk2x.jpg","datePublished":"2019-11-20T16:23:17+00:00","dateModified":"2021-09-24T12:20:19+00:00","breadcrumb":{"@id":"https:\/\/mrfonden.se\/om-mr-fonden\/#breadcrumb"},"inLanguage":"en-US","potentialAction":[{"@type":"ReadAction","target":["https:\/\/mrfonden.se\/om-mr-fonden\/"]}]},{"@type":"ImageObject","inLanguage":"en-US","@id":"https:\/\/mrfonden.se\/om-mr-fonden\/#primaryimage","url":"http:\/\/mrfonden.se\/wp-content\/uploads\/2019\/11\/thumb-samisk2x.jpg","contentUrl":"http:\/\/mrfonden.se\/wp-content\/uploads\/2019\/11\/thumb-samisk2x.jpg"},{"@type":"BreadcrumbList","@id":"https:\/\/mrfonden.se\/om-mr-fonden\/#breadcrumb","itemListElement":[{"@type":"ListItem","position":1,"name":"Hem","item":"https:\/\/mrfonden.se\/"},{"@type":"ListItem","position":2,"name":"Om MR-Fonden"}]},{"@type":"WebSite","@id":"https:\/\/mrfonden.se\/#website","url":"https:\/\/mrfonden.se\/","name":"Fonden f\u00f6r m\u00e4nskliga r\u00e4ttigheter (MR-Fonden)","description":"","potentialAction":[{"@type":"SearchAction","target":{"@type":"EntryPoint","urlTemplate":"https:\/\/mrfonden.se\/?s={search_term_string}"},"query-input":{"@type":"PropertyValueSpecification","valueRequired":true,"valueName":"search_term_string"}}],"inLanguage":"en-US"}]}},"_links":{"self":[{"href":"https:\/\/mrfonden.se\/en\/wp-json\/wp\/v2\/pages\/12","targetHints":{"allow":["GET"]}}],"collection":[{"href":"https:\/\/mrfonden.se\/en\/wp-json\/wp\/v2\/pages"}],"about":[{"href":"https:\/\/mrfonden.se\/en\/wp-json\/wp\/v2\/types\/page"}],"author":[{"embeddable":true,"href":"https:\/\/mrfonden.se\/en\/wp-json\/wp\/v2\/users\/1"}],"replies":[{"embeddable":true,"href":"https:\/\/mrfonden.se\/en\/wp-json\/wp\/v2\/comments?post=12"}],"version-history":[{"count":15,"href":"https:\/\/mrfonden.se\/en\/wp-json\/wp\/v2\/pages\/12\/revisions"}],"predecessor-version":[{"id":1158,"href":"https:\/\/mrfonden.se\/en\/wp-json\/wp\/v2\/pages\/12\/revisions\/1158"}],"wp:attachment":[{"href":"https:\/\/mrfonden.se\/en\/wp-json\/wp\/v2\/media?parent=12"}],"curies":[{"name":"wp","href":"https:\/\/api.w.org\/{rel}","templated":true}]}}