{"id":1110,"date":"2021-09-07T17:34:00","date_gmt":"2021-09-07T15:34:00","guid":{"rendered":"http:\/\/mrfonden.se\/?page_id=1110"},"modified":"2021-09-07T17:36:24","modified_gmt":"2021-09-07T15:36:24","slug":"inscribe-tu-ponencia","status":"publish","type":"page","link":"https:\/\/mrfonden.se\/en\/inscribe-tu-ponencia\/","title":{"rendered":"\u00a1Inscribe tu ponencia!"},"content":{"rendered":"<p><strong><img loading=\"lazy\" decoding=\"async\" class=\"alignnone size-medium wp-image-1092\" src=\"http:\/\/mrfonden.se\/wp-content\/uploads\/2021\/06\/logo-encuentro-df-jpg-760x570.jpg\" alt=\"\" width=\"760\" height=\"570\" srcset=\"https:\/\/mrfonden.se\/wp-content\/uploads\/2021\/06\/logo-encuentro-df-jpg-760x570.jpg 760w, https:\/\/mrfonden.se\/wp-content\/uploads\/2021\/06\/logo-encuentro-df-jpg-1520x1140.jpg 1520w, https:\/\/mrfonden.se\/wp-content\/uploads\/2021\/06\/logo-encuentro-df-jpg-768x576.jpg 768w, https:\/\/mrfonden.se\/wp-content\/uploads\/2021\/06\/logo-encuentro-df-jpg-1536x1152.jpg 1536w, https:\/\/mrfonden.se\/wp-content\/uploads\/2021\/06\/logo-encuentro-df-jpg-77x58.jpg 77w, https:\/\/mrfonden.se\/wp-content\/uploads\/2021\/06\/logo-encuentro-df-jpg.jpg 2000w\" sizes=\"auto, (max-width: 760px) 100vw, 760px\" \/><\/strong><\/p>\n<p>El C\u00edrculo de la Palabra de Barcelona invita al <strong>1er Encuentro Internacional de Estudiantes Colombianas y Colombianos en Europa<\/strong>, el cual se llevar\u00e1 a cabo entre el 28 y el 30 de septiembre del 2021. El evento es coorganizado por el Instituto Catal\u00e1n Internacional para la Paz (ICIP) y la Fundaci\u00f3n Sueca para los Derechos Humanos.<\/p>\n<p>Este espacio acad\u00e9mico pretende ambientar la presentaci\u00f3n del informe final de la Comisi\u00f3n para el Esclarecimiento de la Verdad, la Convivencia y la No Repetici\u00f3n en el escenario acad\u00e9mico internacional, abriendo espacios de discusi\u00f3n y di\u00e1logo sobre la verdad y sus dimensiones, expresiones y contribuciones. Con ello, se espera respaldar la legitimidad moral y pol\u00edtica de la Comisi\u00f3n de la Verdad y su mandato.<\/p>\n<p>Esta convocatoria est\u00e1 dirigida a estudiantes de origen colombiano que se encuentren cursando programas de maestr\u00eda o doctorado en universidades europeas. Podr\u00e1n participar presentando una ponencia sobre alguna de las siguientes l\u00edneas tem\u00e1ticas: <em>(i) la verdad como bien p\u00fablico; (ii) fanatismos y di\u00e1logos entre improbables; (iii) polifon\u00edas de la verdad; (iv) el legado de la verdad para una sociedad en transici\u00f3n; y (v) artes, lenguajes y est\u00e9ticas de la verdad <\/em>(ver Anexo 2)<em>.<\/em> La ponencia debe responder a uno o varios de los interrogantes planteados para cada l\u00ednea tem\u00e1tica y cumplir con las indicaciones establecidas en torno al formato y componentes del texto (ver Anexo 1).<\/p>\n<p>Las ponencias deben enviarse al correo electr\u00f3nico elvalordesaber2021@gmail.com. <strong>La fecha l\u00edmite de recepci\u00f3n de textos es el 15 de agosto de 2021 a las 23:59 (CET).<\/strong> El Comit\u00e9 Organizador informar\u00e1 a los postulantes si su ponencia ha sido seleccionada para ser presentada en el Encuentro. La ponencia m\u00e1s destacada de cada una de las l\u00edneas tem\u00e1ticas del Encuentro, recibir\u00e1 un reconocimiento en una ceremonia virtual y har\u00e1n parte de una publicaci\u00f3n.<\/p>\n<p>Esperamos contar con la participaci\u00f3n de estudiantes de diversas disciplinas y trayectorias para enriquecer los debates y reflexiones desde la ciudadan\u00eda en torno a la verdad. Tambi\u00e9n les invitamos a sintonizar los conversatorios preparatorios al Encuentro, en los cuales se profundiza sobre cada una de las l\u00edneas tem\u00e1ticas de la mano de diversos\/as expertos\/as colombianos\/as.<\/p>\n<p><strong>Anexo 1.<\/strong><\/p>\n<p><strong>Requisitos para la presentaci\u00f3n de ponencias al 1er Encuentro Internacional de Estudiantes Colombianas y Colombianos en Europa<\/strong><\/p>\n<p><strong>Orientaciones generales para la presentaci\u00f3n de propuestas:<\/strong><\/p>\n<p>Se espera recibir trabajos que dialoguen con los objetivos de la Comisi\u00f3n de la Verdad y que contribuyan a la ambientaci\u00f3n del informe final de la comisi\u00f3n a trav\u00e9s de reflexiones te\u00f3ricas desde diferentes perspectivas (filos\u00f3fica, antropol\u00f3gica, pol\u00edtica, sociol\u00f3gica, psicol\u00f3gica, entre otras) en torno a la verdad hist\u00f3rica y a la construcci\u00f3n de ciudadan\u00eda.<\/p>\n<ul>\n<li><strong>Extensi\u00f3n: <\/strong>M\u00ednimo 4 p\u00e1ginas, m\u00e1ximo 6 p\u00e1ginas (sin bibliograf\u00eda)<\/li>\n<li><strong>Sistema de citaci\u00f3n: <\/strong>APA (2019)<\/li>\n<li><strong>Fuente: <\/strong>Times New Roman 12<\/li>\n<li><strong>Interlineado: <\/strong>1,5<\/li>\n<li><strong>Perfil participante: <\/strong>Breve rese\u00f1a sobre trayectoria acad\u00e9mica, laboral y personal, y su v\u00ednculo con el trabajo presentado.<\/li>\n<\/ul>\n<p><strong>\u00a0Requisitos generales que deben cumplir los postulantes: <\/strong><\/p>\n<ul>\n<li>Acreditar la nacionalidad colombiana<\/li>\n<li>Acreditar su calidad de estudiante de m\u00e1ster o doctorado en una universidad europea. <u>Podr\u00e1n participar personas que cumplan con este perfil y que hayan finalizado sus estudios entre septiembre de 2020 y septiembre de 2021.<\/u><\/li>\n<\/ul>\n<p><strong>Criterios de evaluaci\u00f3n:<\/strong><\/p>\n<p>La ponencia presentada debe:<\/p>\n<ul>\n<li>Responder a una o varias de las preguntas planteadas para orientar la discusi\u00f3n en cada una de las l\u00edneas tem\u00e1ticas del Encuentro.<\/li>\n<li>Vincular, referenciar y dialogar con la literatura te\u00f3rica y casu\u00edstica sobre el tema escogido.<\/li>\n<li>Contener un <em>abstract<\/em>, palabras clave, introducci\u00f3n, reflexi\u00f3n, conclusiones y bibliograf\u00eda (estructura que permita una lectura ordenada del texto).<\/li>\n<li>Ser in\u00e9dita. No se acepta material previamente publicado.<\/li>\n<li>Ser de autor\u00eda individual. No se aceptan coautor\u00edas.<\/li>\n<\/ul>\n<p><strong>Fechas relevantes:<\/strong><\/p>\n<ul>\n<li><strong>Plazo de env\u00edo de ponencias: <\/strong>7 de agosto de 2021<\/li>\n<li><strong>Presentaci\u00f3n de ponencias en el I Encuentro: <\/strong>28 al 30 de septiembre de 2021<\/li>\n<li><strong>Acto de reconocimiento de ponencias:\u00a0<\/strong> Diciembre de 2021<\/li>\n<li>La ponencia debe ser enviada en la fecha indicada al correo <a href=\"mailto:elvalordesaber2021@gmail.com\">elvalordesaber2021@gmail.com<\/a>. Para mayor informaci\u00f3n y preguntas contactar al mismo correo o al Whatsapp +34 722304342.<\/li>\n<\/ul>\n<h4><strong>Anexo 2.<\/strong><\/h4>\n<p><strong>L\u00edneas tem\u00e1ticas del <\/strong><strong>1er Encuentro Internacional de Estudiantes Colombianas y Colombianos en Europa <\/strong><\/p>\n<p><strong>I. La verdad como bien p\u00fablico<\/strong><\/p>\n<p>Esta l\u00ednea reflexiona sobre la producci\u00f3n, uso y difusi\u00f3n de la verdad en contextos de transformaci\u00f3n pol\u00edtica y social como el que atraviesa Colombia con la implementaci\u00f3n del Acuerdo de Paz. Las cuestiones relacionadas con el rol de la verdad en el post-acuerdo y su posicionamiento como bien p\u00fablico nos permitir\u00e1n pensar en formas para generar narrativas hist\u00f3ricas nuevas, colectivas y pluralistas, en mecanismos para producir y difundir conocimiento hist\u00f3rico en contacto directo con la ciudadan\u00eda y en la capacidad que tiene la accesibilidad y democratizaci\u00f3n de la verdad para lograr una transici\u00f3n hacia una sociedad m\u00e1s justa y consciente. Estas reflexiones giran alrededor de las siguientes preguntas:<\/p>\n<ul>\n<li>\u00bfCu\u00e1l es la importancia del derecho a la verdad y el acceso p\u00fablico a esta en procesos de justicia transicional?<\/li>\n<li>\u00bfCu\u00e1l es el rol de la educaci\u00f3n y la pedagog\u00eda en la relativizaci\u00f3n de los relatos tradicionales sobre el conflicto y en la redefinici\u00f3n de las verdades que se tienen sobre el mismo?<\/li>\n<li>\u00bfDe qu\u00e9 manera la democratizaci\u00f3n de la verdad y su apropiaci\u00f3n constituyen tambi\u00e9n un mecanismo para la reconstrucci\u00f3n de la convivencia y la superaci\u00f3n de la violencia?<\/li>\n<\/ul>\n<p><strong>II. Fanatismos y di\u00e1logos entre improbables <\/strong><\/p>\n<p>La garant\u00eda de no repetici\u00f3n de las tragedias humanas, vinculada a la realidad de los conflictos -armados y no armados-, requieren de un profundo an\u00e1lisis colectivo sobre las causas ideol\u00f3gicas que generan la violencia y de los dilemas morales que rodean este proceso. As\u00ed, la pregunta por los fanatismos actuales, se presenta como una oportunidad para deconstruir y entender los cimientos culturales y psicol\u00f3gicos, de la radicalizaci\u00f3n pol\u00edtica, la intransigencia, la intolerancia de pensamiento, junto a todas las causas subyacentes a la guerra.<\/p>\n<p>Por ello, esta l\u00ednea pretende abrir un espacio de di\u00e1logo y reflexi\u00f3n en torno al impacto de los fanatismos y el peligro de una verdad unidimensional, o \u201cuna historia \u00fanica\u201d, para la construcci\u00f3n de paz en escenarios de pos-acuerdo, a partir de la promoci\u00f3n de di\u00e1logos entre improbables y el encuentro entre grupos y facciones diferentes.<\/p>\n<ul>\n<li>\u00bfDesde qu\u00e9 perspectivas podemos conceptualizar y analizar el fanatismo? \u00bfEn qu\u00e9 dimensiones del conflicto colombiano se ha expresado el fanatismo?<\/li>\n<li>\u00bfC\u00f3mo abordamos debates \u00e9ticos y promovemos el di\u00e1logo social desde visiones \u201cabsolutistas\u201d de la realidad en escenarios de conflicto construcci\u00f3n de paz?<\/li>\n<li>\u00bfDe qu\u00e9 manera se puede abordar las condiciones psicosociales que dan origen a los fanatismos? \u00bfPueden los di\u00e1logos entre improbables convertirse en una estrategia para desarmar fanatismos?<\/li>\n<\/ul>\n<p><strong>III. Multiplicidad y Polifon\u00edas de la verdad<\/strong><\/p>\n<p>La labor de escucha, de recolecci\u00f3n de testimonios y de esclarecimiento que desarrolla la Comisi\u00f3n de la Verdad<a href=\"#_ftn1\" name=\"_ftnref1\"><sup>[1]<\/sup><\/a> trae consigo la decisi\u00f3n pol\u00edtica de escuchar a todos y todas, y de romper los silencios que la din\u00e1mica de la guerra impuso, muchas veces para poder sobrevivir (Cancimance, 2014). A su vez la Comisi\u00f3n tiene el reto de articular un relato com\u00fan -la polifon\u00eda de la verdad- la cual tiene la doble funci\u00f3n de darle sentido a los hechos acontecidos en el marco del conflicto armado para identificar las transformaciones necesarias para un futuro com\u00fan, e incluir las voces y los territorios que tradicionalmente han sido invisibilizados y marginalizados (Ram\u00edrez, 2001; Serge, 2011).<\/p>\n<p>Esta l\u00ednea tem\u00e1tica reflexiona sobre la necesidad del di\u00e1logo en la construcci\u00f3n de una verdad polif\u00f3nica y multicultural que permita una mirada transversal e interseccional (territorial, \u00e9tnica, de g\u00e9nero, de ciclo de vida y de discapacidad); solo a trav\u00e9s del reconocimiento de los diversos relatos ser\u00e1 posible tejer la verdad a m\u00faltiples voces y visualizar un contrapunto respetuoso y emp\u00e1tico a la diferencia.<\/p>\n<ul>\n<li>\u00bfC\u00f3mo calibrar la capacidad de escucha para \u201cescuchar\u201d las capas hist\u00f3ricas del dolor social?<\/li>\n<li>\u00bfPor qu\u00e9 es necesario incorporar la dimensi\u00f3n territorial y los enfoques diferenciales en los esfuerzos de esclarecer la verdad?<\/li>\n<li>El silencio ha sido una estrategia de supervivencia durante el conflicto \u00bfQu\u00e9 nos ense\u00f1a el silencio para reflexionar sobre las polifon\u00edas de la verdad?<\/li>\n<\/ul>\n<p><strong>IV. Legado de la verdad para una sociedad en transici\u00f3n<\/strong><\/p>\n<p>La Comisi\u00f3n para la Verdad representa un espacio de reflexi\u00f3n y reconocimiento para una sociedad marcada por la permanencia de la violencia y la supresi\u00f3n del reconocimiento de la alteridad. Sin embargo, su relevancia hist\u00f3rica se halla en las posibilidades de futuro que contiene y en las pr\u00e1cticas de libertad que permite imaginar. En este sentido, la Comisi\u00f3n proyecta un legado que trasciende los linderos formales del informe final para dirigirse hacia lugares a\u00fan no existentes, aquellos que habitan en el susurro de un tiempo futuro no recorrido pero que se sabe inevitable, en una utop\u00eda deseada que todav\u00eda no se puede nombrar.<\/p>\n<p>Aquel legado de la verdad adquiere cuerpo y sentido, a partir de dos categor\u00edas que habitan en el mismo nombre de la Comisi\u00f3n, como son la Convivencia y la No Repetici\u00f3n.\u00a0 El legado de la verdad que posibilitar\u00e1 el informe de las y los comisionados plantea retos acad\u00e9micos, sociales y pol\u00edticos de la sociedad colombiana en el periodo posterior al mandato de la Comisi\u00f3n.<strong>\u00a0\u00a0\u00a0\u00a0\u00a0\u00a0 <\/strong><\/p>\n<ul>\n<li>\u00bfQu\u00e9 mecanismos \u00e9ticos, pol\u00edticos y culturales pueden favorecer el reconocimiento de la diversidad para una sociedad en transici\u00f3n?<\/li>\n<li>\u00bfCu\u00e1les son las articulaciones pol\u00edticas necesarias para edificar acuerdos comunes sostenibles y realizables?<\/li>\n<li>\u00bfQu\u00e9 transformaciones culturales y simb\u00f3licas demanda promover formas de reconciliaci\u00f3n y de No Repetici\u00f3n de la barbarie?<\/li>\n<li><\/li>\n<\/ul>\n<p><strong style=\"text-indent: -2em;\">V. Artes, lenguajes y est\u00e9ticas de la verdad<\/strong><\/p>\n<p>Para superar las limitaciones de un modelo estrictamente ling\u00fc\u00edstico, se mira hacia una verdad sensible, sonora, y experiencial en donde la expresi\u00f3n como acto comunicativo fundamental visibiliza una interacci\u00f3n de patrones de comunicaci\u00f3n y relaci\u00f3n en distintas dimensiones, que pasan por el cuerpo, que se expresan en lo simb\u00f3lico y en lo relacional, y que nos permiten conocer realidades imaginadas en el presente.<\/p>\n<p>En la acci\u00f3n misma del intercambio art\u00edstico, surge la intenci\u00f3n por actuar y negociar consciente e inconscientemente los significados que aparentemente parecen innegociables y que no se presentan desde el lenguaje verbal. Esta es una <em>visi\u00f3n relacional <\/em>de las artes que pone en juego cada vez que se comparte una experiencia, incluso en la soledad recurrimos a lo significante para dialogar con el entorno y crear los conceptos que usamos para describirlo y percibirlo, as\u00ed hacemos realidad. Ahora bien \u00bfC\u00f3mo podemos entender y sacar provecho de estos encuentros que se dan en la experiencia art\u00edstica en funci\u00f3n de una sociedad imaginada en paz?<\/p>\n<ul>\n<li>\u00bfCu\u00e1les han sido los relatos m\u00e1s comunes para percibir y usar las artes en Colombia?<\/li>\n<li>\u00bfQu\u00e9 fortalezas presentan las disciplinas art\u00edsticas diversas en los procesos de esclarecimiento de la verdad y construcci\u00f3n de paz?<\/li>\n<li>\u00bfC\u00f3mo construir una est\u00e9tica alrededor de la verdad que permita la elaboraci\u00f3n de una sociedad de convivencia pac\u00edfica?<\/li>\n<\/ul>\n<p><strong>\u00a0<\/strong><a href=\"#_ftnref1\" name=\"_ftn1\"><sup>[1]<\/sup><\/a> Comisi\u00f3n para el Esclarecimiento de la Verdad, la Convivencia y la No Repetici\u00f3n (CEV).<\/p>","protected":false},"excerpt":{"rendered":"<p>El C\u00edrculo de la Palabra de Barcelona invita al 1er Encuentro Internacional de Estudiantes Colombianas y Colombianos en &hellip;<\/p>","protected":false},"author":5,"featured_media":0,"parent":0,"menu_order":100,"comment_status":"closed","ping_status":"closed","template":"","meta":{"_acf_changed":false,"footnotes":""},"class_list":["post-1110","page","type-page","status-publish","hentry"],"acf":[],"yoast_head":"<title>\u00a1Inscribe tu ponencia! - Fonden f\u00f6r m\u00e4nskliga r\u00e4ttigheter (MR-Fonden)<\/title>\n<meta name=\"robots\" content=\"index, follow, max-snippet:-1, max-image-preview:large, max-video-preview:-1\" \/>\n<link rel=\"canonical\" href=\"https:\/\/mrfonden.se\/en\/inscribe-tu-ponencia\/\" \/>\n<meta property=\"og:locale\" content=\"en_US\" \/>\n<meta property=\"og:type\" content=\"article\" \/>\n<meta property=\"og:title\" content=\"\u00a1Inscribe tu ponencia hasta el 15 de septiembre!\" \/>\n<meta property=\"og:description\" content=\"Este espacio acad\u00e9mico pretende ambientar la presentaci\u00f3n del informe final de la Comisi\u00f3n para el Esclarecimiento de la Verdad, la Convivencia y la No Repetici\u00f3n en el escenario acad\u00e9mico internacional, abriendo espacios de discusi\u00f3n y di\u00e1logo sobre la verdad y sus dimensiones, expresiones y contribuciones. Con ello, se espera respaldar la legitimidad moral y pol\u00edtica de la Comisi\u00f3n de la Verdad y su mandato.\" \/>\n<meta property=\"og:url\" content=\"https:\/\/mrfonden.se\/en\/inscribe-tu-ponencia\/\" \/>\n<meta property=\"og:site_name\" content=\"Fonden f\u00f6r m\u00e4nskliga r\u00e4ttigheter (MR-Fonden)\" \/>\n<meta property=\"article:modified_time\" content=\"2021-09-07T15:36:24+00:00\" \/>\n<meta property=\"og:image\" content=\"https:\/\/mrfonden.se\/wp-content\/uploads\/2021\/06\/logo-encuentro-df-jpg.jpg\" \/>\n\t<meta property=\"og:image:width\" content=\"2000\" \/>\n\t<meta property=\"og:image:height\" content=\"1500\" \/>\n\t<meta property=\"og:image:type\" content=\"image\/jpeg\" \/>\n<meta name=\"twitter:card\" content=\"summary_large_image\" \/>\n<meta name=\"twitter:title\" content=\"\u00a1Inscribe tu ponencia hasta el 15 de septiembre!\" \/>\n<meta name=\"twitter:description\" content=\"Este espacio acad\u00e9mico pretende ambientar la presentaci\u00f3n del informe final de la Comisi\u00f3n para el Esclarecimiento de la Verdad, la Convivencia y la No Repetici\u00f3n en el escenario acad\u00e9mico internacional, abriendo espacios de discusi\u00f3n y di\u00e1logo sobre la verdad y sus dimensiones, expresiones y contribuciones. Con ello, se espera respaldar la legitimidad moral y pol\u00edtica de la Comisi\u00f3n de la Verdad y su mandato.\" \/>\n<meta name=\"twitter:image\" content=\"https:\/\/mrfonden.se\/wp-content\/uploads\/2021\/06\/logo-encuentro-df-jpg.jpg\" \/>\n<meta name=\"twitter:label1\" content=\"Est. reading time\" \/>\n\t<meta name=\"twitter:data1\" content=\"10 minutes\" \/>\n<script type=\"application\/ld+json\" class=\"yoast-schema-graph\">{\"@context\":\"https:\/\/schema.org\",\"@graph\":[{\"@type\":\"WebPage\",\"@id\":\"https:\/\/mrfonden.se\/inscribe-tu-ponencia\/\",\"url\":\"https:\/\/mrfonden.se\/inscribe-tu-ponencia\/\",\"name\":\"\u00a1Inscribe tu ponencia! - Fonden f\u00f6r m\u00e4nskliga r\u00e4ttigheter (MR-Fonden)\",\"isPartOf\":{\"@id\":\"https:\/\/mrfonden.se\/#website\"},\"primaryImageOfPage\":{\"@id\":\"https:\/\/mrfonden.se\/inscribe-tu-ponencia\/#primaryimage\"},\"image\":{\"@id\":\"https:\/\/mrfonden.se\/inscribe-tu-ponencia\/#primaryimage\"},\"thumbnailUrl\":\"http:\/\/mrfonden.se\/wp-content\/uploads\/2021\/06\/logo-encuentro-df-jpg-760x570.jpg\",\"datePublished\":\"2021-09-07T15:34:00+00:00\",\"dateModified\":\"2021-09-07T15:36:24+00:00\",\"breadcrumb\":{\"@id\":\"https:\/\/mrfonden.se\/inscribe-tu-ponencia\/#breadcrumb\"},\"inLanguage\":\"en-US\",\"potentialAction\":[{\"@type\":\"ReadAction\",\"target\":[\"https:\/\/mrfonden.se\/inscribe-tu-ponencia\/\"]}]},{\"@type\":\"ImageObject\",\"inLanguage\":\"en-US\",\"@id\":\"https:\/\/mrfonden.se\/inscribe-tu-ponencia\/#primaryimage\",\"url\":\"http:\/\/mrfonden.se\/wp-content\/uploads\/2021\/06\/logo-encuentro-df-jpg-760x570.jpg\",\"contentUrl\":\"http:\/\/mrfonden.se\/wp-content\/uploads\/2021\/06\/logo-encuentro-df-jpg-760x570.jpg\"},{\"@type\":\"BreadcrumbList\",\"@id\":\"https:\/\/mrfonden.se\/inscribe-tu-ponencia\/#breadcrumb\",\"itemListElement\":[{\"@type\":\"ListItem\",\"position\":1,\"name\":\"Hem\",\"item\":\"https:\/\/mrfonden.se\/\"},{\"@type\":\"ListItem\",\"position\":2,\"name\":\"\u00a1Inscribe tu ponencia!\"}]},{\"@type\":\"WebSite\",\"@id\":\"https:\/\/mrfonden.se\/#website\",\"url\":\"https:\/\/mrfonden.se\/\",\"name\":\"Fonden f\u00f6r m\u00e4nskliga r\u00e4ttigheter (MR-Fonden)\",\"description\":\"\",\"potentialAction\":[{\"@type\":\"SearchAction\",\"target\":{\"@type\":\"EntryPoint\",\"urlTemplate\":\"https:\/\/mrfonden.se\/?s={search_term_string}\"},\"query-input\":{\"@type\":\"PropertyValueSpecification\",\"valueRequired\":true,\"valueName\":\"search_term_string\"}}],\"inLanguage\":\"en-US\"}]}<\/script>","yoast_head_json":{"title":"\u00a1Inscribe tu ponencia! - Fonden f\u00f6r m\u00e4nskliga r\u00e4ttigheter (MR-Fonden)","robots":{"index":"index","follow":"follow","max-snippet":"max-snippet:-1","max-image-preview":"max-image-preview:large","max-video-preview":"max-video-preview:-1"},"canonical":"https:\/\/mrfonden.se\/en\/inscribe-tu-ponencia\/","og_locale":"en_US","og_type":"article","og_title":"\u00a1Inscribe tu ponencia hasta el 15 de septiembre!","og_description":"Este espacio acad\u00e9mico pretende ambientar la presentaci\u00f3n del informe final de la Comisi\u00f3n para el Esclarecimiento de la Verdad, la Convivencia y la No Repetici\u00f3n en el escenario acad\u00e9mico internacional, abriendo espacios de discusi\u00f3n y di\u00e1logo sobre la verdad y sus dimensiones, expresiones y contribuciones. Con ello, se espera respaldar la legitimidad moral y pol\u00edtica de la Comisi\u00f3n de la Verdad y su mandato.","og_url":"https:\/\/mrfonden.se\/en\/inscribe-tu-ponencia\/","og_site_name":"Fonden f\u00f6r m\u00e4nskliga r\u00e4ttigheter (MR-Fonden)","article_modified_time":"2021-09-07T15:36:24+00:00","og_image":[{"width":2000,"height":1500,"url":"https:\/\/mrfonden.se\/wp-content\/uploads\/2021\/06\/logo-encuentro-df-jpg.jpg","type":"image\/jpeg"}],"twitter_card":"summary_large_image","twitter_title":"\u00a1Inscribe tu ponencia hasta el 15 de septiembre!","twitter_description":"Este espacio acad\u00e9mico pretende ambientar la presentaci\u00f3n del informe final de la Comisi\u00f3n para el Esclarecimiento de la Verdad, la Convivencia y la No Repetici\u00f3n en el escenario acad\u00e9mico internacional, abriendo espacios de discusi\u00f3n y di\u00e1logo sobre la verdad y sus dimensiones, expresiones y contribuciones. Con ello, se espera respaldar la legitimidad moral y pol\u00edtica de la Comisi\u00f3n de la Verdad y su mandato.","twitter_image":"https:\/\/mrfonden.se\/wp-content\/uploads\/2021\/06\/logo-encuentro-df-jpg.jpg","twitter_misc":{"Est. reading time":"10 minutes"},"schema":{"@context":"https:\/\/schema.org","@graph":[{"@type":"WebPage","@id":"https:\/\/mrfonden.se\/inscribe-tu-ponencia\/","url":"https:\/\/mrfonden.se\/inscribe-tu-ponencia\/","name":"\u00a1Inscribe tu ponencia! - Fonden f\u00f6r m\u00e4nskliga r\u00e4ttigheter (MR-Fonden)","isPartOf":{"@id":"https:\/\/mrfonden.se\/#website"},"primaryImageOfPage":{"@id":"https:\/\/mrfonden.se\/inscribe-tu-ponencia\/#primaryimage"},"image":{"@id":"https:\/\/mrfonden.se\/inscribe-tu-ponencia\/#primaryimage"},"thumbnailUrl":"http:\/\/mrfonden.se\/wp-content\/uploads\/2021\/06\/logo-encuentro-df-jpg-760x570.jpg","datePublished":"2021-09-07T15:34:00+00:00","dateModified":"2021-09-07T15:36:24+00:00","breadcrumb":{"@id":"https:\/\/mrfonden.se\/inscribe-tu-ponencia\/#breadcrumb"},"inLanguage":"en-US","potentialAction":[{"@type":"ReadAction","target":["https:\/\/mrfonden.se\/inscribe-tu-ponencia\/"]}]},{"@type":"ImageObject","inLanguage":"en-US","@id":"https:\/\/mrfonden.se\/inscribe-tu-ponencia\/#primaryimage","url":"http:\/\/mrfonden.se\/wp-content\/uploads\/2021\/06\/logo-encuentro-df-jpg-760x570.jpg","contentUrl":"http:\/\/mrfonden.se\/wp-content\/uploads\/2021\/06\/logo-encuentro-df-jpg-760x570.jpg"},{"@type":"BreadcrumbList","@id":"https:\/\/mrfonden.se\/inscribe-tu-ponencia\/#breadcrumb","itemListElement":[{"@type":"ListItem","position":1,"name":"Hem","item":"https:\/\/mrfonden.se\/"},{"@type":"ListItem","position":2,"name":"\u00a1Inscribe tu ponencia!"}]},{"@type":"WebSite","@id":"https:\/\/mrfonden.se\/#website","url":"https:\/\/mrfonden.se\/","name":"Fonden f\u00f6r m\u00e4nskliga r\u00e4ttigheter (MR-Fonden)","description":"","potentialAction":[{"@type":"SearchAction","target":{"@type":"EntryPoint","urlTemplate":"https:\/\/mrfonden.se\/?s={search_term_string}"},"query-input":{"@type":"PropertyValueSpecification","valueRequired":true,"valueName":"search_term_string"}}],"inLanguage":"en-US"}]}},"_links":{"self":[{"href":"https:\/\/mrfonden.se\/en\/wp-json\/wp\/v2\/pages\/1110","targetHints":{"allow":["GET"]}}],"collection":[{"href":"https:\/\/mrfonden.se\/en\/wp-json\/wp\/v2\/pages"}],"about":[{"href":"https:\/\/mrfonden.se\/en\/wp-json\/wp\/v2\/types\/page"}],"author":[{"embeddable":true,"href":"https:\/\/mrfonden.se\/en\/wp-json\/wp\/v2\/users\/5"}],"replies":[{"embeddable":true,"href":"https:\/\/mrfonden.se\/en\/wp-json\/wp\/v2\/comments?post=1110"}],"version-history":[{"count":9,"href":"https:\/\/mrfonden.se\/en\/wp-json\/wp\/v2\/pages\/1110\/revisions"}],"predecessor-version":[{"id":1119,"href":"https:\/\/mrfonden.se\/en\/wp-json\/wp\/v2\/pages\/1110\/revisions\/1119"}],"wp:attachment":[{"href":"https:\/\/mrfonden.se\/en\/wp-json\/wp\/v2\/media?parent=1110"}],"curies":[{"name":"wp","href":"https:\/\/api.w.org\/{rel}","templated":true}]}}